{"id":7,"date":"2015-12-02T15:39:01","date_gmt":"2015-12-02T15:39:01","guid":{"rendered":"http:\/\/labfiz.uwb.edu.pl\/lab\/?page_id=7"},"modified":"2015-12-08T23:11:33","modified_gmt":"2015-12-08T23:11:33","slug":"strony-historyczne","status":"publish","type":"page","link":"https:\/\/labfiz.uwb.edu.pl\/lab\/?page_id=7","title":{"rendered":"Strony Historyczne"},"content":{"rendered":"<p><strong>Strony Historyczne<\/strong> (przed rokiem 2012, a nawet 2015) by\u0142y\u00a0 tworzone dla r\u00f3\u017cnych potrzeb i wydarze\u0144. Dzi\u015b przechowywane s\u0105, bo poza warto\u015bciami sentymentalnymi maj\u0105 jednak zawarto\u015b\u0107 edukacyjn\u0105 oraz dokumentuj\u0105c\u0105 dzia\u0142alno\u015b\u0107 Laboratorium LabFiz, <a href=\"http:\/\/physics.uwb.edu.pl\/ptf-main.php\">Polskiego Towarzystwa Fizycznego OB<\/a> oraz \u00a0<a href=\"http:\/\/physics.uwb.edu.pl\">Wydzia\u0142u Fizyki UwB<\/a> i dzia\u0142a\u0144 popularyzacyjnych fizyk\u0119 podejmowanych w ramach jego funkcjonowania.<\/p>\n<p><em>Odno\u015bniki do stron historycznie istniej\u0105cych pod adresem<\/em> <a href=\"http:\/\/labfiz.uwb.edu.pl\">labfiz.uwb.edu.pl\u00a0<\/a><\/p>\n<ul>\n<li><a href=\"http:\/\/labfiz.uwb.edu.pl\/zfcs\/compton\/\"> Pracownia Spektroskopii Komptonowskiej<\/a>\u00a0(rocznik 2012)<\/li>\n<li><a href=\"http:\/\/labfiz.uwb.edu.pl\/ptf\/\"> Strony Polskiego Towarzystwa Fizycznego <\/a>( prowadzone przed rokiem 2012)<\/li>\n<li><a href=\"https:\/\/labfiz.uwb.edu.pl\/labfiz\/\">Regionalne Laboratorium Komputerowe do Nauczania Przedmiot\u00f3w Przyrodniczych<\/a>\u00a0(wersja przedpotopowa \ud83d\ude42 -totalnie nieaktualna )<\/li>\n<li><a href=\"https:\/\/labfiz.uwb.edu.pl\/labfiz\/siec\/\"> Akcja: &#8222;Mini-Laboratoria Komputerowe do nauczania przedmiot\u00f3w przyrodniczych&#8221;<\/a><\/li>\n<li><a href=\"http:\/\/labfiz.uwb.edu.pl\/lhc\/index.shtml\">Wystawa: Wielki Zderzacz Hadron\u00f3w<\/a><\/li>\n<\/ul>\n","protected":false},"excerpt":{"rendered":"<p>Strony Historyczne (przed rokiem 2012, a nawet 2015) by\u0142y\u00a0 tworzone dla r\u00f3\u017cnych potrzeb i wydarze\u0144. Dzi\u015b przechowywane s\u0105, bo poza warto\u015bciami sentymentalnymi maj\u0105 jednak zawarto\u015b\u0107 edukacyjn\u0105 oraz dokumentuj\u0105c\u0105 dzia\u0142alno\u015b\u0107 Laboratorium LabFiz, Polskiego Towarzystwa Fizycznego OB oraz \u00a0Wydzia\u0142u Fizyki UwB i dzia\u0142a\u0144 popularyzacyjnych fizyk\u0119 podejmowanych w ramach jego funkcjonowania. Odno\u015bniki do stron historycznie istniej\u0105cych pod adresem &hellip; <a href=\"https:\/\/labfiz.uwb.edu.pl\/lab\/?page_id=7\" class=\"more-link\">Czytaj dalej <span class=\"screen-reader-text\">Strony Historyczne<\/span> <span class=\"meta-nav\">&rarr;<\/span><\/a><\/p>\n","protected":false},"author":1,"featured_media":0,"parent":0,"menu_order":90,"comment_status":"closed","ping_status":"closed","template":"","meta":{"ngg_post_thumbnail":0,"footnotes":""},"categories":[],"tags":[],"class_list":["post-7","page","type-page","status-publish","hentry"],"yoast_head":"<!-- This site is optimized with the Yoast SEO plugin v27.4 - https:\/\/yoast.com\/product\/yoast-seo-wordpress\/ -->\n<title>Strony Historyczne - LabFiz<\/title>\n<meta name=\"robots\" content=\"index, follow, max-snippet:-1, max-image-preview:large, max-video-preview:-1\" \/>\n<link rel=\"canonical\" href=\"https:\/\/labfiz.uwb.edu.pl\/lab\/?page_id=7\" \/>\n<meta property=\"og:locale\" content=\"pl_PL\" \/>\n<meta property=\"og:type\" content=\"article\" \/>\n<meta property=\"og:title\" content=\"Strony Historyczne - LabFiz\" \/>\n<meta property=\"og:description\" content=\"Strony Historyczne (przed rokiem 2012, a nawet 2015) by\u0142y\u00a0 tworzone dla r\u00f3\u017cnych potrzeb i wydarze\u0144. Dzi\u015b przechowywane s\u0105, bo poza warto\u015bciami sentymentalnymi maj\u0105 jednak zawarto\u015b\u0107 edukacyjn\u0105 oraz dokumentuj\u0105c\u0105 dzia\u0142alno\u015b\u0107 Laboratorium LabFiz, Polskiego Towarzystwa Fizycznego OB oraz \u00a0Wydzia\u0142u Fizyki UwB i dzia\u0142a\u0144 popularyzacyjnych fizyk\u0119 podejmowanych w ramach jego funkcjonowania. Odno\u015bniki do stron historycznie istniej\u0105cych pod adresem &hellip; Czytaj dalej Strony Historyczne &rarr;\" \/>\n<meta property=\"og:url\" content=\"https:\/\/labfiz.uwb.edu.pl\/lab\/?page_id=7\" \/>\n<meta property=\"og:site_name\" content=\"LabFiz\" \/>\n<meta property=\"article:modified_time\" content=\"2015-12-08T23:11:33+00:00\" \/>\n<meta name=\"twitter:card\" content=\"summary_large_image\" \/>\n<meta name=\"twitter:label1\" content=\"Szacowany czas czytania\" \/>\n\t<meta name=\"twitter:data1\" content=\"1 minuta\" \/>\n<script type=\"application\/ld+json\" class=\"yoast-schema-graph\">{\"@context\":\"https:\\\/\\\/schema.org\",\"@graph\":[{\"@type\":\"WebPage\",\"@id\":\"https:\\\/\\\/labfiz.uwb.edu.pl\\\/lab\\\/?page_id=7\",\"url\":\"https:\\\/\\\/labfiz.uwb.edu.pl\\\/lab\\\/?page_id=7\",\"name\":\"Strony Historyczne - LabFiz\",\"isPartOf\":{\"@id\":\"https:\\\/\\\/labfiz.uwb.edu.pl\\\/lab\\\/#website\"},\"datePublished\":\"2015-12-02T15:39:01+00:00\",\"dateModified\":\"2015-12-08T23:11:33+00:00\",\"breadcrumb\":{\"@id\":\"https:\\\/\\\/labfiz.uwb.edu.pl\\\/lab\\\/?page_id=7#breadcrumb\"},\"inLanguage\":\"pl-PL\",\"potentialAction\":[{\"@type\":\"ReadAction\",\"target\":[\"https:\\\/\\\/labfiz.uwb.edu.pl\\\/lab\\\/?page_id=7\"]}]},{\"@type\":\"BreadcrumbList\",\"@id\":\"https:\\\/\\\/labfiz.uwb.edu.pl\\\/lab\\\/?page_id=7#breadcrumb\",\"itemListElement\":[{\"@type\":\"ListItem\",\"position\":1,\"name\":\"Strona g\u0142\u00f3wna\",\"item\":\"https:\\\/\\\/labfiz.uwb.edu.pl\\\/lab\\\/?lang=pl\"},{\"@type\":\"ListItem\",\"position\":2,\"name\":\"Strony Historyczne\"}]},{\"@type\":\"WebSite\",\"@id\":\"https:\\\/\\\/labfiz.uwb.edu.pl\\\/lab\\\/#website\",\"url\":\"https:\\\/\\\/labfiz.uwb.edu.pl\\\/lab\\\/\",\"name\":\"LabFiz\",\"description\":\"Strony Regionalnego Laboratorium Do Nauczania  Przedmiot\u00f3w Przyrodniczych\",\"publisher\":{\"@id\":\"https:\\\/\\\/labfiz.uwb.edu.pl\\\/lab\\\/#organization\"},\"potentialAction\":[{\"@type\":\"SearchAction\",\"target\":{\"@type\":\"EntryPoint\",\"urlTemplate\":\"https:\\\/\\\/labfiz.uwb.edu.pl\\\/lab\\\/?s={search_term_string}\"},\"query-input\":{\"@type\":\"PropertyValueSpecification\",\"valueRequired\":true,\"valueName\":\"search_term_string\"}}],\"inLanguage\":\"pl-PL\"},{\"@type\":\"Organization\",\"@id\":\"https:\\\/\\\/labfiz.uwb.edu.pl\\\/lab\\\/#organization\",\"name\":\"LabFiz\",\"url\":\"https:\\\/\\\/labfiz.uwb.edu.pl\\\/lab\\\/\",\"logo\":{\"@type\":\"ImageObject\",\"inLanguage\":\"pl-PL\",\"@id\":\"https:\\\/\\\/labfiz.uwb.edu.pl\\\/lab\\\/#\\\/schema\\\/logo\\\/image\\\/\",\"url\":\"http:\\\/\\\/labfiz.uwb.edu.pl\\\/lab\\\/wp-content\\\/uploads\\\/2015\\\/12\\\/logo_UwB_900.jpg\",\"contentUrl\":\"http:\\\/\\\/labfiz.uwb.edu.pl\\\/lab\\\/wp-content\\\/uploads\\\/2015\\\/12\\\/logo_UwB_900.jpg\",\"width\":900,\"height\":900,\"caption\":\"LabFiz\"},\"image\":{\"@id\":\"https:\\\/\\\/labfiz.uwb.edu.pl\\\/lab\\\/#\\\/schema\\\/logo\\\/image\\\/\"}}]}<\/script>\n<!-- \/ Yoast SEO plugin. -->","yoast_head_json":{"title":"Strony Historyczne - LabFiz","robots":{"index":"index","follow":"follow","max-snippet":"max-snippet:-1","max-image-preview":"max-image-preview:large","max-video-preview":"max-video-preview:-1"},"canonical":"https:\/\/labfiz.uwb.edu.pl\/lab\/?page_id=7","og_locale":"pl_PL","og_type":"article","og_title":"Strony Historyczne - LabFiz","og_description":"Strony Historyczne (przed rokiem 2012, a nawet 2015) by\u0142y\u00a0 tworzone dla r\u00f3\u017cnych potrzeb i wydarze\u0144. Dzi\u015b przechowywane s\u0105, bo poza warto\u015bciami sentymentalnymi maj\u0105 jednak zawarto\u015b\u0107 edukacyjn\u0105 oraz dokumentuj\u0105c\u0105 dzia\u0142alno\u015b\u0107 Laboratorium LabFiz, Polskiego Towarzystwa Fizycznego OB oraz \u00a0Wydzia\u0142u Fizyki UwB i dzia\u0142a\u0144 popularyzacyjnych fizyk\u0119 podejmowanych w ramach jego funkcjonowania. Odno\u015bniki do stron historycznie istniej\u0105cych pod adresem &hellip; Czytaj dalej Strony Historyczne &rarr;","og_url":"https:\/\/labfiz.uwb.edu.pl\/lab\/?page_id=7","og_site_name":"LabFiz","article_modified_time":"2015-12-08T23:11:33+00:00","twitter_card":"summary_large_image","twitter_misc":{"Szacowany czas czytania":"1 minuta"},"schema":{"@context":"https:\/\/schema.org","@graph":[{"@type":"WebPage","@id":"https:\/\/labfiz.uwb.edu.pl\/lab\/?page_id=7","url":"https:\/\/labfiz.uwb.edu.pl\/lab\/?page_id=7","name":"Strony Historyczne - LabFiz","isPartOf":{"@id":"https:\/\/labfiz.uwb.edu.pl\/lab\/#website"},"datePublished":"2015-12-02T15:39:01+00:00","dateModified":"2015-12-08T23:11:33+00:00","breadcrumb":{"@id":"https:\/\/labfiz.uwb.edu.pl\/lab\/?page_id=7#breadcrumb"},"inLanguage":"pl-PL","potentialAction":[{"@type":"ReadAction","target":["https:\/\/labfiz.uwb.edu.pl\/lab\/?page_id=7"]}]},{"@type":"BreadcrumbList","@id":"https:\/\/labfiz.uwb.edu.pl\/lab\/?page_id=7#breadcrumb","itemListElement":[{"@type":"ListItem","position":1,"name":"Strona g\u0142\u00f3wna","item":"https:\/\/labfiz.uwb.edu.pl\/lab\/?lang=pl"},{"@type":"ListItem","position":2,"name":"Strony Historyczne"}]},{"@type":"WebSite","@id":"https:\/\/labfiz.uwb.edu.pl\/lab\/#website","url":"https:\/\/labfiz.uwb.edu.pl\/lab\/","name":"LabFiz","description":"Strony Regionalnego Laboratorium Do Nauczania  Przedmiot\u00f3w Przyrodniczych","publisher":{"@id":"https:\/\/labfiz.uwb.edu.pl\/lab\/#organization"},"potentialAction":[{"@type":"SearchAction","target":{"@type":"EntryPoint","urlTemplate":"https:\/\/labfiz.uwb.edu.pl\/lab\/?s={search_term_string}"},"query-input":{"@type":"PropertyValueSpecification","valueRequired":true,"valueName":"search_term_string"}}],"inLanguage":"pl-PL"},{"@type":"Organization","@id":"https:\/\/labfiz.uwb.edu.pl\/lab\/#organization","name":"LabFiz","url":"https:\/\/labfiz.uwb.edu.pl\/lab\/","logo":{"@type":"ImageObject","inLanguage":"pl-PL","@id":"https:\/\/labfiz.uwb.edu.pl\/lab\/#\/schema\/logo\/image\/","url":"http:\/\/labfiz.uwb.edu.pl\/lab\/wp-content\/uploads\/2015\/12\/logo_UwB_900.jpg","contentUrl":"http:\/\/labfiz.uwb.edu.pl\/lab\/wp-content\/uploads\/2015\/12\/logo_UwB_900.jpg","width":900,"height":900,"caption":"LabFiz"},"image":{"@id":"https:\/\/labfiz.uwb.edu.pl\/lab\/#\/schema\/logo\/image\/"}}]}},"_links":{"self":[{"href":"https:\/\/labfiz.uwb.edu.pl\/lab\/index.php?rest_route=\/wp\/v2\/pages\/7","targetHints":{"allow":["GET"]}}],"collection":[{"href":"https:\/\/labfiz.uwb.edu.pl\/lab\/index.php?rest_route=\/wp\/v2\/pages"}],"about":[{"href":"https:\/\/labfiz.uwb.edu.pl\/lab\/index.php?rest_route=\/wp\/v2\/types\/page"}],"author":[{"embeddable":true,"href":"https:\/\/labfiz.uwb.edu.pl\/lab\/index.php?rest_route=\/wp\/v2\/users\/1"}],"replies":[{"embeddable":true,"href":"https:\/\/labfiz.uwb.edu.pl\/lab\/index.php?rest_route=%2Fwp%2Fv2%2Fcomments&post=7"}],"version-history":[{"count":6,"href":"https:\/\/labfiz.uwb.edu.pl\/lab\/index.php?rest_route=\/wp\/v2\/pages\/7\/revisions"}],"predecessor-version":[{"id":26,"href":"https:\/\/labfiz.uwb.edu.pl\/lab\/index.php?rest_route=\/wp\/v2\/pages\/7\/revisions\/26"}],"wp:attachment":[{"href":"https:\/\/labfiz.uwb.edu.pl\/lab\/index.php?rest_route=%2Fwp%2Fv2%2Fmedia&parent=7"}],"wp:term":[{"taxonomy":"category","embeddable":true,"href":"https:\/\/labfiz.uwb.edu.pl\/lab\/index.php?rest_route=%2Fwp%2Fv2%2Fcategories&post=7"},{"taxonomy":"post_tag","embeddable":true,"href":"https:\/\/labfiz.uwb.edu.pl\/lab\/index.php?rest_route=%2Fwp%2Fv2%2Ftags&post=7"}],"curies":[{"name":"wp","href":"https:\/\/api.w.org\/{rel}","templated":true}]}}