{"id":46,"date":"2015-12-02T23:48:07","date_gmt":"2015-12-02T23:48:07","guid":{"rendered":"http:\/\/labfiz.uwb.edu.pl\/lab\/?page_id=46"},"modified":"2016-01-25T10:18:06","modified_gmt":"2016-01-25T10:18:06","slug":"contact","status":"publish","type":"page","link":"https:\/\/labfiz.uwb.edu.pl\/lab\/?page_id=46","title":{"rendered":"Contact"},"content":{"rendered":"<br \/>\n<h3>Regional Computer Laboratory for Teaching Natural Science<\/h3>\n<p>WWW: <a style=\"color:blue;\" href=\"http:\/\/labfiz.uwb.edu.pl\/\">http:\/\/labfiz.uwb.edu.pl\/<\/a><br \/>\n<strong>Wydzia\u0142 Fizyki Uniwersytetu w Bia\u0142ymstoku<\/strong><br \/>\nul. Cio\u0142kowskiego 1L<br \/>\n15-245 Bia\u0142ystok<br \/>\nWWW: <a style=\"color:blue;\" href=\"http:\/\/physics.uwb.edu.pl\/\">http:\/\/physics.uwb.edu.pl\/<\/a><\/p>\n<p><strong>Contact person:<\/strong><\/p>\n<p><em>Piotr Chomienia <\/em><br \/>\nE-mail: <a style=\"color:blue;\" href=\"mailto:p.chomienia@uwb.edu.pl\">p.chomienia@uwb.edu.pl<\/a><br \/>\ntel: 85 738 8160<\/p>\n<p><em>Wojciech Dobrogowski<\/em><br \/>\nE-mail: <a style=\"color:blue;\" href=\"mailto:dobrog@uwb.edu.pl\">dobrog@uwb.edu.pl<\/a><br \/>\ntel: 85-738-8188<\/p>\n<h3 class=\"widget-title\">Map<\/h3>\n<p>\t\t\t<script src=\"http:\/\/maps.google.com\/maps?file=api&amp;v=2&amp;sensor=true&amp;key=ABQIAAAAqvYRoLFacY_MZYUXCuliMRS8Gw1d-7wQDLEtlrSnY94rY_S53hQXKT5eDjSdL2RFLBF400OW_p98lQ\" type=\"text\/javascript\"><\/script><br \/>\n<script type=\"text\/javascript\">\n    var mapa;\n    function mapaStart()\n    {\n        if(GBrowserIsCompatible())\n        {\n                mapa = new GMap2(document.getElementById('mapka'),{mapTypes: [G_NORMAL_MAP]});\n                mapa.setCenter(new GLatLng(53.108376, 23.154325),17\n\t\t\t);<\/p>\n<p>\t\t\t\/\/ikonka A\n            var ikona1 = new GIcon();\n            ikona1.image = \"http:\/\/www.google.com\/intl\/en_ALL\/mapfiles\/markerA.png\";\n            ikona1.shadow = \"http:\/\/www.google.com\/intl\/en_ALL\/mapfiles\/shadow50.png\";\n            ikona1.iconSize = new GSize(20, 32);\n            ikona1.infoWindowAnchor = new GPoint(16,16);\n            ikona1.iconAnchor = new GPoint(10,32);<\/p>\n<p>            \/\/ikonka B\n            var ikona2 = new GIcon(ikona1);\n            ikona2.image = \"http:\/\/www.google.com\/intl\/en_ALL\/mapfiles\/markerB.png\";<\/p>\n<p>\t\t\t\/\/ikonka C\n            var ikona3 = new GIcon(ikona1);\n            ikona3.image = \"http:\/\/www.google.com\/intl\/en_ALL\/mapfiles\/markerC.png\";<\/p>\n<p>\/\/            dodajMarker(53.135429, 23.137353,{title: 'Dworzec PKP ', icon: ikona1}); \t\t\t\n            dodajMarker(53.108376, 23.154325,{title: 'Wydzia\u0142 Fizyki', icon: ikona2}); \n\/\/            dodajMarker(53.133726, 23.149247,{title: 'Lipowa 43', icon: ikona3}); <\/p>\n<p>\t\t\tGEvent.addListener();\n        }\n    }<\/p>\n<p>    function dodajMarker(lat,lon,opcje)\n    {\n\t\tvar marker = new GMarker(new GLatLng(lat,lon),opcje);\n        mapa.addOverlay(marker);\n    }\n    <\/script><\/p>\n<p><img decoding=\"async\" id=\"Image-Maps_4201204161106543\" src=\".\/img\/logo_pl.png\" usemap=\"#Image-Maps_4201204161106543\" alt=\"\" border=\"0\" width=\"330\"><\/p>\n<map id=\"_Image-Maps_4201204161106543\" name=\"Image-Maps_4201204161106543\">\n<\/map>\n","protected":false},"excerpt":{"rendered":"<p>Regional Computer Laboratory for Teaching Natural Science WWW: http:\/\/labfiz.uwb.edu.pl\/ Wydzia\u0142 Fizyki Uniwersytetu w Bia\u0142ymstoku ul. Cio\u0142kowskiego 1L 15-245 Bia\u0142ystok WWW: http:\/\/physics.uwb.edu.pl\/ Contact person: Piotr Chomienia E-mail: p.chomienia@uwb.edu.pl tel: 85 738 8160 Wojciech Dobrogowski E-mail: dobrog@uwb.edu.pl tel: 85-738-8188 Map<\/p>\n","protected":false},"author":1,"featured_media":0,"parent":0,"menu_order":0,"comment_status":"closed","ping_status":"closed","template":"","meta":{"ngg_post_thumbnail":0,"footnotes":""},"categories":[],"tags":[],"class_list":["post-46","page","type-page","status-publish","hentry"],"yoast_head":"<!-- This site is optimized with the Yoast SEO plugin v27.4 - https:\/\/yoast.com\/product\/yoast-seo-wordpress\/ -->\n<title>Contact - LabFiz<\/title>\n<meta name=\"robots\" content=\"index, follow, max-snippet:-1, max-image-preview:large, max-video-preview:-1\" \/>\n<link rel=\"canonical\" href=\"https:\/\/labfiz.uwb.edu.pl\/lab\/?page_id=46\" \/>\n<meta property=\"og:locale\" content=\"pl_PL\" \/>\n<meta property=\"og:type\" content=\"article\" \/>\n<meta property=\"og:title\" content=\"Contact - LabFiz\" \/>\n<meta property=\"og:description\" content=\"Regional Computer Laboratory for Teaching Natural Science WWW: http:\/\/labfiz.uwb.edu.pl\/ Wydzia\u0142 Fizyki Uniwersytetu w Bia\u0142ymstoku ul. Cio\u0142kowskiego 1L 15-245 Bia\u0142ystok WWW: http:\/\/physics.uwb.edu.pl\/ Contact person: Piotr Chomienia E-mail: p.chomienia@uwb.edu.pl tel: 85 738 8160 Wojciech Dobrogowski E-mail: dobrog@uwb.edu.pl tel: 85-738-8188 Map\" \/>\n<meta property=\"og:url\" content=\"https:\/\/labfiz.uwb.edu.pl\/lab\/?page_id=46\" \/>\n<meta property=\"og:site_name\" content=\"LabFiz\" \/>\n<meta property=\"article:modified_time\" content=\"2016-01-25T10:18:06+00:00\" \/>\n<meta name=\"twitter:card\" content=\"summary_large_image\" \/>\n<script type=\"application\/ld+json\" class=\"yoast-schema-graph\">{\"@context\":\"https:\\\/\\\/schema.org\",\"@graph\":[{\"@type\":\"WebPage\",\"@id\":\"https:\\\/\\\/labfiz.uwb.edu.pl\\\/lab\\\/?page_id=46\",\"url\":\"https:\\\/\\\/labfiz.uwb.edu.pl\\\/lab\\\/?page_id=46\",\"name\":\"Contact - LabFiz\",\"isPartOf\":{\"@id\":\"https:\\\/\\\/labfiz.uwb.edu.pl\\\/lab\\\/#website\"},\"datePublished\":\"2015-12-02T23:48:07+00:00\",\"dateModified\":\"2016-01-25T10:18:06+00:00\",\"breadcrumb\":{\"@id\":\"https:\\\/\\\/labfiz.uwb.edu.pl\\\/lab\\\/?page_id=46#breadcrumb\"},\"inLanguage\":\"pl-PL\",\"potentialAction\":[{\"@type\":\"ReadAction\",\"target\":[\"https:\\\/\\\/labfiz.uwb.edu.pl\\\/lab\\\/?page_id=46\"]}]},{\"@type\":\"BreadcrumbList\",\"@id\":\"https:\\\/\\\/labfiz.uwb.edu.pl\\\/lab\\\/?page_id=46#breadcrumb\",\"itemListElement\":[{\"@type\":\"ListItem\",\"position\":1,\"name\":\"Strona g\u0142\u00f3wna\",\"item\":\"https:\\\/\\\/labfiz.uwb.edu.pl\\\/lab\\\/?lang=pl\"},{\"@type\":\"ListItem\",\"position\":2,\"name\":\"Contact\"}]},{\"@type\":\"WebSite\",\"@id\":\"https:\\\/\\\/labfiz.uwb.edu.pl\\\/lab\\\/#website\",\"url\":\"https:\\\/\\\/labfiz.uwb.edu.pl\\\/lab\\\/\",\"name\":\"LabFiz\",\"description\":\"Strony Regionalnego Laboratorium Do Nauczania  Przedmiot\u00f3w Przyrodniczych\",\"publisher\":{\"@id\":\"https:\\\/\\\/labfiz.uwb.edu.pl\\\/lab\\\/#organization\"},\"potentialAction\":[{\"@type\":\"SearchAction\",\"target\":{\"@type\":\"EntryPoint\",\"urlTemplate\":\"https:\\\/\\\/labfiz.uwb.edu.pl\\\/lab\\\/?s={search_term_string}\"},\"query-input\":{\"@type\":\"PropertyValueSpecification\",\"valueRequired\":true,\"valueName\":\"search_term_string\"}}],\"inLanguage\":\"pl-PL\"},{\"@type\":\"Organization\",\"@id\":\"https:\\\/\\\/labfiz.uwb.edu.pl\\\/lab\\\/#organization\",\"name\":\"LabFiz\",\"url\":\"https:\\\/\\\/labfiz.uwb.edu.pl\\\/lab\\\/\",\"logo\":{\"@type\":\"ImageObject\",\"inLanguage\":\"pl-PL\",\"@id\":\"https:\\\/\\\/labfiz.uwb.edu.pl\\\/lab\\\/#\\\/schema\\\/logo\\\/image\\\/\",\"url\":\"http:\\\/\\\/labfiz.uwb.edu.pl\\\/lab\\\/wp-content\\\/uploads\\\/2015\\\/12\\\/logo_UwB_900.jpg\",\"contentUrl\":\"http:\\\/\\\/labfiz.uwb.edu.pl\\\/lab\\\/wp-content\\\/uploads\\\/2015\\\/12\\\/logo_UwB_900.jpg\",\"width\":900,\"height\":900,\"caption\":\"LabFiz\"},\"image\":{\"@id\":\"https:\\\/\\\/labfiz.uwb.edu.pl\\\/lab\\\/#\\\/schema\\\/logo\\\/image\\\/\"}}]}<\/script>\n<!-- \/ Yoast SEO plugin. -->","yoast_head_json":{"title":"Contact - LabFiz","robots":{"index":"index","follow":"follow","max-snippet":"max-snippet:-1","max-image-preview":"max-image-preview:large","max-video-preview":"max-video-preview:-1"},"canonical":"https:\/\/labfiz.uwb.edu.pl\/lab\/?page_id=46","og_locale":"pl_PL","og_type":"article","og_title":"Contact - LabFiz","og_description":"Regional Computer Laboratory for Teaching Natural Science WWW: http:\/\/labfiz.uwb.edu.pl\/ Wydzia\u0142 Fizyki Uniwersytetu w Bia\u0142ymstoku ul. Cio\u0142kowskiego 1L 15-245 Bia\u0142ystok WWW: http:\/\/physics.uwb.edu.pl\/ Contact person: Piotr Chomienia E-mail: p.chomienia@uwb.edu.pl tel: 85 738 8160 Wojciech Dobrogowski E-mail: dobrog@uwb.edu.pl tel: 85-738-8188 Map","og_url":"https:\/\/labfiz.uwb.edu.pl\/lab\/?page_id=46","og_site_name":"LabFiz","article_modified_time":"2016-01-25T10:18:06+00:00","twitter_card":"summary_large_image","schema":{"@context":"https:\/\/schema.org","@graph":[{"@type":"WebPage","@id":"https:\/\/labfiz.uwb.edu.pl\/lab\/?page_id=46","url":"https:\/\/labfiz.uwb.edu.pl\/lab\/?page_id=46","name":"Contact - LabFiz","isPartOf":{"@id":"https:\/\/labfiz.uwb.edu.pl\/lab\/#website"},"datePublished":"2015-12-02T23:48:07+00:00","dateModified":"2016-01-25T10:18:06+00:00","breadcrumb":{"@id":"https:\/\/labfiz.uwb.edu.pl\/lab\/?page_id=46#breadcrumb"},"inLanguage":"pl-PL","potentialAction":[{"@type":"ReadAction","target":["https:\/\/labfiz.uwb.edu.pl\/lab\/?page_id=46"]}]},{"@type":"BreadcrumbList","@id":"https:\/\/labfiz.uwb.edu.pl\/lab\/?page_id=46#breadcrumb","itemListElement":[{"@type":"ListItem","position":1,"name":"Strona g\u0142\u00f3wna","item":"https:\/\/labfiz.uwb.edu.pl\/lab\/?lang=pl"},{"@type":"ListItem","position":2,"name":"Contact"}]},{"@type":"WebSite","@id":"https:\/\/labfiz.uwb.edu.pl\/lab\/#website","url":"https:\/\/labfiz.uwb.edu.pl\/lab\/","name":"LabFiz","description":"Strony Regionalnego Laboratorium Do Nauczania  Przedmiot\u00f3w Przyrodniczych","publisher":{"@id":"https:\/\/labfiz.uwb.edu.pl\/lab\/#organization"},"potentialAction":[{"@type":"SearchAction","target":{"@type":"EntryPoint","urlTemplate":"https:\/\/labfiz.uwb.edu.pl\/lab\/?s={search_term_string}"},"query-input":{"@type":"PropertyValueSpecification","valueRequired":true,"valueName":"search_term_string"}}],"inLanguage":"pl-PL"},{"@type":"Organization","@id":"https:\/\/labfiz.uwb.edu.pl\/lab\/#organization","name":"LabFiz","url":"https:\/\/labfiz.uwb.edu.pl\/lab\/","logo":{"@type":"ImageObject","inLanguage":"pl-PL","@id":"https:\/\/labfiz.uwb.edu.pl\/lab\/#\/schema\/logo\/image\/","url":"http:\/\/labfiz.uwb.edu.pl\/lab\/wp-content\/uploads\/2015\/12\/logo_UwB_900.jpg","contentUrl":"http:\/\/labfiz.uwb.edu.pl\/lab\/wp-content\/uploads\/2015\/12\/logo_UwB_900.jpg","width":900,"height":900,"caption":"LabFiz"},"image":{"@id":"https:\/\/labfiz.uwb.edu.pl\/lab\/#\/schema\/logo\/image\/"}}]}},"_links":{"self":[{"href":"https:\/\/labfiz.uwb.edu.pl\/lab\/index.php?rest_route=\/wp\/v2\/pages\/46","targetHints":{"allow":["GET"]}}],"collection":[{"href":"https:\/\/labfiz.uwb.edu.pl\/lab\/index.php?rest_route=\/wp\/v2\/pages"}],"about":[{"href":"https:\/\/labfiz.uwb.edu.pl\/lab\/index.php?rest_route=\/wp\/v2\/types\/page"}],"author":[{"embeddable":true,"href":"https:\/\/labfiz.uwb.edu.pl\/lab\/index.php?rest_route=\/wp\/v2\/users\/1"}],"replies":[{"embeddable":true,"href":"https:\/\/labfiz.uwb.edu.pl\/lab\/index.php?rest_route=%2Fwp%2Fv2%2Fcomments&post=46"}],"version-history":[{"count":8,"href":"https:\/\/labfiz.uwb.edu.pl\/lab\/index.php?rest_route=\/wp\/v2\/pages\/46\/revisions"}],"predecessor-version":[{"id":268,"href":"https:\/\/labfiz.uwb.edu.pl\/lab\/index.php?rest_route=\/wp\/v2\/pages\/46\/revisions\/268"}],"wp:attachment":[{"href":"https:\/\/labfiz.uwb.edu.pl\/lab\/index.php?rest_route=%2Fwp%2Fv2%2Fmedia&parent=46"}],"wp:term":[{"taxonomy":"category","embeddable":true,"href":"https:\/\/labfiz.uwb.edu.pl\/lab\/index.php?rest_route=%2Fwp%2Fv2%2Fcategories&post=46"},{"taxonomy":"post_tag","embeddable":true,"href":"https:\/\/labfiz.uwb.edu.pl\/lab\/index.php?rest_route=%2Fwp%2Fv2%2Ftags&post=46"}],"curies":[{"name":"wp","href":"https:\/\/api.w.org\/{rel}","templated":true}]}}