{"id":326,"date":"2016-04-27T12:31:19","date_gmt":"2016-04-27T12:31:19","guid":{"rendered":"http:\/\/labfiz.uwb.edu.pl\/lab\/?page_id=326"},"modified":"2016-04-27T12:40:49","modified_gmt":"2016-04-27T12:40:49","slug":"xiv-podlaski-festiwal-nauki-i-sztuki-w-pracowni-labfiz","status":"publish","type":"page","link":"https:\/\/labfiz.uwb.edu.pl\/lab\/?page_id=326","title":{"rendered":"XIV Podlaski Festiwal Nauki i Sztuki w  pracowni LabFiz"},"content":{"rendered":"<p><a href=\"http:\/\/festiwal.uwb.edu.pl\/\" rel=\"attachment wp-att-332\"><img loading=\"lazy\" decoding=\"async\" class=\"alignnone wp-image-332 size-large\" src=\"https:\/\/labfiz.uwb.edu.pl\/lab\/wp-content\/uploads\/2016\/04\/festiwal-1024x140.png\" alt=\"festiwal\" width=\"474\" height=\"65\" srcset=\"https:\/\/labfiz.uwb.edu.pl\/lab\/wp-content\/uploads\/2016\/04\/festiwal-1024x140.png 1024w, https:\/\/labfiz.uwb.edu.pl\/lab\/wp-content\/uploads\/2016\/04\/festiwal-300x41.png 300w, https:\/\/labfiz.uwb.edu.pl\/lab\/wp-content\/uploads\/2016\/04\/festiwal-768x105.png 768w, https:\/\/labfiz.uwb.edu.pl\/lab\/wp-content\/uploads\/2016\/04\/festiwal.png 1170w\" sizes=\"auto, (max-width: 474px) 100vw, 474px\" \/><\/a><\/p>\n<p>W ramach XIV Podlaskiego Festiwalu Nauki i Sztuki w\u00a0 pracowni LabFiz w dniu\u00a0 21.05.2015 planowane s\u0105 cykliczne prezentacje pt : <a href=\"http:\/\/festiwal.uwb.edu.pl\/imprezy-festiwalowe\/komputerowo-wspomagane-dydaktyczne-eksperymenty-fizyczne\"><em><strong>&#8222;Komputerowo wspomagane dydaktyczne eksperymenty fizyczne&#8221;<\/strong><\/em><\/a>. Spotkania w formie trwaj\u0105cych\u00a0 45 minut\u00a0 zaj\u0119\u0107 pokazowo -warsztatowych \u00a0 z aktywnym udzia\u0142em publiczno\u015bci.<\/p>\n<p><a href=\"https:\/\/labfiz.uwb.edu.pl\/lab\/wp-content\/uploads\/2016\/04\/DSC_0174-888x500.jpg\" rel=\"attachment wp-att-329\"><img loading=\"lazy\" decoding=\"async\" class=\"alignnone size-medium wp-image-329\" src=\"https:\/\/labfiz.uwb.edu.pl\/lab\/wp-content\/uploads\/2016\/04\/DSC_0174-888x500-300x169.jpg\" alt=\"DSC_0174-888x500\" width=\"300\" height=\"169\" srcset=\"https:\/\/labfiz.uwb.edu.pl\/lab\/wp-content\/uploads\/2016\/04\/DSC_0174-888x500-300x169.jpg 300w, https:\/\/labfiz.uwb.edu.pl\/lab\/wp-content\/uploads\/2016\/04\/DSC_0174-888x500-768x432.jpg 768w, https:\/\/labfiz.uwb.edu.pl\/lab\/wp-content\/uploads\/2016\/04\/DSC_0174-888x500.jpg 888w\" sizes=\"auto, (max-width: 300px) 100vw, 300px\" \/><\/a><\/p>\n<p>Prezentowane b\u0119d\u0105\u00a0 pomiary zjawisk fizycznych z akustyki, mechaniki, elektryczno\u015bci i innych z wykorzystaniem komputera.<br \/>\nSpotkania kierowane\u00a0 s\u0105\u00a0 g\u0142\u00f3wnie dla uczni\u00f3w szk\u00f3\u0142\u00a0 \u015brednich.<\/p>\n<div class=\"field field-name-field-if-dostepnosc-imprezy field-type-list-text field-label-inline clearfix\">\n<div class=\"field-item even\">Dost\u0119pno\u015b\u0107 imprezy:\u00a0 po uprzednim potwierdzeniu telefonicznym<\/div>\n<div class=\"field-item even\"><\/div>\n<\/div>\n<p>Osoba prowadz\u0105ca:Wojciech Dobrogowski, tel 085-738-8188, <a href=\"mailto:dobrog@uwb.edu.pl\">dobrog@uwb.edu.pl<\/a><\/p>\n<p>Wi\u0119cej na stronach :<\/p>\n<ol>\n<li><a href=\"http:\/\/festiwal.physics.uwb.edu.pl\/\">XIV Podlaski Festiwal Nauki i Sztuki na Wydziale Fizyki, UwB<\/a><\/li>\n<li>\u00a0<a href=\"http:\/\/festiwal.uwb.edu.pl\/\">XIV Podlaski Festiwal Nauki i Sztuki<\/a><\/li>\n<\/ol>\n<p>&nbsp;<\/p>\n","protected":false},"excerpt":{"rendered":"<p>W ramach XIV Podlaskiego Festiwalu Nauki i Sztuki w\u00a0 pracowni LabFiz w dniu\u00a0 21.05.2015 planowane s\u0105 cykliczne prezentacje pt : &#8222;Komputerowo wspomagane dydaktyczne eksperymenty fizyczne&#8221;. Spotkania w formie trwaj\u0105cych\u00a0 45 minut\u00a0 zaj\u0119\u0107 pokazowo -warsztatowych \u00a0 z aktywnym udzia\u0142em publiczno\u015bci. Prezentowane b\u0119d\u0105\u00a0 pomiary zjawisk fizycznych z akustyki, mechaniki, elektryczno\u015bci i innych z wykorzystaniem komputera. Spotkania kierowane\u00a0 &hellip; <a href=\"https:\/\/labfiz.uwb.edu.pl\/lab\/?page_id=326\" class=\"more-link\">Czytaj dalej <span class=\"screen-reader-text\">XIV Podlaski Festiwal Nauki i Sztuki w  pracowni LabFiz<\/span> <span class=\"meta-nav\">&rarr;<\/span><\/a><\/p>\n","protected":false},"author":1,"featured_media":176,"parent":246,"menu_order":0,"comment_status":"closed","ping_status":"closed","template":"","meta":{"ngg_post_thumbnail":0,"footnotes":""},"categories":[13],"tags":[],"class_list":["post-326","page","type-page","status-publish","has-post-thumbnail","hentry","category-wydarzenia"],"yoast_head":"<!-- This site is optimized with the Yoast SEO plugin v27.5 - https:\/\/yoast.com\/product\/yoast-seo-wordpress\/ -->\n<title>XIV Podlaski Festiwal Nauki i Sztuki w pracowni LabFiz - LabFiz<\/title>\n<meta name=\"robots\" content=\"index, follow, max-snippet:-1, max-image-preview:large, max-video-preview:-1\" \/>\n<link rel=\"canonical\" href=\"https:\/\/labfiz.uwb.edu.pl\/lab\/?page_id=326\" \/>\n<meta property=\"og:locale\" content=\"pl_PL\" \/>\n<meta property=\"og:type\" content=\"article\" \/>\n<meta property=\"og:title\" content=\"XIV Podlaski Festiwal Nauki i Sztuki w pracowni LabFiz - LabFiz\" \/>\n<meta property=\"og:description\" content=\"W ramach XIV Podlaskiego Festiwalu Nauki i Sztuki w\u00a0 pracowni LabFiz w dniu\u00a0 21.05.2015 planowane s\u0105 cykliczne prezentacje pt : &#8222;Komputerowo wspomagane dydaktyczne eksperymenty fizyczne&#8221;. Spotkania w formie trwaj\u0105cych\u00a0 45 minut\u00a0 zaj\u0119\u0107 pokazowo -warsztatowych \u00a0 z aktywnym udzia\u0142em publiczno\u015bci. Prezentowane b\u0119d\u0105\u00a0 pomiary zjawisk fizycznych z akustyki, mechaniki, elektryczno\u015bci i innych z wykorzystaniem komputera. Spotkania kierowane\u00a0 &hellip; Czytaj dalej XIV Podlaski Festiwal Nauki i Sztuki w pracowni LabFiz &rarr;\" \/>\n<meta property=\"og:url\" content=\"https:\/\/labfiz.uwb.edu.pl\/lab\/?page_id=326\" \/>\n<meta property=\"og:site_name\" content=\"LabFiz\" \/>\n<meta property=\"article:modified_time\" content=\"2016-04-27T12:40:49+00:00\" \/>\n<meta property=\"og:image\" content=\"https:\/\/labfiz.uwb.edu.pl\/lab\/wp-content\/uploads\/ngg_featured\/screenshot.23-3-e1449138703288.jpg\" \/>\n\t<meta property=\"og:image:width\" content=\"200\" \/>\n\t<meta property=\"og:image:height\" content=\"193\" \/>\n\t<meta property=\"og:image:type\" content=\"image\/jpeg\" \/>\n<meta name=\"twitter:card\" content=\"summary_large_image\" \/>\n<meta name=\"twitter:label1\" content=\"Szacowany czas czytania\" \/>\n\t<meta name=\"twitter:data1\" content=\"1 minuta\" \/>\n<script type=\"application\/ld+json\" class=\"yoast-schema-graph\">{\"@context\":\"https:\\\/\\\/schema.org\",\"@graph\":[{\"@type\":\"WebPage\",\"@id\":\"https:\\\/\\\/labfiz.uwb.edu.pl\\\/lab\\\/?page_id=326\",\"url\":\"https:\\\/\\\/labfiz.uwb.edu.pl\\\/lab\\\/?page_id=326\",\"name\":\"XIV Podlaski Festiwal Nauki i Sztuki w pracowni LabFiz - LabFiz\",\"isPartOf\":{\"@id\":\"https:\\\/\\\/labfiz.uwb.edu.pl\\\/lab\\\/#website\"},\"primaryImageOfPage\":{\"@id\":\"https:\\\/\\\/labfiz.uwb.edu.pl\\\/lab\\\/?page_id=326#primaryimage\"},\"image\":{\"@id\":\"https:\\\/\\\/labfiz.uwb.edu.pl\\\/lab\\\/?page_id=326#primaryimage\"},\"thumbnailUrl\":\"https:\\\/\\\/labfiz.uwb.edu.pl\\\/lab\\\/wp-content\\\/uploads\\\/ngg_featured\\\/screenshot.23-3-e1449138703288.jpg\",\"datePublished\":\"2016-04-27T12:31:19+00:00\",\"dateModified\":\"2016-04-27T12:40:49+00:00\",\"breadcrumb\":{\"@id\":\"https:\\\/\\\/labfiz.uwb.edu.pl\\\/lab\\\/?page_id=326#breadcrumb\"},\"inLanguage\":\"pl-PL\",\"potentialAction\":[{\"@type\":\"ReadAction\",\"target\":[\"https:\\\/\\\/labfiz.uwb.edu.pl\\\/lab\\\/?page_id=326\"]}]},{\"@type\":\"ImageObject\",\"inLanguage\":\"pl-PL\",\"@id\":\"https:\\\/\\\/labfiz.uwb.edu.pl\\\/lab\\\/?page_id=326#primaryimage\",\"url\":\"https:\\\/\\\/labfiz.uwb.edu.pl\\\/lab\\\/wp-content\\\/uploads\\\/ngg_featured\\\/screenshot.23-3-e1449138703288.jpg\",\"contentUrl\":\"https:\\\/\\\/labfiz.uwb.edu.pl\\\/lab\\\/wp-content\\\/uploads\\\/ngg_featured\\\/screenshot.23-3-e1449138703288.jpg\",\"width\":200,\"height\":193},{\"@type\":\"BreadcrumbList\",\"@id\":\"https:\\\/\\\/labfiz.uwb.edu.pl\\\/lab\\\/?page_id=326#breadcrumb\",\"itemListElement\":[{\"@type\":\"ListItem\",\"position\":1,\"name\":\"Strona g\u0142\u00f3wna\",\"item\":\"https:\\\/\\\/labfiz.uwb.edu.pl\\\/lab\\\/?lang=pl\"},{\"@type\":\"ListItem\",\"position\":2,\"name\":\"Wydarzenia\",\"item\":\"https:\\\/\\\/labfiz.uwb.edu.pl\\\/lab\\\/?page_id=246\"},{\"@type\":\"ListItem\",\"position\":3,\"name\":\"XIV Podlaski Festiwal Nauki i Sztuki w pracowni LabFiz\"}]},{\"@type\":\"WebSite\",\"@id\":\"https:\\\/\\\/labfiz.uwb.edu.pl\\\/lab\\\/#website\",\"url\":\"https:\\\/\\\/labfiz.uwb.edu.pl\\\/lab\\\/\",\"name\":\"LabFiz\",\"description\":\"Strony Regionalnego Laboratorium Do Nauczania  Przedmiot\u00f3w Przyrodniczych\",\"publisher\":{\"@id\":\"https:\\\/\\\/labfiz.uwb.edu.pl\\\/lab\\\/#organization\"},\"potentialAction\":[{\"@type\":\"SearchAction\",\"target\":{\"@type\":\"EntryPoint\",\"urlTemplate\":\"https:\\\/\\\/labfiz.uwb.edu.pl\\\/lab\\\/?s={search_term_string}\"},\"query-input\":{\"@type\":\"PropertyValueSpecification\",\"valueRequired\":true,\"valueName\":\"search_term_string\"}}],\"inLanguage\":\"pl-PL\"},{\"@type\":\"Organization\",\"@id\":\"https:\\\/\\\/labfiz.uwb.edu.pl\\\/lab\\\/#organization\",\"name\":\"LabFiz\",\"url\":\"https:\\\/\\\/labfiz.uwb.edu.pl\\\/lab\\\/\",\"logo\":{\"@type\":\"ImageObject\",\"inLanguage\":\"pl-PL\",\"@id\":\"https:\\\/\\\/labfiz.uwb.edu.pl\\\/lab\\\/#\\\/schema\\\/logo\\\/image\\\/\",\"url\":\"http:\\\/\\\/labfiz.uwb.edu.pl\\\/lab\\\/wp-content\\\/uploads\\\/2015\\\/12\\\/logo_UwB_900.jpg\",\"contentUrl\":\"http:\\\/\\\/labfiz.uwb.edu.pl\\\/lab\\\/wp-content\\\/uploads\\\/2015\\\/12\\\/logo_UwB_900.jpg\",\"width\":900,\"height\":900,\"caption\":\"LabFiz\"},\"image\":{\"@id\":\"https:\\\/\\\/labfiz.uwb.edu.pl\\\/lab\\\/#\\\/schema\\\/logo\\\/image\\\/\"}}]}<\/script>\n<!-- \/ Yoast SEO plugin. -->","yoast_head_json":{"title":"XIV Podlaski Festiwal Nauki i Sztuki w pracowni LabFiz - LabFiz","robots":{"index":"index","follow":"follow","max-snippet":"max-snippet:-1","max-image-preview":"max-image-preview:large","max-video-preview":"max-video-preview:-1"},"canonical":"https:\/\/labfiz.uwb.edu.pl\/lab\/?page_id=326","og_locale":"pl_PL","og_type":"article","og_title":"XIV Podlaski Festiwal Nauki i Sztuki w pracowni LabFiz - LabFiz","og_description":"W ramach XIV Podlaskiego Festiwalu Nauki i Sztuki w\u00a0 pracowni LabFiz w dniu\u00a0 21.05.2015 planowane s\u0105 cykliczne prezentacje pt : &#8222;Komputerowo wspomagane dydaktyczne eksperymenty fizyczne&#8221;. Spotkania w formie trwaj\u0105cych\u00a0 45 minut\u00a0 zaj\u0119\u0107 pokazowo -warsztatowych \u00a0 z aktywnym udzia\u0142em publiczno\u015bci. Prezentowane b\u0119d\u0105\u00a0 pomiary zjawisk fizycznych z akustyki, mechaniki, elektryczno\u015bci i innych z wykorzystaniem komputera. Spotkania kierowane\u00a0 &hellip; Czytaj dalej XIV Podlaski Festiwal Nauki i Sztuki w pracowni LabFiz &rarr;","og_url":"https:\/\/labfiz.uwb.edu.pl\/lab\/?page_id=326","og_site_name":"LabFiz","article_modified_time":"2016-04-27T12:40:49+00:00","og_image":[{"width":200,"height":193,"url":"https:\/\/labfiz.uwb.edu.pl\/lab\/wp-content\/uploads\/ngg_featured\/screenshot.23-3-e1449138703288.jpg","type":"image\/jpeg"}],"twitter_card":"summary_large_image","twitter_misc":{"Szacowany czas czytania":"1 minuta"},"schema":{"@context":"https:\/\/schema.org","@graph":[{"@type":"WebPage","@id":"https:\/\/labfiz.uwb.edu.pl\/lab\/?page_id=326","url":"https:\/\/labfiz.uwb.edu.pl\/lab\/?page_id=326","name":"XIV Podlaski Festiwal Nauki i Sztuki w pracowni LabFiz - LabFiz","isPartOf":{"@id":"https:\/\/labfiz.uwb.edu.pl\/lab\/#website"},"primaryImageOfPage":{"@id":"https:\/\/labfiz.uwb.edu.pl\/lab\/?page_id=326#primaryimage"},"image":{"@id":"https:\/\/labfiz.uwb.edu.pl\/lab\/?page_id=326#primaryimage"},"thumbnailUrl":"https:\/\/labfiz.uwb.edu.pl\/lab\/wp-content\/uploads\/ngg_featured\/screenshot.23-3-e1449138703288.jpg","datePublished":"2016-04-27T12:31:19+00:00","dateModified":"2016-04-27T12:40:49+00:00","breadcrumb":{"@id":"https:\/\/labfiz.uwb.edu.pl\/lab\/?page_id=326#breadcrumb"},"inLanguage":"pl-PL","potentialAction":[{"@type":"ReadAction","target":["https:\/\/labfiz.uwb.edu.pl\/lab\/?page_id=326"]}]},{"@type":"ImageObject","inLanguage":"pl-PL","@id":"https:\/\/labfiz.uwb.edu.pl\/lab\/?page_id=326#primaryimage","url":"https:\/\/labfiz.uwb.edu.pl\/lab\/wp-content\/uploads\/ngg_featured\/screenshot.23-3-e1449138703288.jpg","contentUrl":"https:\/\/labfiz.uwb.edu.pl\/lab\/wp-content\/uploads\/ngg_featured\/screenshot.23-3-e1449138703288.jpg","width":200,"height":193},{"@type":"BreadcrumbList","@id":"https:\/\/labfiz.uwb.edu.pl\/lab\/?page_id=326#breadcrumb","itemListElement":[{"@type":"ListItem","position":1,"name":"Strona g\u0142\u00f3wna","item":"https:\/\/labfiz.uwb.edu.pl\/lab\/?lang=pl"},{"@type":"ListItem","position":2,"name":"Wydarzenia","item":"https:\/\/labfiz.uwb.edu.pl\/lab\/?page_id=246"},{"@type":"ListItem","position":3,"name":"XIV Podlaski Festiwal Nauki i Sztuki w pracowni LabFiz"}]},{"@type":"WebSite","@id":"https:\/\/labfiz.uwb.edu.pl\/lab\/#website","url":"https:\/\/labfiz.uwb.edu.pl\/lab\/","name":"LabFiz","description":"Strony Regionalnego Laboratorium Do Nauczania  Przedmiot\u00f3w Przyrodniczych","publisher":{"@id":"https:\/\/labfiz.uwb.edu.pl\/lab\/#organization"},"potentialAction":[{"@type":"SearchAction","target":{"@type":"EntryPoint","urlTemplate":"https:\/\/labfiz.uwb.edu.pl\/lab\/?s={search_term_string}"},"query-input":{"@type":"PropertyValueSpecification","valueRequired":true,"valueName":"search_term_string"}}],"inLanguage":"pl-PL"},{"@type":"Organization","@id":"https:\/\/labfiz.uwb.edu.pl\/lab\/#organization","name":"LabFiz","url":"https:\/\/labfiz.uwb.edu.pl\/lab\/","logo":{"@type":"ImageObject","inLanguage":"pl-PL","@id":"https:\/\/labfiz.uwb.edu.pl\/lab\/#\/schema\/logo\/image\/","url":"http:\/\/labfiz.uwb.edu.pl\/lab\/wp-content\/uploads\/2015\/12\/logo_UwB_900.jpg","contentUrl":"http:\/\/labfiz.uwb.edu.pl\/lab\/wp-content\/uploads\/2015\/12\/logo_UwB_900.jpg","width":900,"height":900,"caption":"LabFiz"},"image":{"@id":"https:\/\/labfiz.uwb.edu.pl\/lab\/#\/schema\/logo\/image\/"}}]}},"_links":{"self":[{"href":"https:\/\/labfiz.uwb.edu.pl\/lab\/index.php?rest_route=\/wp\/v2\/pages\/326","targetHints":{"allow":["GET"]}}],"collection":[{"href":"https:\/\/labfiz.uwb.edu.pl\/lab\/index.php?rest_route=\/wp\/v2\/pages"}],"about":[{"href":"https:\/\/labfiz.uwb.edu.pl\/lab\/index.php?rest_route=\/wp\/v2\/types\/page"}],"author":[{"embeddable":true,"href":"https:\/\/labfiz.uwb.edu.pl\/lab\/index.php?rest_route=\/wp\/v2\/users\/1"}],"replies":[{"embeddable":true,"href":"https:\/\/labfiz.uwb.edu.pl\/lab\/index.php?rest_route=%2Fwp%2Fv2%2Fcomments&post=326"}],"version-history":[{"count":8,"href":"https:\/\/labfiz.uwb.edu.pl\/lab\/index.php?rest_route=\/wp\/v2\/pages\/326\/revisions"}],"predecessor-version":[{"id":336,"href":"https:\/\/labfiz.uwb.edu.pl\/lab\/index.php?rest_route=\/wp\/v2\/pages\/326\/revisions\/336"}],"up":[{"embeddable":true,"href":"https:\/\/labfiz.uwb.edu.pl\/lab\/index.php?rest_route=\/wp\/v2\/pages\/246"}],"wp:featuredmedia":[{"embeddable":true,"href":"https:\/\/labfiz.uwb.edu.pl\/lab\/index.php?rest_route=\/wp\/v2\/media\/176"}],"wp:attachment":[{"href":"https:\/\/labfiz.uwb.edu.pl\/lab\/index.php?rest_route=%2Fwp%2Fv2%2Fmedia&parent=326"}],"wp:term":[{"taxonomy":"category","embeddable":true,"href":"https:\/\/labfiz.uwb.edu.pl\/lab\/index.php?rest_route=%2Fwp%2Fv2%2Fcategories&post=326"},{"taxonomy":"post_tag","embeddable":true,"href":"https:\/\/labfiz.uwb.edu.pl\/lab\/index.php?rest_route=%2Fwp%2Fv2%2Ftags&post=326"}],"curies":[{"name":"wp","href":"https:\/\/api.w.org\/{rel}","templated":true}]}}