{"id":310,"date":"2016-03-13T20:38:57","date_gmt":"2016-03-13T20:38:57","guid":{"rendered":"http:\/\/labfiz.uwb.edu.pl\/lab\/?page_id=310"},"modified":"2016-03-14T19:36:35","modified_gmt":"2016-03-14T19:36:35","slug":"mikroskop-internetowy","status":"publish","type":"page","link":"https:\/\/labfiz.uwb.edu.pl\/lab\/?page_id=310","title":{"rendered":"Mikroskop internetowy"},"content":{"rendered":"<h1 class=\"entry-title\"><a href=\"https:\/\/labfiz.uwb.edu.pl\/lab\/magmicroscope\/\">Badanie domen magnetycznych przez INTERNET<\/a><\/h1>\n<p>W 1999 roku podczas\u00a0<a href=\"http:\/\/labfiz.uwb.edu.pl\/ptf\/zjazd.shtml\">XXXV\u00a0Zjazdu Fizyk\u00f3w Polskich<\/a> kt\u00f3ry odbywa\u0142 si\u0119 w Bia\u0142ymstoku zosta\u0142 uruchomiony i zaprezentowany zdalnie dost\u0119pny uk\u0142ad pomiarowy kt\u00f3rego sterowanie realizowane by\u0142o z wykorzystaniem stron WWW\/CGI. \u00a0Uk\u0142ad ten pracuje do dzi\u015b i jest pierwszym w polskim internecie ( prosz\u0119 o uwagi\u00a0na ten temat<a href=\"mailto:dobrog@uwb.edu.pl\">\u00a0dobrog@uwb.edu.pl<\/a> ) oraz jednym z nielicznych dzia\u0142aj\u0105cych \u00a0i publicznie dost\u0119pnych tego typu urz\u0105dze\u0144 pomiarowych w og\u00f3le.<\/p>\n<p>Zapraszam do odwiedzenia strony\u00a0<a href=\"https:\/\/labfiz.uwb.edu.pl\/lab\/magmicroscope\/\">Mikroskopu Internetowego<\/a> i spr\u00f3bowania w\u0142asnych si\u0142 \ud83d\ude42 .<\/p>\n","protected":false},"excerpt":{"rendered":"<p>Badanie domen magnetycznych przez INTERNET W 1999 roku podczas\u00a0XXXV\u00a0Zjazdu Fizyk\u00f3w Polskich kt\u00f3ry odbywa\u0142 si\u0119 w Bia\u0142ymstoku zosta\u0142 uruchomiony i zaprezentowany zdalnie dost\u0119pny uk\u0142ad pomiarowy kt\u00f3rego sterowanie realizowane by\u0142o z wykorzystaniem stron WWW\/CGI. \u00a0Uk\u0142ad ten pracuje do dzi\u015b i jest pierwszym w polskim internecie ( prosz\u0119 o uwagi\u00a0na ten temat\u00a0dobrog@uwb.edu.pl ) oraz jednym z nielicznych dzia\u0142aj\u0105cych &hellip; <a href=\"https:\/\/labfiz.uwb.edu.pl\/lab\/?page_id=310\" class=\"more-link\">Czytaj dalej <span class=\"screen-reader-text\">Mikroskop internetowy<\/span> <span class=\"meta-nav\">&rarr;<\/span><\/a><\/p>\n","protected":false},"author":1,"featured_media":312,"parent":0,"menu_order":30,"comment_status":"closed","ping_status":"closed","template":"","meta":{"ngg_post_thumbnail":0,"footnotes":""},"categories":[15],"tags":[],"class_list":["post-310","page","type-page","status-publish","has-post-thumbnail","hentry","category-laboratorium"],"yoast_head":"<!-- This site is optimized with the Yoast SEO plugin v27.4 - https:\/\/yoast.com\/product\/yoast-seo-wordpress\/ -->\n<title>Mikroskop internetowy - LabFiz<\/title>\n<meta name=\"robots\" content=\"index, follow, max-snippet:-1, max-image-preview:large, max-video-preview:-1\" \/>\n<link rel=\"canonical\" href=\"https:\/\/labfiz.uwb.edu.pl\/lab\/?page_id=310\" \/>\n<meta property=\"og:locale\" content=\"pl_PL\" \/>\n<meta property=\"og:type\" content=\"article\" \/>\n<meta property=\"og:title\" content=\"Mikroskop internetowy - LabFiz\" \/>\n<meta property=\"og:description\" content=\"Badanie domen magnetycznych przez INTERNET W 1999 roku podczas\u00a0XXXV\u00a0Zjazdu Fizyk\u00f3w Polskich kt\u00f3ry odbywa\u0142 si\u0119 w Bia\u0142ymstoku zosta\u0142 uruchomiony i zaprezentowany zdalnie dost\u0119pny uk\u0142ad pomiarowy kt\u00f3rego sterowanie realizowane by\u0142o z wykorzystaniem stron WWW\/CGI. \u00a0Uk\u0142ad ten pracuje do dzi\u015b i jest pierwszym w polskim internecie ( prosz\u0119 o uwagi\u00a0na ten temat\u00a0dobrog@uwb.edu.pl ) oraz jednym z nielicznych dzia\u0142aj\u0105cych &hellip; Czytaj dalej Mikroskop internetowy &rarr;\" \/>\n<meta property=\"og:url\" content=\"https:\/\/labfiz.uwb.edu.pl\/lab\/?page_id=310\" \/>\n<meta property=\"og:site_name\" content=\"LabFiz\" \/>\n<meta property=\"article:modified_time\" content=\"2016-03-14T19:36:35+00:00\" \/>\n<meta property=\"og:image\" content=\"https:\/\/labfiz.uwb.edu.pl\/lab\/wp-content\/uploads\/2016\/03\/strona-tytv1.jpg\" \/>\n\t<meta property=\"og:image:width\" content=\"201\" \/>\n\t<meta property=\"og:image:height\" content=\"281\" \/>\n\t<meta property=\"og:image:type\" content=\"image\/jpeg\" \/>\n<meta name=\"twitter:card\" content=\"summary_large_image\" \/>\n<script type=\"application\/ld+json\" class=\"yoast-schema-graph\">{\"@context\":\"https:\\\/\\\/schema.org\",\"@graph\":[{\"@type\":\"WebPage\",\"@id\":\"https:\\\/\\\/labfiz.uwb.edu.pl\\\/lab\\\/?page_id=310\",\"url\":\"https:\\\/\\\/labfiz.uwb.edu.pl\\\/lab\\\/?page_id=310\",\"name\":\"Mikroskop internetowy - LabFiz\",\"isPartOf\":{\"@id\":\"https:\\\/\\\/labfiz.uwb.edu.pl\\\/lab\\\/#website\"},\"primaryImageOfPage\":{\"@id\":\"https:\\\/\\\/labfiz.uwb.edu.pl\\\/lab\\\/?page_id=310#primaryimage\"},\"image\":{\"@id\":\"https:\\\/\\\/labfiz.uwb.edu.pl\\\/lab\\\/?page_id=310#primaryimage\"},\"thumbnailUrl\":\"https:\\\/\\\/labfiz.uwb.edu.pl\\\/lab\\\/wp-content\\\/uploads\\\/2016\\\/03\\\/strona-tytv1.jpg\",\"datePublished\":\"2016-03-13T20:38:57+00:00\",\"dateModified\":\"2016-03-14T19:36:35+00:00\",\"breadcrumb\":{\"@id\":\"https:\\\/\\\/labfiz.uwb.edu.pl\\\/lab\\\/?page_id=310#breadcrumb\"},\"inLanguage\":\"pl-PL\",\"potentialAction\":[{\"@type\":\"ReadAction\",\"target\":[\"https:\\\/\\\/labfiz.uwb.edu.pl\\\/lab\\\/?page_id=310\"]}]},{\"@type\":\"ImageObject\",\"inLanguage\":\"pl-PL\",\"@id\":\"https:\\\/\\\/labfiz.uwb.edu.pl\\\/lab\\\/?page_id=310#primaryimage\",\"url\":\"https:\\\/\\\/labfiz.uwb.edu.pl\\\/lab\\\/wp-content\\\/uploads\\\/2016\\\/03\\\/strona-tytv1.jpg\",\"contentUrl\":\"https:\\\/\\\/labfiz.uwb.edu.pl\\\/lab\\\/wp-content\\\/uploads\\\/2016\\\/03\\\/strona-tytv1.jpg\",\"width\":201,\"height\":281},{\"@type\":\"BreadcrumbList\",\"@id\":\"https:\\\/\\\/labfiz.uwb.edu.pl\\\/lab\\\/?page_id=310#breadcrumb\",\"itemListElement\":[{\"@type\":\"ListItem\",\"position\":1,\"name\":\"Strona g\u0142\u00f3wna\",\"item\":\"https:\\\/\\\/labfiz.uwb.edu.pl\\\/lab\\\/?lang=pl\"},{\"@type\":\"ListItem\",\"position\":2,\"name\":\"Mikroskop internetowy\"}]},{\"@type\":\"WebSite\",\"@id\":\"https:\\\/\\\/labfiz.uwb.edu.pl\\\/lab\\\/#website\",\"url\":\"https:\\\/\\\/labfiz.uwb.edu.pl\\\/lab\\\/\",\"name\":\"LabFiz\",\"description\":\"Strony Regionalnego Laboratorium Do Nauczania  Przedmiot\u00f3w Przyrodniczych\",\"publisher\":{\"@id\":\"https:\\\/\\\/labfiz.uwb.edu.pl\\\/lab\\\/#organization\"},\"potentialAction\":[{\"@type\":\"SearchAction\",\"target\":{\"@type\":\"EntryPoint\",\"urlTemplate\":\"https:\\\/\\\/labfiz.uwb.edu.pl\\\/lab\\\/?s={search_term_string}\"},\"query-input\":{\"@type\":\"PropertyValueSpecification\",\"valueRequired\":true,\"valueName\":\"search_term_string\"}}],\"inLanguage\":\"pl-PL\"},{\"@type\":\"Organization\",\"@id\":\"https:\\\/\\\/labfiz.uwb.edu.pl\\\/lab\\\/#organization\",\"name\":\"LabFiz\",\"url\":\"https:\\\/\\\/labfiz.uwb.edu.pl\\\/lab\\\/\",\"logo\":{\"@type\":\"ImageObject\",\"inLanguage\":\"pl-PL\",\"@id\":\"https:\\\/\\\/labfiz.uwb.edu.pl\\\/lab\\\/#\\\/schema\\\/logo\\\/image\\\/\",\"url\":\"http:\\\/\\\/labfiz.uwb.edu.pl\\\/lab\\\/wp-content\\\/uploads\\\/2015\\\/12\\\/logo_UwB_900.jpg\",\"contentUrl\":\"http:\\\/\\\/labfiz.uwb.edu.pl\\\/lab\\\/wp-content\\\/uploads\\\/2015\\\/12\\\/logo_UwB_900.jpg\",\"width\":900,\"height\":900,\"caption\":\"LabFiz\"},\"image\":{\"@id\":\"https:\\\/\\\/labfiz.uwb.edu.pl\\\/lab\\\/#\\\/schema\\\/logo\\\/image\\\/\"}}]}<\/script>\n<!-- \/ Yoast SEO plugin. -->","yoast_head_json":{"title":"Mikroskop internetowy - LabFiz","robots":{"index":"index","follow":"follow","max-snippet":"max-snippet:-1","max-image-preview":"max-image-preview:large","max-video-preview":"max-video-preview:-1"},"canonical":"https:\/\/labfiz.uwb.edu.pl\/lab\/?page_id=310","og_locale":"pl_PL","og_type":"article","og_title":"Mikroskop internetowy - LabFiz","og_description":"Badanie domen magnetycznych przez INTERNET W 1999 roku podczas\u00a0XXXV\u00a0Zjazdu Fizyk\u00f3w Polskich kt\u00f3ry odbywa\u0142 si\u0119 w Bia\u0142ymstoku zosta\u0142 uruchomiony i zaprezentowany zdalnie dost\u0119pny uk\u0142ad pomiarowy kt\u00f3rego sterowanie realizowane by\u0142o z wykorzystaniem stron WWW\/CGI. \u00a0Uk\u0142ad ten pracuje do dzi\u015b i jest pierwszym w polskim internecie ( prosz\u0119 o uwagi\u00a0na ten temat\u00a0dobrog@uwb.edu.pl ) oraz jednym z nielicznych dzia\u0142aj\u0105cych &hellip; Czytaj dalej Mikroskop internetowy &rarr;","og_url":"https:\/\/labfiz.uwb.edu.pl\/lab\/?page_id=310","og_site_name":"LabFiz","article_modified_time":"2016-03-14T19:36:35+00:00","og_image":[{"width":201,"height":281,"url":"https:\/\/labfiz.uwb.edu.pl\/lab\/wp-content\/uploads\/2016\/03\/strona-tytv1.jpg","type":"image\/jpeg"}],"twitter_card":"summary_large_image","schema":{"@context":"https:\/\/schema.org","@graph":[{"@type":"WebPage","@id":"https:\/\/labfiz.uwb.edu.pl\/lab\/?page_id=310","url":"https:\/\/labfiz.uwb.edu.pl\/lab\/?page_id=310","name":"Mikroskop internetowy - LabFiz","isPartOf":{"@id":"https:\/\/labfiz.uwb.edu.pl\/lab\/#website"},"primaryImageOfPage":{"@id":"https:\/\/labfiz.uwb.edu.pl\/lab\/?page_id=310#primaryimage"},"image":{"@id":"https:\/\/labfiz.uwb.edu.pl\/lab\/?page_id=310#primaryimage"},"thumbnailUrl":"https:\/\/labfiz.uwb.edu.pl\/lab\/wp-content\/uploads\/2016\/03\/strona-tytv1.jpg","datePublished":"2016-03-13T20:38:57+00:00","dateModified":"2016-03-14T19:36:35+00:00","breadcrumb":{"@id":"https:\/\/labfiz.uwb.edu.pl\/lab\/?page_id=310#breadcrumb"},"inLanguage":"pl-PL","potentialAction":[{"@type":"ReadAction","target":["https:\/\/labfiz.uwb.edu.pl\/lab\/?page_id=310"]}]},{"@type":"ImageObject","inLanguage":"pl-PL","@id":"https:\/\/labfiz.uwb.edu.pl\/lab\/?page_id=310#primaryimage","url":"https:\/\/labfiz.uwb.edu.pl\/lab\/wp-content\/uploads\/2016\/03\/strona-tytv1.jpg","contentUrl":"https:\/\/labfiz.uwb.edu.pl\/lab\/wp-content\/uploads\/2016\/03\/strona-tytv1.jpg","width":201,"height":281},{"@type":"BreadcrumbList","@id":"https:\/\/labfiz.uwb.edu.pl\/lab\/?page_id=310#breadcrumb","itemListElement":[{"@type":"ListItem","position":1,"name":"Strona g\u0142\u00f3wna","item":"https:\/\/labfiz.uwb.edu.pl\/lab\/?lang=pl"},{"@type":"ListItem","position":2,"name":"Mikroskop internetowy"}]},{"@type":"WebSite","@id":"https:\/\/labfiz.uwb.edu.pl\/lab\/#website","url":"https:\/\/labfiz.uwb.edu.pl\/lab\/","name":"LabFiz","description":"Strony Regionalnego Laboratorium Do Nauczania  Przedmiot\u00f3w Przyrodniczych","publisher":{"@id":"https:\/\/labfiz.uwb.edu.pl\/lab\/#organization"},"potentialAction":[{"@type":"SearchAction","target":{"@type":"EntryPoint","urlTemplate":"https:\/\/labfiz.uwb.edu.pl\/lab\/?s={search_term_string}"},"query-input":{"@type":"PropertyValueSpecification","valueRequired":true,"valueName":"search_term_string"}}],"inLanguage":"pl-PL"},{"@type":"Organization","@id":"https:\/\/labfiz.uwb.edu.pl\/lab\/#organization","name":"LabFiz","url":"https:\/\/labfiz.uwb.edu.pl\/lab\/","logo":{"@type":"ImageObject","inLanguage":"pl-PL","@id":"https:\/\/labfiz.uwb.edu.pl\/lab\/#\/schema\/logo\/image\/","url":"http:\/\/labfiz.uwb.edu.pl\/lab\/wp-content\/uploads\/2015\/12\/logo_UwB_900.jpg","contentUrl":"http:\/\/labfiz.uwb.edu.pl\/lab\/wp-content\/uploads\/2015\/12\/logo_UwB_900.jpg","width":900,"height":900,"caption":"LabFiz"},"image":{"@id":"https:\/\/labfiz.uwb.edu.pl\/lab\/#\/schema\/logo\/image\/"}}]}},"_links":{"self":[{"href":"https:\/\/labfiz.uwb.edu.pl\/lab\/index.php?rest_route=\/wp\/v2\/pages\/310","targetHints":{"allow":["GET"]}}],"collection":[{"href":"https:\/\/labfiz.uwb.edu.pl\/lab\/index.php?rest_route=\/wp\/v2\/pages"}],"about":[{"href":"https:\/\/labfiz.uwb.edu.pl\/lab\/index.php?rest_route=\/wp\/v2\/types\/page"}],"author":[{"embeddable":true,"href":"https:\/\/labfiz.uwb.edu.pl\/lab\/index.php?rest_route=\/wp\/v2\/users\/1"}],"replies":[{"embeddable":true,"href":"https:\/\/labfiz.uwb.edu.pl\/lab\/index.php?rest_route=%2Fwp%2Fv2%2Fcomments&post=310"}],"version-history":[{"count":9,"href":"https:\/\/labfiz.uwb.edu.pl\/lab\/index.php?rest_route=\/wp\/v2\/pages\/310\/revisions"}],"predecessor-version":[{"id":320,"href":"https:\/\/labfiz.uwb.edu.pl\/lab\/index.php?rest_route=\/wp\/v2\/pages\/310\/revisions\/320"}],"wp:featuredmedia":[{"embeddable":true,"href":"https:\/\/labfiz.uwb.edu.pl\/lab\/index.php?rest_route=\/wp\/v2\/media\/312"}],"wp:attachment":[{"href":"https:\/\/labfiz.uwb.edu.pl\/lab\/index.php?rest_route=%2Fwp%2Fv2%2Fmedia&parent=310"}],"wp:term":[{"taxonomy":"category","embeddable":true,"href":"https:\/\/labfiz.uwb.edu.pl\/lab\/index.php?rest_route=%2Fwp%2Fv2%2Fcategories&post=310"},{"taxonomy":"post_tag","embeddable":true,"href":"https:\/\/labfiz.uwb.edu.pl\/lab\/index.php?rest_route=%2Fwp%2Fv2%2Ftags&post=310"}],"curies":[{"name":"wp","href":"https:\/\/api.w.org\/{rel}","templated":true}]}}