{"id":274,"date":"2016-03-01T07:40:23","date_gmt":"2016-03-01T07:40:23","guid":{"rendered":"http:\/\/labfiz.uwb.edu.pl\/lab\/?page_id=274"},"modified":"2017-06-13T11:28:28","modified_gmt":"2017-06-13T11:28:28","slug":"komputerowe-wspomaganie-fizyki","status":"publish","type":"page","link":"https:\/\/labfiz.uwb.edu.pl\/lab\/?page_id=274","title":{"rendered":"Komputerowe wspomaganie fizyki"},"content":{"rendered":"<h3>Strony wykorzystuj\u0105ce technologi\u0119 Java oraz Flash<\/h3>\n<p>Flash (o ile jest aktualny ) dzia\u0142a bez zarzutu.<\/p>\n<p>Z Java TM jest ma\u0142y problem. Minusem rozwi\u0105zania Java jest na dzie\u0144 dzisiejszy traktowanie wtyczek jako potencjalnie niebezpiecznych. Nale\u017cy zainstalowa\u0107 najnowsz\u0105 ze strony <a href=\"http:\/\/www.oracle.com\/technetwork\/java\/javase\/downloads\/jre8-downloads-2133155.html\">http:\/\/www.oracle.com\/technetwork\/java\/javase\/downloads\/jre8-downloads-2133155.html<\/a>. Po restarcie komputera dzia\u0142a bez problem\u00f3w w Windowsie pod Internet Explorerem. Testowany Firefox i Opera si\u0119 opieraj\u0105. Jednak po instalacji 32bitoweg JRE i restarcie komputera oraz w\u0142\u0105czeniu &#8222;Zawsze aktywuj&#8221; w dodatkach Firefox &nbsp;rusza &#8211; dopytuje si\u0119 jeszcze po drodze o to czy na pewno ma si\u0119 w\u0142\u0105czy\u0107. Metoda opisana na stronach Physlet\u00f3w zwi\u0105zana <a href=\"http:\/\/www.compadre.org\/Physlets\/documents\/newJavaSecurityWindows.pdf\">z dodaniem domeny zaufanej <\/a>pozwala na korzystanie z Java tak\u017ce z pozosta\u0142ych stron wykorzystuj\u0105cych t\u0105 technologi\u0119.<\/p>\n<p>W systemie Debian\/Linux po instalacji opisanej na poni\u017cszych stronach&nbsp;programy Java chodz\u0105 jak nale\u017cy.<\/p>\n<ul>\n<li><a href=\"https:\/\/wiki.debian.org\/Java\/\">https:\/\/wiki.debian.org\/Java\/<\/a><\/li>\n<li><a href=\"http:\/\/sourcevirtues.com\/2012\/07\/01\/enable-java-plugin-in-iceweasel-firefox-and-chrome-in-debian\/\">http:\/\/sourcevirtues.com\/2012\/07\/01\/enable-java-plugin-in-iceweasel-firefox-and-chrome-in-debian\/<\/a><\/li>\n<\/ul>\n<h3>Zasoby Java\/Flash\/HTML5<\/h3>\n<ol>\n<li>Zbiory PhET Uniwersytetu Colorado <a href=\"https:\/\/phet.colorado.edu\/en\/simulations\/category\/physics\">https:\/\/phet.colorado.edu\/en\/simulations\/category\/physics <\/a>&#8211; na&nbsp; tych stronac widoczne zastosowanie nowej technologii HTML 5 Canvas \ud83d\ude42<\/li>\n<li><a href=\"http:\/\/ephysics.physics.ucla.edu\/\">ePhysics<\/a> &#8211; Uniwersytet Kalifornijski w LA wykorzystuje zasoby PhET i nie tylko &nbsp;&#8211; tematyczny wyb\u00f3r aplet\u00f3w Java na potrzeby projektu na wydziale fizyki UCLA.<\/li>\n<li>Interaktywne ilustracje, badanie i wprowadzanie do problem\u00f3w z fizyki na tronach projektu Physlet<sup>\u00ae<\/sup> Physics 2E <a href=\"http:\/\/www.compadre.org\/Physlets\/index.cfm\">http:\/\/www.compadre.org\/Physlets\/index.cfm<\/a><\/li>\n<li>Strona projektu Physics and Chemistry by Clear Clearning <a href=\"http:\/\/www.physics-chemistry-interactive-flash-animation.com\/\">http:\/\/www.physics-chemistry-interactive-flash-animation.com\/<\/a><\/li>\n<li><a href=\"http:\/\/www.physicsclassroom.com\/class\">the Physics Clasroom <\/a>&#8211; kolejny bardzo ciekawy zbi\u00f3r oprogramowania dost\u0119pnego online.<\/li>\n<li><a href=\"http:\/\/www.phy.ntnu.edu.tw\/ntnujava\/index.php\">NTNUJAVA Virtual Physics Laboratory<\/a> &#8211; jedna z najstarszych stron z apletami Java po\u015bwi\u0119conych ilustracji Fizyki<\/li>\n<li><a href=\"http:\/\/www.fearofphysics.com\/\">http:\/\/www.fearofphysics.com\/<\/a>&nbsp;-ciekawe rozwi\u0105zanie strony g\u0142\u00f3wnej szczeg\u00f3lnie w kontek\u015bcie konkurs\u00f3w z fizyki \ud83d\ude42 . Poza tym zwr\u00f3ci\u0107 nale\u017cy uwag\u0119 na spos\u00f3b roziw\u0105zania: filmy wideo instrukta\u017cowe dotycz\u0105ce instrukta\u017cu z fizyki i wykorzystania przyrz\u0105d\u00f3w (np<a href=\"http:\/\/fearofphysics.com\/Electronics\/index.php?watch=YWD-fKLxlJM\"> woltomierza<\/a>)<\/li>\n<li><a href=\"http:\/\/www.physics.ccsu.edu\/LEMAIRE\/genphys\/virtual_physics_labs.htm\">Virtual Physics Lab<\/a>&nbsp; &#8211; Mechanika, Elektryczno\u015b\u0107 , Magnetyzm, \u015awiat\u0142o\/Optyka i &nbsp;troch\u0119 innych tre\u015bci zebranych w formie link\u00f3w z minimalnym opisem odno\u015bnika.<\/li>\n<li><a href=\"http:\/\/www.edinformatics.com\/il\/il_physics.htm\">The Interactive library<\/a>&nbsp; &#8211;&nbsp;biblioteka odno\u015bnik\u00f3w do stron z wirtualnymi do\u015bwiadczeniami z podzia\u0142em tematycznym na dzia\u0142y fizyki.<\/li>\n<li><a href=\"http:\/\/www.myphysicslab.com\/index.html\">MyPhysicsLab <\/a>&#8211; aplety Java wraz z kr\u00f3tkimi zadaniami<\/li>\n<li>&nbsp;<a href=\"http:\/\/www.opensourcephysics.org\/\">Open Source Physics&nbsp; <\/a><\/li>\n<li><a class=\"wikilink\" href=\"http:\/\/www.um.es\/fem\/EjsWiki\/Main\/WhatIsEJS\"> Easy Java\/Javascript Simulations<\/a>.<\/li>\n<\/ol>\n<h3>Komercyjne Laboratoria virtualne<\/h3>\n<ol>\n<li><a href=\"http:\/\/virtuallabs.ket.org\/physics\/apparatus\/02_kinematics\/\">http:\/\/virtuallabs.ket.org\/physics\/apparatus\/02_kinematics\/<\/a>&nbsp;&#8211; przyk\u0142ad dobrych praktyk wykorzystania metody nauczania opartej o symulacje. Uwag\u0119 zwracaj\u0105 materia\u0142y dla studenta w formie dokument\u00f3w PDF gdzie zdefiniowane s\u0105 procedury\/zadania stawiane przed studentem.<\/li>\n<li><a href=\"http:\/\/chemlab.byu.edu\/tour\/Physics\">http:\/\/chemlab.byu.edu\/tour\/Physics<\/a>&nbsp; &#8211; kolejne komercyjne rozwi\u0105zanie dost\u0119pne ze strony &nbsp;Brigham Young University. Podkre\u015blenia wymaga forma przygotowanej symulacji opartej o obrazy rzeczywistych przyrz\u0105d\u00f3w.<\/li>\n<\/ol>\n<h3>Programy do tworzenia w\u0142asnych prostych symulacji<\/h3>\n<ol>\n<li><a href=\"http:\/\/www.algodoo.com\/\">Algodoo<\/a> &#8211; program do interaktywnego tworzenia symulacji z mechaniki i optyki. Program przeznaczony na tablety ale wspaniale pracuje na tablicach interaktywnych. W menu znajdziemy opcj\u0119 polskiego t\u0142umaczenia. Polecam samouczek. \u0141adnie pracuje z gestami.<\/li>\n<li><a href=\"http:\/\/physion.net\">Physion<\/a>&nbsp;&#8211; dwuwymiarowy program symulacyjny. Metoda na demonstracje z wykorzystaniem wirtualnego laboratorium prostej fizyki. W zak\u0142adce Physics Interactives odnajdziemy pi\u0119knie pracuj\u0105ce w trybie pe\u0142noekranowym programiki.<\/li>\n<\/ol>\n<h3>Programy algebry komputerowej i prostej wizualizacji danych<\/h3>\n<ol>\n<li><a href=\"http:\/\/maxima.sourceforge.net\">Maxima<\/a> &#8211; program wspieraj\u0105cy obliczenia symbliczne<\/li>\n<li><a href=\"http:\/\/www.gnuplot.info\/\">Gnuplot <\/a>&#8211; &#8222;proste&#8221; i szybkie rysowanie funkcji i&nbsp; wizualizacja danych. Program pozwala na wykonywanie dopasowania danych pomiarowych.<\/li>\n<li><a href=\"http:\/\/www.scilab.org\/\">SciLab<\/a> &#8211; odpowiednik&nbsp; programu MathLab domeny Open Source. Za wikipedia: &#8222;stworzony w <a title=\"1990\" href=\"https:\/\/pl.wikipedia.org\/wiki\/1990\">1990<\/a> przez francuskie <a class=\"new\" title=\"INRIA (strona nie istnieje)\" href=\"https:\/\/pl.wikipedia.org\/w\/index.php?title=INRIA&amp;action=edit&amp;redlink=1\">INRIA<\/a> (francuski narodowy instytut bada\u0144 w dziedzinie komputer\u00f3w) oraz <a title=\"\u00c9cole nationale des ponts et chauss\u00e9es\" href=\"https:\/\/pl.wikipedia.org\/wiki\/%C3%89cole_nationale_des_ponts_et_chauss%C3%A9es\">ENPC<\/a> (najstarsz\u0105 szko\u0142\u0119 in\u017cyniersk\u0105 na \u015bwiecie)&#8221;<\/li>\n<li><a href=\"http:\/\/www.sagemath.org\/\">SageMath<\/a> &#8211; &#8222;Superpakiet&#8221; program\u00f3w Open Source zorientowanych na komputerow\u0105 algebr\u0119 &#8211; cytuj\u0105c za tw\u00f3rcami &#8222;Mission: <em>Creating a viable free open source alternative to Magma, Maple, Mathematica and Matlab<\/em>.&#8221;&nbsp; Dla systemu Windows wymaga zainstalowania VirtualBoX-a.<\/li>\n<\/ol>\n<h3>Polecane zasoby internetu<\/h3>\n<ol>\n<li><a href=\"http:\/\/hyperphysics.phy-astr.gsu.edu\/hbase\/hph.html\">HyperPhysics<\/a> &#8211; Przepi\u0119kna metoda obrazuj\u0105ca &nbsp;hierarchiczny spos\u00f3b my\u015blenie poj\u0119ciami fizycznymi. Jedna z&nbsp;bardziej utytu\u0142owanych&nbsp;stron wspomagaj\u0105cych zrozumienie fizyki ( i nie tylko &#8211; patrz przetwornik <a href=\"http:\/\/hyperphysics.phy-astr.gsu.edu\/hbase\/electronic\/dac.html\">DAC\/ADC <\/a>) w Internecie.<\/li>\n<li>&nbsp;<a href=\"https:\/\/www.youtube.com\/channel\/UCJ0yBou72Lz9fqeMXh9mkog\">Physics Videos by Eugene Khutoryansky<\/a> &#8211; strona z niez\u0142ymi filmami o fizyce na r\u00f3\u017cnym poziomi. Wymagany angielski.<\/li>\n<li>Physics Software &#8211; <a href=\"https:\/\/sourceforge.net\/directory\/science-engineering\/physics\/os:windows\/\">SourceForge.net&nbsp;<\/a><\/li>\n<\/ol>\n","protected":false},"excerpt":{"rendered":"<p>Strony wykorzystuj\u0105ce technologi\u0119 Java oraz Flash Flash (o ile jest aktualny ) dzia\u0142a bez zarzutu. Z Java TM jest ma\u0142y problem. Minusem rozwi\u0105zania Java jest na dzie\u0144 dzisiejszy traktowanie wtyczek jako potencjalnie niebezpiecznych. Nale\u017cy zainstalowa\u0107 najnowsz\u0105 ze strony http:\/\/www.oracle.com\/technetwork\/java\/javase\/downloads\/jre8-downloads-2133155.html. Po restarcie komputera dzia\u0142a bez problem\u00f3w w Windowsie pod Internet Explorerem. Testowany Firefox i Opera si\u0119 &hellip; <a href=\"https:\/\/labfiz.uwb.edu.pl\/lab\/?page_id=274\" class=\"more-link\">Czytaj dalej <span class=\"screen-reader-text\">Komputerowe wspomaganie fizyki<\/span> <span class=\"meta-nav\">&rarr;<\/span><\/a><\/p>\n","protected":false},"author":1,"featured_media":0,"parent":27,"menu_order":50,"comment_status":"closed","ping_status":"closed","template":"","meta":{"ngg_post_thumbnail":0,"footnotes":""},"categories":[15],"tags":[],"class_list":["post-274","page","type-page","status-publish","hentry","category-laboratorium"],"yoast_head":"<!-- This site is optimized with the Yoast SEO plugin v27.4 - https:\/\/yoast.com\/product\/yoast-seo-wordpress\/ -->\n<title>Komputerowe wspomaganie fizyki - LabFiz<\/title>\n<meta name=\"robots\" content=\"index, follow, max-snippet:-1, max-image-preview:large, max-video-preview:-1\" \/>\n<link rel=\"canonical\" href=\"https:\/\/labfiz.uwb.edu.pl\/lab\/?page_id=274\" \/>\n<meta property=\"og:locale\" content=\"pl_PL\" \/>\n<meta property=\"og:type\" content=\"article\" \/>\n<meta property=\"og:title\" content=\"Komputerowe wspomaganie fizyki - LabFiz\" \/>\n<meta property=\"og:description\" content=\"Strony wykorzystuj\u0105ce technologi\u0119 Java oraz Flash Flash (o ile jest aktualny ) dzia\u0142a bez zarzutu. Z Java TM jest ma\u0142y problem. Minusem rozwi\u0105zania Java jest na dzie\u0144 dzisiejszy traktowanie wtyczek jako potencjalnie niebezpiecznych. Nale\u017cy zainstalowa\u0107 najnowsz\u0105 ze strony http:\/\/www.oracle.com\/technetwork\/java\/javase\/downloads\/jre8-downloads-2133155.html. Po restarcie komputera dzia\u0142a bez problem\u00f3w w Windowsie pod Internet Explorerem. Testowany Firefox i Opera si\u0119 &hellip; Czytaj dalej Komputerowe wspomaganie fizyki &rarr;\" \/>\n<meta property=\"og:url\" content=\"https:\/\/labfiz.uwb.edu.pl\/lab\/?page_id=274\" \/>\n<meta property=\"og:site_name\" content=\"LabFiz\" \/>\n<meta property=\"article:modified_time\" content=\"2017-06-13T11:28:28+00:00\" \/>\n<meta name=\"twitter:card\" content=\"summary_large_image\" \/>\n<meta name=\"twitter:label1\" content=\"Szacowany czas czytania\" \/>\n\t<meta name=\"twitter:data1\" content=\"4 minuty\" \/>\n<script type=\"application\/ld+json\" class=\"yoast-schema-graph\">{\"@context\":\"https:\\\/\\\/schema.org\",\"@graph\":[{\"@type\":\"WebPage\",\"@id\":\"https:\\\/\\\/labfiz.uwb.edu.pl\\\/lab\\\/?page_id=274\",\"url\":\"https:\\\/\\\/labfiz.uwb.edu.pl\\\/lab\\\/?page_id=274\",\"name\":\"Komputerowe wspomaganie fizyki - LabFiz\",\"isPartOf\":{\"@id\":\"https:\\\/\\\/labfiz.uwb.edu.pl\\\/lab\\\/#website\"},\"datePublished\":\"2016-03-01T07:40:23+00:00\",\"dateModified\":\"2017-06-13T11:28:28+00:00\",\"breadcrumb\":{\"@id\":\"https:\\\/\\\/labfiz.uwb.edu.pl\\\/lab\\\/?page_id=274#breadcrumb\"},\"inLanguage\":\"pl-PL\",\"potentialAction\":[{\"@type\":\"ReadAction\",\"target\":[\"https:\\\/\\\/labfiz.uwb.edu.pl\\\/lab\\\/?page_id=274\"]}]},{\"@type\":\"BreadcrumbList\",\"@id\":\"https:\\\/\\\/labfiz.uwb.edu.pl\\\/lab\\\/?page_id=274#breadcrumb\",\"itemListElement\":[{\"@type\":\"ListItem\",\"position\":1,\"name\":\"Strona g\u0142\u00f3wna\",\"item\":\"https:\\\/\\\/labfiz.uwb.edu.pl\\\/lab\\\/?lang=pl\"},{\"@type\":\"ListItem\",\"position\":2,\"name\":\"Regionalne Laboratorium Komputerowe do Nauczania Przedmiot\u00f3w Przyrodniczych\",\"item\":\"https:\\\/\\\/labfiz.uwb.edu.pl\\\/lab\\\/?lang=pl\"},{\"@type\":\"ListItem\",\"position\":3,\"name\":\"Komputerowe wspomaganie fizyki\"}]},{\"@type\":\"WebSite\",\"@id\":\"https:\\\/\\\/labfiz.uwb.edu.pl\\\/lab\\\/#website\",\"url\":\"https:\\\/\\\/labfiz.uwb.edu.pl\\\/lab\\\/\",\"name\":\"LabFiz\",\"description\":\"Strony Regionalnego Laboratorium Do Nauczania  Przedmiot\u00f3w Przyrodniczych\",\"publisher\":{\"@id\":\"https:\\\/\\\/labfiz.uwb.edu.pl\\\/lab\\\/#organization\"},\"potentialAction\":[{\"@type\":\"SearchAction\",\"target\":{\"@type\":\"EntryPoint\",\"urlTemplate\":\"https:\\\/\\\/labfiz.uwb.edu.pl\\\/lab\\\/?s={search_term_string}\"},\"query-input\":{\"@type\":\"PropertyValueSpecification\",\"valueRequired\":true,\"valueName\":\"search_term_string\"}}],\"inLanguage\":\"pl-PL\"},{\"@type\":\"Organization\",\"@id\":\"https:\\\/\\\/labfiz.uwb.edu.pl\\\/lab\\\/#organization\",\"name\":\"LabFiz\",\"url\":\"https:\\\/\\\/labfiz.uwb.edu.pl\\\/lab\\\/\",\"logo\":{\"@type\":\"ImageObject\",\"inLanguage\":\"pl-PL\",\"@id\":\"https:\\\/\\\/labfiz.uwb.edu.pl\\\/lab\\\/#\\\/schema\\\/logo\\\/image\\\/\",\"url\":\"http:\\\/\\\/labfiz.uwb.edu.pl\\\/lab\\\/wp-content\\\/uploads\\\/2015\\\/12\\\/logo_UwB_900.jpg\",\"contentUrl\":\"http:\\\/\\\/labfiz.uwb.edu.pl\\\/lab\\\/wp-content\\\/uploads\\\/2015\\\/12\\\/logo_UwB_900.jpg\",\"width\":900,\"height\":900,\"caption\":\"LabFiz\"},\"image\":{\"@id\":\"https:\\\/\\\/labfiz.uwb.edu.pl\\\/lab\\\/#\\\/schema\\\/logo\\\/image\\\/\"}}]}<\/script>\n<!-- \/ Yoast SEO plugin. -->","yoast_head_json":{"title":"Komputerowe wspomaganie fizyki - LabFiz","robots":{"index":"index","follow":"follow","max-snippet":"max-snippet:-1","max-image-preview":"max-image-preview:large","max-video-preview":"max-video-preview:-1"},"canonical":"https:\/\/labfiz.uwb.edu.pl\/lab\/?page_id=274","og_locale":"pl_PL","og_type":"article","og_title":"Komputerowe wspomaganie fizyki - LabFiz","og_description":"Strony wykorzystuj\u0105ce technologi\u0119 Java oraz Flash Flash (o ile jest aktualny ) dzia\u0142a bez zarzutu. Z Java TM jest ma\u0142y problem. Minusem rozwi\u0105zania Java jest na dzie\u0144 dzisiejszy traktowanie wtyczek jako potencjalnie niebezpiecznych. Nale\u017cy zainstalowa\u0107 najnowsz\u0105 ze strony http:\/\/www.oracle.com\/technetwork\/java\/javase\/downloads\/jre8-downloads-2133155.html. Po restarcie komputera dzia\u0142a bez problem\u00f3w w Windowsie pod Internet Explorerem. Testowany Firefox i Opera si\u0119 &hellip; Czytaj dalej Komputerowe wspomaganie fizyki &rarr;","og_url":"https:\/\/labfiz.uwb.edu.pl\/lab\/?page_id=274","og_site_name":"LabFiz","article_modified_time":"2017-06-13T11:28:28+00:00","twitter_card":"summary_large_image","twitter_misc":{"Szacowany czas czytania":"4 minuty"},"schema":{"@context":"https:\/\/schema.org","@graph":[{"@type":"WebPage","@id":"https:\/\/labfiz.uwb.edu.pl\/lab\/?page_id=274","url":"https:\/\/labfiz.uwb.edu.pl\/lab\/?page_id=274","name":"Komputerowe wspomaganie fizyki - LabFiz","isPartOf":{"@id":"https:\/\/labfiz.uwb.edu.pl\/lab\/#website"},"datePublished":"2016-03-01T07:40:23+00:00","dateModified":"2017-06-13T11:28:28+00:00","breadcrumb":{"@id":"https:\/\/labfiz.uwb.edu.pl\/lab\/?page_id=274#breadcrumb"},"inLanguage":"pl-PL","potentialAction":[{"@type":"ReadAction","target":["https:\/\/labfiz.uwb.edu.pl\/lab\/?page_id=274"]}]},{"@type":"BreadcrumbList","@id":"https:\/\/labfiz.uwb.edu.pl\/lab\/?page_id=274#breadcrumb","itemListElement":[{"@type":"ListItem","position":1,"name":"Strona g\u0142\u00f3wna","item":"https:\/\/labfiz.uwb.edu.pl\/lab\/?lang=pl"},{"@type":"ListItem","position":2,"name":"Regionalne Laboratorium Komputerowe do Nauczania Przedmiot\u00f3w Przyrodniczych","item":"https:\/\/labfiz.uwb.edu.pl\/lab\/?lang=pl"},{"@type":"ListItem","position":3,"name":"Komputerowe wspomaganie fizyki"}]},{"@type":"WebSite","@id":"https:\/\/labfiz.uwb.edu.pl\/lab\/#website","url":"https:\/\/labfiz.uwb.edu.pl\/lab\/","name":"LabFiz","description":"Strony Regionalnego Laboratorium Do Nauczania  Przedmiot\u00f3w Przyrodniczych","publisher":{"@id":"https:\/\/labfiz.uwb.edu.pl\/lab\/#organization"},"potentialAction":[{"@type":"SearchAction","target":{"@type":"EntryPoint","urlTemplate":"https:\/\/labfiz.uwb.edu.pl\/lab\/?s={search_term_string}"},"query-input":{"@type":"PropertyValueSpecification","valueRequired":true,"valueName":"search_term_string"}}],"inLanguage":"pl-PL"},{"@type":"Organization","@id":"https:\/\/labfiz.uwb.edu.pl\/lab\/#organization","name":"LabFiz","url":"https:\/\/labfiz.uwb.edu.pl\/lab\/","logo":{"@type":"ImageObject","inLanguage":"pl-PL","@id":"https:\/\/labfiz.uwb.edu.pl\/lab\/#\/schema\/logo\/image\/","url":"http:\/\/labfiz.uwb.edu.pl\/lab\/wp-content\/uploads\/2015\/12\/logo_UwB_900.jpg","contentUrl":"http:\/\/labfiz.uwb.edu.pl\/lab\/wp-content\/uploads\/2015\/12\/logo_UwB_900.jpg","width":900,"height":900,"caption":"LabFiz"},"image":{"@id":"https:\/\/labfiz.uwb.edu.pl\/lab\/#\/schema\/logo\/image\/"}}]}},"_links":{"self":[{"href":"https:\/\/labfiz.uwb.edu.pl\/lab\/index.php?rest_route=\/wp\/v2\/pages\/274","targetHints":{"allow":["GET"]}}],"collection":[{"href":"https:\/\/labfiz.uwb.edu.pl\/lab\/index.php?rest_route=\/wp\/v2\/pages"}],"about":[{"href":"https:\/\/labfiz.uwb.edu.pl\/lab\/index.php?rest_route=\/wp\/v2\/types\/page"}],"author":[{"embeddable":true,"href":"https:\/\/labfiz.uwb.edu.pl\/lab\/index.php?rest_route=\/wp\/v2\/users\/1"}],"replies":[{"embeddable":true,"href":"https:\/\/labfiz.uwb.edu.pl\/lab\/index.php?rest_route=%2Fwp%2Fv2%2Fcomments&post=274"}],"version-history":[{"count":30,"href":"https:\/\/labfiz.uwb.edu.pl\/lab\/index.php?rest_route=\/wp\/v2\/pages\/274\/revisions"}],"predecessor-version":[{"id":375,"href":"https:\/\/labfiz.uwb.edu.pl\/lab\/index.php?rest_route=\/wp\/v2\/pages\/274\/revisions\/375"}],"up":[{"embeddable":true,"href":"https:\/\/labfiz.uwb.edu.pl\/lab\/index.php?rest_route=\/wp\/v2\/pages\/27"}],"wp:attachment":[{"href":"https:\/\/labfiz.uwb.edu.pl\/lab\/index.php?rest_route=%2Fwp%2Fv2%2Fmedia&parent=274"}],"wp:term":[{"taxonomy":"category","embeddable":true,"href":"https:\/\/labfiz.uwb.edu.pl\/lab\/index.php?rest_route=%2Fwp%2Fv2%2Fcategories&post=274"},{"taxonomy":"post_tag","embeddable":true,"href":"https:\/\/labfiz.uwb.edu.pl\/lab\/index.php?rest_route=%2Fwp%2Fv2%2Ftags&post=274"}],"curies":[{"name":"wp","href":"https:\/\/api.w.org\/{rel}","templated":true}]}}