{"id":27,"date":"2015-12-02T22:38:31","date_gmt":"2015-12-02T22:38:31","guid":{"rendered":"http:\/\/labfiz.uwb.edu.pl\/lab\/?page_id=27"},"modified":"2015-12-02T22:38:31","modified_gmt":"2015-12-02T22:38:31","slug":"regionalne-laboratorium-komputerowe-do-nauczania-przedmiotow-przyrodniczych","status":"publish","type":"page","link":"https:\/\/labfiz.uwb.edu.pl\/lab\/?lang=pl","title":{"rendered":"Regionalne Laboratorium Komputerowe do Nauczania Przedmiot\u00f3w Przyrodniczych"},"content":{"rendered":"<p>Laboratorium zosta\u0142o zbudowane we wsp\u00f3\u0142pracy Uniwersytetu w Bia\u0142ymstoku z Oddzia\u0142em Bia\u0142ostockim Polskiego Towarzystwa Fizycznego. Celem Laboratorium jest nauczanie przedmiot\u00f3w przyrodniczych (g\u0142\u00f3wnie fizyki) z wykorzystaniem komputerowego wspomagania eksperymentu. Korzystaj\u0105 z niego studenci Uniwersytetu oraz nauczyciele i uczniowie podlaskich szk\u00f3\u0142. \u00a0Laboratorium s\u0142u\u017cy do kszta\u0142cenia : (i) student\u00f3w na r\u00f3\u017cnych latach studi\u00f3w oraz (ii) uczni\u00f3w i nauczycieli szk\u00f3\u0142 \u015brednich. W Laboratorium indywidualne eksperymenty czy \u00a0numeryczne symulacje mo\u017ce wykonywa\u0107 jednocze\u015bnie kilkana\u015bcie os\u00f3b.<\/p>\n<p>Laboratorium zosta\u0142o utworzone pod opiek\u0105 pracownik\u00f3w <a href=\"http:\/\/physics.uwb.edu.pl\/zfmag\/\">Zak\u0142adu Fizyki Magnetyk\u00f3w UwB<\/a>.<\/p>\n","protected":false},"excerpt":{"rendered":"<p>Laboratorium zosta\u0142o zbudowane we wsp\u00f3\u0142pracy Uniwersytetu w Bia\u0142ymstoku z Oddzia\u0142em Bia\u0142ostockim Polskiego Towarzystwa Fizycznego. Celem Laboratorium jest nauczanie przedmiot\u00f3w przyrodniczych (g\u0142\u00f3wnie fizyki) z wykorzystaniem komputerowego wspomagania eksperymentu. Korzystaj\u0105 z niego studenci Uniwersytetu oraz nauczyciele i uczniowie podlaskich szk\u00f3\u0142. \u00a0Laboratorium s\u0142u\u017cy do kszta\u0142cenia : (i) student\u00f3w na r\u00f3\u017cnych latach studi\u00f3w oraz (ii) uczni\u00f3w i nauczycieli szk\u00f3\u0142 &hellip; <a href=\"https:\/\/labfiz.uwb.edu.pl\/lab\/?lang=pl\" class=\"more-link\">Czytaj dalej <span class=\"screen-reader-text\">Regionalne Laboratorium Komputerowe do Nauczania Przedmiot\u00f3w Przyrodniczych<\/span> <span class=\"meta-nav\">&rarr;<\/span><\/a><\/p>\n","protected":false},"author":1,"featured_media":0,"parent":0,"menu_order":0,"comment_status":"closed","ping_status":"closed","template":"","meta":{"ngg_post_thumbnail":0,"footnotes":""},"categories":[],"tags":[],"class_list":["post-27","page","type-page","status-publish","hentry"],"yoast_head":"<!-- This site is optimized with the Yoast SEO plugin v27.4 - https:\/\/yoast.com\/product\/yoast-seo-wordpress\/ -->\n<title>Regionalne Laboratorium Komputerowe do Nauczania Przedmiot\u00f3w Przyrodniczych - LabFiz<\/title>\n<meta name=\"robots\" content=\"index, follow, max-snippet:-1, max-image-preview:large, max-video-preview:-1\" \/>\n<link rel=\"canonical\" href=\"https:\/\/labfiz.uwb.edu.pl\/lab\/?lang=pl\" \/>\n<meta property=\"og:locale\" content=\"pl_PL\" \/>\n<meta property=\"og:type\" content=\"article\" \/>\n<meta property=\"og:title\" content=\"Regionalne Laboratorium Komputerowe do Nauczania Przedmiot\u00f3w Przyrodniczych - LabFiz\" \/>\n<meta property=\"og:description\" content=\"Laboratorium zosta\u0142o zbudowane we wsp\u00f3\u0142pracy Uniwersytetu w Bia\u0142ymstoku z Oddzia\u0142em Bia\u0142ostockim Polskiego Towarzystwa Fizycznego. Celem Laboratorium jest nauczanie przedmiot\u00f3w przyrodniczych (g\u0142\u00f3wnie fizyki) z wykorzystaniem komputerowego wspomagania eksperymentu. Korzystaj\u0105 z niego studenci Uniwersytetu oraz nauczyciele i uczniowie podlaskich szk\u00f3\u0142. \u00a0Laboratorium s\u0142u\u017cy do kszta\u0142cenia : (i) student\u00f3w na r\u00f3\u017cnych latach studi\u00f3w oraz (ii) uczni\u00f3w i nauczycieli szk\u00f3\u0142 &hellip; Czytaj dalej Regionalne Laboratorium Komputerowe do Nauczania Przedmiot\u00f3w Przyrodniczych &rarr;\" \/>\n<meta property=\"og:url\" content=\"https:\/\/labfiz.uwb.edu.pl\/lab\/?lang=pl\" \/>\n<meta property=\"og:site_name\" content=\"LabFiz\" \/>\n<meta name=\"twitter:card\" content=\"summary_large_image\" \/>\n<script type=\"application\/ld+json\" class=\"yoast-schema-graph\">{\"@context\":\"https:\\\/\\\/schema.org\",\"@graph\":[{\"@type\":\"WebPage\",\"@id\":\"https:\\\/\\\/labfiz.uwb.edu.pl\\\/lab\\\/?lang=pl\",\"url\":\"https:\\\/\\\/labfiz.uwb.edu.pl\\\/lab\\\/?lang=pl\",\"name\":\"Regionalne Laboratorium Komputerowe do Nauczania Przedmiot\u00f3w Przyrodniczych - LabFiz\",\"isPartOf\":{\"@id\":\"https:\\\/\\\/labfiz.uwb.edu.pl\\\/lab\\\/#website\"},\"datePublished\":\"2015-12-02T22:38:31+00:00\",\"breadcrumb\":{\"@id\":\"https:\\\/\\\/labfiz.uwb.edu.pl\\\/lab\\\/?lang=pl#breadcrumb\"},\"inLanguage\":\"pl-PL\",\"potentialAction\":[{\"@type\":\"ReadAction\",\"target\":[\"https:\\\/\\\/labfiz.uwb.edu.pl\\\/lab\\\/?lang=pl\"]}]},{\"@type\":\"BreadcrumbList\",\"@id\":\"https:\\\/\\\/labfiz.uwb.edu.pl\\\/lab\\\/?lang=pl#breadcrumb\",\"itemListElement\":[{\"@type\":\"ListItem\",\"position\":1,\"name\":\"Strona g\u0142\u00f3wna\",\"item\":\"https:\\\/\\\/labfiz.uwb.edu.pl\\\/lab\\\/?lang=pl\"},{\"@type\":\"ListItem\",\"position\":2,\"name\":\"Regionalne Laboratorium Komputerowe do Nauczania Przedmiot\u00f3w Przyrodniczych\"}]},{\"@type\":\"WebSite\",\"@id\":\"https:\\\/\\\/labfiz.uwb.edu.pl\\\/lab\\\/#website\",\"url\":\"https:\\\/\\\/labfiz.uwb.edu.pl\\\/lab\\\/\",\"name\":\"LabFiz\",\"description\":\"Strony Regionalnego Laboratorium Do Nauczania  Przedmiot\u00f3w Przyrodniczych\",\"publisher\":{\"@id\":\"https:\\\/\\\/labfiz.uwb.edu.pl\\\/lab\\\/#organization\"},\"potentialAction\":[{\"@type\":\"SearchAction\",\"target\":{\"@type\":\"EntryPoint\",\"urlTemplate\":\"https:\\\/\\\/labfiz.uwb.edu.pl\\\/lab\\\/?s={search_term_string}\"},\"query-input\":{\"@type\":\"PropertyValueSpecification\",\"valueRequired\":true,\"valueName\":\"search_term_string\"}}],\"inLanguage\":\"pl-PL\"},{\"@type\":\"Organization\",\"@id\":\"https:\\\/\\\/labfiz.uwb.edu.pl\\\/lab\\\/#organization\",\"name\":\"LabFiz\",\"url\":\"https:\\\/\\\/labfiz.uwb.edu.pl\\\/lab\\\/\",\"logo\":{\"@type\":\"ImageObject\",\"inLanguage\":\"pl-PL\",\"@id\":\"https:\\\/\\\/labfiz.uwb.edu.pl\\\/lab\\\/#\\\/schema\\\/logo\\\/image\\\/\",\"url\":\"http:\\\/\\\/labfiz.uwb.edu.pl\\\/lab\\\/wp-content\\\/uploads\\\/2015\\\/12\\\/logo_UwB_900.jpg\",\"contentUrl\":\"http:\\\/\\\/labfiz.uwb.edu.pl\\\/lab\\\/wp-content\\\/uploads\\\/2015\\\/12\\\/logo_UwB_900.jpg\",\"width\":900,\"height\":900,\"caption\":\"LabFiz\"},\"image\":{\"@id\":\"https:\\\/\\\/labfiz.uwb.edu.pl\\\/lab\\\/#\\\/schema\\\/logo\\\/image\\\/\"}}]}<\/script>\n<!-- \/ Yoast SEO plugin. -->","yoast_head_json":{"title":"Regionalne Laboratorium Komputerowe do Nauczania Przedmiot\u00f3w Przyrodniczych - LabFiz","robots":{"index":"index","follow":"follow","max-snippet":"max-snippet:-1","max-image-preview":"max-image-preview:large","max-video-preview":"max-video-preview:-1"},"canonical":"https:\/\/labfiz.uwb.edu.pl\/lab\/?lang=pl","og_locale":"pl_PL","og_type":"article","og_title":"Regionalne Laboratorium Komputerowe do Nauczania Przedmiot\u00f3w Przyrodniczych - LabFiz","og_description":"Laboratorium zosta\u0142o zbudowane we wsp\u00f3\u0142pracy Uniwersytetu w Bia\u0142ymstoku z Oddzia\u0142em Bia\u0142ostockim Polskiego Towarzystwa Fizycznego. Celem Laboratorium jest nauczanie przedmiot\u00f3w przyrodniczych (g\u0142\u00f3wnie fizyki) z wykorzystaniem komputerowego wspomagania eksperymentu. Korzystaj\u0105 z niego studenci Uniwersytetu oraz nauczyciele i uczniowie podlaskich szk\u00f3\u0142. \u00a0Laboratorium s\u0142u\u017cy do kszta\u0142cenia : (i) student\u00f3w na r\u00f3\u017cnych latach studi\u00f3w oraz (ii) uczni\u00f3w i nauczycieli szk\u00f3\u0142 &hellip; Czytaj dalej Regionalne Laboratorium Komputerowe do Nauczania Przedmiot\u00f3w Przyrodniczych &rarr;","og_url":"https:\/\/labfiz.uwb.edu.pl\/lab\/?lang=pl","og_site_name":"LabFiz","twitter_card":"summary_large_image","schema":{"@context":"https:\/\/schema.org","@graph":[{"@type":"WebPage","@id":"https:\/\/labfiz.uwb.edu.pl\/lab\/?lang=pl","url":"https:\/\/labfiz.uwb.edu.pl\/lab\/?lang=pl","name":"Regionalne Laboratorium Komputerowe do Nauczania Przedmiot\u00f3w Przyrodniczych - LabFiz","isPartOf":{"@id":"https:\/\/labfiz.uwb.edu.pl\/lab\/#website"},"datePublished":"2015-12-02T22:38:31+00:00","breadcrumb":{"@id":"https:\/\/labfiz.uwb.edu.pl\/lab\/?lang=pl#breadcrumb"},"inLanguage":"pl-PL","potentialAction":[{"@type":"ReadAction","target":["https:\/\/labfiz.uwb.edu.pl\/lab\/?lang=pl"]}]},{"@type":"BreadcrumbList","@id":"https:\/\/labfiz.uwb.edu.pl\/lab\/?lang=pl#breadcrumb","itemListElement":[{"@type":"ListItem","position":1,"name":"Strona g\u0142\u00f3wna","item":"https:\/\/labfiz.uwb.edu.pl\/lab\/?lang=pl"},{"@type":"ListItem","position":2,"name":"Regionalne Laboratorium Komputerowe do Nauczania Przedmiot\u00f3w Przyrodniczych"}]},{"@type":"WebSite","@id":"https:\/\/labfiz.uwb.edu.pl\/lab\/#website","url":"https:\/\/labfiz.uwb.edu.pl\/lab\/","name":"LabFiz","description":"Strony Regionalnego Laboratorium Do Nauczania  Przedmiot\u00f3w Przyrodniczych","publisher":{"@id":"https:\/\/labfiz.uwb.edu.pl\/lab\/#organization"},"potentialAction":[{"@type":"SearchAction","target":{"@type":"EntryPoint","urlTemplate":"https:\/\/labfiz.uwb.edu.pl\/lab\/?s={search_term_string}"},"query-input":{"@type":"PropertyValueSpecification","valueRequired":true,"valueName":"search_term_string"}}],"inLanguage":"pl-PL"},{"@type":"Organization","@id":"https:\/\/labfiz.uwb.edu.pl\/lab\/#organization","name":"LabFiz","url":"https:\/\/labfiz.uwb.edu.pl\/lab\/","logo":{"@type":"ImageObject","inLanguage":"pl-PL","@id":"https:\/\/labfiz.uwb.edu.pl\/lab\/#\/schema\/logo\/image\/","url":"http:\/\/labfiz.uwb.edu.pl\/lab\/wp-content\/uploads\/2015\/12\/logo_UwB_900.jpg","contentUrl":"http:\/\/labfiz.uwb.edu.pl\/lab\/wp-content\/uploads\/2015\/12\/logo_UwB_900.jpg","width":900,"height":900,"caption":"LabFiz"},"image":{"@id":"https:\/\/labfiz.uwb.edu.pl\/lab\/#\/schema\/logo\/image\/"}}]}},"_links":{"self":[{"href":"https:\/\/labfiz.uwb.edu.pl\/lab\/index.php?rest_route=\/wp\/v2\/pages\/27","targetHints":{"allow":["GET"]}}],"collection":[{"href":"https:\/\/labfiz.uwb.edu.pl\/lab\/index.php?rest_route=\/wp\/v2\/pages"}],"about":[{"href":"https:\/\/labfiz.uwb.edu.pl\/lab\/index.php?rest_route=\/wp\/v2\/types\/page"}],"author":[{"embeddable":true,"href":"https:\/\/labfiz.uwb.edu.pl\/lab\/index.php?rest_route=\/wp\/v2\/users\/1"}],"replies":[{"embeddable":true,"href":"https:\/\/labfiz.uwb.edu.pl\/lab\/index.php?rest_route=%2Fwp%2Fv2%2Fcomments&post=27"}],"version-history":[{"count":1,"href":"https:\/\/labfiz.uwb.edu.pl\/lab\/index.php?rest_route=\/wp\/v2\/pages\/27\/revisions"}],"predecessor-version":[{"id":28,"href":"https:\/\/labfiz.uwb.edu.pl\/lab\/index.php?rest_route=\/wp\/v2\/pages\/27\/revisions\/28"}],"wp:attachment":[{"href":"https:\/\/labfiz.uwb.edu.pl\/lab\/index.php?rest_route=%2Fwp%2Fv2%2Fmedia&parent=27"}],"wp:term":[{"taxonomy":"category","embeddable":true,"href":"https:\/\/labfiz.uwb.edu.pl\/lab\/index.php?rest_route=%2Fwp%2Fv2%2Fcategories&post=27"},{"taxonomy":"post_tag","embeddable":true,"href":"https:\/\/labfiz.uwb.edu.pl\/lab\/index.php?rest_route=%2Fwp%2Fv2%2Ftags&post=27"}],"curies":[{"name":"wp","href":"https:\/\/api.w.org\/{rel}","templated":true}]}}