{"id":253,"date":"2015-12-08T23:48:18","date_gmt":"2015-12-08T23:48:18","guid":{"rendered":"http:\/\/labfiz.uwb.edu.pl\/lab\/?page_id=253"},"modified":"2015-12-09T00:00:34","modified_gmt":"2015-12-09T00:00:34","slug":"piknik-naukowy-polskiego-radia-i-centrum-nauki-kopernik-2015","status":"publish","type":"page","link":"https:\/\/labfiz.uwb.edu.pl\/lab\/?page_id=253","title":{"rendered":"Piknik Naukowy Polskiego Radia i Centrum Nauki Kopernik 2015"},"content":{"rendered":"<p>Laboratorium uczestniczy\u0142o w 19 -tej edycji <a href=\"http:\/\/www.pikniknaukowy.pl\/\">Pikniku Naukowego Polskiego Radia i Centrum Nauki Kopernik<\/a> kt\u00f3ry odby\u0142 si\u0119 9 maja 2015 r w Warszawie na Stadionie Narodowym. Tematem wiod\u0105cym by\u0142o \u201e\u015awiat\u0142o\u201d. Wydzia\u0142 Fizyki osobami Zak\u0142adu Fizyki Magnetyk\u00f3w (Ula Guzowska, Jan Kisielewski, Wojciech Dobrogowski) prezentowa\u0142 do\u015bwiadczenia z zakresu optyki.<\/p>\n<p><strong>\u201e\u015awiat\u0142o spolaryzowane w badaniu mikro-struktur magnetycznych\u201d.<br \/>\n<\/strong>Prezentacja wykorzystania mikroskopu optycznego oraz spolaryzowanego \u00a0\u015bwiat\u0142a \u00a0w obrazowaniu struktur magnetycznych. Wizualizacja informacji zapisanej na kartach magnetycznych. Obrazowanie z wykorzystaniem kamer CCD &#8211; wspomaganie obrazowania cyfrowym przetwarzaniem obrazu.<\/p>\n<p><strong>\u201eDyfrakcja \u015bwiat\u0142a na strukturach magnetycznych\u201d<br \/>\n<\/strong>Prezentacja ugi\u0119cia \u015bwiat\u0142a na r\u00f3\u017cnego rodzaju obiektach: szczelinach jedno i dwuwymiarowych, gazie. Sterowana polem magnetycznym siatka dyfrakcyjna &#8211; labiryntowa \u00a0struktura\u00a0domenowa. Hologramy.<\/p>\n<p>&nbsp;<\/p>\n<p>&nbsp;<\/p>\n","protected":false},"excerpt":{"rendered":"<p>Laboratorium uczestniczy\u0142o w 19 -tej edycji Pikniku Naukowego Polskiego Radia i Centrum Nauki Kopernik kt\u00f3ry odby\u0142 si\u0119 9 maja 2015 r w Warszawie na Stadionie Narodowym. Tematem wiod\u0105cym by\u0142o \u201e\u015awiat\u0142o\u201d. Wydzia\u0142 Fizyki osobami Zak\u0142adu Fizyki Magnetyk\u00f3w (Ula Guzowska, Jan Kisielewski, Wojciech Dobrogowski) prezentowa\u0142 do\u015bwiadczenia z zakresu optyki. \u201e\u015awiat\u0142o spolaryzowane w badaniu mikro-struktur magnetycznych\u201d. Prezentacja wykorzystania &hellip; <a href=\"https:\/\/labfiz.uwb.edu.pl\/lab\/?page_id=253\" class=\"more-link\">Czytaj dalej <span class=\"screen-reader-text\">Piknik Naukowy Polskiego Radia i Centrum Nauki Kopernik 2015<\/span> <span class=\"meta-nav\">&rarr;<\/span><\/a><\/p>\n","protected":false},"author":1,"featured_media":254,"parent":246,"menu_order":30,"comment_status":"closed","ping_status":"closed","template":"","meta":{"ngg_post_thumbnail":0,"footnotes":""},"categories":[13],"tags":[],"class_list":["post-253","page","type-page","status-publish","has-post-thumbnail","hentry","category-wydarzenia"],"yoast_head":"<!-- This site is optimized with the Yoast SEO plugin v27.4 - https:\/\/yoast.com\/product\/yoast-seo-wordpress\/ -->\n<title>Piknik Naukowy Polskiego Radia i Centrum Nauki Kopernik 2015 - LabFiz<\/title>\n<meta name=\"robots\" content=\"index, follow, max-snippet:-1, max-image-preview:large, max-video-preview:-1\" \/>\n<link rel=\"canonical\" href=\"https:\/\/labfiz.uwb.edu.pl\/lab\/?page_id=253\" \/>\n<meta property=\"og:locale\" content=\"pl_PL\" \/>\n<meta property=\"og:type\" content=\"article\" \/>\n<meta property=\"og:title\" content=\"Piknik Naukowy Polskiego Radia i Centrum Nauki Kopernik 2015 - LabFiz\" \/>\n<meta property=\"og:description\" content=\"Laboratorium uczestniczy\u0142o w 19 -tej edycji Pikniku Naukowego Polskiego Radia i Centrum Nauki Kopernik kt\u00f3ry odby\u0142 si\u0119 9 maja 2015 r w Warszawie na Stadionie Narodowym. Tematem wiod\u0105cym by\u0142o \u201e\u015awiat\u0142o\u201d. Wydzia\u0142 Fizyki osobami Zak\u0142adu Fizyki Magnetyk\u00f3w (Ula Guzowska, Jan Kisielewski, Wojciech Dobrogowski) prezentowa\u0142 do\u015bwiadczenia z zakresu optyki. \u201e\u015awiat\u0142o spolaryzowane w badaniu mikro-struktur magnetycznych\u201d. Prezentacja wykorzystania &hellip; Czytaj dalej Piknik Naukowy Polskiego Radia i Centrum Nauki Kopernik 2015 &rarr;\" \/>\n<meta property=\"og:url\" content=\"https:\/\/labfiz.uwb.edu.pl\/lab\/?page_id=253\" \/>\n<meta property=\"og:site_name\" content=\"LabFiz\" \/>\n<meta property=\"article:modified_time\" content=\"2015-12-09T00:00:34+00:00\" \/>\n<meta property=\"og:image\" content=\"https:\/\/labfiz.uwb.edu.pl\/lab\/wp-content\/uploads\/2015\/12\/screenshot.118.jpeg\" \/>\n\t<meta property=\"og:image:width\" content=\"207\" \/>\n\t<meta property=\"og:image:height\" content=\"235\" \/>\n\t<meta property=\"og:image:type\" content=\"image\/jpeg\" \/>\n<meta name=\"twitter:card\" content=\"summary_large_image\" \/>\n<meta name=\"twitter:label1\" content=\"Szacowany czas czytania\" \/>\n\t<meta name=\"twitter:data1\" content=\"1 minuta\" \/>\n<script type=\"application\/ld+json\" class=\"yoast-schema-graph\">{\"@context\":\"https:\\\/\\\/schema.org\",\"@graph\":[{\"@type\":\"WebPage\",\"@id\":\"https:\\\/\\\/labfiz.uwb.edu.pl\\\/lab\\\/?page_id=253\",\"url\":\"https:\\\/\\\/labfiz.uwb.edu.pl\\\/lab\\\/?page_id=253\",\"name\":\"Piknik Naukowy Polskiego Radia i Centrum Nauki Kopernik 2015 - LabFiz\",\"isPartOf\":{\"@id\":\"https:\\\/\\\/labfiz.uwb.edu.pl\\\/lab\\\/#website\"},\"primaryImageOfPage\":{\"@id\":\"https:\\\/\\\/labfiz.uwb.edu.pl\\\/lab\\\/?page_id=253#primaryimage\"},\"image\":{\"@id\":\"https:\\\/\\\/labfiz.uwb.edu.pl\\\/lab\\\/?page_id=253#primaryimage\"},\"thumbnailUrl\":\"https:\\\/\\\/labfiz.uwb.edu.pl\\\/lab\\\/wp-content\\\/uploads\\\/2015\\\/12\\\/screenshot.118.jpeg\",\"datePublished\":\"2015-12-08T23:48:18+00:00\",\"dateModified\":\"2015-12-09T00:00:34+00:00\",\"breadcrumb\":{\"@id\":\"https:\\\/\\\/labfiz.uwb.edu.pl\\\/lab\\\/?page_id=253#breadcrumb\"},\"inLanguage\":\"pl-PL\",\"potentialAction\":[{\"@type\":\"ReadAction\",\"target\":[\"https:\\\/\\\/labfiz.uwb.edu.pl\\\/lab\\\/?page_id=253\"]}]},{\"@type\":\"ImageObject\",\"inLanguage\":\"pl-PL\",\"@id\":\"https:\\\/\\\/labfiz.uwb.edu.pl\\\/lab\\\/?page_id=253#primaryimage\",\"url\":\"https:\\\/\\\/labfiz.uwb.edu.pl\\\/lab\\\/wp-content\\\/uploads\\\/2015\\\/12\\\/screenshot.118.jpeg\",\"contentUrl\":\"https:\\\/\\\/labfiz.uwb.edu.pl\\\/lab\\\/wp-content\\\/uploads\\\/2015\\\/12\\\/screenshot.118.jpeg\",\"width\":207,\"height\":235},{\"@type\":\"BreadcrumbList\",\"@id\":\"https:\\\/\\\/labfiz.uwb.edu.pl\\\/lab\\\/?page_id=253#breadcrumb\",\"itemListElement\":[{\"@type\":\"ListItem\",\"position\":1,\"name\":\"Strona g\u0142\u00f3wna\",\"item\":\"https:\\\/\\\/labfiz.uwb.edu.pl\\\/lab\\\/?lang=pl\"},{\"@type\":\"ListItem\",\"position\":2,\"name\":\"Wydarzenia\",\"item\":\"https:\\\/\\\/labfiz.uwb.edu.pl\\\/lab\\\/?page_id=246\"},{\"@type\":\"ListItem\",\"position\":3,\"name\":\"Piknik Naukowy Polskiego Radia i Centrum Nauki Kopernik 2015\"}]},{\"@type\":\"WebSite\",\"@id\":\"https:\\\/\\\/labfiz.uwb.edu.pl\\\/lab\\\/#website\",\"url\":\"https:\\\/\\\/labfiz.uwb.edu.pl\\\/lab\\\/\",\"name\":\"LabFiz\",\"description\":\"Strony Regionalnego Laboratorium Do Nauczania  Przedmiot\u00f3w Przyrodniczych\",\"publisher\":{\"@id\":\"https:\\\/\\\/labfiz.uwb.edu.pl\\\/lab\\\/#organization\"},\"potentialAction\":[{\"@type\":\"SearchAction\",\"target\":{\"@type\":\"EntryPoint\",\"urlTemplate\":\"https:\\\/\\\/labfiz.uwb.edu.pl\\\/lab\\\/?s={search_term_string}\"},\"query-input\":{\"@type\":\"PropertyValueSpecification\",\"valueRequired\":true,\"valueName\":\"search_term_string\"}}],\"inLanguage\":\"pl-PL\"},{\"@type\":\"Organization\",\"@id\":\"https:\\\/\\\/labfiz.uwb.edu.pl\\\/lab\\\/#organization\",\"name\":\"LabFiz\",\"url\":\"https:\\\/\\\/labfiz.uwb.edu.pl\\\/lab\\\/\",\"logo\":{\"@type\":\"ImageObject\",\"inLanguage\":\"pl-PL\",\"@id\":\"https:\\\/\\\/labfiz.uwb.edu.pl\\\/lab\\\/#\\\/schema\\\/logo\\\/image\\\/\",\"url\":\"http:\\\/\\\/labfiz.uwb.edu.pl\\\/lab\\\/wp-content\\\/uploads\\\/2015\\\/12\\\/logo_UwB_900.jpg\",\"contentUrl\":\"http:\\\/\\\/labfiz.uwb.edu.pl\\\/lab\\\/wp-content\\\/uploads\\\/2015\\\/12\\\/logo_UwB_900.jpg\",\"width\":900,\"height\":900,\"caption\":\"LabFiz\"},\"image\":{\"@id\":\"https:\\\/\\\/labfiz.uwb.edu.pl\\\/lab\\\/#\\\/schema\\\/logo\\\/image\\\/\"}}]}<\/script>\n<!-- \/ Yoast SEO plugin. -->","yoast_head_json":{"title":"Piknik Naukowy Polskiego Radia i Centrum Nauki Kopernik 2015 - LabFiz","robots":{"index":"index","follow":"follow","max-snippet":"max-snippet:-1","max-image-preview":"max-image-preview:large","max-video-preview":"max-video-preview:-1"},"canonical":"https:\/\/labfiz.uwb.edu.pl\/lab\/?page_id=253","og_locale":"pl_PL","og_type":"article","og_title":"Piknik Naukowy Polskiego Radia i Centrum Nauki Kopernik 2015 - LabFiz","og_description":"Laboratorium uczestniczy\u0142o w 19 -tej edycji Pikniku Naukowego Polskiego Radia i Centrum Nauki Kopernik kt\u00f3ry odby\u0142 si\u0119 9 maja 2015 r w Warszawie na Stadionie Narodowym. Tematem wiod\u0105cym by\u0142o \u201e\u015awiat\u0142o\u201d. Wydzia\u0142 Fizyki osobami Zak\u0142adu Fizyki Magnetyk\u00f3w (Ula Guzowska, Jan Kisielewski, Wojciech Dobrogowski) prezentowa\u0142 do\u015bwiadczenia z zakresu optyki. \u201e\u015awiat\u0142o spolaryzowane w badaniu mikro-struktur magnetycznych\u201d. Prezentacja wykorzystania &hellip; Czytaj dalej Piknik Naukowy Polskiego Radia i Centrum Nauki Kopernik 2015 &rarr;","og_url":"https:\/\/labfiz.uwb.edu.pl\/lab\/?page_id=253","og_site_name":"LabFiz","article_modified_time":"2015-12-09T00:00:34+00:00","og_image":[{"width":207,"height":235,"url":"https:\/\/labfiz.uwb.edu.pl\/lab\/wp-content\/uploads\/2015\/12\/screenshot.118.jpeg","type":"image\/jpeg"}],"twitter_card":"summary_large_image","twitter_misc":{"Szacowany czas czytania":"1 minuta"},"schema":{"@context":"https:\/\/schema.org","@graph":[{"@type":"WebPage","@id":"https:\/\/labfiz.uwb.edu.pl\/lab\/?page_id=253","url":"https:\/\/labfiz.uwb.edu.pl\/lab\/?page_id=253","name":"Piknik Naukowy Polskiego Radia i Centrum Nauki Kopernik 2015 - LabFiz","isPartOf":{"@id":"https:\/\/labfiz.uwb.edu.pl\/lab\/#website"},"primaryImageOfPage":{"@id":"https:\/\/labfiz.uwb.edu.pl\/lab\/?page_id=253#primaryimage"},"image":{"@id":"https:\/\/labfiz.uwb.edu.pl\/lab\/?page_id=253#primaryimage"},"thumbnailUrl":"https:\/\/labfiz.uwb.edu.pl\/lab\/wp-content\/uploads\/2015\/12\/screenshot.118.jpeg","datePublished":"2015-12-08T23:48:18+00:00","dateModified":"2015-12-09T00:00:34+00:00","breadcrumb":{"@id":"https:\/\/labfiz.uwb.edu.pl\/lab\/?page_id=253#breadcrumb"},"inLanguage":"pl-PL","potentialAction":[{"@type":"ReadAction","target":["https:\/\/labfiz.uwb.edu.pl\/lab\/?page_id=253"]}]},{"@type":"ImageObject","inLanguage":"pl-PL","@id":"https:\/\/labfiz.uwb.edu.pl\/lab\/?page_id=253#primaryimage","url":"https:\/\/labfiz.uwb.edu.pl\/lab\/wp-content\/uploads\/2015\/12\/screenshot.118.jpeg","contentUrl":"https:\/\/labfiz.uwb.edu.pl\/lab\/wp-content\/uploads\/2015\/12\/screenshot.118.jpeg","width":207,"height":235},{"@type":"BreadcrumbList","@id":"https:\/\/labfiz.uwb.edu.pl\/lab\/?page_id=253#breadcrumb","itemListElement":[{"@type":"ListItem","position":1,"name":"Strona g\u0142\u00f3wna","item":"https:\/\/labfiz.uwb.edu.pl\/lab\/?lang=pl"},{"@type":"ListItem","position":2,"name":"Wydarzenia","item":"https:\/\/labfiz.uwb.edu.pl\/lab\/?page_id=246"},{"@type":"ListItem","position":3,"name":"Piknik Naukowy Polskiego Radia i Centrum Nauki Kopernik 2015"}]},{"@type":"WebSite","@id":"https:\/\/labfiz.uwb.edu.pl\/lab\/#website","url":"https:\/\/labfiz.uwb.edu.pl\/lab\/","name":"LabFiz","description":"Strony Regionalnego Laboratorium Do Nauczania  Przedmiot\u00f3w Przyrodniczych","publisher":{"@id":"https:\/\/labfiz.uwb.edu.pl\/lab\/#organization"},"potentialAction":[{"@type":"SearchAction","target":{"@type":"EntryPoint","urlTemplate":"https:\/\/labfiz.uwb.edu.pl\/lab\/?s={search_term_string}"},"query-input":{"@type":"PropertyValueSpecification","valueRequired":true,"valueName":"search_term_string"}}],"inLanguage":"pl-PL"},{"@type":"Organization","@id":"https:\/\/labfiz.uwb.edu.pl\/lab\/#organization","name":"LabFiz","url":"https:\/\/labfiz.uwb.edu.pl\/lab\/","logo":{"@type":"ImageObject","inLanguage":"pl-PL","@id":"https:\/\/labfiz.uwb.edu.pl\/lab\/#\/schema\/logo\/image\/","url":"http:\/\/labfiz.uwb.edu.pl\/lab\/wp-content\/uploads\/2015\/12\/logo_UwB_900.jpg","contentUrl":"http:\/\/labfiz.uwb.edu.pl\/lab\/wp-content\/uploads\/2015\/12\/logo_UwB_900.jpg","width":900,"height":900,"caption":"LabFiz"},"image":{"@id":"https:\/\/labfiz.uwb.edu.pl\/lab\/#\/schema\/logo\/image\/"}}]}},"_links":{"self":[{"href":"https:\/\/labfiz.uwb.edu.pl\/lab\/index.php?rest_route=\/wp\/v2\/pages\/253","targetHints":{"allow":["GET"]}}],"collection":[{"href":"https:\/\/labfiz.uwb.edu.pl\/lab\/index.php?rest_route=\/wp\/v2\/pages"}],"about":[{"href":"https:\/\/labfiz.uwb.edu.pl\/lab\/index.php?rest_route=\/wp\/v2\/types\/page"}],"author":[{"embeddable":true,"href":"https:\/\/labfiz.uwb.edu.pl\/lab\/index.php?rest_route=\/wp\/v2\/users\/1"}],"replies":[{"embeddable":true,"href":"https:\/\/labfiz.uwb.edu.pl\/lab\/index.php?rest_route=%2Fwp%2Fv2%2Fcomments&post=253"}],"version-history":[{"count":3,"href":"https:\/\/labfiz.uwb.edu.pl\/lab\/index.php?rest_route=\/wp\/v2\/pages\/253\/revisions"}],"predecessor-version":[{"id":258,"href":"https:\/\/labfiz.uwb.edu.pl\/lab\/index.php?rest_route=\/wp\/v2\/pages\/253\/revisions\/258"}],"up":[{"embeddable":true,"href":"https:\/\/labfiz.uwb.edu.pl\/lab\/index.php?rest_route=\/wp\/v2\/pages\/246"}],"wp:featuredmedia":[{"embeddable":true,"href":"https:\/\/labfiz.uwb.edu.pl\/lab\/index.php?rest_route=\/wp\/v2\/media\/254"}],"wp:attachment":[{"href":"https:\/\/labfiz.uwb.edu.pl\/lab\/index.php?rest_route=%2Fwp%2Fv2%2Fmedia&parent=253"}],"wp:term":[{"taxonomy":"category","embeddable":true,"href":"https:\/\/labfiz.uwb.edu.pl\/lab\/index.php?rest_route=%2Fwp%2Fv2%2Fcategories&post=253"},{"taxonomy":"post_tag","embeddable":true,"href":"https:\/\/labfiz.uwb.edu.pl\/lab\/index.php?rest_route=%2Fwp%2Fv2%2Ftags&post=253"}],"curies":[{"name":"wp","href":"https:\/\/api.w.org\/{rel}","templated":true}]}}