{"id":246,"date":"2015-12-08T22:42:09","date_gmt":"2015-12-08T22:42:09","guid":{"rendered":"http:\/\/labfiz.uwb.edu.pl\/lab\/?page_id=246"},"modified":"2015-12-09T00:09:23","modified_gmt":"2015-12-09T00:09:23","slug":"wydarzenia","status":"publish","type":"page","link":"https:\/\/labfiz.uwb.edu.pl\/lab\/?page_id=246","title":{"rendered":"Wydarzenia"},"content":{"rendered":"<p><strong>\n<!-- Page-list plugin v.5.9 wordpress.org\/plugins\/page-list\/ -->\n<div class=\"page-list page-list-ext \">\n<div class=\"page-list-ext-item\"><div class=\"page-list-ext-image\"><a href=\"https:\/\/labfiz.uwb.edu.pl\/lab\/?page_id=242\" title=\"Talenty XXI wieku w pracowni Labfiz\"><img decoding=\"async\" src=\"https:\/\/labfiz.uwb.edu.pl\/lab\/wp-content\/uploads\/2015\/12\/a6662f_4c0bcf24022d11740d021eb669233f96.png\" width=\"150\" alt=\"Talenty XXI wieku w pracowni Labfiz\" \/><\/a><\/div> <h3 class=\"page-list-ext-title\"><a href=\"https:\/\/labfiz.uwb.edu.pl\/lab\/?page_id=242\" title=\"Talenty XXI wieku w pracowni Labfiz\">Talenty XXI wieku w pracowni Labfiz<\/a><\/h3><div class=\"page-list-ext-item-content\">Edycja 2016 \r\n \r\nEdycja 2015 \r\nW roku 2015 Laboratorium bra\u0142o udzia\u0142 w realizacji zaj\u0119\u0107 w II edycji projektu Bia\u0142ostockie Talenty XXI wieku . \u00a0W pracowni odbywa\u0142y si\u0119 spotkania o charakterze warsztat\u00f3w do\u015bwiadczalnych \u00a0dla uczni\u00f3w bia\u0142ostockich szk\u00f3\u0142 gimnaz...<\/div><\/div>\n<div class=\"page-list-ext-item\"><div class=\"page-list-ext-image\"><a href=\"https:\/\/labfiz.uwb.edu.pl\/lab\/?page_id=175\" title=\"XIII Podlaski Festiwal Nauki i Sztuki w  pracowni LabFiz\"><img decoding=\"async\" src=\"https:\/\/labfiz.uwb.edu.pl\/lab\/wp-content\/uploads\/ngg_featured\/screenshot.23-3-150x150.jpg\" width=\"150\" alt=\"XIII Podlaski Festiwal Nauki i Sztuki w  pracowni LabFiz\" \/><\/a><\/div> <h3 class=\"page-list-ext-title\"><a href=\"https:\/\/labfiz.uwb.edu.pl\/lab\/?page_id=175\" title=\"XIII Podlaski Festiwal Nauki i Sztuki w  pracowni LabFiz\">XIII Podlaski Festiwal Nauki i Sztuki w  pracowni LabFiz<\/a><\/h3><div class=\"page-list-ext-item-content\">W ramach XIII Podlaski Festiwal Nauki i Sztuki w\u00a0 pracowni LabFiz dnia 21.05.2015 odby\u0142y si\u0119 cykliczne prezentacje pt : \"Komputerowo wspomagane dydaktyczne eksperymenty fizyczne\". By\u0142y to spotkania w formie trwaj\u0105cych\u00a0 45 minut\u00a0 zaj\u0119\u0107 pokazowo -warszta...<\/div><\/div>\n<div class=\"page-list-ext-item\"><div class=\"page-list-ext-image\"><a href=\"https:\/\/labfiz.uwb.edu.pl\/lab\/?page_id=253\" title=\"Piknik Naukowy Polskiego Radia i Centrum Nauki Kopernik 2015\"><img decoding=\"async\" src=\"https:\/\/labfiz.uwb.edu.pl\/lab\/wp-content\/uploads\/2015\/12\/screenshot.118-150x150.jpeg\" width=\"150\" alt=\"Piknik Naukowy Polskiego Radia i Centrum Nauki Kopernik 2015\" \/><\/a><\/div> <h3 class=\"page-list-ext-title\"><a href=\"https:\/\/labfiz.uwb.edu.pl\/lab\/?page_id=253\" title=\"Piknik Naukowy Polskiego Radia i Centrum Nauki Kopernik 2015\">Piknik Naukowy Polskiego Radia i Centrum Nauki Kopernik 2015<\/a><\/h3><div class=\"page-list-ext-item-content\">Laboratorium uczestniczy\u0142o w 19 -tej edycji Pikniku Naukowego Polskiego Radia i Centrum Nauki Kopernik  kt\u00f3ry odby\u0142 si\u0119 9 maja 2015 r w Warszawie na Stadionie Narodowym. Tematem wiod\u0105cym by\u0142o \u201e\u015awiat\u0142o\u201d. Wydzia\u0142 Fizyki osobami Zak\u0142adu Fizyki Magnetyk\u00f3w (U...<\/div><\/div>\n\n<\/div><\/strong><\/p>\n","protected":false},"excerpt":{"rendered":"","protected":false},"author":1,"featured_media":0,"parent":0,"menu_order":0,"comment_status":"closed","ping_status":"closed","template":"","meta":{"ngg_post_thumbnail":0,"footnotes":""},"categories":[15],"tags":[],"class_list":["post-246","page","type-page","status-publish","hentry","category-laboratorium"],"yoast_head":"<!-- This site is optimized with the Yoast SEO plugin v27.5 - https:\/\/yoast.com\/product\/yoast-seo-wordpress\/ -->\n<title>Wydarzenia - LabFiz<\/title>\n<meta name=\"robots\" content=\"index, follow, max-snippet:-1, max-image-preview:large, max-video-preview:-1\" \/>\n<link rel=\"canonical\" href=\"https:\/\/labfiz.uwb.edu.pl\/lab\/?page_id=246\" \/>\n<meta property=\"og:locale\" content=\"pl_PL\" \/>\n<meta property=\"og:type\" content=\"article\" \/>\n<meta property=\"og:title\" content=\"Wydarzenia - LabFiz\" \/>\n<meta property=\"og:url\" content=\"https:\/\/labfiz.uwb.edu.pl\/lab\/?page_id=246\" \/>\n<meta property=\"og:site_name\" content=\"LabFiz\" \/>\n<meta property=\"article:modified_time\" content=\"2015-12-09T00:09:23+00:00\" \/>\n<meta name=\"twitter:card\" content=\"summary_large_image\" \/>\n<script type=\"application\/ld+json\" class=\"yoast-schema-graph\">{\"@context\":\"https:\\\/\\\/schema.org\",\"@graph\":[{\"@type\":\"WebPage\",\"@id\":\"https:\\\/\\\/labfiz.uwb.edu.pl\\\/lab\\\/?page_id=246\",\"url\":\"https:\\\/\\\/labfiz.uwb.edu.pl\\\/lab\\\/?page_id=246\",\"name\":\"Wydarzenia - LabFiz\",\"isPartOf\":{\"@id\":\"https:\\\/\\\/labfiz.uwb.edu.pl\\\/lab\\\/#website\"},\"datePublished\":\"2015-12-08T22:42:09+00:00\",\"dateModified\":\"2015-12-09T00:09:23+00:00\",\"breadcrumb\":{\"@id\":\"https:\\\/\\\/labfiz.uwb.edu.pl\\\/lab\\\/?page_id=246#breadcrumb\"},\"inLanguage\":\"pl-PL\",\"potentialAction\":[{\"@type\":\"ReadAction\",\"target\":[\"https:\\\/\\\/labfiz.uwb.edu.pl\\\/lab\\\/?page_id=246\"]}]},{\"@type\":\"BreadcrumbList\",\"@id\":\"https:\\\/\\\/labfiz.uwb.edu.pl\\\/lab\\\/?page_id=246#breadcrumb\",\"itemListElement\":[{\"@type\":\"ListItem\",\"position\":1,\"name\":\"Strona g\u0142\u00f3wna\",\"item\":\"https:\\\/\\\/labfiz.uwb.edu.pl\\\/lab\\\/?lang=pl\"},{\"@type\":\"ListItem\",\"position\":2,\"name\":\"Wydarzenia\"}]},{\"@type\":\"WebSite\",\"@id\":\"https:\\\/\\\/labfiz.uwb.edu.pl\\\/lab\\\/#website\",\"url\":\"https:\\\/\\\/labfiz.uwb.edu.pl\\\/lab\\\/\",\"name\":\"LabFiz\",\"description\":\"Strony Regionalnego Laboratorium Do Nauczania  Przedmiot\u00f3w Przyrodniczych\",\"publisher\":{\"@id\":\"https:\\\/\\\/labfiz.uwb.edu.pl\\\/lab\\\/#organization\"},\"potentialAction\":[{\"@type\":\"SearchAction\",\"target\":{\"@type\":\"EntryPoint\",\"urlTemplate\":\"https:\\\/\\\/labfiz.uwb.edu.pl\\\/lab\\\/?s={search_term_string}\"},\"query-input\":{\"@type\":\"PropertyValueSpecification\",\"valueRequired\":true,\"valueName\":\"search_term_string\"}}],\"inLanguage\":\"pl-PL\"},{\"@type\":\"Organization\",\"@id\":\"https:\\\/\\\/labfiz.uwb.edu.pl\\\/lab\\\/#organization\",\"name\":\"LabFiz\",\"url\":\"https:\\\/\\\/labfiz.uwb.edu.pl\\\/lab\\\/\",\"logo\":{\"@type\":\"ImageObject\",\"inLanguage\":\"pl-PL\",\"@id\":\"https:\\\/\\\/labfiz.uwb.edu.pl\\\/lab\\\/#\\\/schema\\\/logo\\\/image\\\/\",\"url\":\"http:\\\/\\\/labfiz.uwb.edu.pl\\\/lab\\\/wp-content\\\/uploads\\\/2015\\\/12\\\/logo_UwB_900.jpg\",\"contentUrl\":\"http:\\\/\\\/labfiz.uwb.edu.pl\\\/lab\\\/wp-content\\\/uploads\\\/2015\\\/12\\\/logo_UwB_900.jpg\",\"width\":900,\"height\":900,\"caption\":\"LabFiz\"},\"image\":{\"@id\":\"https:\\\/\\\/labfiz.uwb.edu.pl\\\/lab\\\/#\\\/schema\\\/logo\\\/image\\\/\"}}]}<\/script>\n<!-- \/ Yoast SEO plugin. -->","yoast_head_json":{"title":"Wydarzenia - LabFiz","robots":{"index":"index","follow":"follow","max-snippet":"max-snippet:-1","max-image-preview":"max-image-preview:large","max-video-preview":"max-video-preview:-1"},"canonical":"https:\/\/labfiz.uwb.edu.pl\/lab\/?page_id=246","og_locale":"pl_PL","og_type":"article","og_title":"Wydarzenia - LabFiz","og_url":"https:\/\/labfiz.uwb.edu.pl\/lab\/?page_id=246","og_site_name":"LabFiz","article_modified_time":"2015-12-09T00:09:23+00:00","twitter_card":"summary_large_image","schema":{"@context":"https:\/\/schema.org","@graph":[{"@type":"WebPage","@id":"https:\/\/labfiz.uwb.edu.pl\/lab\/?page_id=246","url":"https:\/\/labfiz.uwb.edu.pl\/lab\/?page_id=246","name":"Wydarzenia - LabFiz","isPartOf":{"@id":"https:\/\/labfiz.uwb.edu.pl\/lab\/#website"},"datePublished":"2015-12-08T22:42:09+00:00","dateModified":"2015-12-09T00:09:23+00:00","breadcrumb":{"@id":"https:\/\/labfiz.uwb.edu.pl\/lab\/?page_id=246#breadcrumb"},"inLanguage":"pl-PL","potentialAction":[{"@type":"ReadAction","target":["https:\/\/labfiz.uwb.edu.pl\/lab\/?page_id=246"]}]},{"@type":"BreadcrumbList","@id":"https:\/\/labfiz.uwb.edu.pl\/lab\/?page_id=246#breadcrumb","itemListElement":[{"@type":"ListItem","position":1,"name":"Strona g\u0142\u00f3wna","item":"https:\/\/labfiz.uwb.edu.pl\/lab\/?lang=pl"},{"@type":"ListItem","position":2,"name":"Wydarzenia"}]},{"@type":"WebSite","@id":"https:\/\/labfiz.uwb.edu.pl\/lab\/#website","url":"https:\/\/labfiz.uwb.edu.pl\/lab\/","name":"LabFiz","description":"Strony Regionalnego Laboratorium Do Nauczania  Przedmiot\u00f3w Przyrodniczych","publisher":{"@id":"https:\/\/labfiz.uwb.edu.pl\/lab\/#organization"},"potentialAction":[{"@type":"SearchAction","target":{"@type":"EntryPoint","urlTemplate":"https:\/\/labfiz.uwb.edu.pl\/lab\/?s={search_term_string}"},"query-input":{"@type":"PropertyValueSpecification","valueRequired":true,"valueName":"search_term_string"}}],"inLanguage":"pl-PL"},{"@type":"Organization","@id":"https:\/\/labfiz.uwb.edu.pl\/lab\/#organization","name":"LabFiz","url":"https:\/\/labfiz.uwb.edu.pl\/lab\/","logo":{"@type":"ImageObject","inLanguage":"pl-PL","@id":"https:\/\/labfiz.uwb.edu.pl\/lab\/#\/schema\/logo\/image\/","url":"http:\/\/labfiz.uwb.edu.pl\/lab\/wp-content\/uploads\/2015\/12\/logo_UwB_900.jpg","contentUrl":"http:\/\/labfiz.uwb.edu.pl\/lab\/wp-content\/uploads\/2015\/12\/logo_UwB_900.jpg","width":900,"height":900,"caption":"LabFiz"},"image":{"@id":"https:\/\/labfiz.uwb.edu.pl\/lab\/#\/schema\/logo\/image\/"}}]}},"_links":{"self":[{"href":"https:\/\/labfiz.uwb.edu.pl\/lab\/index.php?rest_route=\/wp\/v2\/pages\/246","targetHints":{"allow":["GET"]}}],"collection":[{"href":"https:\/\/labfiz.uwb.edu.pl\/lab\/index.php?rest_route=\/wp\/v2\/pages"}],"about":[{"href":"https:\/\/labfiz.uwb.edu.pl\/lab\/index.php?rest_route=\/wp\/v2\/types\/page"}],"author":[{"embeddable":true,"href":"https:\/\/labfiz.uwb.edu.pl\/lab\/index.php?rest_route=\/wp\/v2\/users\/1"}],"replies":[{"embeddable":true,"href":"https:\/\/labfiz.uwb.edu.pl\/lab\/index.php?rest_route=%2Fwp%2Fv2%2Fcomments&post=246"}],"version-history":[{"count":6,"href":"https:\/\/labfiz.uwb.edu.pl\/lab\/index.php?rest_route=\/wp\/v2\/pages\/246\/revisions"}],"predecessor-version":[{"id":260,"href":"https:\/\/labfiz.uwb.edu.pl\/lab\/index.php?rest_route=\/wp\/v2\/pages\/246\/revisions\/260"}],"wp:attachment":[{"href":"https:\/\/labfiz.uwb.edu.pl\/lab\/index.php?rest_route=%2Fwp%2Fv2%2Fmedia&parent=246"}],"wp:term":[{"taxonomy":"category","embeddable":true,"href":"https:\/\/labfiz.uwb.edu.pl\/lab\/index.php?rest_route=%2Fwp%2Fv2%2Fcategories&post=246"},{"taxonomy":"post_tag","embeddable":true,"href":"https:\/\/labfiz.uwb.edu.pl\/lab\/index.php?rest_route=%2Fwp%2Fv2%2Ftags&post=246"}],"curies":[{"name":"wp","href":"https:\/\/api.w.org\/{rel}","templated":true}]}}