{"id":239,"date":"2015-12-08T22:15:49","date_gmt":"2015-12-08T22:15:49","guid":{"rendered":"http:\/\/labfiz.uwb.edu.pl\/lab\/?page_id=239"},"modified":"2015-12-08T22:17:13","modified_gmt":"2015-12-08T22:17:13","slug":"tematyka-spotkan","status":"publish","type":"page","link":"https:\/\/labfiz.uwb.edu.pl\/lab\/?page_id=239","title":{"rendered":"Tematyka spotka\u0144"},"content":{"rendered":"<p>Odbywaj\u0105ce si\u0119\u00a0\u00a0w laboratorium <strong>zaj\u0119cia \u00a0do\u015bwiadczalno\u2013pomiarowe <\/strong>z fizyki prowadzone s\u0105 w oparciu o skomputeryzowane zestawy pomiarowe. Pozwalaj\u0105 \u00a0na\u00a0\u00a0przybli\u017cenie idei\/zasad <strong>wykorzystania system\u00f3w komputerowych w pomiarze<\/strong>\/obserwacji wielko\u015bci\/zjawisk fizycznych.<\/p>\n<p><strong>Dydaktycznym celem<\/strong> zaj\u0119\u0107 jest rozwijanie umiej\u0119tno\u015bci kreatywnego i tw\u00f3rczego my\u015blenia w oparciu o wykorzystywanie metod badawczych w postaci eksperymentu fizycznego (pomiaru wielko\u015bci fizycznych) i narz\u0119dzi komputerowych (IT). Budowanie umiej\u0119tno\u015bci poznawczych w zakresie fizyki oraz nauk do\u015bwiadczalnych.<\/p>\n<h3>Przyk\u0142adowe realizacje.<\/h3>\n<ol>\n<li>BHP w Laboratorium.<\/li>\n<li>Wprowadzenie do b\u0142\u0119d\u00f3w pomiarowych.<\/li>\n<li>Podstawy pomiar\u00f3w z wykorzystaniem system\u00f3w komputerowych (cyfrowych).<\/li>\n<li>Pomiar pr\u0119dko\u015bci w spadku swobodnym.<\/li>\n<li>Wyznaczanie przy\u015bpieszenia ziemskiego &#8211; spadek swobodny, wahad\u0142o matematyczne.<\/li>\n<li>Pomiary elektryczne. Uk\u0142ady RC i RLC.<\/li>\n<li>Obwody zast\u0119pcze dla opornik\u00f3w.<\/li>\n<li>Dynamika w\u0142\u0105czania \u017car\u00f3wki oraz diody LED.<\/li>\n<li>Drgania wahad\u0142a spr\u0119\u017cynowego.<\/li>\n<li>Wyznaczanie sta\u0142ej k w oparciu o pomiar si\u0142y i po\u0142o\u017cenia<\/li>\n<li>Ciep\u0142o. Stygni\u0119cie cia\u0142. Prawo stygni\u0119cia Newtona<\/li>\n<li>Wykorzystanie kamery (multimedi\u00f3w) do analizy ruchu: spadek swobodny, rzut uko\u015bny,wahad\u0142o spr\u0119\u017cynowe i matematyczne.<\/li>\n<\/ol>\n","protected":false},"excerpt":{"rendered":"<p>Odbywaj\u0105ce si\u0119\u00a0\u00a0w laboratorium zaj\u0119cia \u00a0do\u015bwiadczalno\u2013pomiarowe z fizyki prowadzone s\u0105 w oparciu o skomputeryzowane zestawy pomiarowe. Pozwalaj\u0105 \u00a0na\u00a0\u00a0przybli\u017cenie idei\/zasad wykorzystania system\u00f3w komputerowych w pomiarze\/obserwacji wielko\u015bci\/zjawisk fizycznych. Dydaktycznym celem zaj\u0119\u0107 jest rozwijanie umiej\u0119tno\u015bci kreatywnego i tw\u00f3rczego my\u015blenia w oparciu o wykorzystywanie metod badawczych w postaci eksperymentu fizycznego (pomiaru wielko\u015bci fizycznych) i narz\u0119dzi komputerowych (IT). Budowanie umiej\u0119tno\u015bci poznawczych &hellip; <a href=\"https:\/\/labfiz.uwb.edu.pl\/lab\/?page_id=239\" class=\"more-link\">Czytaj dalej <span class=\"screen-reader-text\">Tematyka spotka\u0144<\/span> <span class=\"meta-nav\">&rarr;<\/span><\/a><\/p>\n","protected":false},"author":1,"featured_media":0,"parent":27,"menu_order":0,"comment_status":"closed","ping_status":"closed","template":"","meta":{"ngg_post_thumbnail":0,"footnotes":""},"categories":[],"tags":[],"class_list":["post-239","page","type-page","status-publish","hentry"],"yoast_head":"<!-- This site is optimized with the Yoast SEO plugin v27.3 - https:\/\/yoast.com\/product\/yoast-seo-wordpress\/ -->\n<title>Tematyka spotka\u0144 - LabFiz<\/title>\n<meta name=\"robots\" content=\"index, follow, max-snippet:-1, max-image-preview:large, max-video-preview:-1\" \/>\n<link rel=\"canonical\" href=\"https:\/\/labfiz.uwb.edu.pl\/lab\/?page_id=239\" \/>\n<meta property=\"og:locale\" content=\"pl_PL\" \/>\n<meta property=\"og:type\" content=\"article\" \/>\n<meta property=\"og:title\" content=\"Tematyka spotka\u0144 - LabFiz\" \/>\n<meta property=\"og:description\" content=\"Odbywaj\u0105ce si\u0119\u00a0\u00a0w laboratorium zaj\u0119cia \u00a0do\u015bwiadczalno\u2013pomiarowe z fizyki prowadzone s\u0105 w oparciu o skomputeryzowane zestawy pomiarowe. Pozwalaj\u0105 \u00a0na\u00a0\u00a0przybli\u017cenie idei\/zasad wykorzystania system\u00f3w komputerowych w pomiarze\/obserwacji wielko\u015bci\/zjawisk fizycznych. Dydaktycznym celem zaj\u0119\u0107 jest rozwijanie umiej\u0119tno\u015bci kreatywnego i tw\u00f3rczego my\u015blenia w oparciu o wykorzystywanie metod badawczych w postaci eksperymentu fizycznego (pomiaru wielko\u015bci fizycznych) i narz\u0119dzi komputerowych (IT). Budowanie umiej\u0119tno\u015bci poznawczych &hellip; Czytaj dalej Tematyka spotka\u0144 &rarr;\" \/>\n<meta property=\"og:url\" content=\"https:\/\/labfiz.uwb.edu.pl\/lab\/?page_id=239\" \/>\n<meta property=\"og:site_name\" content=\"LabFiz\" \/>\n<meta property=\"article:modified_time\" content=\"2015-12-08T22:17:13+00:00\" \/>\n<meta name=\"twitter:card\" content=\"summary_large_image\" \/>\n<meta name=\"twitter:label1\" content=\"Szacowany czas czytania\" \/>\n\t<meta name=\"twitter:data1\" content=\"1 minuta\" \/>\n<script type=\"application\/ld+json\" class=\"yoast-schema-graph\">{\"@context\":\"https:\\\/\\\/schema.org\",\"@graph\":[{\"@type\":\"WebPage\",\"@id\":\"https:\\\/\\\/labfiz.uwb.edu.pl\\\/lab\\\/?page_id=239\",\"url\":\"https:\\\/\\\/labfiz.uwb.edu.pl\\\/lab\\\/?page_id=239\",\"name\":\"Tematyka spotka\u0144 - LabFiz\",\"isPartOf\":{\"@id\":\"https:\\\/\\\/labfiz.uwb.edu.pl\\\/lab\\\/#website\"},\"datePublished\":\"2015-12-08T22:15:49+00:00\",\"dateModified\":\"2015-12-08T22:17:13+00:00\",\"breadcrumb\":{\"@id\":\"https:\\\/\\\/labfiz.uwb.edu.pl\\\/lab\\\/?page_id=239#breadcrumb\"},\"inLanguage\":\"pl-PL\",\"potentialAction\":[{\"@type\":\"ReadAction\",\"target\":[\"https:\\\/\\\/labfiz.uwb.edu.pl\\\/lab\\\/?page_id=239\"]}]},{\"@type\":\"BreadcrumbList\",\"@id\":\"https:\\\/\\\/labfiz.uwb.edu.pl\\\/lab\\\/?page_id=239#breadcrumb\",\"itemListElement\":[{\"@type\":\"ListItem\",\"position\":1,\"name\":\"Strona g\u0142\u00f3wna\",\"item\":\"https:\\\/\\\/labfiz.uwb.edu.pl\\\/lab\\\/?lang=pl\"},{\"@type\":\"ListItem\",\"position\":2,\"name\":\"Regionalne Laboratorium Komputerowe do Nauczania Przedmiot\u00f3w Przyrodniczych\",\"item\":\"https:\\\/\\\/labfiz.uwb.edu.pl\\\/lab\\\/?lang=pl\"},{\"@type\":\"ListItem\",\"position\":3,\"name\":\"Tematyka spotka\u0144\"}]},{\"@type\":\"WebSite\",\"@id\":\"https:\\\/\\\/labfiz.uwb.edu.pl\\\/lab\\\/#website\",\"url\":\"https:\\\/\\\/labfiz.uwb.edu.pl\\\/lab\\\/\",\"name\":\"LabFiz\",\"description\":\"Strony Regionalnego Laboratorium Do Nauczania  Przedmiot\u00f3w Przyrodniczych\",\"publisher\":{\"@id\":\"https:\\\/\\\/labfiz.uwb.edu.pl\\\/lab\\\/#organization\"},\"potentialAction\":[{\"@type\":\"SearchAction\",\"target\":{\"@type\":\"EntryPoint\",\"urlTemplate\":\"https:\\\/\\\/labfiz.uwb.edu.pl\\\/lab\\\/?s={search_term_string}\"},\"query-input\":{\"@type\":\"PropertyValueSpecification\",\"valueRequired\":true,\"valueName\":\"search_term_string\"}}],\"inLanguage\":\"pl-PL\"},{\"@type\":\"Organization\",\"@id\":\"https:\\\/\\\/labfiz.uwb.edu.pl\\\/lab\\\/#organization\",\"name\":\"LabFiz\",\"url\":\"https:\\\/\\\/labfiz.uwb.edu.pl\\\/lab\\\/\",\"logo\":{\"@type\":\"ImageObject\",\"inLanguage\":\"pl-PL\",\"@id\":\"https:\\\/\\\/labfiz.uwb.edu.pl\\\/lab\\\/#\\\/schema\\\/logo\\\/image\\\/\",\"url\":\"http:\\\/\\\/labfiz.uwb.edu.pl\\\/lab\\\/wp-content\\\/uploads\\\/2015\\\/12\\\/logo_UwB_900.jpg\",\"contentUrl\":\"http:\\\/\\\/labfiz.uwb.edu.pl\\\/lab\\\/wp-content\\\/uploads\\\/2015\\\/12\\\/logo_UwB_900.jpg\",\"width\":900,\"height\":900,\"caption\":\"LabFiz\"},\"image\":{\"@id\":\"https:\\\/\\\/labfiz.uwb.edu.pl\\\/lab\\\/#\\\/schema\\\/logo\\\/image\\\/\"}}]}<\/script>\n<!-- \/ Yoast SEO plugin. -->","yoast_head_json":{"title":"Tematyka spotka\u0144 - LabFiz","robots":{"index":"index","follow":"follow","max-snippet":"max-snippet:-1","max-image-preview":"max-image-preview:large","max-video-preview":"max-video-preview:-1"},"canonical":"https:\/\/labfiz.uwb.edu.pl\/lab\/?page_id=239","og_locale":"pl_PL","og_type":"article","og_title":"Tematyka spotka\u0144 - LabFiz","og_description":"Odbywaj\u0105ce si\u0119\u00a0\u00a0w laboratorium zaj\u0119cia \u00a0do\u015bwiadczalno\u2013pomiarowe z fizyki prowadzone s\u0105 w oparciu o skomputeryzowane zestawy pomiarowe. Pozwalaj\u0105 \u00a0na\u00a0\u00a0przybli\u017cenie idei\/zasad wykorzystania system\u00f3w komputerowych w pomiarze\/obserwacji wielko\u015bci\/zjawisk fizycznych. Dydaktycznym celem zaj\u0119\u0107 jest rozwijanie umiej\u0119tno\u015bci kreatywnego i tw\u00f3rczego my\u015blenia w oparciu o wykorzystywanie metod badawczych w postaci eksperymentu fizycznego (pomiaru wielko\u015bci fizycznych) i narz\u0119dzi komputerowych (IT). Budowanie umiej\u0119tno\u015bci poznawczych &hellip; Czytaj dalej Tematyka spotka\u0144 &rarr;","og_url":"https:\/\/labfiz.uwb.edu.pl\/lab\/?page_id=239","og_site_name":"LabFiz","article_modified_time":"2015-12-08T22:17:13+00:00","twitter_card":"summary_large_image","twitter_misc":{"Szacowany czas czytania":"1 minuta"},"schema":{"@context":"https:\/\/schema.org","@graph":[{"@type":"WebPage","@id":"https:\/\/labfiz.uwb.edu.pl\/lab\/?page_id=239","url":"https:\/\/labfiz.uwb.edu.pl\/lab\/?page_id=239","name":"Tematyka spotka\u0144 - LabFiz","isPartOf":{"@id":"https:\/\/labfiz.uwb.edu.pl\/lab\/#website"},"datePublished":"2015-12-08T22:15:49+00:00","dateModified":"2015-12-08T22:17:13+00:00","breadcrumb":{"@id":"https:\/\/labfiz.uwb.edu.pl\/lab\/?page_id=239#breadcrumb"},"inLanguage":"pl-PL","potentialAction":[{"@type":"ReadAction","target":["https:\/\/labfiz.uwb.edu.pl\/lab\/?page_id=239"]}]},{"@type":"BreadcrumbList","@id":"https:\/\/labfiz.uwb.edu.pl\/lab\/?page_id=239#breadcrumb","itemListElement":[{"@type":"ListItem","position":1,"name":"Strona g\u0142\u00f3wna","item":"https:\/\/labfiz.uwb.edu.pl\/lab\/?lang=pl"},{"@type":"ListItem","position":2,"name":"Regionalne Laboratorium Komputerowe do Nauczania Przedmiot\u00f3w Przyrodniczych","item":"https:\/\/labfiz.uwb.edu.pl\/lab\/?lang=pl"},{"@type":"ListItem","position":3,"name":"Tematyka spotka\u0144"}]},{"@type":"WebSite","@id":"https:\/\/labfiz.uwb.edu.pl\/lab\/#website","url":"https:\/\/labfiz.uwb.edu.pl\/lab\/","name":"LabFiz","description":"Strony Regionalnego Laboratorium Do Nauczania  Przedmiot\u00f3w Przyrodniczych","publisher":{"@id":"https:\/\/labfiz.uwb.edu.pl\/lab\/#organization"},"potentialAction":[{"@type":"SearchAction","target":{"@type":"EntryPoint","urlTemplate":"https:\/\/labfiz.uwb.edu.pl\/lab\/?s={search_term_string}"},"query-input":{"@type":"PropertyValueSpecification","valueRequired":true,"valueName":"search_term_string"}}],"inLanguage":"pl-PL"},{"@type":"Organization","@id":"https:\/\/labfiz.uwb.edu.pl\/lab\/#organization","name":"LabFiz","url":"https:\/\/labfiz.uwb.edu.pl\/lab\/","logo":{"@type":"ImageObject","inLanguage":"pl-PL","@id":"https:\/\/labfiz.uwb.edu.pl\/lab\/#\/schema\/logo\/image\/","url":"http:\/\/labfiz.uwb.edu.pl\/lab\/wp-content\/uploads\/2015\/12\/logo_UwB_900.jpg","contentUrl":"http:\/\/labfiz.uwb.edu.pl\/lab\/wp-content\/uploads\/2015\/12\/logo_UwB_900.jpg","width":900,"height":900,"caption":"LabFiz"},"image":{"@id":"https:\/\/labfiz.uwb.edu.pl\/lab\/#\/schema\/logo\/image\/"}}]}},"_links":{"self":[{"href":"https:\/\/labfiz.uwb.edu.pl\/lab\/index.php?rest_route=\/wp\/v2\/pages\/239","targetHints":{"allow":["GET"]}}],"collection":[{"href":"https:\/\/labfiz.uwb.edu.pl\/lab\/index.php?rest_route=\/wp\/v2\/pages"}],"about":[{"href":"https:\/\/labfiz.uwb.edu.pl\/lab\/index.php?rest_route=\/wp\/v2\/types\/page"}],"author":[{"embeddable":true,"href":"https:\/\/labfiz.uwb.edu.pl\/lab\/index.php?rest_route=\/wp\/v2\/users\/1"}],"replies":[{"embeddable":true,"href":"https:\/\/labfiz.uwb.edu.pl\/lab\/index.php?rest_route=%2Fwp%2Fv2%2Fcomments&post=239"}],"version-history":[{"count":1,"href":"https:\/\/labfiz.uwb.edu.pl\/lab\/index.php?rest_route=\/wp\/v2\/pages\/239\/revisions"}],"predecessor-version":[{"id":240,"href":"https:\/\/labfiz.uwb.edu.pl\/lab\/index.php?rest_route=\/wp\/v2\/pages\/239\/revisions\/240"}],"up":[{"embeddable":true,"href":"https:\/\/labfiz.uwb.edu.pl\/lab\/index.php?rest_route=\/wp\/v2\/pages\/27"}],"wp:attachment":[{"href":"https:\/\/labfiz.uwb.edu.pl\/lab\/index.php?rest_route=%2Fwp%2Fv2%2Fmedia&parent=239"}],"wp:term":[{"taxonomy":"category","embeddable":true,"href":"https:\/\/labfiz.uwb.edu.pl\/lab\/index.php?rest_route=%2Fwp%2Fv2%2Fcategories&post=239"},{"taxonomy":"post_tag","embeddable":true,"href":"https:\/\/labfiz.uwb.edu.pl\/lab\/index.php?rest_route=%2Fwp%2Fv2%2Ftags&post=239"}],"curies":[{"name":"wp","href":"https:\/\/api.w.org\/{rel}","templated":true}]}}