{"id":236,"date":"2015-12-08T15:43:21","date_gmt":"2015-12-08T15:43:21","guid":{"rendered":"http:\/\/labfiz.uwb.edu.pl\/lab\/?page_id=236"},"modified":"2026-04-28T09:24:06","modified_gmt":"2026-04-28T09:24:06","slug":"oprogramowanie","status":"publish","type":"page","link":"https:\/\/labfiz.uwb.edu.pl\/lab\/?page_id=236","title":{"rendered":"Oprogramowanie"},"content":{"rendered":"<h3>Coach<\/h3>\n<p>WWW: (<a href=\"http:\/\/www.cma-science.nl\/en\/download-2\/software-updates-2\">http:\/\/www.cma-science.nl\/<\/a> ) &#8211; g\u0142\u00f3wne oprogramowanie u\u017cywane w pracowni w zakresie pomiar\u00f3w oraz przetwarzania danych. Polecana wersja do u\u017cytku domowego <a href=\"https:\/\/cma-science.nl\/downloads_nl\/\">Coach 6 Lite<\/a>. Teraz dost\u0119pna jedynie wersja 7. Prosz\u0119 szuka\u0107 wcze\u015bniejszej na w\u0142asn\u0105 r\u0119k\u0119.<br \/>\n<a href=\"https:\/\/www.yumpu.com\/en\/document\/read\/27398140\/guide-to-coach-61pdf-cma-universiteit-van-amsterdam\/1\"><br \/>\nInstrukcja oprogramowania w j\u0119zyku angielskim:<\/a>  lub do <a href=\"https:\/\/www.yumpu.com\/en\/document\/view\/27398140\/guide-to-coach-61pdf-cma-universiteit-van-amsterdam\">pobrania ze strony<\/a> ( wymaga podania poczty).<\/p>\n<h3>Colab\/Colaboratory<\/h3>\n<p>Polecam jako bardzo zaawansowany system analizy danych z niskim progiem wej\u015bcia. Darmowy (?) i oparty o o Pythona\/JupyterLab <a href=\"https:\/\/colab.research.google.com\/\"> Strona Colab wymaga logowania kontem Google. <\/a><\/p>\n<h3>GnuPlot<\/h3>\n<p>Stary, wspania\u0142y program do szybkiego prezentowania danych w postaci wykresu. Potrafi te\u017c dopasowywa\u0107 dane do modeli\/funkcji teoretycznych (fitowa\u0107). Wi\u0119cej na <a href=\"https:\/\/pl.wikipedia.org\/wiki\/Gnuplot\">Wikipedii <\/a>lub bezpo\u015brednio na stronie projektu: <a href=\"http:\/\/www.gnuplot.info\/\">http:\/\/www.gnuplot.info\/<\/a><\/p>\n","protected":false},"excerpt":{"rendered":"<p>Coach WWW: (http:\/\/www.cma-science.nl\/ ) &#8211; g\u0142\u00f3wne oprogramowanie u\u017cywane w pracowni w zakresie pomiar\u00f3w oraz przetwarzania danych. Polecana wersja do u\u017cytku domowego Coach 6 Lite. Teraz dost\u0119pna jedynie wersja 7. Prosz\u0119 szuka\u0107 wcze\u015bniejszej na w\u0142asn\u0105 r\u0119k\u0119. Instrukcja oprogramowania w j\u0119zyku angielskim: lub do pobrania ze strony ( wymaga podania poczty). Colab\/Colaboratory Polecam jako bardzo zaawansowany system &hellip; <a href=\"https:\/\/labfiz.uwb.edu.pl\/lab\/?page_id=236\" class=\"more-link\">Czytaj dalej <span class=\"screen-reader-text\">Oprogramowanie<\/span> <span class=\"meta-nav\">&rarr;<\/span><\/a><\/p>\n","protected":false},"author":1,"featured_media":0,"parent":27,"menu_order":20,"comment_status":"closed","ping_status":"closed","template":"","meta":{"ngg_post_thumbnail":0,"footnotes":""},"categories":[],"tags":[],"class_list":["post-236","page","type-page","status-publish","hentry"],"yoast_head":"<!-- This site is optimized with the Yoast SEO plugin v27.4 - https:\/\/yoast.com\/product\/yoast-seo-wordpress\/ -->\n<title>Oprogramowanie - LabFiz<\/title>\n<meta name=\"robots\" content=\"index, follow, max-snippet:-1, max-image-preview:large, max-video-preview:-1\" \/>\n<link rel=\"canonical\" href=\"https:\/\/labfiz.uwb.edu.pl\/lab\/?page_id=236\" \/>\n<meta property=\"og:locale\" content=\"pl_PL\" \/>\n<meta property=\"og:type\" content=\"article\" \/>\n<meta property=\"og:title\" content=\"Oprogramowanie - LabFiz\" \/>\n<meta property=\"og:description\" content=\"Coach WWW: (http:\/\/www.cma-science.nl\/ ) &#8211; g\u0142\u00f3wne oprogramowanie u\u017cywane w pracowni w zakresie pomiar\u00f3w oraz przetwarzania danych. Polecana wersja do u\u017cytku domowego Coach 6 Lite. Teraz dost\u0119pna jedynie wersja 7. Prosz\u0119 szuka\u0107 wcze\u015bniejszej na w\u0142asn\u0105 r\u0119k\u0119. Instrukcja oprogramowania w j\u0119zyku angielskim: lub do pobrania ze strony ( wymaga podania poczty). Colab\/Colaboratory Polecam jako bardzo zaawansowany system &hellip; Czytaj dalej Oprogramowanie &rarr;\" \/>\n<meta property=\"og:url\" content=\"https:\/\/labfiz.uwb.edu.pl\/lab\/?page_id=236\" \/>\n<meta property=\"og:site_name\" content=\"LabFiz\" \/>\n<meta property=\"article:modified_time\" content=\"2026-04-28T09:24:06+00:00\" \/>\n<meta name=\"twitter:card\" content=\"summary_large_image\" \/>\n<meta name=\"twitter:label1\" content=\"Szacowany czas czytania\" \/>\n\t<meta name=\"twitter:data1\" content=\"1 minuta\" \/>\n<script type=\"application\/ld+json\" class=\"yoast-schema-graph\">{\"@context\":\"https:\\\/\\\/schema.org\",\"@graph\":[{\"@type\":\"WebPage\",\"@id\":\"https:\\\/\\\/labfiz.uwb.edu.pl\\\/lab\\\/?page_id=236\",\"url\":\"https:\\\/\\\/labfiz.uwb.edu.pl\\\/lab\\\/?page_id=236\",\"name\":\"Oprogramowanie - LabFiz\",\"isPartOf\":{\"@id\":\"https:\\\/\\\/labfiz.uwb.edu.pl\\\/lab\\\/#website\"},\"datePublished\":\"2015-12-08T15:43:21+00:00\",\"dateModified\":\"2026-04-28T09:24:06+00:00\",\"breadcrumb\":{\"@id\":\"https:\\\/\\\/labfiz.uwb.edu.pl\\\/lab\\\/?page_id=236#breadcrumb\"},\"inLanguage\":\"pl-PL\",\"potentialAction\":[{\"@type\":\"ReadAction\",\"target\":[\"https:\\\/\\\/labfiz.uwb.edu.pl\\\/lab\\\/?page_id=236\"]}]},{\"@type\":\"BreadcrumbList\",\"@id\":\"https:\\\/\\\/labfiz.uwb.edu.pl\\\/lab\\\/?page_id=236#breadcrumb\",\"itemListElement\":[{\"@type\":\"ListItem\",\"position\":1,\"name\":\"Strona g\u0142\u00f3wna\",\"item\":\"https:\\\/\\\/labfiz.uwb.edu.pl\\\/lab\\\/?lang=pl\"},{\"@type\":\"ListItem\",\"position\":2,\"name\":\"Regionalne Laboratorium Komputerowe do Nauczania Przedmiot\u00f3w Przyrodniczych\",\"item\":\"https:\\\/\\\/labfiz.uwb.edu.pl\\\/lab\\\/?lang=pl\"},{\"@type\":\"ListItem\",\"position\":3,\"name\":\"Oprogramowanie\"}]},{\"@type\":\"WebSite\",\"@id\":\"https:\\\/\\\/labfiz.uwb.edu.pl\\\/lab\\\/#website\",\"url\":\"https:\\\/\\\/labfiz.uwb.edu.pl\\\/lab\\\/\",\"name\":\"LabFiz\",\"description\":\"Strony Regionalnego Laboratorium Do Nauczania  Przedmiot\u00f3w Przyrodniczych\",\"publisher\":{\"@id\":\"https:\\\/\\\/labfiz.uwb.edu.pl\\\/lab\\\/#organization\"},\"potentialAction\":[{\"@type\":\"SearchAction\",\"target\":{\"@type\":\"EntryPoint\",\"urlTemplate\":\"https:\\\/\\\/labfiz.uwb.edu.pl\\\/lab\\\/?s={search_term_string}\"},\"query-input\":{\"@type\":\"PropertyValueSpecification\",\"valueRequired\":true,\"valueName\":\"search_term_string\"}}],\"inLanguage\":\"pl-PL\"},{\"@type\":\"Organization\",\"@id\":\"https:\\\/\\\/labfiz.uwb.edu.pl\\\/lab\\\/#organization\",\"name\":\"LabFiz\",\"url\":\"https:\\\/\\\/labfiz.uwb.edu.pl\\\/lab\\\/\",\"logo\":{\"@type\":\"ImageObject\",\"inLanguage\":\"pl-PL\",\"@id\":\"https:\\\/\\\/labfiz.uwb.edu.pl\\\/lab\\\/#\\\/schema\\\/logo\\\/image\\\/\",\"url\":\"http:\\\/\\\/labfiz.uwb.edu.pl\\\/lab\\\/wp-content\\\/uploads\\\/2015\\\/12\\\/logo_UwB_900.jpg\",\"contentUrl\":\"http:\\\/\\\/labfiz.uwb.edu.pl\\\/lab\\\/wp-content\\\/uploads\\\/2015\\\/12\\\/logo_UwB_900.jpg\",\"width\":900,\"height\":900,\"caption\":\"LabFiz\"},\"image\":{\"@id\":\"https:\\\/\\\/labfiz.uwb.edu.pl\\\/lab\\\/#\\\/schema\\\/logo\\\/image\\\/\"}}]}<\/script>\n<!-- \/ Yoast SEO plugin. -->","yoast_head_json":{"title":"Oprogramowanie - LabFiz","robots":{"index":"index","follow":"follow","max-snippet":"max-snippet:-1","max-image-preview":"max-image-preview:large","max-video-preview":"max-video-preview:-1"},"canonical":"https:\/\/labfiz.uwb.edu.pl\/lab\/?page_id=236","og_locale":"pl_PL","og_type":"article","og_title":"Oprogramowanie - LabFiz","og_description":"Coach WWW: (http:\/\/www.cma-science.nl\/ ) &#8211; g\u0142\u00f3wne oprogramowanie u\u017cywane w pracowni w zakresie pomiar\u00f3w oraz przetwarzania danych. Polecana wersja do u\u017cytku domowego Coach 6 Lite. Teraz dost\u0119pna jedynie wersja 7. Prosz\u0119 szuka\u0107 wcze\u015bniejszej na w\u0142asn\u0105 r\u0119k\u0119. Instrukcja oprogramowania w j\u0119zyku angielskim: lub do pobrania ze strony ( wymaga podania poczty). Colab\/Colaboratory Polecam jako bardzo zaawansowany system &hellip; Czytaj dalej Oprogramowanie &rarr;","og_url":"https:\/\/labfiz.uwb.edu.pl\/lab\/?page_id=236","og_site_name":"LabFiz","article_modified_time":"2026-04-28T09:24:06+00:00","twitter_card":"summary_large_image","twitter_misc":{"Szacowany czas czytania":"1 minuta"},"schema":{"@context":"https:\/\/schema.org","@graph":[{"@type":"WebPage","@id":"https:\/\/labfiz.uwb.edu.pl\/lab\/?page_id=236","url":"https:\/\/labfiz.uwb.edu.pl\/lab\/?page_id=236","name":"Oprogramowanie - LabFiz","isPartOf":{"@id":"https:\/\/labfiz.uwb.edu.pl\/lab\/#website"},"datePublished":"2015-12-08T15:43:21+00:00","dateModified":"2026-04-28T09:24:06+00:00","breadcrumb":{"@id":"https:\/\/labfiz.uwb.edu.pl\/lab\/?page_id=236#breadcrumb"},"inLanguage":"pl-PL","potentialAction":[{"@type":"ReadAction","target":["https:\/\/labfiz.uwb.edu.pl\/lab\/?page_id=236"]}]},{"@type":"BreadcrumbList","@id":"https:\/\/labfiz.uwb.edu.pl\/lab\/?page_id=236#breadcrumb","itemListElement":[{"@type":"ListItem","position":1,"name":"Strona g\u0142\u00f3wna","item":"https:\/\/labfiz.uwb.edu.pl\/lab\/?lang=pl"},{"@type":"ListItem","position":2,"name":"Regionalne Laboratorium Komputerowe do Nauczania Przedmiot\u00f3w Przyrodniczych","item":"https:\/\/labfiz.uwb.edu.pl\/lab\/?lang=pl"},{"@type":"ListItem","position":3,"name":"Oprogramowanie"}]},{"@type":"WebSite","@id":"https:\/\/labfiz.uwb.edu.pl\/lab\/#website","url":"https:\/\/labfiz.uwb.edu.pl\/lab\/","name":"LabFiz","description":"Strony Regionalnego Laboratorium Do Nauczania  Przedmiot\u00f3w Przyrodniczych","publisher":{"@id":"https:\/\/labfiz.uwb.edu.pl\/lab\/#organization"},"potentialAction":[{"@type":"SearchAction","target":{"@type":"EntryPoint","urlTemplate":"https:\/\/labfiz.uwb.edu.pl\/lab\/?s={search_term_string}"},"query-input":{"@type":"PropertyValueSpecification","valueRequired":true,"valueName":"search_term_string"}}],"inLanguage":"pl-PL"},{"@type":"Organization","@id":"https:\/\/labfiz.uwb.edu.pl\/lab\/#organization","name":"LabFiz","url":"https:\/\/labfiz.uwb.edu.pl\/lab\/","logo":{"@type":"ImageObject","inLanguage":"pl-PL","@id":"https:\/\/labfiz.uwb.edu.pl\/lab\/#\/schema\/logo\/image\/","url":"http:\/\/labfiz.uwb.edu.pl\/lab\/wp-content\/uploads\/2015\/12\/logo_UwB_900.jpg","contentUrl":"http:\/\/labfiz.uwb.edu.pl\/lab\/wp-content\/uploads\/2015\/12\/logo_UwB_900.jpg","width":900,"height":900,"caption":"LabFiz"},"image":{"@id":"https:\/\/labfiz.uwb.edu.pl\/lab\/#\/schema\/logo\/image\/"}}]}},"_links":{"self":[{"href":"https:\/\/labfiz.uwb.edu.pl\/lab\/index.php?rest_route=\/wp\/v2\/pages\/236","targetHints":{"allow":["GET"]}}],"collection":[{"href":"https:\/\/labfiz.uwb.edu.pl\/lab\/index.php?rest_route=\/wp\/v2\/pages"}],"about":[{"href":"https:\/\/labfiz.uwb.edu.pl\/lab\/index.php?rest_route=\/wp\/v2\/types\/page"}],"author":[{"embeddable":true,"href":"https:\/\/labfiz.uwb.edu.pl\/lab\/index.php?rest_route=\/wp\/v2\/users\/1"}],"replies":[{"embeddable":true,"href":"https:\/\/labfiz.uwb.edu.pl\/lab\/index.php?rest_route=%2Fwp%2Fv2%2Fcomments&post=236"}],"version-history":[{"count":7,"href":"https:\/\/labfiz.uwb.edu.pl\/lab\/index.php?rest_route=\/wp\/v2\/pages\/236\/revisions"}],"predecessor-version":[{"id":640,"href":"https:\/\/labfiz.uwb.edu.pl\/lab\/index.php?rest_route=\/wp\/v2\/pages\/236\/revisions\/640"}],"up":[{"embeddable":true,"href":"https:\/\/labfiz.uwb.edu.pl\/lab\/index.php?rest_route=\/wp\/v2\/pages\/27"}],"wp:attachment":[{"href":"https:\/\/labfiz.uwb.edu.pl\/lab\/index.php?rest_route=%2Fwp%2Fv2%2Fmedia&parent=236"}],"wp:term":[{"taxonomy":"category","embeddable":true,"href":"https:\/\/labfiz.uwb.edu.pl\/lab\/index.php?rest_route=%2Fwp%2Fv2%2Fcategories&post=236"},{"taxonomy":"post_tag","embeddable":true,"href":"https:\/\/labfiz.uwb.edu.pl\/lab\/index.php?rest_route=%2Fwp%2Fv2%2Ftags&post=236"}],"curies":[{"name":"wp","href":"https:\/\/api.w.org\/{rel}","templated":true}]}}