{"id":203,"date":"2015-12-08T13:50:44","date_gmt":"2015-12-08T13:50:44","guid":{"rendered":"http:\/\/labfiz.uwb.edu.pl\/lab\/?page_id=203"},"modified":"2015-12-08T22:49:38","modified_gmt":"2015-12-08T22:49:38","slug":"wyposazenie","status":"publish","type":"page","link":"https:\/\/labfiz.uwb.edu.pl\/lab\/?page_id=203","title":{"rendered":"Wyposa\u017cenie"},"content":{"rendered":"<h3 class=\"widget-title\">Wyposa\u017cenie laboratorium<\/h3>\n<p>Laboratorium znajduje si\u0119 na pierwszym pi\u0119trze budynku Wydzia\u0142u Fizyki w sali 2021. Znajduje si\u0119 w nim 12 stanowisk studenckich oraz wyposa\u017cone w tablic\u0119 interaktywna stanowisko wyk\u0142adowcy.<\/p>\n<p>Laboratorium korzysta z edukacyjnego systemu pomiarowego\u00a0 <a href=\"http:\/\/www.cma-science.nl\/en\/\">Coach\/CMA<\/a> pracuj\u0105cego w oparciu o interfejsy pomiarowe, czujniki pomiarowe oraz oprogramowanie . Dost\u0119pne zestawy pozwalaj\u0105 na realizacj\u0119 eksperyment\u00f3w pomiarowych z wielu dziedzin fizyki.<\/p>\n<p>Pracownia korzysta te\u017c ze specjalistycznego oprogramowania (LabView) w realizacji zaj\u0119\u0107 ze sterowa\u0144 i akwizycji\/przetwarzania\u00a0 danych.<\/p>\n<p>\n<div class=\"ngg-galleryoverview ngg-slideshow\"\n\tid=\"ngg-slideshow-388d2a8bfd2f202ee25fbc5172c6edf2-1721501530\"\n\tdata-nextgen-gallery-id=\"32\"\n\tdata-gallery-id=\"388d2a8bfd2f202ee25fbc5172c6edf2\"\n\t\tdata-gallery-name=\"labfiz-sala2021\"\n\t\tstyle=\"max-width: 600px;\n\t\t\tmax-height: 400px;\n\t\t\tdisplay: none;\">\n\n\t\n\t\t<a href=\"https:\/\/labfiz.uwb.edu.pl\/lab\/wp-content\/uploads\/sites\/1\/nggallery\/labfiz-sala2021\/SAM_1087.JPG?t=1449596663\"\n\t\t\ttitle=\"\"\n\t\t\tdata-src=\"https:\/\/labfiz.uwb.edu.pl\/lab\/wp-content\/uploads\/sites\/1\/nggallery\/labfiz-sala2021\/SAM_1087.JPG?t=1449596663\"\n\t\t\tdata-thumbnail=\"https:\/\/labfiz.uwb.edu.pl\/lab\/wp-content\/uploads\/sites\/1\/nggallery\/labfiz-sala2021\/thumbs\/thumbs_SAM_1087.JPG?t=1449596663\"\n\t\t\tdata-image-id=\"47\"\n\t\t\tdata-image-name=\"SAM_1087.JPG\"\n\t\t\tdata-title=\"SAM_1087\"\n\t\t\tdata-description=\"\"\n\t\t\t\t\t\t\t\t\t\t\t\t\t\t\tclass=\"ngg-fancybox\" rel=\"388d2a8bfd2f202ee25fbc5172c6edf2\">\n\t\t\t\n\t\t\t<img data-image-id='47'\n\t\t\t\ttitle=\"\"\n\t\t\t\talt=\"SAM_1087\"\n\t\t\t\tsrc=\"https:\/\/labfiz.uwb.edu.pl\/lab\/wp-content\/uploads\/sites\/1\/nggallery\/labfiz-sala2021\/SAM_1087.JPG?t=1449596663\"\n\t\t\t\tstyle=\"max-height: 380px;\"\/>\n\t\t<\/a>\n\n\t\t\n\t\t<a href=\"https:\/\/labfiz.uwb.edu.pl\/lab\/wp-content\/uploads\/sites\/1\/nggallery\/labfiz-sala2021\/SAM_1098.JPG?t=1449582037\"\n\t\t\ttitle=\" \"\n\t\t\tdata-src=\"https:\/\/labfiz.uwb.edu.pl\/lab\/wp-content\/uploads\/sites\/1\/nggallery\/labfiz-sala2021\/SAM_1098.JPG?t=1449582037\"\n\t\t\tdata-thumbnail=\"https:\/\/labfiz.uwb.edu.pl\/lab\/wp-content\/uploads\/sites\/1\/nggallery\/labfiz-sala2021\/thumbs\/thumbs_SAM_1098.JPG?t=1449582037\"\n\t\t\tdata-image-id=\"51\"\n\t\t\tdata-image-name=\"SAM_1098.JPG\"\n\t\t\tdata-title=\"SAM_1098\"\n\t\t\tdata-description=\" \"\n\t\t\t\t\t\t\t\t\t\t\t\t\t\t\tclass=\"ngg-fancybox\" rel=\"388d2a8bfd2f202ee25fbc5172c6edf2\">\n\t\t\t\n\t\t\t<img data-image-id='51'\n\t\t\t\ttitle=\" \"\n\t\t\t\talt=\"SAM_1098\"\n\t\t\t\tsrc=\"https:\/\/labfiz.uwb.edu.pl\/lab\/wp-content\/uploads\/sites\/1\/nggallery\/labfiz-sala2021\/SAM_1098.JPG?t=1449582037\"\n\t\t\t\tstyle=\"max-height: 380px;\"\/>\n\t\t<\/a>\n\n\t\t\n\t\t<a href=\"https:\/\/labfiz.uwb.edu.pl\/lab\/wp-content\/uploads\/sites\/1\/nggallery\/labfiz-sala2021\/SAM_1095.JPG?t=1449582033\"\n\t\t\ttitle=\" \"\n\t\t\tdata-src=\"https:\/\/labfiz.uwb.edu.pl\/lab\/wp-content\/uploads\/sites\/1\/nggallery\/labfiz-sala2021\/SAM_1095.JPG?t=1449582033\"\n\t\t\tdata-thumbnail=\"https:\/\/labfiz.uwb.edu.pl\/lab\/wp-content\/uploads\/sites\/1\/nggallery\/labfiz-sala2021\/thumbs\/thumbs_SAM_1095.JPG?t=1449582033\"\n\t\t\tdata-image-id=\"48\"\n\t\t\tdata-image-name=\"SAM_1095.JPG\"\n\t\t\tdata-title=\"SAM_1095\"\n\t\t\tdata-description=\" \"\n\t\t\t\t\t\t\t\t\t\t\t\t\t\t\tclass=\"ngg-fancybox\" rel=\"388d2a8bfd2f202ee25fbc5172c6edf2\">\n\t\t\t\n\t\t\t<img data-image-id='48'\n\t\t\t\ttitle=\" \"\n\t\t\t\talt=\"SAM_1095\"\n\t\t\t\tsrc=\"https:\/\/labfiz.uwb.edu.pl\/lab\/wp-content\/uploads\/sites\/1\/nggallery\/labfiz-sala2021\/SAM_1095.JPG?t=1449582033\"\n\t\t\t\tstyle=\"max-height: 380px;\"\/>\n\t\t<\/a>\n\n\t\t\n\t\t<a href=\"https:\/\/labfiz.uwb.edu.pl\/lab\/wp-content\/uploads\/sites\/1\/nggallery\/labfiz-sala2021\/SAM_1096.JPG?t=1449582035\"\n\t\t\ttitle=\" \"\n\t\t\tdata-src=\"https:\/\/labfiz.uwb.edu.pl\/lab\/wp-content\/uploads\/sites\/1\/nggallery\/labfiz-sala2021\/SAM_1096.JPG?t=1449582035\"\n\t\t\tdata-thumbnail=\"https:\/\/labfiz.uwb.edu.pl\/lab\/wp-content\/uploads\/sites\/1\/nggallery\/labfiz-sala2021\/thumbs\/thumbs_SAM_1096.JPG?t=1449582035\"\n\t\t\tdata-image-id=\"49\"\n\t\t\tdata-image-name=\"SAM_1096.JPG\"\n\t\t\tdata-title=\"SAM_1096\"\n\t\t\tdata-description=\" \"\n\t\t\t\t\t\t\t\t\t\t\t\t\t\t\tclass=\"ngg-fancybox\" rel=\"388d2a8bfd2f202ee25fbc5172c6edf2\">\n\t\t\t\n\t\t\t<img data-image-id='49'\n\t\t\t\ttitle=\" \"\n\t\t\t\talt=\"SAM_1096\"\n\t\t\t\tsrc=\"https:\/\/labfiz.uwb.edu.pl\/lab\/wp-content\/uploads\/sites\/1\/nggallery\/labfiz-sala2021\/SAM_1096.JPG?t=1449582035\"\n\t\t\t\tstyle=\"max-height: 380px;\"\/>\n\t\t<\/a>\n\n\t\t\n\t\t<a href=\"https:\/\/labfiz.uwb.edu.pl\/lab\/wp-content\/uploads\/sites\/1\/nggallery\/labfiz-sala2021\/SAM_1097.JPG?t=1449582036\"\n\t\t\ttitle=\" \"\n\t\t\tdata-src=\"https:\/\/labfiz.uwb.edu.pl\/lab\/wp-content\/uploads\/sites\/1\/nggallery\/labfiz-sala2021\/SAM_1097.JPG?t=1449582036\"\n\t\t\tdata-thumbnail=\"https:\/\/labfiz.uwb.edu.pl\/lab\/wp-content\/uploads\/sites\/1\/nggallery\/labfiz-sala2021\/thumbs\/thumbs_SAM_1097.JPG?t=1449582036\"\n\t\t\tdata-image-id=\"50\"\n\t\t\tdata-image-name=\"SAM_1097.JPG\"\n\t\t\tdata-title=\"SAM_1097\"\n\t\t\tdata-description=\" \"\n\t\t\t\t\t\t\t\t\t\t\t\t\t\t\tclass=\"ngg-fancybox\" rel=\"388d2a8bfd2f202ee25fbc5172c6edf2\">\n\t\t\t\n\t\t\t<img data-image-id='50'\n\t\t\t\ttitle=\" \"\n\t\t\t\talt=\"SAM_1097\"\n\t\t\t\tsrc=\"https:\/\/labfiz.uwb.edu.pl\/lab\/wp-content\/uploads\/sites\/1\/nggallery\/labfiz-sala2021\/SAM_1097.JPG?t=1449582036\"\n\t\t\t\tstyle=\"max-height: 380px;\"\/>\n\t\t<\/a>\n\n\t\t\n\t\t<a href=\"https:\/\/labfiz.uwb.edu.pl\/lab\/wp-content\/uploads\/sites\/1\/nggallery\/labfiz-sala2021\/SAM_1109.JPG?t=1449582038\"\n\t\t\ttitle=\" \"\n\t\t\tdata-src=\"https:\/\/labfiz.uwb.edu.pl\/lab\/wp-content\/uploads\/sites\/1\/nggallery\/labfiz-sala2021\/SAM_1109.JPG?t=1449582038\"\n\t\t\tdata-thumbnail=\"https:\/\/labfiz.uwb.edu.pl\/lab\/wp-content\/uploads\/sites\/1\/nggallery\/labfiz-sala2021\/thumbs\/thumbs_SAM_1109.JPG?t=1449582038\"\n\t\t\tdata-image-id=\"52\"\n\t\t\tdata-image-name=\"SAM_1109.JPG\"\n\t\t\tdata-title=\"SAM_1109\"\n\t\t\tdata-description=\" \"\n\t\t\t\t\t\t\t\t\t\t\t\t\t\t\tclass=\"ngg-fancybox\" rel=\"388d2a8bfd2f202ee25fbc5172c6edf2\">\n\t\t\t\n\t\t\t<img data-image-id='52'\n\t\t\t\ttitle=\" \"\n\t\t\t\talt=\"SAM_1109\"\n\t\t\t\tsrc=\"https:\/\/labfiz.uwb.edu.pl\/lab\/wp-content\/uploads\/sites\/1\/nggallery\/labfiz-sala2021\/SAM_1109.JPG?t=1449582038\"\n\t\t\t\tstyle=\"max-height: 380px;\"\/>\n\t\t<\/a>\n\n\t\t<\/div>\n\n\n<\/p>\n<p>&nbsp;<\/p>\n","protected":false},"excerpt":{"rendered":"<p>Wyposa\u017cenie laboratorium Laboratorium znajduje si\u0119 na pierwszym pi\u0119trze budynku Wydzia\u0142u Fizyki w sali 2021. Znajduje si\u0119 w nim 12 stanowisk studenckich oraz wyposa\u017cone w tablic\u0119 interaktywna stanowisko wyk\u0142adowcy. Laboratorium korzysta z edukacyjnego systemu pomiarowego\u00a0 Coach\/CMA pracuj\u0105cego w oparciu o interfejsy pomiarowe, czujniki pomiarowe oraz oprogramowanie . Dost\u0119pne zestawy pozwalaj\u0105 na realizacj\u0119 eksperyment\u00f3w pomiarowych z wielu &hellip; <a href=\"https:\/\/labfiz.uwb.edu.pl\/lab\/?page_id=203\" class=\"more-link\">Czytaj dalej <span class=\"screen-reader-text\">Wyposa\u017cenie<\/span> <span class=\"meta-nav\">&rarr;<\/span><\/a><\/p>\n","protected":false},"author":1,"featured_media":229,"parent":27,"menu_order":10,"comment_status":"closed","ping_status":"closed","template":"","meta":{"ngg_post_thumbnail":0,"footnotes":""},"categories":[],"tags":[],"class_list":["post-203","page","type-page","status-publish","has-post-thumbnail","hentry"],"yoast_head":"<!-- This site is optimized with the Yoast SEO plugin v27.4 - https:\/\/yoast.com\/product\/yoast-seo-wordpress\/ -->\n<title>Wyposa\u017cenie - LabFiz<\/title>\n<meta name=\"robots\" content=\"index, follow, max-snippet:-1, max-image-preview:large, max-video-preview:-1\" \/>\n<link rel=\"canonical\" href=\"https:\/\/labfiz.uwb.edu.pl\/lab\/?page_id=203\" \/>\n<meta property=\"og:locale\" content=\"pl_PL\" \/>\n<meta property=\"og:type\" content=\"article\" \/>\n<meta property=\"og:title\" content=\"Wyposa\u017cenie - LabFiz\" \/>\n<meta property=\"og:description\" content=\"Wyposa\u017cenie laboratorium Laboratorium znajduje si\u0119 na pierwszym pi\u0119trze budynku Wydzia\u0142u Fizyki w sali 2021. Znajduje si\u0119 w nim 12 stanowisk studenckich oraz wyposa\u017cone w tablic\u0119 interaktywna stanowisko wyk\u0142adowcy. Laboratorium korzysta z edukacyjnego systemu pomiarowego\u00a0 Coach\/CMA pracuj\u0105cego w oparciu o interfejsy pomiarowe, czujniki pomiarowe oraz oprogramowanie . Dost\u0119pne zestawy pozwalaj\u0105 na realizacj\u0119 eksperyment\u00f3w pomiarowych z wielu &hellip; Czytaj dalej Wyposa\u017cenie &rarr;\" \/>\n<meta property=\"og:url\" content=\"https:\/\/labfiz.uwb.edu.pl\/lab\/?page_id=203\" \/>\n<meta property=\"og:site_name\" content=\"LabFiz\" \/>\n<meta property=\"article:modified_time\" content=\"2015-12-08T22:49:38+00:00\" \/>\n<meta property=\"og:image\" content=\"https:\/\/labfiz.uwb.edu.pl\/lab\/wp-content\/uploads\/2015\/12\/SAM_1087-2.jpg\" \/>\n\t<meta property=\"og:image:width\" content=\"223\" \/>\n\t<meta property=\"og:image:height\" content=\"263\" \/>\n\t<meta property=\"og:image:type\" content=\"image\/jpeg\" \/>\n<meta name=\"twitter:card\" content=\"summary_large_image\" \/>\n<script type=\"application\/ld+json\" class=\"yoast-schema-graph\">{\"@context\":\"https:\\\/\\\/schema.org\",\"@graph\":[{\"@type\":\"WebPage\",\"@id\":\"https:\\\/\\\/labfiz.uwb.edu.pl\\\/lab\\\/?page_id=203\",\"url\":\"https:\\\/\\\/labfiz.uwb.edu.pl\\\/lab\\\/?page_id=203\",\"name\":\"Wyposa\u017cenie - LabFiz\",\"isPartOf\":{\"@id\":\"https:\\\/\\\/labfiz.uwb.edu.pl\\\/lab\\\/#website\"},\"primaryImageOfPage\":{\"@id\":\"https:\\\/\\\/labfiz.uwb.edu.pl\\\/lab\\\/?page_id=203#primaryimage\"},\"image\":{\"@id\":\"https:\\\/\\\/labfiz.uwb.edu.pl\\\/lab\\\/?page_id=203#primaryimage\"},\"thumbnailUrl\":\"https:\\\/\\\/labfiz.uwb.edu.pl\\\/lab\\\/wp-content\\\/uploads\\\/2015\\\/12\\\/SAM_1087-2.jpg\",\"datePublished\":\"2015-12-08T13:50:44+00:00\",\"dateModified\":\"2015-12-08T22:49:38+00:00\",\"breadcrumb\":{\"@id\":\"https:\\\/\\\/labfiz.uwb.edu.pl\\\/lab\\\/?page_id=203#breadcrumb\"},\"inLanguage\":\"pl-PL\",\"potentialAction\":[{\"@type\":\"ReadAction\",\"target\":[\"https:\\\/\\\/labfiz.uwb.edu.pl\\\/lab\\\/?page_id=203\"]}]},{\"@type\":\"ImageObject\",\"inLanguage\":\"pl-PL\",\"@id\":\"https:\\\/\\\/labfiz.uwb.edu.pl\\\/lab\\\/?page_id=203#primaryimage\",\"url\":\"https:\\\/\\\/labfiz.uwb.edu.pl\\\/lab\\\/wp-content\\\/uploads\\\/2015\\\/12\\\/SAM_1087-2.jpg\",\"contentUrl\":\"https:\\\/\\\/labfiz.uwb.edu.pl\\\/lab\\\/wp-content\\\/uploads\\\/2015\\\/12\\\/SAM_1087-2.jpg\",\"width\":223,\"height\":263},{\"@type\":\"BreadcrumbList\",\"@id\":\"https:\\\/\\\/labfiz.uwb.edu.pl\\\/lab\\\/?page_id=203#breadcrumb\",\"itemListElement\":[{\"@type\":\"ListItem\",\"position\":1,\"name\":\"Strona g\u0142\u00f3wna\",\"item\":\"https:\\\/\\\/labfiz.uwb.edu.pl\\\/lab\\\/?lang=pl\"},{\"@type\":\"ListItem\",\"position\":2,\"name\":\"Regionalne Laboratorium Komputerowe do Nauczania Przedmiot\u00f3w Przyrodniczych\",\"item\":\"https:\\\/\\\/labfiz.uwb.edu.pl\\\/lab\\\/?lang=pl\"},{\"@type\":\"ListItem\",\"position\":3,\"name\":\"Wyposa\u017cenie\"}]},{\"@type\":\"WebSite\",\"@id\":\"https:\\\/\\\/labfiz.uwb.edu.pl\\\/lab\\\/#website\",\"url\":\"https:\\\/\\\/labfiz.uwb.edu.pl\\\/lab\\\/\",\"name\":\"LabFiz\",\"description\":\"Strony Regionalnego Laboratorium Do Nauczania  Przedmiot\u00f3w Przyrodniczych\",\"publisher\":{\"@id\":\"https:\\\/\\\/labfiz.uwb.edu.pl\\\/lab\\\/#organization\"},\"potentialAction\":[{\"@type\":\"SearchAction\",\"target\":{\"@type\":\"EntryPoint\",\"urlTemplate\":\"https:\\\/\\\/labfiz.uwb.edu.pl\\\/lab\\\/?s={search_term_string}\"},\"query-input\":{\"@type\":\"PropertyValueSpecification\",\"valueRequired\":true,\"valueName\":\"search_term_string\"}}],\"inLanguage\":\"pl-PL\"},{\"@type\":\"Organization\",\"@id\":\"https:\\\/\\\/labfiz.uwb.edu.pl\\\/lab\\\/#organization\",\"name\":\"LabFiz\",\"url\":\"https:\\\/\\\/labfiz.uwb.edu.pl\\\/lab\\\/\",\"logo\":{\"@type\":\"ImageObject\",\"inLanguage\":\"pl-PL\",\"@id\":\"https:\\\/\\\/labfiz.uwb.edu.pl\\\/lab\\\/#\\\/schema\\\/logo\\\/image\\\/\",\"url\":\"http:\\\/\\\/labfiz.uwb.edu.pl\\\/lab\\\/wp-content\\\/uploads\\\/2015\\\/12\\\/logo_UwB_900.jpg\",\"contentUrl\":\"http:\\\/\\\/labfiz.uwb.edu.pl\\\/lab\\\/wp-content\\\/uploads\\\/2015\\\/12\\\/logo_UwB_900.jpg\",\"width\":900,\"height\":900,\"caption\":\"LabFiz\"},\"image\":{\"@id\":\"https:\\\/\\\/labfiz.uwb.edu.pl\\\/lab\\\/#\\\/schema\\\/logo\\\/image\\\/\"}}]}<\/script>\n<!-- \/ Yoast SEO plugin. -->","yoast_head_json":{"title":"Wyposa\u017cenie - LabFiz","robots":{"index":"index","follow":"follow","max-snippet":"max-snippet:-1","max-image-preview":"max-image-preview:large","max-video-preview":"max-video-preview:-1"},"canonical":"https:\/\/labfiz.uwb.edu.pl\/lab\/?page_id=203","og_locale":"pl_PL","og_type":"article","og_title":"Wyposa\u017cenie - LabFiz","og_description":"Wyposa\u017cenie laboratorium Laboratorium znajduje si\u0119 na pierwszym pi\u0119trze budynku Wydzia\u0142u Fizyki w sali 2021. Znajduje si\u0119 w nim 12 stanowisk studenckich oraz wyposa\u017cone w tablic\u0119 interaktywna stanowisko wyk\u0142adowcy. Laboratorium korzysta z edukacyjnego systemu pomiarowego\u00a0 Coach\/CMA pracuj\u0105cego w oparciu o interfejsy pomiarowe, czujniki pomiarowe oraz oprogramowanie . Dost\u0119pne zestawy pozwalaj\u0105 na realizacj\u0119 eksperyment\u00f3w pomiarowych z wielu &hellip; Czytaj dalej Wyposa\u017cenie &rarr;","og_url":"https:\/\/labfiz.uwb.edu.pl\/lab\/?page_id=203","og_site_name":"LabFiz","article_modified_time":"2015-12-08T22:49:38+00:00","og_image":[{"width":223,"height":263,"url":"https:\/\/labfiz.uwb.edu.pl\/lab\/wp-content\/uploads\/2015\/12\/SAM_1087-2.jpg","type":"image\/jpeg"}],"twitter_card":"summary_large_image","schema":{"@context":"https:\/\/schema.org","@graph":[{"@type":"WebPage","@id":"https:\/\/labfiz.uwb.edu.pl\/lab\/?page_id=203","url":"https:\/\/labfiz.uwb.edu.pl\/lab\/?page_id=203","name":"Wyposa\u017cenie - LabFiz","isPartOf":{"@id":"https:\/\/labfiz.uwb.edu.pl\/lab\/#website"},"primaryImageOfPage":{"@id":"https:\/\/labfiz.uwb.edu.pl\/lab\/?page_id=203#primaryimage"},"image":{"@id":"https:\/\/labfiz.uwb.edu.pl\/lab\/?page_id=203#primaryimage"},"thumbnailUrl":"https:\/\/labfiz.uwb.edu.pl\/lab\/wp-content\/uploads\/2015\/12\/SAM_1087-2.jpg","datePublished":"2015-12-08T13:50:44+00:00","dateModified":"2015-12-08T22:49:38+00:00","breadcrumb":{"@id":"https:\/\/labfiz.uwb.edu.pl\/lab\/?page_id=203#breadcrumb"},"inLanguage":"pl-PL","potentialAction":[{"@type":"ReadAction","target":["https:\/\/labfiz.uwb.edu.pl\/lab\/?page_id=203"]}]},{"@type":"ImageObject","inLanguage":"pl-PL","@id":"https:\/\/labfiz.uwb.edu.pl\/lab\/?page_id=203#primaryimage","url":"https:\/\/labfiz.uwb.edu.pl\/lab\/wp-content\/uploads\/2015\/12\/SAM_1087-2.jpg","contentUrl":"https:\/\/labfiz.uwb.edu.pl\/lab\/wp-content\/uploads\/2015\/12\/SAM_1087-2.jpg","width":223,"height":263},{"@type":"BreadcrumbList","@id":"https:\/\/labfiz.uwb.edu.pl\/lab\/?page_id=203#breadcrumb","itemListElement":[{"@type":"ListItem","position":1,"name":"Strona g\u0142\u00f3wna","item":"https:\/\/labfiz.uwb.edu.pl\/lab\/?lang=pl"},{"@type":"ListItem","position":2,"name":"Regionalne Laboratorium Komputerowe do Nauczania Przedmiot\u00f3w Przyrodniczych","item":"https:\/\/labfiz.uwb.edu.pl\/lab\/?lang=pl"},{"@type":"ListItem","position":3,"name":"Wyposa\u017cenie"}]},{"@type":"WebSite","@id":"https:\/\/labfiz.uwb.edu.pl\/lab\/#website","url":"https:\/\/labfiz.uwb.edu.pl\/lab\/","name":"LabFiz","description":"Strony Regionalnego Laboratorium Do Nauczania  Przedmiot\u00f3w Przyrodniczych","publisher":{"@id":"https:\/\/labfiz.uwb.edu.pl\/lab\/#organization"},"potentialAction":[{"@type":"SearchAction","target":{"@type":"EntryPoint","urlTemplate":"https:\/\/labfiz.uwb.edu.pl\/lab\/?s={search_term_string}"},"query-input":{"@type":"PropertyValueSpecification","valueRequired":true,"valueName":"search_term_string"}}],"inLanguage":"pl-PL"},{"@type":"Organization","@id":"https:\/\/labfiz.uwb.edu.pl\/lab\/#organization","name":"LabFiz","url":"https:\/\/labfiz.uwb.edu.pl\/lab\/","logo":{"@type":"ImageObject","inLanguage":"pl-PL","@id":"https:\/\/labfiz.uwb.edu.pl\/lab\/#\/schema\/logo\/image\/","url":"http:\/\/labfiz.uwb.edu.pl\/lab\/wp-content\/uploads\/2015\/12\/logo_UwB_900.jpg","contentUrl":"http:\/\/labfiz.uwb.edu.pl\/lab\/wp-content\/uploads\/2015\/12\/logo_UwB_900.jpg","width":900,"height":900,"caption":"LabFiz"},"image":{"@id":"https:\/\/labfiz.uwb.edu.pl\/lab\/#\/schema\/logo\/image\/"}}]}},"_links":{"self":[{"href":"https:\/\/labfiz.uwb.edu.pl\/lab\/index.php?rest_route=\/wp\/v2\/pages\/203","targetHints":{"allow":["GET"]}}],"collection":[{"href":"https:\/\/labfiz.uwb.edu.pl\/lab\/index.php?rest_route=\/wp\/v2\/pages"}],"about":[{"href":"https:\/\/labfiz.uwb.edu.pl\/lab\/index.php?rest_route=\/wp\/v2\/types\/page"}],"author":[{"embeddable":true,"href":"https:\/\/labfiz.uwb.edu.pl\/lab\/index.php?rest_route=\/wp\/v2\/users\/1"}],"replies":[{"embeddable":true,"href":"https:\/\/labfiz.uwb.edu.pl\/lab\/index.php?rest_route=%2Fwp%2Fv2%2Fcomments&post=203"}],"version-history":[{"count":6,"href":"https:\/\/labfiz.uwb.edu.pl\/lab\/index.php?rest_route=\/wp\/v2\/pages\/203\/revisions"}],"predecessor-version":[{"id":235,"href":"https:\/\/labfiz.uwb.edu.pl\/lab\/index.php?rest_route=\/wp\/v2\/pages\/203\/revisions\/235"}],"up":[{"embeddable":true,"href":"https:\/\/labfiz.uwb.edu.pl\/lab\/index.php?rest_route=\/wp\/v2\/pages\/27"}],"wp:featuredmedia":[{"embeddable":true,"href":"https:\/\/labfiz.uwb.edu.pl\/lab\/index.php?rest_route=\/wp\/v2\/media\/229"}],"wp:attachment":[{"href":"https:\/\/labfiz.uwb.edu.pl\/lab\/index.php?rest_route=%2Fwp%2Fv2%2Fmedia&parent=203"}],"wp:term":[{"taxonomy":"category","embeddable":true,"href":"https:\/\/labfiz.uwb.edu.pl\/lab\/index.php?rest_route=%2Fwp%2Fv2%2Fcategories&post=203"},{"taxonomy":"post_tag","embeddable":true,"href":"https:\/\/labfiz.uwb.edu.pl\/lab\/index.php?rest_route=%2Fwp%2Fv2%2Ftags&post=203"}],"curies":[{"name":"wp","href":"https:\/\/api.w.org\/{rel}","templated":true}]}}