{"id":468,"date":"2021-09-14T10:55:17","date_gmt":"2021-09-14T08:55:17","guid":{"rendered":"http:\/\/labfiz.uwb.edu.pl\/lab\/magmicroscope\/?page_id=468"},"modified":"2021-09-14T11:00:20","modified_gmt":"2021-09-14T09:00:20","slug":"zdjecie-ukladu","status":"publish","type":"page","link":"http:\/\/labfiz.uwb.edu.pl\/lab\/magmicroscope\/?page_id=468&lang=pl","title":{"rendered":"Zdj\u0119cie uk\u0142adu"},"content":{"rendered":"<p><img loading=\"lazy\" decoding=\"async\" class=\"wp-image-469 size-medium alignleft\" src=\"http:\/\/labfiz.uwb.edu.pl\/lab\/magmicroscope\/wp-content\/uploads\/sites\/2\/2021\/09\/P1390099_-212x300.jpg\" alt=\"\" width=\"212\" height=\"300\" srcset=\"http:\/\/labfiz.uwb.edu.pl\/lab\/magmicroscope\/wp-content\/uploads\/sites\/2\/2021\/09\/P1390099_-212x300.jpg 212w, http:\/\/labfiz.uwb.edu.pl\/lab\/magmicroscope\/wp-content\/uploads\/sites\/2\/2021\/09\/P1390099_-724x1024.jpg 724w, http:\/\/labfiz.uwb.edu.pl\/lab\/magmicroscope\/wp-content\/uploads\/sites\/2\/2021\/09\/P1390099_-106x150.jpg 106w, http:\/\/labfiz.uwb.edu.pl\/lab\/magmicroscope\/wp-content\/uploads\/sites\/2\/2021\/09\/P1390099_-768x1087.jpg 768w, http:\/\/labfiz.uwb.edu.pl\/lab\/magmicroscope\/wp-content\/uploads\/sites\/2\/2021\/09\/P1390099_-1085x1536.jpg 1085w, http:\/\/labfiz.uwb.edu.pl\/lab\/magmicroscope\/wp-content\/uploads\/sites\/2\/2021\/09\/P1390099_-1447x2048.jpg 1447w, http:\/\/labfiz.uwb.edu.pl\/lab\/magmicroscope\/wp-content\/uploads\/sites\/2\/2021\/09\/P1390099_-scaled.jpg 1809w\" sizes=\"auto, (max-width: 212px) 100vw, 212px\" \/> Na zdj\u0119ciu widzimy:<\/p>\n<p>1. Mikroskop optyczny dostosowany do wizualizacji struktur magnetycznych z wykorzystaniem efektu faradaya wyposa\u017cony w par\u0119 filtr\u00f3w polaryzacyjnych: analizator-polaryzator<\/p>\n<p>2. Komputer SBC Raspberry Pi 3B wraz z kamer\u0105 RaspiCam zamocowan\u0105 w gnie\u017adzie okularu mikroskopu. Sama obudowa kamery otoczona foli\u0105 aluminiow\u0105 w celu zabezpieczenia przed \u015bwiat\u0142em otoczenia. Drugi otw\u00f3r okularu zabezpieczony folia aluminiow\u0105 przed kurzem\/\u015bwiat\u0142em.<\/p>\n<p>3. Kamer\u0119 internetow\u0105, tu na statywie umo\u017cliwiaj\u0105ca obserwacj\u0119 uk\u0142adu<\/p>\n","protected":false},"excerpt":{"rendered":"<p>Na zdj\u0119ciu widzimy: 1. Mikroskop optyczny dostosowany do wizualizacji struktur magnetycznych z wykorzystaniem efektu faradaya wyposa\u017cony w par\u0119 filtr\u00f3w polaryzacyjnych: analizator-polaryzator 2. Komputer SBC Raspberry Pi 3B wraz z kamer\u0105 RaspiCam zamocowan\u0105 w gnie\u017adzie okularu mikroskopu. Sama obudowa kamery otoczona foli\u0105 aluminiow\u0105 w celu zabezpieczenia przed \u015bwiat\u0142em otoczenia. Drugi otw\u00f3r okularu zabezpieczony folia aluminiow\u0105 przed [&hellip;]<\/p>\n","protected":false},"author":1,"featured_media":0,"parent":0,"menu_order":0,"comment_status":"closed","ping_status":"closed","template":"","meta":{"ngg_post_thumbnail":0,"footnotes":""},"categories":[],"tags":[],"class_list":["post-468","page","type-page","status-publish","hentry","post"],"_links":{"self":[{"href":"http:\/\/labfiz.uwb.edu.pl\/lab\/magmicroscope\/index.php?rest_route=\/wp\/v2\/pages\/468","targetHints":{"allow":["GET"]}}],"collection":[{"href":"http:\/\/labfiz.uwb.edu.pl\/lab\/magmicroscope\/index.php?rest_route=\/wp\/v2\/pages"}],"about":[{"href":"http:\/\/labfiz.uwb.edu.pl\/lab\/magmicroscope\/index.php?rest_route=\/wp\/v2\/types\/page"}],"author":[{"embeddable":true,"href":"http:\/\/labfiz.uwb.edu.pl\/lab\/magmicroscope\/index.php?rest_route=\/wp\/v2\/users\/1"}],"replies":[{"embeddable":true,"href":"http:\/\/labfiz.uwb.edu.pl\/lab\/magmicroscope\/index.php?rest_route=%2Fwp%2Fv2%2Fcomments&post=468"}],"version-history":[{"count":4,"href":"http:\/\/labfiz.uwb.edu.pl\/lab\/magmicroscope\/index.php?rest_route=\/wp\/v2\/pages\/468\/revisions"}],"predecessor-version":[{"id":473,"href":"http:\/\/labfiz.uwb.edu.pl\/lab\/magmicroscope\/index.php?rest_route=\/wp\/v2\/pages\/468\/revisions\/473"}],"wp:attachment":[{"href":"http:\/\/labfiz.uwb.edu.pl\/lab\/magmicroscope\/index.php?rest_route=%2Fwp%2Fv2%2Fmedia&parent=468"}],"wp:term":[{"taxonomy":"category","embeddable":true,"href":"http:\/\/labfiz.uwb.edu.pl\/lab\/magmicroscope\/index.php?rest_route=%2Fwp%2Fv2%2Fcategories&post=468"},{"taxonomy":"post_tag","embeddable":true,"href":"http:\/\/labfiz.uwb.edu.pl\/lab\/magmicroscope\/index.php?rest_route=%2Fwp%2Fv2%2Ftags&post=468"}],"curies":[{"name":"wp","href":"https:\/\/api.w.org\/{rel}","templated":true}]}}