{"id":362,"date":"2016-02-08T23:06:30","date_gmt":"2016-02-08T23:06:30","guid":{"rendered":"http:\/\/labfiz.uwb.edu.pl\/lab\/magmicroscope\/?page_id=362"},"modified":"2020-04-29T11:47:50","modified_gmt":"2020-04-29T09:47:50","slug":"pomiar-krzywej-magnesowania-histerezy","status":"publish","type":"page","link":"http:\/\/labfiz.uwb.edu.pl\/lab\/magmicroscope\/?page_id=362&lang=pl","title":{"rendered":"Pomiar krzywej magnesowania (histerezy)"},"content":{"rendered":"<p><strong>UWAGI:<\/strong><\/p>\n<ul>\n<li><strong>Po uruchomieniu nale\u017cy poczeka\u0107 oko\u0142o 2 minut na wynik pomiaru<\/strong><\/li>\n<li>Separatorem dziesi\u0119tnym w pliku CSV jest kropka. Mo\u017ce to powodowa\u0107 konieczno\u015b\u0107 r\u0119cznej zamiany wspomnianej kropki na przecinek aby poprawnie wczyta\u0107 plik np do programu MS Excel. W przypadku LibreOffice nale\u017cy w oknie importu zaznaczy\u0107 j\u0119zyk na Angielski (USA) co pozwoli poprawnie wybra\u0107 separator dziesi\u0119tny.<\/li>\n<\/ul>\n\n<form method=\"post\" >\n<input type=\"Submit\" id=\"mysubmit\" value=\"Uruchom\"  NAME=\"zrobfote\"  >\n<\/form>\n\n<p><strong>Odno\u015bniki zewn\u0119trzne:&nbsp;<\/strong><\/p>\n<ul>\n<li><a href=\"https:\/\/en.wikipedia.org\/wiki\/Magnetic_hysteresis\">https:\/\/en.wikipedia.org\/wiki\/Magnetic_hysteresis<\/a><\/li>\n<li><a href=\"https:\/\/pl.wikipedia.org\/wiki\/Histereza\">https:\/\/pl.wikipedia.org\/wiki\/Histereza<\/a><\/li>\n<\/ul>\n","protected":false},"excerpt":{"rendered":"<p>UWAGI: Po uruchomieniu nale\u017cy poczeka\u0107 oko\u0142o 2 minut na wynik pomiaru Separatorem dziesi\u0119tnym w pliku CSV jest kropka. Mo\u017ce to powodowa\u0107 konieczno\u015b\u0107 r\u0119cznej zamiany wspomnianej kropki na przecinek aby poprawnie wczyta\u0107 plik np do programu MS Excel. W przypadku LibreOffice nale\u017cy w oknie importu zaznaczy\u0107 j\u0119zyk na Angielski (USA) co pozwoli poprawnie wybra\u0107 separator dziesi\u0119tny. [&hellip;]<\/p>\n","protected":false},"author":1,"featured_media":224,"parent":103,"menu_order":20,"comment_status":"closed","ping_status":"closed","template":"","meta":{"ngg_post_thumbnail":0,"footnotes":""},"categories":[15],"tags":[],"class_list":["post-362","page","type-page","status-publish","has-post-thumbnail","hentry","category-eksperyment","post","post-with-thumbnail","post-with-thumbnail-large"],"_links":{"self":[{"href":"http:\/\/labfiz.uwb.edu.pl\/lab\/magmicroscope\/index.php?rest_route=\/wp\/v2\/pages\/362","targetHints":{"allow":["GET"]}}],"collection":[{"href":"http:\/\/labfiz.uwb.edu.pl\/lab\/magmicroscope\/index.php?rest_route=\/wp\/v2\/pages"}],"about":[{"href":"http:\/\/labfiz.uwb.edu.pl\/lab\/magmicroscope\/index.php?rest_route=\/wp\/v2\/types\/page"}],"author":[{"embeddable":true,"href":"http:\/\/labfiz.uwb.edu.pl\/lab\/magmicroscope\/index.php?rest_route=\/wp\/v2\/users\/1"}],"replies":[{"embeddable":true,"href":"http:\/\/labfiz.uwb.edu.pl\/lab\/magmicroscope\/index.php?rest_route=%2Fwp%2Fv2%2Fcomments&post=362"}],"version-history":[{"count":11,"href":"http:\/\/labfiz.uwb.edu.pl\/lab\/magmicroscope\/index.php?rest_route=\/wp\/v2\/pages\/362\/revisions"}],"predecessor-version":[{"id":447,"href":"http:\/\/labfiz.uwb.edu.pl\/lab\/magmicroscope\/index.php?rest_route=\/wp\/v2\/pages\/362\/revisions\/447"}],"up":[{"embeddable":true,"href":"http:\/\/labfiz.uwb.edu.pl\/lab\/magmicroscope\/index.php?rest_route=\/wp\/v2\/pages\/103"}],"wp:featuredmedia":[{"embeddable":true,"href":"http:\/\/labfiz.uwb.edu.pl\/lab\/magmicroscope\/index.php?rest_route=\/wp\/v2\/media\/224"}],"wp:attachment":[{"href":"http:\/\/labfiz.uwb.edu.pl\/lab\/magmicroscope\/index.php?rest_route=%2Fwp%2Fv2%2Fmedia&parent=362"}],"wp:term":[{"taxonomy":"category","embeddable":true,"href":"http:\/\/labfiz.uwb.edu.pl\/lab\/magmicroscope\/index.php?rest_route=%2Fwp%2Fv2%2Fcategories&post=362"},{"taxonomy":"post_tag","embeddable":true,"href":"http:\/\/labfiz.uwb.edu.pl\/lab\/magmicroscope\/index.php?rest_route=%2Fwp%2Fv2%2Ftags&post=362"}],"curies":[{"name":"wp","href":"https:\/\/api.w.org\/{rel}","templated":true}]}}