{"id":357,"date":"2016-02-08T22:44:08","date_gmt":"2016-02-08T22:44:08","guid":{"rendered":"http:\/\/labfiz.uwb.edu.pl\/lab\/magmicroscope\/?page_id=357"},"modified":"2024-03-06T08:25:40","modified_gmt":"2024-03-06T07:25:40","slug":"obserwacja-ukladu-on-line","status":"publish","type":"page","link":"http:\/\/labfiz.uwb.edu.pl\/lab\/magmicroscope\/?page_id=357&lang=pl","title":{"rendered":"Obserwacja uk\u0142adu 'on-line&#8217;"},"content":{"rendered":"<p>Program pozwala na rejestracj\u0119 &nbsp;widoku uk\u0142adu pomiarowego w postaci pojedynczych zdj\u0119\u0107.<\/p>\n<form method=\"post\" acion=\"\">\n<input type=\"Submit\" id=\"mysubmit\" value=\"Zr\u00f3b zdj\u0119cie\"  NAME=\"zrobfote\" >\n<\/form>\n\n","protected":false},"excerpt":{"rendered":"<p>Program pozwala na rejestracj\u0119 &nbsp;widoku uk\u0142adu pomiarowego w postaci pojedynczych zdj\u0119\u0107.<\/p>\n","protected":false},"author":1,"featured_media":25,"parent":103,"menu_order":40,"comment_status":"closed","ping_status":"closed","template":"","meta":{"ngg_post_thumbnail":0,"footnotes":""},"categories":[15],"tags":[],"class_list":["post-357","page","type-page","status-publish","has-post-thumbnail","hentry","category-eksperyment","post","post-with-thumbnail","post-with-thumbnail-large"],"_links":{"self":[{"href":"http:\/\/labfiz.uwb.edu.pl\/lab\/magmicroscope\/index.php?rest_route=\/wp\/v2\/pages\/357","targetHints":{"allow":["GET"]}}],"collection":[{"href":"http:\/\/labfiz.uwb.edu.pl\/lab\/magmicroscope\/index.php?rest_route=\/wp\/v2\/pages"}],"about":[{"href":"http:\/\/labfiz.uwb.edu.pl\/lab\/magmicroscope\/index.php?rest_route=\/wp\/v2\/types\/page"}],"author":[{"embeddable":true,"href":"http:\/\/labfiz.uwb.edu.pl\/lab\/magmicroscope\/index.php?rest_route=\/wp\/v2\/users\/1"}],"replies":[{"embeddable":true,"href":"http:\/\/labfiz.uwb.edu.pl\/lab\/magmicroscope\/index.php?rest_route=%2Fwp%2Fv2%2Fcomments&post=357"}],"version-history":[{"count":4,"href":"http:\/\/labfiz.uwb.edu.pl\/lab\/magmicroscope\/index.php?rest_route=\/wp\/v2\/pages\/357\/revisions"}],"predecessor-version":[{"id":475,"href":"http:\/\/labfiz.uwb.edu.pl\/lab\/magmicroscope\/index.php?rest_route=\/wp\/v2\/pages\/357\/revisions\/475"}],"up":[{"embeddable":true,"href":"http:\/\/labfiz.uwb.edu.pl\/lab\/magmicroscope\/index.php?rest_route=\/wp\/v2\/pages\/103"}],"wp:featuredmedia":[{"embeddable":true,"href":"http:\/\/labfiz.uwb.edu.pl\/lab\/magmicroscope\/index.php?rest_route=\/wp\/v2\/media\/25"}],"wp:attachment":[{"href":"http:\/\/labfiz.uwb.edu.pl\/lab\/magmicroscope\/index.php?rest_route=%2Fwp%2Fv2%2Fmedia&parent=357"}],"wp:term":[{"taxonomy":"category","embeddable":true,"href":"http:\/\/labfiz.uwb.edu.pl\/lab\/magmicroscope\/index.php?rest_route=%2Fwp%2Fv2%2Fcategories&post=357"},{"taxonomy":"post_tag","embeddable":true,"href":"http:\/\/labfiz.uwb.edu.pl\/lab\/magmicroscope\/index.php?rest_route=%2Fwp%2Fv2%2Ftags&post=357"}],"curies":[{"name":"wp","href":"https:\/\/api.w.org\/{rel}","templated":true}]}}