{"id":337,"date":"2016-02-05T18:13:08","date_gmt":"2016-02-05T18:13:08","guid":{"rendered":"http:\/\/labfiz.uwb.edu.pl\/lab\/magmicroscope\/?page_id=337"},"modified":"2016-11-28T14:42:54","modified_gmt":"2016-11-28T13:42:54","slug":"monitor-temperatury","status":"publish","type":"page","link":"http:\/\/labfiz.uwb.edu.pl\/lab\/magmicroscope\/?page_id=337&lang=pl","title":{"rendered":"Monitor temperatury"},"content":{"rendered":"<p><strong>Monitorowanie pomieszcze\u0144 laboratoryjnych ZFMagnet. <\/strong><br \/>\nStrona umo\u017cliwia sprawdzenie temperatury oraz nat\u0119\u017cenia \u015bwiat\u0142a. Jest to uproszczona wersja ( brak dost\u0119pu do danych pomiarowych) systemu monitoringu dost\u0119pnego w Intranecie. System zbierania danych bazuje na uk\u0142adach Arduino wyposa\u017conych w Ethernet Shields, czujniki DS18B20 , czujniki \u015bwiat\u0142a (oporowe) oraz czujniki wilgotno\u015bci DHT11\/22.<\/p>\n<form method=\"post\" >\nStart date: \n<input type=\"date\" name=\"data\" value=\"2026-04-24\">\n\nEnd date: \n<input type=\"date\" name=\"data1\" value=\"2026-04-25\">\n<\/br>\nStart time:\n<input type=\"time\" name=\"czas\" value=\"21:09\">\n \n End time:\n <input type=\"time\" name=\"czas1\" value=\"21:09\">\n<\/br>  \n \n<input type=\"radio\" name=\"sala\" value=\"82\" checked> Femto\n<input type=\"radio\" name=\"sala\" value=\"81\" > BLS\n<input type=\"radio\" name=\"sala\" value=\"83\" > Mikroskopy\n<input type=\"radio\" name=\"sala\" value=\"85\" > Milimagnetometria\n<input type=\"radio\" name=\"sala\" value=\"86\" > 2023\n<input type=\"radio\" name=\"sala\" value=\"87\" > 1035\n<input type=\"radio\" name=\"sala\" value=\"84\" > FMR<br>\n<input type=\"Submit\">\n<\/form>\n<img decoding=\"async\" src=\"http:\/\/labfiz.uwb.edu.pl\/lab\/wp-content\/uploads\/pobrany.png?pl=21-09-40\">\n","protected":false},"excerpt":{"rendered":"<p>Monitorowanie pomieszcze\u0144 laboratoryjnych ZFMagnet. Strona umo\u017cliwia sprawdzenie temperatury oraz nat\u0119\u017cenia \u015bwiat\u0142a. Jest to uproszczona wersja ( brak dost\u0119pu do danych pomiarowych) systemu monitoringu dost\u0119pnego w Intranecie. System zbierania danych bazuje na uk\u0142adach Arduino wyposa\u017conych w Ethernet Shields, czujniki DS18B20 , czujniki \u015bwiat\u0142a (oporowe) oraz czujniki wilgotno\u015bci DHT11\/22.<\/p>\n","protected":false},"author":1,"featured_media":341,"parent":103,"menu_order":60,"comment_status":"closed","ping_status":"closed","template":"","meta":{"ngg_post_thumbnail":0,"footnotes":""},"categories":[15],"tags":[],"class_list":["post-337","page","type-page","status-publish","has-post-thumbnail","hentry","category-eksperyment","post","post-with-thumbnail","post-with-thumbnail-large"],"_links":{"self":[{"href":"http:\/\/labfiz.uwb.edu.pl\/lab\/magmicroscope\/index.php?rest_route=\/wp\/v2\/pages\/337","targetHints":{"allow":["GET"]}}],"collection":[{"href":"http:\/\/labfiz.uwb.edu.pl\/lab\/magmicroscope\/index.php?rest_route=\/wp\/v2\/pages"}],"about":[{"href":"http:\/\/labfiz.uwb.edu.pl\/lab\/magmicroscope\/index.php?rest_route=\/wp\/v2\/types\/page"}],"author":[{"embeddable":true,"href":"http:\/\/labfiz.uwb.edu.pl\/lab\/magmicroscope\/index.php?rest_route=\/wp\/v2\/users\/1"}],"replies":[{"embeddable":true,"href":"http:\/\/labfiz.uwb.edu.pl\/lab\/magmicroscope\/index.php?rest_route=%2Fwp%2Fv2%2Fcomments&post=337"}],"version-history":[{"count":6,"href":"http:\/\/labfiz.uwb.edu.pl\/lab\/magmicroscope\/index.php?rest_route=\/wp\/v2\/pages\/337\/revisions"}],"predecessor-version":[{"id":489,"href":"http:\/\/labfiz.uwb.edu.pl\/lab\/magmicroscope\/index.php?rest_route=\/wp\/v2\/pages\/337\/revisions\/489"}],"up":[{"embeddable":true,"href":"http:\/\/labfiz.uwb.edu.pl\/lab\/magmicroscope\/index.php?rest_route=\/wp\/v2\/pages\/103"}],"wp:featuredmedia":[{"embeddable":true,"href":"http:\/\/labfiz.uwb.edu.pl\/lab\/magmicroscope\/index.php?rest_route=\/wp\/v2\/media\/341"}],"wp:attachment":[{"href":"http:\/\/labfiz.uwb.edu.pl\/lab\/magmicroscope\/index.php?rest_route=%2Fwp%2Fv2%2Fmedia&parent=337"}],"wp:term":[{"taxonomy":"category","embeddable":true,"href":"http:\/\/labfiz.uwb.edu.pl\/lab\/magmicroscope\/index.php?rest_route=%2Fwp%2Fv2%2Fcategories&post=337"},{"taxonomy":"post_tag","embeddable":true,"href":"http:\/\/labfiz.uwb.edu.pl\/lab\/magmicroscope\/index.php?rest_route=%2Fwp%2Fv2%2Ftags&post=337"}],"curies":[{"name":"wp","href":"https:\/\/api.w.org\/{rel}","templated":true}]}}