{"id":283,"date":"2016-01-31T01:17:48","date_gmt":"2016-01-31T01:17:48","guid":{"rendered":"http:\/\/labfiz.uwb.edu.pl\/lab\/magmicroscope\/?page_id=283"},"modified":"2016-01-31T01:24:30","modified_gmt":"2016-01-31T01:24:30","slug":"rejestracja-obrazow-struktur-domenowych","status":"publish","type":"page","link":"http:\/\/labfiz.uwb.edu.pl\/lab\/magmicroscope\/?page_id=283&lang=pl","title":{"rendered":"Rejestracja obraz\u00f3w struktur domenowych"},"content":{"rendered":"<p class=\"normal\"><b class=\"nag11\">Opis dzia\u0142ania programu steruj\u0105cego uk\u0142adem pomiarowym<\/b><br \/>\n<b class=\"nag1\"><u>Do\u015bwiadczenie 3:<\/u> Rejestracja obraz\u00f3w struktur domenowych<\/b><\/p>\n<p class=\"normal\"><a href=\"http:\/\/labfiz.uwb.edu.pl\/exp\/domeny01\/doswiadczenie-3-opis.php?lang=pl#fizyka\">Fizyka<\/a> &#8211; <a href=\"http:\/\/labfiz.uwb.edu.pl\/exp\/domeny01\/doswiadczenie-3-opis.php?lang=pl#Program\">Programy steruj\u0105ce <\/a>&#8211; <a href=\"http:\/\/labfiz.uwb.edu.pl\/exp\/domeny01\/pomiary_do_wykonania.php?lang=pl\">Zadania pomiarowe<\/a> &#8211; <a href=\"http:\/\/labfiz.uwb.edu.pl\/exp\/domeny01\/exp01v6.cgi\">Uruchom<\/a> &#8211; <a href=\"http:\/\/labfiz.uwb.edu.pl\/exp\/domeny01\/doswiadczenie-3-opis.php?lang=pl#Mo\">B\u0142edy<\/a><\/p>\n<p class=\"normal\"><a name=\"fizyka\"><\/a><b>Fizyka:<\/b><\/p>\n<p class=\"normal\"><a name=\"fizyka\"><\/a>Celem tego do\u015bwiadczenia jest rejestracja struktury domenowej przy ustalonych przez u\u017cytkownika warto\u015bciach:<\/p>\n<p><a name=\"fizyka\"><\/a><\/p>\n<ul>\n<li>nat\u0119\u017cenia pola magnetycznego H przyk\u0142adanego prostopadle do powierzchni badanej warstwy<\/li>\n<li>k\u0105ta alfa pomi\u0119dzy p\u0142aszczyznami g\u0142\u00f3wnymi polaryzatora 1 i polaryzatora 2.<\/li>\n<\/ul>\n<p>&nbsp;<\/p>\n<p><a name=\"fizyka\"><\/a><\/p>\n<p class=\"normal\"><a name=\"fizyka\"><\/a>Na stronie <a href=\"http:\/\/labfiz\/exp\/domeny\/uklad-pomiarowy.php?lang=pl\">http:\/\/labfiz\/exp\/domeny\/uklad-pomiarowy.php<\/a> przedstawiony jest uk\u0142ad pomiarowy oraz konfiguracja pola i pr\u00f3bki.<\/p>\n<p class=\"normal\"><a name=\"Program\"><\/a><b>Program -skrypt CGI:<\/b><\/p>\n<p class=\"normal\"><a name=\"Program\"><\/a>Program wykonuj\u0105cy pomiar w tym do\u015bwiadczeniu bazuje na wykorzystaniu technologi <a href=\"http:\/\/www.w3.org\/CGI\/\">CGI <\/a>. Dzi\u0119ki temu istnieje mo\u017cliwo\u015b\u0107 uruchomienia podprogram\u00f3w steruj\u0105cych uk\u0142adem i zbieraj\u0105cych z dane. Parametry uruchomieniowe skryptu CGi do pomiaru nat\u0119\u017cenia \u015bwiat\u0142a w funkcji po\u0142o\u017cenia polaryzatora i nat\u0119\u017cenia to:<\/p>\n<ul class=\"normal\">\n<li><b>Warto\u015b\u0107 pola (-6000 \u00f7 6000) <\/b>&#8211; Warto\u015b\u0107 nat\u0119\u017cenia pola magnetycznego przy\u0142o\u017conego do pr\u00f3bki wyra\u017cona w [A\/m]- <b>warto\u015b\u0107 domy\u015blna 0<\/b><\/li>\n<li><b>Obr\u00f3t (0 \u00f7 360)<\/b> &#8211; Warto\u015b\u0107 k\u0105ta o jak\u0105 zostanie wykonany obr\u00f3t polaryzatorem &#8211; <b>warto\u015b\u0107 domy\u015blna 0<\/b><\/li>\n<\/ul>\n<p class=\"normal\">Uruchomienie pomiaru nast\u0119puje po naci\u015bni\u0119ciu przycisku &#8222;Uruchom&#8221;. Przekroczenie zakresu kt\u00f3rego\u015b z parametr\u00f3w jest sygnalizowane, a program ustawia przekroczony parametr na warto\u015b\u0107 domy\u015blna jednocze\u015bnie zg\u0142aszaj\u0105c kt\u00f3ry z parametr\u00f3w zosta\u0142 niepoprawnie wpisany. Tym samym program jest zabezpieczony przed wstawianiem niepoprawnych warto\u015bci. Po zako\u0144czeniu dzia\u0142ania zarejestrowany obraz pr\u00f3bki jest wy\u015bwietlanny na stronie WWW w formacie <b>JPG<\/b>. Do obrazu doklejana jest automatycznie skala kt\u00f3ra daje mo\u017cliwo\u015b\u0107 odczytania rozmiar\u00f3w struktur domenowych i daje informacj\u0119 na temat rozmiaru obserwowanej powierzchni. Zachowanie tego pliku jest mo\u017cliwe poprzez standardow\u0105 funkcj\u0119 przegl\u0105darki jak\u0105 jest &#8222;Save Image as..&#8221;, a kt\u00f3ra kryje si\u0119 pod prawym klawiszem myszy w momencie naci\u015bni\u0119cia go gdy kursor myszy znajduje sie &#8222;ponad&#8221; obrazem. Dodatkowo istnieje mo\u017cliwo\u015b\u0107 pobrania pliku w formacie <b>TGA<\/b> skompresowanego do formatu <b>ZIP<\/b>. Daje to mo\u017cliwo\u015b\u0107 pracy na obrazie w kt\u00f3rym nie ma utraty danych. Opis dzia\u0142ania programu znajduje si\u0119 pod przyciskiem &#8222;Pomoc&#8221;. Polecam korzystanie z tej mozliwo\u015bci w razie niejasno\u015bci .<\/p>\n<p>&nbsp;<\/p>\n<table>\n<tbody>\n<tr>\n<td class=\"normal\" valign=\"bottom\">a) <a href=\"http:\/\/labfiz.uwb.edu.pl\/exp\/domeny01\/images\/obraz-10.8+3000.jpg\"><img decoding=\"async\" src=\"http:\/\/labfiz.uwb.edu.pl\/exp\/domeny01\/images\/obraz-10.8+3000.th.jpg\" alt=\"\" \/><\/a><\/td>\n<td class=\"normal\" valign=\"bottom\">b)<a href=\"http:\/\/labfiz.uwb.edu.pl\/exp\/domeny01\/images\/obraz-10.8.jpg\"><img decoding=\"async\" src=\"http:\/\/labfiz.uwb.edu.pl\/exp\/domeny01\/images\/obraz-10.8.th.jpg\" alt=\"\" \/><\/a><\/td>\n<td class=\"normal\" valign=\"bottom\">c) <a href=\"http:\/\/labfiz.uwb.edu.pl\/exp\/domeny01\/images\/obraz-10.8-3000.jpg\"><img decoding=\"async\" src=\"http:\/\/labfiz.uwb.edu.pl\/exp\/domeny01\/images\/obraz-10.8-3000.th.jpg\" alt=\"\" \/><\/a><\/td>\n<\/tr>\n<\/tbody>\n<\/table>\n<p class=\"normal\">Obrazy domenowe rejestrowane w funkcji r\u00f3\u017cnego pola: a) H = 3000 [A\/m], b) H = 0, c) H = -3000 [A\/m]. Po klikni\u0119ciu na wybrany obraz mo\u017cna go obejrze\u0107 w powi\u0119kszeniu (struktura obserwowana pod k\u0105tem alfa = 34.2 <sup>o<\/sup>).<\/p>\n<p>&nbsp;<\/p>\n<table>\n<tbody>\n<tr>\n<td class=\"normal\" valign=\"bottom\">a) <a href=\"http:\/\/labfiz.uwb.edu.pl\/exp\/domeny01\/images\/obraz-10.8.jpg\"><img decoding=\"async\" src=\"http:\/\/labfiz.uwb.edu.pl\/exp\/domeny01\/images\/obraz-10.8.th.jpg\" alt=\"\" \/><\/a><\/td>\n<td class=\"normal\" valign=\"bottom\">b)<a href=\"http:\/\/labfiz.uwb.edu.pl\/exp\/domeny01\/images\/obraz-zero.jpg\"><img decoding=\"async\" src=\"http:\/\/labfiz.uwb.edu.pl\/exp\/domeny01\/images\/obraz-zero.th.jpg\" alt=\"\" \/><\/a><\/td>\n<td class=\"normal\" valign=\"bottom\">c) <a href=\"http:\/\/labfiz.uwb.edu.pl\/exp\/domeny01\/images\/obraz+10.8.jpg\"><img decoding=\"async\" src=\"http:\/\/labfiz.uwb.edu.pl\/exp\/domeny01\/images\/obraz+10.8.th.jpg\" alt=\"\" \/><\/a><\/td>\n<\/tr>\n<\/tbody>\n<\/table>\n<p class=\"normal\">Obrazy tej samej struktury domenowej rejestrowanej przy r\u00f3\u017cnej warto\u015bci k\u0105ta alfa: a) alfa = -10.8 , b) alfa = 0, c) alfa = 10.8 Po klikni\u0119ciu na wybrany obraz mo\u017cna go obejrze\u0107 w powi\u0119kszeniu.<\/p>\n<p>&nbsp;<\/p>\n<p class=\"normal\">Uzyskane obrazy mo\u017cna dodatkowo podda\u0107 cyfrowej obr\u00f3bce obraz\u00f3w. Wiecej informacji na ten temat mo\u017cna znale\u017a\u0107 na stronie:<a href=\"http:\/\/labfiz.uwb.edu.pl\/exp\/domeny01\/obrobka-cyfrowa-obrazow.php?lang=pl\">obr\u00f3bka cyfrowa obraz\u00f3w<\/a><\/p>\n<p class=\"normal\">\n","protected":false},"excerpt":{"rendered":"<p>Opis dzia\u0142ania programu steruj\u0105cego uk\u0142adem pomiarowym Do\u015bwiadczenie 3: Rejestracja obraz\u00f3w struktur domenowych Fizyka &#8211; Programy steruj\u0105ce &#8211; Zadania pomiarowe &#8211; Uruchom &#8211; B\u0142edy Fizyka: Celem tego do\u015bwiadczenia jest rejestracja struktury domenowej przy ustalonych przez u\u017cytkownika warto\u015bciach: nat\u0119\u017cenia pola magnetycznego H przyk\u0142adanego prostopadle do powierzchni badanej warstwy k\u0105ta alfa pomi\u0119dzy p\u0142aszczyznami g\u0142\u00f3wnymi polaryzatora 1 i polaryzatora [&hellip;]<\/p>\n","protected":false},"author":1,"featured_media":0,"parent":215,"menu_order":60,"comment_status":"closed","ping_status":"closed","template":"","meta":{"ngg_post_thumbnail":0,"footnotes":""},"categories":[13],"tags":[],"class_list":["post-283","page","type-page","status-publish","hentry","category-opisy","post"],"_links":{"self":[{"href":"http:\/\/labfiz.uwb.edu.pl\/lab\/magmicroscope\/index.php?rest_route=\/wp\/v2\/pages\/283","targetHints":{"allow":["GET"]}}],"collection":[{"href":"http:\/\/labfiz.uwb.edu.pl\/lab\/magmicroscope\/index.php?rest_route=\/wp\/v2\/pages"}],"about":[{"href":"http:\/\/labfiz.uwb.edu.pl\/lab\/magmicroscope\/index.php?rest_route=\/wp\/v2\/types\/page"}],"author":[{"embeddable":true,"href":"http:\/\/labfiz.uwb.edu.pl\/lab\/magmicroscope\/index.php?rest_route=\/wp\/v2\/users\/1"}],"replies":[{"embeddable":true,"href":"http:\/\/labfiz.uwb.edu.pl\/lab\/magmicroscope\/index.php?rest_route=%2Fwp%2Fv2%2Fcomments&post=283"}],"version-history":[{"count":2,"href":"http:\/\/labfiz.uwb.edu.pl\/lab\/magmicroscope\/index.php?rest_route=\/wp\/v2\/pages\/283\/revisions"}],"predecessor-version":[{"id":296,"href":"http:\/\/labfiz.uwb.edu.pl\/lab\/magmicroscope\/index.php?rest_route=\/wp\/v2\/pages\/283\/revisions\/296"}],"up":[{"embeddable":true,"href":"http:\/\/labfiz.uwb.edu.pl\/lab\/magmicroscope\/index.php?rest_route=\/wp\/v2\/pages\/215"}],"wp:attachment":[{"href":"http:\/\/labfiz.uwb.edu.pl\/lab\/magmicroscope\/index.php?rest_route=%2Fwp%2Fv2%2Fmedia&parent=283"}],"wp:term":[{"taxonomy":"category","embeddable":true,"href":"http:\/\/labfiz.uwb.edu.pl\/lab\/magmicroscope\/index.php?rest_route=%2Fwp%2Fv2%2Fcategories&post=283"},{"taxonomy":"post_tag","embeddable":true,"href":"http:\/\/labfiz.uwb.edu.pl\/lab\/magmicroscope\/index.php?rest_route=%2Fwp%2Fv2%2Ftags&post=283"}],"curies":[{"name":"wp","href":"https:\/\/api.w.org\/{rel}","templated":true}]}}