{"id":280,"date":"2016-01-31T00:27:39","date_gmt":"2016-01-31T00:27:39","guid":{"rendered":"http:\/\/labfiz.uwb.edu.pl\/lab\/magmicroscope\/?page_id=280"},"modified":"2016-01-31T00:27:39","modified_gmt":"2016-01-31T00:27:39","slug":"pomiar-natezenia-swiatla","status":"publish","type":"page","link":"http:\/\/labfiz.uwb.edu.pl\/lab\/magmicroscope\/?page_id=280&lang=pl","title":{"rendered":"Pomiar nat\u0119\u017cenia \u015bwiat\u0142a"},"content":{"rendered":"<p class=\"normal\">Pomiar nat\u0119\u017cenia \u015bwiat\u0142a w naszym uk\u0142adzie odbywa si\u0119 poprzez fotodiod\u0119 wmontowan\u0105 w mikroskop. Wzmocniony sygna\u0142 trafia do komputera za po\u015brednictwem karty <b>UIB<\/b>, kt\u00f3ra posiada 12-to bitowy przetwornik ADC. Sam sygna\u0142 jest mierzony <b>N<\/b> krotnie gdzie <b>N<\/b> jest liczb\u0105 zadan\u0105 przez eksperymentatora Internaut\u0119. takie post\u0119powanie ma na celu u\u015brednienie sygna\u0142u oraz wyliczenie b\u0142edu jako \u015bredniego odchylenia od wielko\u015bci \u015bredniej.<\/p>\n<p><center><\/p>\n<table>\n<tbody>\n<tr>\n<td class=\"normal\" align=\"right\"><a href=\"http:\/\/labfiz.uwb.edu.pl\/exp\/domeny01\/images\/kamera-dioda.jpg\"><img loading=\"lazy\" decoding=\"async\" src=\"http:\/\/labfiz.uwb.edu.pl\/exp\/domeny01\/images\/kamera-dioda_thumbnail.jpg\" alt=\"\" width=\"136\" height=\"204\" \/><\/a><\/td>\n<td class=\"normal\" align=\"leftt\">Dioda mierz\u0105ca nat\u0119\u017cenie \u015bwiat\u0142a i kamera wmontowane w uk\u0142ad mikroskopowy<\/td>\n<\/tr>\n<tr>\n<td class=\"normal\" align=\"right\">Konsola karty pomiarowej UIB. Wida\u0107 cztery wej\u015bcia analogowe (przetwornik ADC z multiplekserem)<\/td>\n<td class=\"normal\" align=\"left\"><img loading=\"lazy\" decoding=\"async\" src=\"http:\/\/labfiz.uwb.edu.pl\/exp\/domeny01\/images\/konsola-uib.jpg\" alt=\"\" width=\"320\" height=\"240\" \/><\/td>\n<\/tr>\n<\/tbody>\n<\/table>\n<p><\/center><\/p>\n","protected":false},"excerpt":{"rendered":"<p>Pomiar nat\u0119\u017cenia \u015bwiat\u0142a w naszym uk\u0142adzie odbywa si\u0119 poprzez fotodiod\u0119 wmontowan\u0105 w mikroskop. Wzmocniony sygna\u0142 trafia do komputera za po\u015brednictwem karty UIB, kt\u00f3ra posiada 12-to bitowy przetwornik ADC. Sam sygna\u0142 jest mierzony N krotnie gdzie N jest liczb\u0105 zadan\u0105 przez eksperymentatora Internaut\u0119. takie post\u0119powanie ma na celu u\u015brednienie sygna\u0142u oraz wyliczenie b\u0142edu jako \u015bredniego odchylenia [&hellip;]<\/p>\n","protected":false},"author":1,"featured_media":0,"parent":179,"menu_order":30,"comment_status":"closed","ping_status":"closed","template":"","meta":{"ngg_post_thumbnail":0,"footnotes":""},"categories":[13],"tags":[],"class_list":["post-280","page","type-page","status-publish","hentry","category-opisy","post"],"_links":{"self":[{"href":"http:\/\/labfiz.uwb.edu.pl\/lab\/magmicroscope\/index.php?rest_route=\/wp\/v2\/pages\/280","targetHints":{"allow":["GET"]}}],"collection":[{"href":"http:\/\/labfiz.uwb.edu.pl\/lab\/magmicroscope\/index.php?rest_route=\/wp\/v2\/pages"}],"about":[{"href":"http:\/\/labfiz.uwb.edu.pl\/lab\/magmicroscope\/index.php?rest_route=\/wp\/v2\/types\/page"}],"author":[{"embeddable":true,"href":"http:\/\/labfiz.uwb.edu.pl\/lab\/magmicroscope\/index.php?rest_route=\/wp\/v2\/users\/1"}],"replies":[{"embeddable":true,"href":"http:\/\/labfiz.uwb.edu.pl\/lab\/magmicroscope\/index.php?rest_route=%2Fwp%2Fv2%2Fcomments&post=280"}],"version-history":[{"count":1,"href":"http:\/\/labfiz.uwb.edu.pl\/lab\/magmicroscope\/index.php?rest_route=\/wp\/v2\/pages\/280\/revisions"}],"predecessor-version":[{"id":281,"href":"http:\/\/labfiz.uwb.edu.pl\/lab\/magmicroscope\/index.php?rest_route=\/wp\/v2\/pages\/280\/revisions\/281"}],"up":[{"embeddable":true,"href":"http:\/\/labfiz.uwb.edu.pl\/lab\/magmicroscope\/index.php?rest_route=\/wp\/v2\/pages\/179"}],"wp:attachment":[{"href":"http:\/\/labfiz.uwb.edu.pl\/lab\/magmicroscope\/index.php?rest_route=%2Fwp%2Fv2%2Fmedia&parent=280"}],"wp:term":[{"taxonomy":"category","embeddable":true,"href":"http:\/\/labfiz.uwb.edu.pl\/lab\/magmicroscope\/index.php?rest_route=%2Fwp%2Fv2%2Fcategories&post=280"},{"taxonomy":"post_tag","embeddable":true,"href":"http:\/\/labfiz.uwb.edu.pl\/lab\/magmicroscope\/index.php?rest_route=%2Fwp%2Fv2%2Ftags&post=280"}],"curies":[{"name":"wp","href":"https:\/\/api.w.org\/{rel}","templated":true}]}}