{"id":278,"date":"2016-01-31T00:26:46","date_gmt":"2016-01-31T00:26:46","guid":{"rendered":"http:\/\/labfiz.uwb.edu.pl\/lab\/magmicroscope\/?page_id=278"},"modified":"2016-01-31T00:26:46","modified_gmt":"2016-01-31T00:26:46","slug":"sterowanie-polozeniem-polaryzatora","status":"publish","type":"page","link":"http:\/\/labfiz.uwb.edu.pl\/lab\/magmicroscope\/?page_id=278&lang=pl","title":{"rendered":"Sterowanie po\u0142o\u017ceniem polaryzatora"},"content":{"rendered":"<p class=\"normal\">Sterowanie po\u0142o\u017ceniem polaryzatora odbywa si\u0119 za po\u015brednictwem silnika krokowego zaopatrzonego w odpowiedniedni sterownik umo\u017cliwiaj\u0105cy poprzez dwa cyfrowe wej\u015bcia kierowanie zar\u00f3wno kierunkiem obrotu jak i taktowaniem kroku. Wej\u015bcia te s\u0105 pod\u0142\u0105czone do wyj\u015b\u0107 cyfrowych konsoli LPT co umo\u017cliwia sterowanie silnikiem z wykorzystaniem komputera. Silnik ma do osi przymocowan\u0105 z\u0119batk\u0119 kt\u00f3ra przenosi obr\u00f3t na drug\u0105 &#8211; siostrzan\u0105 w kt\u00f3rej umocowany jest polaryzator. Jedenemu skokowi silnika odpowiada obr\u00f3t o 1.8 stopnia czyli pe\u0142en obr\u00f3t wykonywany jest w czasie 200 -tu krok\u00f3w. Ze stron WWW k\u0105t okre\u015blany jest w stopniach (nie krokach), a skrypt CGI zamienia t\u0105 wielko\u015b\u0107 na ilo\u015b\u0107 krok\u00f3w wyliczaj\u0105c ca\u0142kowit\u0105 liczb\u0119 krok\u00f3w w podanym k\u0105cie. W uk\u0142ad obrotowy polaryzatora jest wbudowany kontraktron kt\u00f3ry umo\u017cliwia precyzyjne ustawienie po\u0142o\u017cenia pocz\u0105tkowego polaryzatora (zerowanie).<\/p>\n<p><center><\/p>\n<table>\n<tbody>\n<tr>\n<td class=\"normal\" align=\"right\"><img decoding=\"async\" src=\"http:\/\/labfiz.uwb.edu.pl\/exp\/domeny01\/images\/konsola-dac.jpg\" alt=\"Konsola LPT\" \/><\/td>\n<td class=\"normal\" align=\"left\">Konsola LPT z mo\u017cliwo\u015bci\u0105 sterowania cyfrowym (zero &#8211; jedynkowym ) wyj\u015bciem. Umozliwia to pod\u0142\u0105czenie sterownika silnika krokowego do komputera.<\/td>\n<\/tr>\n<tr>\n<td class=\"normal\" align=\"right\">Sterownik silnika krokowego. Na zdj\u0119ciu wej\u015bcie do okre\u015blania kierunku ruchu i &#8222;taktowania&#8221; skoku silnika<\/td>\n<td class=\"normal\" align=\"left\"><img decoding=\"async\" src=\"http:\/\/labfiz.uwb.edu.pl\/exp\/domeny01\/images\/sterownik.jpg\" alt=\"Sterownik do silnika krokowego\" \/><\/td>\n<\/tr>\n<tr>\n<td class=\"normal\" align=\"right\"><img decoding=\"async\" src=\"http:\/\/labfiz.uwb.edu.pl\/exp\/domeny01\/images\/silnik.jpg\" alt=\" Silnik krokowy wraz z polaryzatorem\" \/><\/td>\n<td class=\"normal\" align=\"left\">Uk\u0142ad silnika krokowego obracaj\u0105cego polaryzatorem.<\/td>\n<\/tr>\n<\/tbody>\n<\/table>\n<p><\/center><\/p>\n","protected":false},"excerpt":{"rendered":"<p>Sterowanie po\u0142o\u017ceniem polaryzatora odbywa si\u0119 za po\u015brednictwem silnika krokowego zaopatrzonego w odpowiedniedni sterownik umo\u017cliwiaj\u0105cy poprzez dwa cyfrowe wej\u015bcia kierowanie zar\u00f3wno kierunkiem obrotu jak i taktowaniem kroku. Wej\u015bcia te s\u0105 pod\u0142\u0105czone do wyj\u015b\u0107 cyfrowych konsoli LPT co umo\u017cliwia sterowanie silnikiem z wykorzystaniem komputera. Silnik ma do osi przymocowan\u0105 z\u0119batk\u0119 kt\u00f3ra przenosi obr\u00f3t na drug\u0105 &#8211; siostrzan\u0105 [&hellip;]<\/p>\n","protected":false},"author":1,"featured_media":0,"parent":179,"menu_order":20,"comment_status":"closed","ping_status":"closed","template":"","meta":{"ngg_post_thumbnail":0,"footnotes":""},"categories":[],"tags":[],"class_list":["post-278","page","type-page","status-publish","hentry","post"],"_links":{"self":[{"href":"http:\/\/labfiz.uwb.edu.pl\/lab\/magmicroscope\/index.php?rest_route=\/wp\/v2\/pages\/278","targetHints":{"allow":["GET"]}}],"collection":[{"href":"http:\/\/labfiz.uwb.edu.pl\/lab\/magmicroscope\/index.php?rest_route=\/wp\/v2\/pages"}],"about":[{"href":"http:\/\/labfiz.uwb.edu.pl\/lab\/magmicroscope\/index.php?rest_route=\/wp\/v2\/types\/page"}],"author":[{"embeddable":true,"href":"http:\/\/labfiz.uwb.edu.pl\/lab\/magmicroscope\/index.php?rest_route=\/wp\/v2\/users\/1"}],"replies":[{"embeddable":true,"href":"http:\/\/labfiz.uwb.edu.pl\/lab\/magmicroscope\/index.php?rest_route=%2Fwp%2Fv2%2Fcomments&post=278"}],"version-history":[{"count":1,"href":"http:\/\/labfiz.uwb.edu.pl\/lab\/magmicroscope\/index.php?rest_route=\/wp\/v2\/pages\/278\/revisions"}],"predecessor-version":[{"id":279,"href":"http:\/\/labfiz.uwb.edu.pl\/lab\/magmicroscope\/index.php?rest_route=\/wp\/v2\/pages\/278\/revisions\/279"}],"up":[{"embeddable":true,"href":"http:\/\/labfiz.uwb.edu.pl\/lab\/magmicroscope\/index.php?rest_route=\/wp\/v2\/pages\/179"}],"wp:attachment":[{"href":"http:\/\/labfiz.uwb.edu.pl\/lab\/magmicroscope\/index.php?rest_route=%2Fwp%2Fv2%2Fmedia&parent=278"}],"wp:term":[{"taxonomy":"category","embeddable":true,"href":"http:\/\/labfiz.uwb.edu.pl\/lab\/magmicroscope\/index.php?rest_route=%2Fwp%2Fv2%2Fcategories&post=278"},{"taxonomy":"post_tag","embeddable":true,"href":"http:\/\/labfiz.uwb.edu.pl\/lab\/magmicroscope\/index.php?rest_route=%2Fwp%2Fv2%2Ftags&post=278"}],"curies":[{"name":"wp","href":"https:\/\/api.w.org\/{rel}","templated":true}]}}