{"id":276,"date":"2016-01-31T00:25:38","date_gmt":"2016-01-31T00:25:38","guid":{"rendered":"http:\/\/labfiz.uwb.edu.pl\/lab\/magmicroscope\/?page_id=276"},"modified":"2016-01-31T00:25:38","modified_gmt":"2016-01-31T00:25:38","slug":"sterowanie-polem-magnetycznym","status":"publish","type":"page","link":"http:\/\/labfiz.uwb.edu.pl\/lab\/magmicroscope\/?page_id=276&lang=pl","title":{"rendered":"Sterowanie polem magnetycznym"},"content":{"rendered":"<p>Sterowanie nat\u0119\u017ceniem pola magnetycznego w naszym uk\u0142adzie odbywa si\u0119 za po\u015brednictwem konsoli steruj\u0105cej, kt\u00f3rej budowa i przesy\u0142anie danych oparte s\u0105 na z\u0142aczu LPT. Umo\u017cliwia ona sterownanie dwoma 8 &#8211; io bitowymi kana\u0142ami (256 poziom\u00f3w) analogowymi w zakresie napi\u0119\u0107 +\/- 5V. Jest to mo\u017cliwe dzi\u0119ki dw\u00f3m przetwornikom DAC (Digital to Analog Converter) wbudowanym w konsol\u0119. Wyj\u015bcie jednego z nich jest pod\u0142\u0105czone poprzez dzielnik napi\u0119cia do dw\u00f3ch sterowanych napi\u0119ciem, szeregowo po\u0142\u0105czonych zasilaczy pr\u0105du sta\u0142ego. Zadaniem dzielnika napi\u0119cia jest umo\u017cliwienie wykorzystania pe\u0142nego zakresu zmian napi\u0119\u0107 (+\/- 5V) na wyj\u015bciu konsoli LPT tak by by\u0142o mo\u017cliwe sterowanie polem magnetycznym w potrzebnym nam zakresie, a jednocze\u015bnie wykorzystanie wszystkich 256 poziom\u00f3w przetwornika w zakresie roboczym zasilaczy. Cewka ma mo\u017cliwo\u015b\u0107 wytwarzania pola prostopad\u0142ego do pr\u00f3bki w zakresie +\/- 6000 [A\/m].<\/p>\n<p><center><\/p>\n<table width=\"450\">\n<tbody>\n<tr>\n<td class=\"normal\" align=\"right\"><img decoding=\"async\" src=\"http:\/\/labfiz.uwb.edu.pl\/exp\/domeny01\/images\/konsola-dac.jpg\" alt=\"\" \/><\/td>\n<td class=\"normal\" align=\"left\">Konsola LPT. Wyj\u015bcie analogowe (dolny prawy r\u00f3g) jest pod\u0142aczone fo dzielnika napi\u0119cia.<\/td>\n<\/tr>\n<tr>\n<td class=\"normal\" align=\"right\">Dzielnik napi\u0119cia<\/td>\n<td class=\"normal\" align=\"left\"><img decoding=\"async\" src=\"http:\/\/labfiz.uwb.edu.pl\/exp\/domeny01\/images\/dzielnik.jpg\" alt=\"\" \/><\/td>\n<\/tr>\n<tr>\n<td class=\"normal\" align=\"right\"><img loading=\"lazy\" decoding=\"async\" src=\"http:\/\/labfiz.uwb.edu.pl\/exp\/domeny01\/images\/zasilacze.jpg\" alt=\"\" width=\"244\" height=\"319\" \/><\/td>\n<td class=\"normal\" align=\"left\">Sterowane napi\u0119ciem zasilacze cewki wytwarzajacej pole prostopad\u0142e do powierzchni pr\u00f3bki.<\/td>\n<\/tr>\n<tr>\n<td class=\"normal\" align=\"right\">Cewka wytwarzajaca pole prostopad\u0142e do powierzchni pr\u00f3bki.<\/td>\n<td class=\"normal\" align=\"left\"><img loading=\"lazy\" decoding=\"async\" src=\"http:\/\/labfiz.uwb.edu.pl\/exp\/domeny01\/images\/cewka.jpg\" alt=\"\" width=\"318\" height=\"213\" \/><\/td>\n<\/tr>\n<\/tbody>\n<\/table>\n<p><\/center><\/p>\n","protected":false},"excerpt":{"rendered":"<p>Sterowanie nat\u0119\u017ceniem pola magnetycznego w naszym uk\u0142adzie odbywa si\u0119 za po\u015brednictwem konsoli steruj\u0105cej, kt\u00f3rej budowa i przesy\u0142anie danych oparte s\u0105 na z\u0142aczu LPT. Umo\u017cliwia ona sterownanie dwoma 8 &#8211; io bitowymi kana\u0142ami (256 poziom\u00f3w) analogowymi w zakresie napi\u0119\u0107 +\/- 5V. Jest to mo\u017cliwe dzi\u0119ki dw\u00f3m przetwornikom DAC (Digital to Analog Converter) wbudowanym w konsol\u0119. Wyj\u015bcie [&hellip;]<\/p>\n","protected":false},"author":1,"featured_media":0,"parent":179,"menu_order":10,"comment_status":"closed","ping_status":"closed","template":"","meta":{"ngg_post_thumbnail":0,"footnotes":""},"categories":[],"tags":[],"class_list":["post-276","page","type-page","status-publish","hentry","post"],"_links":{"self":[{"href":"http:\/\/labfiz.uwb.edu.pl\/lab\/magmicroscope\/index.php?rest_route=\/wp\/v2\/pages\/276","targetHints":{"allow":["GET"]}}],"collection":[{"href":"http:\/\/labfiz.uwb.edu.pl\/lab\/magmicroscope\/index.php?rest_route=\/wp\/v2\/pages"}],"about":[{"href":"http:\/\/labfiz.uwb.edu.pl\/lab\/magmicroscope\/index.php?rest_route=\/wp\/v2\/types\/page"}],"author":[{"embeddable":true,"href":"http:\/\/labfiz.uwb.edu.pl\/lab\/magmicroscope\/index.php?rest_route=\/wp\/v2\/users\/1"}],"replies":[{"embeddable":true,"href":"http:\/\/labfiz.uwb.edu.pl\/lab\/magmicroscope\/index.php?rest_route=%2Fwp%2Fv2%2Fcomments&post=276"}],"version-history":[{"count":1,"href":"http:\/\/labfiz.uwb.edu.pl\/lab\/magmicroscope\/index.php?rest_route=\/wp\/v2\/pages\/276\/revisions"}],"predecessor-version":[{"id":277,"href":"http:\/\/labfiz.uwb.edu.pl\/lab\/magmicroscope\/index.php?rest_route=\/wp\/v2\/pages\/276\/revisions\/277"}],"up":[{"embeddable":true,"href":"http:\/\/labfiz.uwb.edu.pl\/lab\/magmicroscope\/index.php?rest_route=\/wp\/v2\/pages\/179"}],"wp:attachment":[{"href":"http:\/\/labfiz.uwb.edu.pl\/lab\/magmicroscope\/index.php?rest_route=%2Fwp%2Fv2%2Fmedia&parent=276"}],"wp:term":[{"taxonomy":"category","embeddable":true,"href":"http:\/\/labfiz.uwb.edu.pl\/lab\/magmicroscope\/index.php?rest_route=%2Fwp%2Fv2%2Fcategories&post=276"},{"taxonomy":"post_tag","embeddable":true,"href":"http:\/\/labfiz.uwb.edu.pl\/lab\/magmicroscope\/index.php?rest_route=%2Fwp%2Fv2%2Ftags&post=276"}],"curies":[{"name":"wp","href":"https:\/\/api.w.org\/{rel}","templated":true}]}}