{"id":217,"date":"2015-12-18T12:33:05","date_gmt":"2015-12-18T12:33:05","guid":{"rendered":"http:\/\/labfiz.uwb.edu.pl\/lab\/magmicroscope\/?page_id=217"},"modified":"2016-01-31T00:10:17","modified_gmt":"2016-01-31T00:10:17","slug":"dodatki","status":"publish","type":"page","link":"http:\/\/labfiz.uwb.edu.pl\/lab\/magmicroscope\/?page_id=217&lang=pl","title":{"rendered":"Dodatki"},"content":{"rendered":"\n<!-- Page-list plugin v.5.9 wordpress.org\/plugins\/page-list\/ -->\n<div class=\"page-list page-list-ext page-list-cols-2\">\n<div class=\"page-list-ext-item\"><div class=\"page-list-ext-image\"><a href=\"http:\/\/labfiz.uwb.edu.pl\/lab\/magmicroscope\/?page_id=238&lang=pl\" title=\"GNUPlot a sprawa wyniku\"><img decoding=\"async\" src=\"http:\/\/labfiz.uwb.edu.pl\/lab\/magmicroscope\/wp-content\/uploads\/sites\/2\/2016\/01\/wynik_malus-150x113.png\" width=\"150\" alt=\"GNUPlot a sprawa wyniku\" \/><\/a><\/div> <h3 class=\"page-list-ext-title\"><a href=\"http:\/\/labfiz.uwb.edu.pl\/lab\/magmicroscope\/?page_id=238&lang=pl\" title=\"GNUPlot a sprawa wyniku\">GNUPlot a sprawa wyniku<\/a><\/h3><div class=\"page-list-ext-item-content\">Program GNUPlot (http:\/\/www.gnuplot.info ) wykorzystywany jest na dwa sposoby.\r\n\r\nPo Pierwsze. \r\n\r\nWizualizacja wynik\u00f3w\u00a0pomiarowych w postaci wykres\u00f3w \u00a0odbywa si\u0119 poprzez wywo\u0142anie skrypt\u00f3w GNUPlota. Rozwi\u0105zanie\u00a0to mo\u017cliwe jest poprzez \u00a0wywo\u0142ywania z poziomu P...<\/div><\/div>\n<div class=\"page-list-ext-item\"><h3 class=\"page-list-ext-title\"><a href=\"http:\/\/labfiz.uwb.edu.pl\/lab\/magmicroscope\/?page_id=259&lang=pl\" title=\"Wzory i programy pomocne w analizie zmienno\u015bci domen\">Wzory i programy pomocne w analizie zmienno\u015bci domen<\/a><\/h3><div class=\"page-list-ext-item-content\">Opis dost\u0119pny w formie pliku Notatnika programu Mathematica  oraz CDF ( Computable Document Format )\r\n\r\n\tsymulacja-domeny-v1.cdf  \r\n\tsymulacja-domeny-v1.nb  \r\n \r\nCzytnik CDF do pobrania ze strony:\u00a0http:\/\/www.wolfram.com\/cdf\/ \r\n\r\nWzory i programy pomocne w...<\/div><\/div>\n<div class=\"page-list-ext-item\"><div class=\"page-list-ext-image\"><a href=\"http:\/\/labfiz.uwb.edu.pl\/lab\/magmicroscope\/?page_id=267&lang=pl\" title=\"S\u0142ownik -wersja angloj\u0119zyczna\"><img decoding=\"async\" src=\"http:\/\/labfiz.uwb.edu.pl\/exp\/domeny01\/nowe\/img\/img_vocabluary\/image002.gif\" width=\"150\" alt=\"S\u0142ownik -wersja angloj\u0119zyczna\" \/><\/a><\/div> <h3 class=\"page-list-ext-title\"><a href=\"http:\/\/labfiz.uwb.edu.pl\/lab\/magmicroscope\/?page_id=267&lang=pl\" title=\"S\u0142ownik -wersja angloj\u0119zyczna\">S\u0142ownik -wersja angloj\u0119zyczna<\/a><\/h3><div class=\"page-list-ext-item-content\">List of symbols: \r\nA  - the exchange constant.\r\nD+   and D-   - the sizes of domains magnetized along and opposite the magnetic field, respectively.\r\np - the period of domain structure.\r\n\u03c3  - the surface density of the domain wall energy.\r\nM S  - the ...<\/div><\/div>\n\n<\/div>\n<p>&nbsp;<\/p>\n","protected":false},"excerpt":{"rendered":"<p>&nbsp;<\/p>\n","protected":false},"author":1,"featured_media":222,"parent":34,"menu_order":40,"comment_status":"closed","ping_status":"closed","template":"","meta":{"ngg_post_thumbnail":0,"footnotes":""},"categories":[13],"tags":[],"class_list":["post-217","page","type-page","status-publish","has-post-thumbnail","hentry","category-opisy","post","post-with-thumbnail","post-with-thumbnail-large"],"_links":{"self":[{"href":"http:\/\/labfiz.uwb.edu.pl\/lab\/magmicroscope\/index.php?rest_route=\/wp\/v2\/pages\/217","targetHints":{"allow":["GET"]}}],"collection":[{"href":"http:\/\/labfiz.uwb.edu.pl\/lab\/magmicroscope\/index.php?rest_route=\/wp\/v2\/pages"}],"about":[{"href":"http:\/\/labfiz.uwb.edu.pl\/lab\/magmicroscope\/index.php?rest_route=\/wp\/v2\/types\/page"}],"author":[{"embeddable":true,"href":"http:\/\/labfiz.uwb.edu.pl\/lab\/magmicroscope\/index.php?rest_route=\/wp\/v2\/users\/1"}],"replies":[{"embeddable":true,"href":"http:\/\/labfiz.uwb.edu.pl\/lab\/magmicroscope\/index.php?rest_route=%2Fwp%2Fv2%2Fcomments&post=217"}],"version-history":[{"count":7,"href":"http:\/\/labfiz.uwb.edu.pl\/lab\/magmicroscope\/index.php?rest_route=\/wp\/v2\/pages\/217\/revisions"}],"predecessor-version":[{"id":269,"href":"http:\/\/labfiz.uwb.edu.pl\/lab\/magmicroscope\/index.php?rest_route=\/wp\/v2\/pages\/217\/revisions\/269"}],"up":[{"embeddable":true,"href":"http:\/\/labfiz.uwb.edu.pl\/lab\/magmicroscope\/index.php?rest_route=\/wp\/v2\/pages\/34"}],"wp:featuredmedia":[{"embeddable":true,"href":"http:\/\/labfiz.uwb.edu.pl\/lab\/magmicroscope\/index.php?rest_route=\/wp\/v2\/media\/222"}],"wp:attachment":[{"href":"http:\/\/labfiz.uwb.edu.pl\/lab\/magmicroscope\/index.php?rest_route=%2Fwp%2Fv2%2Fmedia&parent=217"}],"wp:term":[{"taxonomy":"category","embeddable":true,"href":"http:\/\/labfiz.uwb.edu.pl\/lab\/magmicroscope\/index.php?rest_route=%2Fwp%2Fv2%2Fcategories&post=217"},{"taxonomy":"post_tag","embeddable":true,"href":"http:\/\/labfiz.uwb.edu.pl\/lab\/magmicroscope\/index.php?rest_route=%2Fwp%2Fv2%2Ftags&post=217"}],"curies":[{"name":"wp","href":"https:\/\/api.w.org\/{rel}","templated":true}]}}