{"id":215,"date":"2015-12-18T12:31:49","date_gmt":"2015-12-18T12:31:49","guid":{"rendered":"http:\/\/labfiz.uwb.edu.pl\/lab\/magmicroscope\/?page_id=215"},"modified":"2016-01-31T01:23:22","modified_gmt":"2016-01-31T01:23:22","slug":"opisy-eksperymentow","status":"publish","type":"page","link":"http:\/\/labfiz.uwb.edu.pl\/lab\/magmicroscope\/?page_id=215&lang=pl","title":{"rendered":"Opisy uk\u0142adu pomiarowego i eksperyment\u00f3w"},"content":{"rendered":"\n<!-- Page-list plugin v.5.9 wordpress.org\/plugins\/page-list\/ -->\n<div class=\"page-list page-list-ext page-list-cols-2\">\n<div class=\"page-list-ext-item\"><div class=\"page-list-ext-image\"><a href=\"http:\/\/labfiz.uwb.edu.pl\/lab\/magmicroscope\/?page_id=179&lang=pl\" title=\"Uk\u0142ad pomiarowy\"><img decoding=\"async\" src=\"http:\/\/labfiz.uwb.edu.pl\/exp\/domeny01\/images\/schemat-internet-01.gif\" width=\"150\" alt=\"Uk\u0142ad pomiarowy\" \/><\/a><\/div> <h3 class=\"page-list-ext-title\"><a href=\"http:\/\/labfiz.uwb.edu.pl\/lab\/magmicroscope\/?page_id=179&lang=pl\" title=\"Uk\u0142ad pomiarowy\">Uk\u0142ad pomiarowy<\/a><\/h3><div class=\"page-list-ext-item-content\">Wykonanie do\u015bwiadczenia na odleg\u0142o\u015b\u0107 z wykorzystaniem Internetu wymaga\u0142o zbudowania odpowiedniego uk\u0142adu pomiarowego kt\u00f3rego dzia\u0142anie umo\u017cliwia Internautom przeprowadzenie pomiar\u00f3w przy u\u017cyciu dowolnej przegl\u0105darki stron WWW. Schematycznie uk\u0142ad taki ...<\/div><\/div>\n<div class=\"page-list-ext-item\"><div class=\"page-list-ext-image\"><a href=\"http:\/\/labfiz.uwb.edu.pl\/lab\/magmicroscope\/?page_id=276&lang=pl\" title=\"Sterowanie polem magnetycznym\"><img decoding=\"async\" src=\"http:\/\/labfiz.uwb.edu.pl\/exp\/domeny01\/images\/konsola-dac.jpg\" width=\"150\" alt=\"Sterowanie polem magnetycznym\" \/><\/a><\/div> <h3 class=\"page-list-ext-title\"><a href=\"http:\/\/labfiz.uwb.edu.pl\/lab\/magmicroscope\/?page_id=276&lang=pl\" title=\"Sterowanie polem magnetycznym\">Sterowanie polem magnetycznym<\/a><\/h3><div class=\"page-list-ext-item-content\">Sterowanie nat\u0119\u017ceniem pola magnetycznego w naszym uk\u0142adzie odbywa si\u0119 za po\u015brednictwem konsoli steruj\u0105cej, kt\u00f3rej budowa i przesy\u0142anie danych oparte s\u0105 na z\u0142aczu LPT. Umo\u017cliwia ona sterownanie dwoma 8 - io bitowymi kana\u0142ami (256 poziom\u00f3w) analogowymi ...<\/div><\/div>\n<div class=\"page-list-ext-item\"><div class=\"page-list-ext-image\"><a href=\"http:\/\/labfiz.uwb.edu.pl\/lab\/magmicroscope\/?page_id=278&lang=pl\" title=\"Sterowanie po\u0142o\u017ceniem polaryzatora\"><img decoding=\"async\" src=\"http:\/\/labfiz.uwb.edu.pl\/exp\/domeny01\/images\/konsola-dac.jpg\" width=\"150\" alt=\"Sterowanie po\u0142o\u017ceniem polaryzatora\" \/><\/a><\/div> <h3 class=\"page-list-ext-title\"><a href=\"http:\/\/labfiz.uwb.edu.pl\/lab\/magmicroscope\/?page_id=278&lang=pl\" title=\"Sterowanie po\u0142o\u017ceniem polaryzatora\">Sterowanie po\u0142o\u017ceniem polaryzatora<\/a><\/h3><div class=\"page-list-ext-item-content\">Sterowanie po\u0142o\u017ceniem polaryzatora odbywa si\u0119 za po\u015brednictwem silnika krokowego zaopatrzonego w odpowiedniedni sterownik umo\u017cliwiaj\u0105cy poprzez dwa cyfrowe wej\u015bcia kierowanie zar\u00f3wno kierunkiem obrotu jak i taktowaniem kroku. Wej\u015bcia te s\u0105 pod\u0142\u0105czone do wyj\u015b\u0107 cy...<\/div><\/div>\n<div class=\"page-list-ext-item\"><div class=\"page-list-ext-image\"><a href=\"http:\/\/labfiz.uwb.edu.pl\/lab\/magmicroscope\/?page_id=280&lang=pl\" title=\"Pomiar nat\u0119\u017cenia \u015bwiat\u0142a\"><img decoding=\"async\" src=\"http:\/\/labfiz.uwb.edu.pl\/exp\/domeny01\/images\/kamera-dioda_thumbnail.jpg\" width=\"150\" alt=\"Pomiar nat\u0119\u017cenia \u015bwiat\u0142a\" \/><\/a><\/div> <h3 class=\"page-list-ext-title\"><a href=\"http:\/\/labfiz.uwb.edu.pl\/lab\/magmicroscope\/?page_id=280&lang=pl\" title=\"Pomiar nat\u0119\u017cenia \u015bwiat\u0142a\">Pomiar nat\u0119\u017cenia \u015bwiat\u0142a<\/a><\/h3><div class=\"page-list-ext-item-content\">Pomiar nat\u0119\u017cenia \u015bwiat\u0142a w naszym uk\u0142adzie odbywa si\u0119 poprzez fotodiod\u0119 wmontowan\u0105 w mikroskop. Wzmocniony sygna\u0142 trafia do komputera za po\u015brednictwem karty UIB , kt\u00f3ra posiada 12-to bitowy przetwornik ADC. Sam sygna\u0142 jest mierzony N  krotnie gdzie N  je...<\/div><\/div>\n<div class=\"page-list-ext-item\"><div class=\"page-list-ext-image\"><a href=\"http:\/\/labfiz.uwb.edu.pl\/lab\/magmicroscope\/?page_id=271&lang=pl\" title=\"Pomiar nat\u0119\u017cenia \u015bwiat\u0142a w funkcji k\u0105ta rozkrzy\u017cowania polaryzator\u00f3w i nat\u0119\u017cenia pola magnetycznego\"><img decoding=\"async\" src=\"http:\/\/labfiz.uwb.edu.pl\/exp\/domeny01\/images\/pomiar-d1.png\" width=\"150\" alt=\"Pomiar nat\u0119\u017cenia \u015bwiat\u0142a w funkcji k\u0105ta rozkrzy\u017cowania polaryzator\u00f3w i nat\u0119\u017cenia pola magnetycznego\" \/><\/a><\/div> <h3 class=\"page-list-ext-title\"><a href=\"http:\/\/labfiz.uwb.edu.pl\/lab\/magmicroscope\/?page_id=271&lang=pl\" title=\"Pomiar nat\u0119\u017cenia \u015bwiat\u0142a w funkcji k\u0105ta rozkrzy\u017cowania polaryzator\u00f3w i nat\u0119\u017cenia pola magnetycznego\">Pomiar nat\u0119\u017cenia \u015bwiat\u0142a w funkcji k\u0105ta rozkrzy\u017cowania polaryzator\u00f3w i nat\u0119\u017cenia pola magnetycznego<\/a><\/h3><div class=\"page-list-ext-item-content\">Opis dzia\u0142ania programu steruj\u0105cego uk\u0142adem pomiarowym  \r\n\r\nDo\u015bwiadczenie 1:   \r\n\r\nPomiar nat\u0119\u017cenia \u015bwiat\u0142a w funkcji k\u0105ta rozkrzy\u017cowania polaryzator\u00f3w i nat\u0119\u017cenia pola magnetycznego \r\n\r\nFizyka \r\nCelem do\u015bwiadczenia jest pomiar nat\u0119\u017cenia \u015bwiat\u0142a I  w fu...<\/div><\/div>\n<div class=\"page-list-ext-item\"><div class=\"page-list-ext-image\"><a href=\"http:\/\/labfiz.uwb.edu.pl\/lab\/magmicroscope\/?page_id=282&lang=pl\" title=\"Zdj\u0119cie krzywej magnesowania (histerezy)\"><img decoding=\"async\" src=\"http:\/\/labfiz.uwb.edu.pl\/exp\/domeny01\/images\/pomiar-d2.png\" width=\"150\" alt=\"Zdj\u0119cie krzywej magnesowania (histerezy)\" \/><\/a><\/div> <h3 class=\"page-list-ext-title\"><a href=\"http:\/\/labfiz.uwb.edu.pl\/lab\/magmicroscope\/?page_id=282&lang=pl\" title=\"Zdj\u0119cie krzywej magnesowania (histerezy)\">Zdj\u0119cie krzywej magnesowania (histerezy)<\/a><\/h3><div class=\"page-list-ext-item-content\">Opis dzia\u0142ania programu steruj\u0105cego uk\u0142adem pomiarowym \r\nDo\u015bwiadczenie 2:  Zdj\u0119cie krzywej magnesowania (histerezy)  \r\nFizyka  - Programy steruj\u0105ce  - Zadania pomiarowe  - Uruchom  - B\u0142edy   \r\n Fizyka:  \r\n Celem tego do\u015bwiadczenia jest pomiar znormal...<\/div><\/div>\n<div class=\"page-list-ext-item\"><div class=\"page-list-ext-image\"><a href=\"http:\/\/labfiz.uwb.edu.pl\/lab\/magmicroscope\/?page_id=283&lang=pl\" title=\"Rejestracja obraz\u00f3w struktur domenowych\"><img decoding=\"async\" src=\"http:\/\/labfiz.uwb.edu.pl\/exp\/domeny01\/images\/obraz-10.8+3000.th.jpg\" width=\"150\" alt=\"Rejestracja obraz\u00f3w struktur domenowych\" \/><\/a><\/div> <h3 class=\"page-list-ext-title\"><a href=\"http:\/\/labfiz.uwb.edu.pl\/lab\/magmicroscope\/?page_id=283&lang=pl\" title=\"Rejestracja obraz\u00f3w struktur domenowych\">Rejestracja obraz\u00f3w struktur domenowych<\/a><\/h3><div class=\"page-list-ext-item-content\">Opis dzia\u0142ania programu steruj\u0105cego uk\u0142adem pomiarowym \r\nDo\u015bwiadczenie 3:  Rejestracja obraz\u00f3w struktur domenowych  \r\nFizyka  - Programy steruj\u0105ce  - Zadania pomiarowe  - Uruchom  - B\u0142edy  \r\n Fizyka:  \r\n Celem tego do\u015bwiadczenia jest rejestracja struktu...<\/div><\/div>\n\n<\/div>\n","protected":false},"excerpt":{"rendered":"","protected":false},"author":1,"featured_media":204,"parent":34,"menu_order":30,"comment_status":"closed","ping_status":"closed","template":"","meta":{"ngg_post_thumbnail":0,"footnotes":""},"categories":[13],"tags":[],"class_list":["post-215","page","type-page","status-publish","has-post-thumbnail","hentry","category-opisy","post","post-with-thumbnail","post-with-thumbnail-large"],"_links":{"self":[{"href":"http:\/\/labfiz.uwb.edu.pl\/lab\/magmicroscope\/index.php?rest_route=\/wp\/v2\/pages\/215","targetHints":{"allow":["GET"]}}],"collection":[{"href":"http:\/\/labfiz.uwb.edu.pl\/lab\/magmicroscope\/index.php?rest_route=\/wp\/v2\/pages"}],"about":[{"href":"http:\/\/labfiz.uwb.edu.pl\/lab\/magmicroscope\/index.php?rest_route=\/wp\/v2\/types\/page"}],"author":[{"embeddable":true,"href":"http:\/\/labfiz.uwb.edu.pl\/lab\/magmicroscope\/index.php?rest_route=\/wp\/v2\/users\/1"}],"replies":[{"embeddable":true,"href":"http:\/\/labfiz.uwb.edu.pl\/lab\/magmicroscope\/index.php?rest_route=%2Fwp%2Fv2%2Fcomments&post=215"}],"version-history":[{"count":8,"href":"http:\/\/labfiz.uwb.edu.pl\/lab\/magmicroscope\/index.php?rest_route=\/wp\/v2\/pages\/215\/revisions"}],"predecessor-version":[{"id":294,"href":"http:\/\/labfiz.uwb.edu.pl\/lab\/magmicroscope\/index.php?rest_route=\/wp\/v2\/pages\/215\/revisions\/294"}],"up":[{"embeddable":true,"href":"http:\/\/labfiz.uwb.edu.pl\/lab\/magmicroscope\/index.php?rest_route=\/wp\/v2\/pages\/34"}],"wp:featuredmedia":[{"embeddable":true,"href":"http:\/\/labfiz.uwb.edu.pl\/lab\/magmicroscope\/index.php?rest_route=\/wp\/v2\/media\/204"}],"wp:attachment":[{"href":"http:\/\/labfiz.uwb.edu.pl\/lab\/magmicroscope\/index.php?rest_route=%2Fwp%2Fv2%2Fmedia&parent=215"}],"wp:term":[{"taxonomy":"category","embeddable":true,"href":"http:\/\/labfiz.uwb.edu.pl\/lab\/magmicroscope\/index.php?rest_route=%2Fwp%2Fv2%2Fcategories&post=215"},{"taxonomy":"post_tag","embeddable":true,"href":"http:\/\/labfiz.uwb.edu.pl\/lab\/magmicroscope\/index.php?rest_route=%2Fwp%2Fv2%2Ftags&post=215"}],"curies":[{"name":"wp","href":"https:\/\/api.w.org\/{rel}","templated":true}]}}