{"id":202,"date":"2015-12-18T11:48:54","date_gmt":"2015-12-18T11:48:54","guid":{"rendered":"http:\/\/labfiz.uwb.edu.pl\/lab\/magmicroscope\/?page_id=202"},"modified":"2015-12-18T12:43:53","modified_gmt":"2015-12-18T12:43:53","slug":"fizyka-domen-magnetycznych","status":"publish","type":"page","link":"http:\/\/labfiz.uwb.edu.pl\/lab\/magmicroscope\/?page_id=202&lang=pl","title":{"rendered":"Fizyka domen magnetycznych"},"content":{"rendered":"\n<!-- Page-list plugin v.5.9 wordpress.org\/plugins\/page-list\/ -->\n<div class=\"page-list page-list-ext \">\n<div class=\"page-list-ext-item\"><div class=\"page-list-ext-image\"><a href=\"http:\/\/labfiz.uwb.edu.pl\/lab\/magmicroscope\/?page_id=37&lang=pl\" title=\"Podstawy fizyki domen magnetycznych i proces\u00f3w magnesowania\"><img decoding=\"async\" src=\"http:\/\/labfiz.uwb.edu.pl\/exp\/domeny01\/images\/model-paskowej-struktury-v1.gif\" width=\"150\" alt=\"Podstawy fizyki domen magnetycznych i proces\u00f3w magnesowania\" \/><\/a><\/div> <h3 class=\"page-list-ext-title\"><a href=\"http:\/\/labfiz.uwb.edu.pl\/lab\/magmicroscope\/?page_id=37&lang=pl\" title=\"Podstawy fizyki domen magnetycznych i proces\u00f3w magnesowania\">Podstawy fizyki domen magnetycznych i proces\u00f3w magnesowania<\/a><\/h3><div class=\"page-list-ext-item-content\">Domeny magnetyczne s\u0105 mikroobszarami (o rozmiarach zwykle rz\u0119du mikrometr\u00f3w), w kt\u00f3rych namagnesowanie jest jednorodne (zar\u00f3wno ze wzgl\u0119du na kierunek jak i amplitud\u0119). Rozwa\u017cmy warstw\u0119 magnetyka, w kt\u00f3rej wektor magnetyzacji ustawia si\u0119 tylko wzd\u0142u\u017c osi...<\/div><\/div>\n<div class=\"page-list-ext-item\"><div class=\"page-list-ext-image\"><a href=\"http:\/\/labfiz.uwb.edu.pl\/lab\/magmicroscope\/?page_id=154&lang=pl\" title=\"Opis zmienno\u015bci struktury domenowej w polu magnetycznym\"><img decoding=\"async\" src=\"http:\/\/labfiz.uwb.edu.pl\/exp\/domeny01\/images\/doc\/Image2.gif\" width=\"150\" alt=\"Opis zmienno\u015bci struktury domenowej w polu magnetycznym\" \/><\/a><\/div> <h3 class=\"page-list-ext-title\"><a href=\"http:\/\/labfiz.uwb.edu.pl\/lab\/magmicroscope\/?page_id=154&lang=pl\" title=\"Opis zmienno\u015bci struktury domenowej w polu magnetycznym\">Opis zmienno\u015bci struktury domenowej w polu magnetycznym<\/a><\/h3><div class=\"page-list-ext-item-content\">Interesuj\u0105cym zadaniem jest opisanie procesu magnesowania magnetyka, okre\u015blenie zale\u017cno\u015bci namagnesowania M(H)  w zale\u017cno\u015bci od amplitudy przy\u0142o\u017conego pola magnetycznego H . Do rozwi\u0105zania tego zadania konieczna jest znajomo\u015b\u0107 struktury domenowej magnetyka....<\/div><\/div>\n<div class=\"page-list-ext-item\"><div class=\"page-list-ext-image\"><a href=\"http:\/\/labfiz.uwb.edu.pl\/lab\/magmicroscope\/?page_id=58&lang=pl\" title=\"Animacja - wizualizacja zmian struktury domenowej pod wp\u0142ywem pola magnetycznego\"><img decoding=\"async\" src=\"http:\/\/labfiz.uwb.edu.pl\/lab\/magmicroscope\/wp-content\/uploads\/sites\/2\/2015\/12\/screenshot.120-150x105.jpeg\" width=\"150\" alt=\"Animacja - wizualizacja zmian struktury domenowej pod wp\u0142ywem pola magnetycznego\" \/><\/a><\/div> <h3 class=\"page-list-ext-title\"><a href=\"http:\/\/labfiz.uwb.edu.pl\/lab\/magmicroscope\/?page_id=58&lang=pl\" title=\"Animacja - wizualizacja zmian struktury domenowej pod wp\u0142ywem pola magnetycznego\">Animacja - wizualizacja zmian struktury domenowej pod wp\u0142ywem pola magnetycznego<\/a><\/h3><div class=\"page-list-ext-item-content\">\r\n\r\n&nbsp;\r\n\r\n&nbsp;<\/div><\/div>\n<div class=\"page-list-ext-item\"><div class=\"page-list-ext-image\"><a href=\"http:\/\/labfiz.uwb.edu.pl\/lab\/magmicroscope\/?page_id=47&lang=pl\" title=\"Animacja - obserwacja struktury domenowej przy wykorzystaniu efektu Faradaya\"><img decoding=\"async\" src=\"http:\/\/labfiz.uwb.edu.pl\/lab\/magmicroscope\/wp-content\/uploads\/sites\/2\/2015\/12\/screenshot.121-150x102.jpeg\" width=\"150\" alt=\"Animacja - obserwacja struktury domenowej przy wykorzystaniu efektu Faradaya\" \/><\/a><\/div> <h3 class=\"page-list-ext-title\"><a href=\"http:\/\/labfiz.uwb.edu.pl\/lab\/magmicroscope\/?page_id=47&lang=pl\" title=\"Animacja - obserwacja struktury domenowej przy wykorzystaniu efektu Faradaya\">Animacja - obserwacja struktury domenowej przy wykorzystaniu efektu Faradaya<\/a><\/h3><div class=\"page-list-ext-item-content\"><\/div><\/div>\n<div class=\"page-list-ext-item\"><div class=\"page-list-ext-image\"><a href=\"http:\/\/labfiz.uwb.edu.pl\/lab\/magmicroscope\/?page_id=157&lang=pl\" title=\"Ewolucja struktury domenowej\"><img decoding=\"async\" src=\"http:\/\/labfiz.uwb.edu.pl\/exp\/domeny01\/images\/8_x20.gif\" width=\"150\" alt=\"Ewolucja struktury domenowej\" \/><\/a><\/div> <h3 class=\"page-list-ext-title\"><a href=\"http:\/\/labfiz.uwb.edu.pl\/lab\/magmicroscope\/?page_id=157&lang=pl\" title=\"Ewolucja struktury domenowej\">Ewolucja struktury domenowej<\/a><\/h3><div class=\"page-list-ext-item-content\">Poni\u017cszy obraz ilustruje zmienno\u015b\u0107 struktury domenowej powodowan\u0105 przyk\u0142adanym polem magnetycznym.\r\n\r\n<\/div><\/div>\n<div class=\"page-list-ext-item\"><div class=\"page-list-ext-image\"><a href=\"http:\/\/labfiz.uwb.edu.pl\/lab\/magmicroscope\/?page_id=165&lang=pl\" title=\"Prezentacja\"><img decoding=\"async\" src=\"http:\/\/labfiz.uwb.edu.pl\/lab\/magmicroscope\/wp-content\/uploads\/sites\/2\/2015\/12\/screenshot.28-150x97.jpg\" width=\"150\" alt=\"Prezentacja\" \/><\/a><\/div> <h3 class=\"page-list-ext-title\"><a href=\"http:\/\/labfiz.uwb.edu.pl\/lab\/magmicroscope\/?page_id=165&lang=pl\" title=\"Prezentacja\">Prezentacja<\/a><\/h3><div class=\"page-list-ext-item-content\"><\/div><\/div>\n\n<\/div>\n","protected":false},"excerpt":{"rendered":"","protected":false},"author":1,"featured_media":223,"parent":34,"menu_order":10,"comment_status":"closed","ping_status":"closed","template":"","meta":{"ngg_post_thumbnail":0,"footnotes":""},"categories":[13],"tags":[],"class_list":["post-202","page","type-page","status-publish","has-post-thumbnail","hentry","category-opisy","post","post-with-thumbnail","post-with-thumbnail-large"],"_links":{"self":[{"href":"http:\/\/labfiz.uwb.edu.pl\/lab\/magmicroscope\/index.php?rest_route=\/wp\/v2\/pages\/202","targetHints":{"allow":["GET"]}}],"collection":[{"href":"http:\/\/labfiz.uwb.edu.pl\/lab\/magmicroscope\/index.php?rest_route=\/wp\/v2\/pages"}],"about":[{"href":"http:\/\/labfiz.uwb.edu.pl\/lab\/magmicroscope\/index.php?rest_route=\/wp\/v2\/types\/page"}],"author":[{"embeddable":true,"href":"http:\/\/labfiz.uwb.edu.pl\/lab\/magmicroscope\/index.php?rest_route=\/wp\/v2\/users\/1"}],"replies":[{"embeddable":true,"href":"http:\/\/labfiz.uwb.edu.pl\/lab\/magmicroscope\/index.php?rest_route=%2Fwp%2Fv2%2Fcomments&post=202"}],"version-history":[{"count":5,"href":"http:\/\/labfiz.uwb.edu.pl\/lab\/magmicroscope\/index.php?rest_route=\/wp\/v2\/pages\/202\/revisions"}],"predecessor-version":[{"id":214,"href":"http:\/\/labfiz.uwb.edu.pl\/lab\/magmicroscope\/index.php?rest_route=\/wp\/v2\/pages\/202\/revisions\/214"}],"up":[{"embeddable":true,"href":"http:\/\/labfiz.uwb.edu.pl\/lab\/magmicroscope\/index.php?rest_route=\/wp\/v2\/pages\/34"}],"wp:featuredmedia":[{"embeddable":true,"href":"http:\/\/labfiz.uwb.edu.pl\/lab\/magmicroscope\/index.php?rest_route=\/wp\/v2\/media\/223"}],"wp:attachment":[{"href":"http:\/\/labfiz.uwb.edu.pl\/lab\/magmicroscope\/index.php?rest_route=%2Fwp%2Fv2%2Fmedia&parent=202"}],"wp:term":[{"taxonomy":"category","embeddable":true,"href":"http:\/\/labfiz.uwb.edu.pl\/lab\/magmicroscope\/index.php?rest_route=%2Fwp%2Fv2%2Fcategories&post=202"},{"taxonomy":"post_tag","embeddable":true,"href":"http:\/\/labfiz.uwb.edu.pl\/lab\/magmicroscope\/index.php?rest_route=%2Fwp%2Fv2%2Ftags&post=202"}],"curies":[{"name":"wp","href":"https:\/\/api.w.org\/{rel}","templated":true}]}}