{"id":192,"date":"2015-12-15T13:23:45","date_gmt":"2015-12-15T13:23:45","guid":{"rendered":"http:\/\/labfiz.uwb.edu.pl\/lab\/magmicroscope\/?page_id=192"},"modified":"2015-12-15T13:23:52","modified_gmt":"2015-12-15T13:23:52","slug":"zdjecie-krzywej-namagnesowania-histerezy","status":"publish","type":"page","link":"http:\/\/labfiz.uwb.edu.pl\/lab\/magmicroscope\/?page_id=192&lang=pl","title":{"rendered":"Zdj\u0119cie krzywej namagnesowania histerezy."},"content":{"rendered":"<p><b class=\"nag1\">Zdj\u0119cie krzywej namagnesowania histerezy. Jako\u015bciowa analiza histerezy procesu. <\/b><\/p>\n<p class=\"normal\">Zadaniem eksperymentatora jest pomiar zale\u017cno\u015bci magnetyzacji pr\u00f3bki <b>M<\/b> w funkcji nat\u0119\u017cenia prostopad\u0142ego pola magnetycznego <b>H<\/b> do niej przy\u0142o\u017conego. Pomiar odbwa si\u0119 z wykorzystaniem zdalnego sterownaia zasilaczem cewki wytwarzaj\u0105cej pole oraz fotodiody rejestruj\u0105cej zmiany nat\u0119\u017cenia \u015bwiat\u0142a przechodz\u0105cego przez pr\u00f3bk\u0119. Otrzymany wynik nie jest skalowany w jednostkach magnetyzacji wzgl\u0119dnej, jednak pozwala na ustalenie pola przy kt\u00f3rym pr\u00f3bka zostaje ca\u0142kowicie nasycona.<\/p>\n<p class=\"normal\"><a href=\"http:\/\/labfiz.uwb.edu.pl\/exp\/domeny01\/fizyka_domen_magnetycznych.php?lang=pl\"> <b>Wi\u0119cej na temat teorii domen magnetycznych <\/b><\/a><\/p>\n<p><center><img loading=\"lazy\" decoding=\"async\" src=\"http:\/\/labfiz.uwb.edu.pl\/exp\/domeny01\/images\/histereza.png\" alt=\"Wynik pomiaru histerezy\" width=\"384\" height=\"240\" \/><\/center><\/p>\n<p class=\"normal\"><b>Rys 1<\/b> Wynik pomiaru krzywej namagnesowania<\/p>\n<p>&nbsp;<\/p>\n<p class=\"normal\"><b> Wykonanie pomiaru<\/b><\/p>\n<p class=\"normal\">W celu wykonania pomiaru nale\u017cy uruchomi\u0107 program steruj\u0105cy do\u015bwiadczeniem: <a href=\"http:\/\/labfiz.uwb.edu.pl\/exp\/domeny01\/exp01v6.cgi\">Pomiar krzywej magnesowania (histerezy)<\/a> . W programie tym mamy mo\u017cliwo\u015b\u0107 ustawienia takich parametr\u00f3w jak <b>N<\/b> &#8211; ilo\u015b\u0107 sumowa\u0144 sygna\u0142u z fotodiody, <b>A<\/b> -amplitudy przy\u0142o\u017conego pola magnetycznego i <b>t<\/b> &#8211; czasu mi\u0119dzy kolejnymi odczytami napi\u0119cia z fotodiody. Domy\u015blne ustawienia programu pozwalaj\u0105 na otrzymanie poprawnej krzywej namagnesowania. Przyk\u0142adowy wynik pomiaru jest przedstawiony na <b>rys 1<\/b>. Po wykonaniu pomiaru mo\u017cemy korzystaj\u0105c z opcji umo\u017cliwiaj\u0105cej zapisanie wynik\u00f3w pomiarowych zachowa\u0107 otrzymane dane do dalszej analizy.<\/p>\n<p class=\"normal\"><b>Analiza:<\/b><\/p>\n<p class=\"normal\">Przyjmuj\u0105c<\/p>\n","protected":false},"excerpt":{"rendered":"<p>Zdj\u0119cie krzywej namagnesowania histerezy. Jako\u015bciowa analiza histerezy procesu. Zadaniem eksperymentatora jest pomiar zale\u017cno\u015bci magnetyzacji pr\u00f3bki M w funkcji nat\u0119\u017cenia prostopad\u0142ego pola magnetycznego H do niej przy\u0142o\u017conego. Pomiar odbwa si\u0119 z wykorzystaniem zdalnego sterownaia zasilaczem cewki wytwarzaj\u0105cej pole oraz fotodiody rejestruj\u0105cej zmiany nat\u0119\u017cenia \u015bwiat\u0142a przechodz\u0105cego przez pr\u00f3bk\u0119. Otrzymany wynik nie jest skalowany w jednostkach magnetyzacji wzgl\u0119dnej, [&hellip;]<\/p>\n","protected":false},"author":1,"featured_media":0,"parent":181,"menu_order":50,"comment_status":"closed","ping_status":"closed","template":"","meta":{"ngg_post_thumbnail":0,"footnotes":""},"categories":[13],"tags":[],"class_list":["post-192","page","type-page","status-publish","hentry","category-opisy","post"],"_links":{"self":[{"href":"http:\/\/labfiz.uwb.edu.pl\/lab\/magmicroscope\/index.php?rest_route=\/wp\/v2\/pages\/192","targetHints":{"allow":["GET"]}}],"collection":[{"href":"http:\/\/labfiz.uwb.edu.pl\/lab\/magmicroscope\/index.php?rest_route=\/wp\/v2\/pages"}],"about":[{"href":"http:\/\/labfiz.uwb.edu.pl\/lab\/magmicroscope\/index.php?rest_route=\/wp\/v2\/types\/page"}],"author":[{"embeddable":true,"href":"http:\/\/labfiz.uwb.edu.pl\/lab\/magmicroscope\/index.php?rest_route=\/wp\/v2\/users\/1"}],"replies":[{"embeddable":true,"href":"http:\/\/labfiz.uwb.edu.pl\/lab\/magmicroscope\/index.php?rest_route=%2Fwp%2Fv2%2Fcomments&post=192"}],"version-history":[{"count":2,"href":"http:\/\/labfiz.uwb.edu.pl\/lab\/magmicroscope\/index.php?rest_route=\/wp\/v2\/pages\/192\/revisions"}],"predecessor-version":[{"id":194,"href":"http:\/\/labfiz.uwb.edu.pl\/lab\/magmicroscope\/index.php?rest_route=\/wp\/v2\/pages\/192\/revisions\/194"}],"up":[{"embeddable":true,"href":"http:\/\/labfiz.uwb.edu.pl\/lab\/magmicroscope\/index.php?rest_route=\/wp\/v2\/pages\/181"}],"wp:attachment":[{"href":"http:\/\/labfiz.uwb.edu.pl\/lab\/magmicroscope\/index.php?rest_route=%2Fwp%2Fv2%2Fmedia&parent=192"}],"wp:term":[{"taxonomy":"category","embeddable":true,"href":"http:\/\/labfiz.uwb.edu.pl\/lab\/magmicroscope\/index.php?rest_route=%2Fwp%2Fv2%2Fcategories&post=192"},{"taxonomy":"post_tag","embeddable":true,"href":"http:\/\/labfiz.uwb.edu.pl\/lab\/magmicroscope\/index.php?rest_route=%2Fwp%2Fv2%2Ftags&post=192"}],"curies":[{"name":"wp","href":"https:\/\/api.w.org\/{rel}","templated":true}]}}