{"id":190,"date":"2015-12-15T13:23:02","date_gmt":"2015-12-15T13:23:02","guid":{"rendered":"http:\/\/labfiz.uwb.edu.pl\/lab\/magmicroscope\/?page_id=190"},"modified":"2016-02-02T22:51:12","modified_gmt":"2016-02-02T22:51:12","slug":"rejestracja-struktur-domenowych-ii","status":"publish","type":"page","link":"http:\/\/labfiz.uwb.edu.pl\/lab\/magmicroscope\/?page_id=190&lang=pl","title":{"rendered":"Rejestracja struktur domenowych II"},"content":{"rendered":"<p class=\"nag1\"><b> Rejestracja struktur domenowych przy r\u00f3\u017cnej warto\u015bci k\u0105ta rozkrzy\u017cowania polaryzator\u00f3w. Jakosciowa analiza zmienno\u015bci struktur.<\/b><\/p>\n<p class=\"normal\">Mo\u017cliwo\u015b\u0107 zdalnego sterowania po\u0142o\u017ceniem polaryzatora daje u\u017cytkownikowi okazj\u0119 na przeprowadzenie obserwacji struktury domenowej w funkcji k\u0105ta mi\u0119dzy osiami \u0142atwymi polaryzatora i analizatora (k\u0105t ten dalej b\u0119dziemy nazywa\u0107 alfa). Wyboru odpowiednich k\u0105t\u00f3w alfa mo\u017cemy dokona\u0107 na podstawie krzywej nat\u0119\u017cenia \u015bwiat\u0142a w funkcji po\u0142o\u017cenia polaryzatora kt\u00f3r\u0105 otrzymamy przeprowadzaj\u0105c do\u015bwiadczenie 1. Na podstawie wykresu (rys 1) mo\u017cna wyznaczy\u0107 warto\u015b\u0107 k\u0105ta dla kt\u00f3rego zachodzi skrzy\u017cowanie osi \u0142atwych polaryzatora i analizatora. Pr\u00f3bka obserwowana w takiej konfiguracji k\u0105ta alfa=alfa0 przedstawia obraz w kt\u00f3rej mo\u017cemy zauwa\u017cy\u0107 jedynie granic\u0119 mi\u0119dzy obszarami domen jasnych i ciemnych. Nast\u0119pnie wybier\u0105jc k\u0105ty le\u017c\u0105ce po obu stronach k\u0105ta alfa 0 &#8211; miejsca zaznaczone na rys1 pionow\u0105 niebiesk\u0105 lini\u0105) otrzymamy ciekawy wynik kt\u00f3ry obrazuje nam w pi\u0119kny spos\u00f3b natur\u0119 domen magnetycznych. W wyniku innego kierunku namagnesowania domen &#8222;jasnych&#8221; i &#8222;ciemnych&#8221;, a tym samym innego skr\u0119cania \u015bwiat\u0142a w efekcie Faradaya otrzymujemy dwa obrazy na ktorych mimo braku zmiany w po\u0142o\u017ceniu granicach mi\u0119dzy domenami widac zmian\u0119 &#8222;koloru&#8221; domen.<\/p>\n<p class=\"normal\"><a href=\"http:\/\/labfiz.uwb.edu.pl\/lab\/magmicroscope\/?page_id=202&amp;lang=pl\"> <b> Wi\u0119cej na temat teorii domen magnetycznych <\/b><\/a><\/p>\n<p><center><img loading=\"lazy\" decoding=\"async\" src=\"http:\/\/labfiz.uwb.edu.pl\/exp\/domeny01\/images\/wykres-cos.gif\" alt=\"\" width=\"470\" height=\"253\" \/><\/center><\/p>\n<p class=\"normal\"><b> Wykonanie pomiaru<\/b><br \/>\nPrzed przyst\u0105pieniem do rejestracji obraz\u00f3w struktury domenowej w funkcji k\u0105ta alfa dobrze jest zdj\u0105\u0107 krzyw\u0105 <a href=\"http:\/\/labfiz.uwb.edu.pl\/exp\/domeny01\/exp04v5.cgi\">nat\u0119\u017cenia \u015bwiat\u0142a w funkcji po\u0142o\u017cenia polaryzatora .<\/a> na kt\u00f3rej mo\u017cna odczyta\u0107 k\u0105t maksymalnego wygaszenia \u015bwiat\u0142a alfa0 (minimum funkcji I (alfa)). Nast\u0119pnie korzystaj\u0105c z programu do <a href=\"http:\/\/labfiz.uwb.edu.pl\/exp\/domeny01\/exp08v3.cgi\"> obserwacji struktur domenowych w funkcji pola oraz kata skr\u0119cenia polaryzator\u00f3w <\/a> dokonujemy w\u0142a\u015bciwych pomiar\u00f3w. Program ten poza mo\u017cliwo\u015bci\u0105 ustawienia k\u0105ta w kt\u00f3rym b\u0119dzie dokonywana obserwacja ma r\u00f3wnie\u017c mo\u017cliwo\u015b\u0107 zmiany pola magnetycznego przy\u0142o\u017conego do pr\u00f3bki. Jako pierwsze zadanie spr\u00f3bujmy otrzyma\u0107 obraz domen w po\u0142o\u017ceniu maksymalnego wygaszenia &#8211; alfa0. W tym celu z poprzednio otrzymanego wykresu I(alfa) odczytujemy warto\u015b\u0107 minimum tej funkcji i ustawiamy to jako parametr startowy naszej obserwacji. Je\u017celi nie udaje nam si\u0119 otrzyma\u0107 obrazu zbli\u017conego do obrazu przedstawionego na rysunku 2b, nale\u017cy pr\u00f3bowa\u0107 zmiany k\u0105ta pocz\u0105tkowego o +\/- 1.8o *N (N -liczba naturalna 1,2,3..) co pozwoli sprawdzi\u0107 najbli\u017csze otoczenie wcze\u015bniej ustalonego k\u0105ta alfa0. W momencie gdy otrzymamy poprawny wynik, k\u0105t pod kt\u00f3rym dokonali\u015bmy obserwacji nale\u017cy ustali\u0107 jako startowy do dalszych obserwacji przeprowadzanej pod k\u0105tem +\/- fi po obu stronach po\u0142o\u017cenia maksymalnego wygaszenia.<\/p>\n<p>&nbsp;<\/p>\n<table>\n<tbody>\n<tr>\n<td align=\"center\"><a href=\"http:\/\/labfiz.uwb.edu.pl\/exp\/domeny01\/images\/obraz-10.8.jpg\"><img loading=\"lazy\" decoding=\"async\" src=\"http:\/\/labfiz.uwb.edu.pl\/exp\/domeny01\/images\/obraz-10.8.th.jpg\" alt=\"\" width=\"183\" height=\"142\" border=\"0\" \/><\/a><\/td>\n<td align=\"center\"><a href=\"http:\/\/labfiz.uwb.edu.pl\/exp\/domeny01\/images\/obraz-zero.jpg\"><img loading=\"lazy\" decoding=\"async\" src=\"http:\/\/labfiz.uwb.edu.pl\/exp\/domeny01\/images\/obraz-zero.th.jpg\" alt=\"\" width=\"183\" height=\"142\" border=\"0\" \/><\/a><\/td>\n<td align=\"center\"><a href=\"http:\/\/labfiz.uwb.edu.pl\/exp\/domeny01\/images\/obraz+10.8.jpg\"><img loading=\"lazy\" decoding=\"async\" src=\"http:\/\/labfiz.uwb.edu.pl\/exp\/domeny01\/images\/obraz+10.8.th.jpg\" alt=\"\" width=\"183\" height=\"142\" border=\"0\" \/><\/a><\/td>\n<\/tr>\n<tr>\n<td class=\"normal\" align=\"center\">a) Domena magnetyczna obserwowana pod k\u0105tem <b>alfa <sub>0<\/sub>&#8211; fi<\/b> w stosunku do po\u0142o\u017cnia ca\u0142kowitego wygaszenia<\/td>\n<td class=\"normal\" align=\"center\">b) Domena magnetyczna przy skrzy\u017cowanych osiach polaryzator\/analizator -k\u0105t <b>alfa <sub>0<\/sub><\/b><\/td>\n<td class=\"normal\" align=\"center\">c) Domena magnetyczna obserwowana pod k\u0105tem <b>alfa <sub>0<\/sub>+ fi <\/b>w stosunku do po\u0142o\u017cnia ca\u0142kowitego wygaszenia<\/td>\n<\/tr>\n<\/tbody>\n<caption class=\"normal\">Obrazy domen magnatycznych w r\u00f3\u017cnych po\u0142o\u017ceniach osi polaryzator\/analizator<\/caption>\n<\/table>\n<p>&nbsp;<\/p>\n<p class=\"normal\"><b> Rejestracja struktur domenowych przy r\u00f3\u017cnej warto\u015bci k\u0105ta rozkrzy\u017cowania polaryzator\u00f3w. Jakosciowa analiza zmienno\u015bci struktur.<\/b><\/p>\n<p class=\"normal\">Mo\u017cliwo\u015b\u0107 zdalnego sterowania po\u0142o\u017ceniem polaryzatora daje u\u017cytkownikowi okazj\u0119 na przeprowadzenie obserwacji struktury domenowej w funkcji k\u0105ta mi\u0119dzy osiami \u0142atwymi polaryzatora i analizatora (k\u0105t ten dalej b\u0119dziemy nazywa\u0107 alfa). Wyboru odpowiednich k\u0105t\u00f3w alfa mo\u017cemy dokona\u0107 na podstawie krzywej nat\u0119\u017cenia \u015bwiat\u0142a w funkcji po\u0142o\u017cenia polaryzatora kt\u00f3r\u0105 otrzymamy przeprowadzaj\u0105c do\u015bwiadczenie 1. Na podstawie wykresu (rys 1) mo\u017cna wyznaczy\u0107 warto\u015b\u0107 k\u0105ta dla kt\u00f3rego zachodzi skrzy\u017cowanie osi \u0142atwych polaryzatora i analizatora. Pr\u00f3bka obserwowana w takiej konfiguracji k\u0105ta alfa=alfa0 przedstawia obraz w kt\u00f3rej mo\u017cemy zauwa\u017cy\u0107 jedynie granic\u0119 mi\u0119dzy obszarami domen jasnych i ciemnych. Nast\u0119pnie wybier\u0105jc k\u0105ty le\u017c\u0105ce po obu stronach k\u0105ta alfa 0 &#8211; miejsca zaznaczone na rys1 pionow\u0105 niebiesk\u0105 lini\u0105) otrzymamy ciekawy wynik kt\u00f3ry obrazuje nam w pi\u0119kny spos\u00f3b natur\u0119 domen magnetycznych. W wyniku innego kierunku namagnesowania domen &#8222;jasnych&#8221; i &#8222;ciemnych&#8221;, a tym samym innego skr\u0119cania \u015bwiat\u0142a w efekcie Faradaya otrzymujemy dwa obrazy na ktorych mimo braku zmiany w po\u0142o\u017ceniu granicach mi\u0119dzy domenami widac zmian\u0119 &#8222;koloru&#8221; domen.<\/p>\n","protected":false},"excerpt":{"rendered":"<p>Rejestracja struktur domenowych przy r\u00f3\u017cnej warto\u015bci k\u0105ta rozkrzy\u017cowania polaryzator\u00f3w. Jakosciowa analiza zmienno\u015bci struktur. Mo\u017cliwo\u015b\u0107 zdalnego sterowania po\u0142o\u017ceniem polaryzatora daje u\u017cytkownikowi okazj\u0119 na przeprowadzenie obserwacji struktury domenowej w funkcji k\u0105ta mi\u0119dzy osiami \u0142atwymi polaryzatora i analizatora (k\u0105t ten dalej b\u0119dziemy nazywa\u0107 alfa). Wyboru odpowiednich k\u0105t\u00f3w alfa mo\u017cemy dokona\u0107 na podstawie krzywej nat\u0119\u017cenia \u015bwiat\u0142a w funkcji po\u0142o\u017cenia [&hellip;]<\/p>\n","protected":false},"author":1,"featured_media":0,"parent":181,"menu_order":40,"comment_status":"closed","ping_status":"closed","template":"","meta":{"ngg_post_thumbnail":0,"footnotes":""},"categories":[13],"tags":[],"class_list":["post-190","page","type-page","status-publish","hentry","category-opisy","post"],"_links":{"self":[{"href":"http:\/\/labfiz.uwb.edu.pl\/lab\/magmicroscope\/index.php?rest_route=\/wp\/v2\/pages\/190","targetHints":{"allow":["GET"]}}],"collection":[{"href":"http:\/\/labfiz.uwb.edu.pl\/lab\/magmicroscope\/index.php?rest_route=\/wp\/v2\/pages"}],"about":[{"href":"http:\/\/labfiz.uwb.edu.pl\/lab\/magmicroscope\/index.php?rest_route=\/wp\/v2\/types\/page"}],"author":[{"embeddable":true,"href":"http:\/\/labfiz.uwb.edu.pl\/lab\/magmicroscope\/index.php?rest_route=\/wp\/v2\/users\/1"}],"replies":[{"embeddable":true,"href":"http:\/\/labfiz.uwb.edu.pl\/lab\/magmicroscope\/index.php?rest_route=%2Fwp%2Fv2%2Fcomments&post=190"}],"version-history":[{"count":2,"href":"http:\/\/labfiz.uwb.edu.pl\/lab\/magmicroscope\/index.php?rest_route=\/wp\/v2\/pages\/190\/revisions"}],"predecessor-version":[{"id":297,"href":"http:\/\/labfiz.uwb.edu.pl\/lab\/magmicroscope\/index.php?rest_route=\/wp\/v2\/pages\/190\/revisions\/297"}],"up":[{"embeddable":true,"href":"http:\/\/labfiz.uwb.edu.pl\/lab\/magmicroscope\/index.php?rest_route=\/wp\/v2\/pages\/181"}],"wp:attachment":[{"href":"http:\/\/labfiz.uwb.edu.pl\/lab\/magmicroscope\/index.php?rest_route=%2Fwp%2Fv2%2Fmedia&parent=190"}],"wp:term":[{"taxonomy":"category","embeddable":true,"href":"http:\/\/labfiz.uwb.edu.pl\/lab\/magmicroscope\/index.php?rest_route=%2Fwp%2Fv2%2Fcategories&post=190"},{"taxonomy":"post_tag","embeddable":true,"href":"http:\/\/labfiz.uwb.edu.pl\/lab\/magmicroscope\/index.php?rest_route=%2Fwp%2Fv2%2Ftags&post=190"}],"curies":[{"name":"wp","href":"https:\/\/api.w.org\/{rel}","templated":true}]}}