{"id":188,"date":"2015-12-15T13:21:50","date_gmt":"2015-12-15T13:21:50","guid":{"rendered":"http:\/\/labfiz.uwb.edu.pl\/lab\/magmicroscope\/?page_id=188"},"modified":"2016-02-02T22:52:28","modified_gmt":"2016-02-02T22:52:28","slug":"rejestracja-struktur-domenowych","status":"publish","type":"page","link":"http:\/\/labfiz.uwb.edu.pl\/lab\/magmicroscope\/?page_id=188&lang=pl","title":{"rendered":"Rejestracja struktur domenowych"},"content":{"rendered":"<p class=\"nag1\"><b> Rejestracja struktur domenowych przy r\u00f3\u017cnej warto\u015bci pola H. Jako\u015bciowa analiza zmienno\u015bci struktur. <\/b><\/p>\n<p class=\"normal\">W naszym uk\u0142adzie badana pr\u00f3bka domenowa jest umieszczona w \u015brodku cewki pod\u0142aczonej do zasilacza kt\u00f3rego sterowane jest mo\u017cliwe poprez Internet. Pod wp\u0142ywem zewn\u0119trznego pola magnetycznego <b>H<\/b> przez ni\u0105 wytwarzanym obj\u0119to\u015b\u0107 domen, w kt\u00f3rych orientacja wektora magnetyzacji <b>M<\/b> jest zgodna z kierunkiem przy\u0142o\u017conego pola, zwi\u0119ksza si\u0119.<b>H<\/b>. Efekt ten mo\u017cna obserwowa\u0107 z u\u017cyciem kamery pod\u0142aczonej do uk\u0142adu mikroskopowego z kt\u00f3rej zdj\u0119cia s\u0105 przesy\u0142ane do internetowego eksperymentatora wprost przez strony WWW.<\/p>\n<p><center><img decoding=\"async\" src=\"http:\/\/labfiz.uwb.edu.pl\/exp\/domeny01\/images\/histereza-1.gif\" alt=\"\" \/><\/center><\/p>\n<p class=\"normal\">Histereza probki. Niebieskimi liniami zaznaczono pole nasycenia H<sub>n-<\/sub> i H<sub>n+<\/sub><\/p>\n<p><a href=\"http:\/\/labfiz.uwb.edu.pl\/lab\/magmicroscope\/?page_id=202&amp;lang=pl\"> <b class=\"normal\"> Wi\u0119cej na temat teorii domen magnetycznych <\/b><\/a><\/p>\n<p class=\"normal\"><b>Wykonanie pomiaru <\/b><br \/>\nW celu zarejestrowania struktur magnetycznych w danym polu nale\u017cy uruchomi\u0107 program steruj\u0105cy do\u015bwiadczeniem: <a href=\"http:\/\/labfiz.uwb.edu.pl\/exp\/domeny01\/exp08v3.cgi\"> Obserwacja struktur domenowych w funkcji pola oraz kata skr\u0119cenia polaryzator\u00f3w <\/a>. Umo\u017cliwia on nie tylko ustawianie warto\u015bci amplitudy pola magnetycznego, ale tak\u017ce zmian\u0119 po\u0142o\u017cenia k\u0105towego osi \u0142atwych w uk\u0142adzie polaryzator\/analizator (w przypadku pomiar\u00f3w w funkcji H nie jest konieczna zmiana k\u0105ta nie jest konieczna). Jako wynik przesy\u0142a on grafik\u0119 w postaci wy\u015bwietlanego zdj\u0119cia w formacie JPG. Dla os\u00f3b pragn\u0105cych podda\u0107 analizie obraz domeny jest przygotowana opcja umo\u017cliwiaj\u0105ca pobranie pliku graficznego w formacie TGA (TARGA) kt\u00f3ry przenosi dane bez utraty informacji (bitmapa). Eksperymentator powinien zarejestrowa\u0107 struktur\u0119 w kilku, zar\u00f3wno dodatnich jak i ujemnych polach. Dobrze jest dla okre\u015blenia &#8222;ciekawych p\u00f3l&#8221; pos\u0142u\u017cy\u0107 si\u0119 wynikiem <a href=\"http:\/\/labfiz.uwb.edu.pl\/exp\/domeny01\/exp01v6.cgi\">pomiaru krzywej namagnesowania<\/a> z kt\u00f3rego mo\u017cna odczyta\u0107 zar\u00f3wno warto\u015bci p\u00f3l w kt\u00f3rych pr\u00f3bka jest nasycona jak i posiada jescze struktur\u0119<\/p>\n<p>&nbsp;<\/p>\n<table>\n<tbody>\n<tr>\n<td><a href=\"http:\/\/labfiz.uwb.edu.pl\/exp\/domeny01\/images\/obraz-10.8-6000.jpg\"><img loading=\"lazy\" decoding=\"async\" src=\"http:\/\/labfiz.uwb.edu.pl\/exp\/domeny01\/images\/obraz-10.8-6000.th.jpg\" alt=\"\" width=\"183\" height=\"142\" border=\"0\" \/><\/a><\/td>\n<td><a href=\"http:\/\/labfiz.uwb.edu.pl\/exp\/domeny01\/images\/obraz-10.8-4000.jpg\"><img loading=\"lazy\" decoding=\"async\" src=\"http:\/\/labfiz.uwb.edu.pl\/exp\/domeny01\/images\/obraz-10.8-4000.th.jpg\" alt=\"\" width=\"183\" height=\"142\" border=\"0\" \/><\/a><\/td>\n<td><a href=\"http:\/\/labfiz.uwb.edu.pl\/exp\/domeny01\/images\/obraz-10.8-3000.jpg\"><img loading=\"lazy\" decoding=\"async\" src=\"http:\/\/labfiz.uwb.edu.pl\/exp\/domeny01\/images\/obraz-10.8-3000.th.jpg\" alt=\"\" width=\"183\" height=\"142\" border=\"0\" \/><\/a><\/td>\n<\/tr>\n<tr>\n<td class=\"normal\" align=\"center\">Pole: -6000 [A\/m] &#8211; struktura ca\u0142kowicie nasycona polem H<sub>n-<\/sub><\/td>\n<td class=\"normal\" align=\"center\">Pole: -4000 [A\/m]<\/td>\n<td class=\"normal\" align=\"center\">Pole: -3000 [A\/m]<\/td>\n<\/tr>\n<tr>\n<td><a href=\"http:\/\/labfiz.uwb.edu.pl\/exp\/domeny01\/images\/obraz-10.8-2000.jpg\"><img loading=\"lazy\" decoding=\"async\" src=\"http:\/\/labfiz.uwb.edu.pl\/exp\/domeny01\/images\/obraz-10.8-2000.th.jpg\" alt=\"\" width=\"183\" height=\"142\" border=\"0\" \/><\/a><\/td>\n<td><a href=\"http:\/\/labfiz.uwb.edu.pl\/exp\/domeny01\/images\/obraz-10.8.jpg\"><img loading=\"lazy\" decoding=\"async\" src=\"http:\/\/labfiz.uwb.edu.pl\/exp\/domeny01\/images\/obraz-10.8.th.jpg\" alt=\"\" width=\"183\" height=\"142\" border=\"0\" \/><\/a><\/td>\n<td><a href=\"http:\/\/labfiz.uwb.edu.pl\/exp\/domeny01\/images\/obraz-10.8+2000.jpg\"><img loading=\"lazy\" decoding=\"async\" src=\"http:\/\/labfiz.uwb.edu.pl\/exp\/domeny01\/images\/obraz-10.8+2000.th.jpg\" alt=\"\" width=\"183\" height=\"142\" border=\"0\" \/><\/a><\/td>\n<\/tr>\n<tr>\n<td class=\"normal\" align=\"center\">Pole: -2000 [A\/m] &#8211; rozrost domen typu &#8222;ciemne &#8222;<\/td>\n<td class=\"normal\" align=\"center\">Pole: 0 [A\/m] &#8211; obraz struktury w zerowym poiu<\/td>\n<td class=\"normal\" align=\"center\">Pole: 2000 [A\/m] &#8211; rozrost domen typu &#8222;jasne&#8221;<\/td>\n<\/tr>\n<tr>\n<td><a href=\"http:\/\/labfiz.uwb.edu.pl\/exp\/domeny01\/images\/obraz-10.8+3000.jpg\"><img loading=\"lazy\" decoding=\"async\" src=\"http:\/\/labfiz.uwb.edu.pl\/exp\/domeny01\/images\/obraz-10.8+3000.th.jpg\" alt=\"\" width=\"183\" height=\"142\" border=\"0\" \/><\/a><\/td>\n<td><a href=\"http:\/\/labfiz.uwb.edu.pl\/exp\/domeny01\/images\/obraz-10.8+4000.jpg\"><img loading=\"lazy\" decoding=\"async\" src=\"http:\/\/labfiz.uwb.edu.pl\/exp\/domeny01\/images\/obraz-10.8+4000.th.jpg\" alt=\"\" width=\"183\" height=\"142\" border=\"0\" \/><\/a><\/td>\n<td><a href=\"http:\/\/labfiz.uwb.edu.pl\/exp\/domeny01\/images\/obraz-10.8+6000.jpg\"><img loading=\"lazy\" decoding=\"async\" src=\"http:\/\/labfiz.uwb.edu.pl\/exp\/domeny01\/images\/obraz-10.8+6000.th.jpg\" alt=\"\" width=\"183\" height=\"142\" border=\"0\" \/><\/a><\/td>\n<\/tr>\n<tr>\n<td class=\"normal\" align=\"center\">Pole: 3000 [A\/m]<\/td>\n<td class=\"normal\" align=\"center\">Pole: 4000 [A\/m]<\/td>\n<td class=\"normal\" align=\"center\">Pole: 6000 [A\/m] &#8211; struktura ca\u0142kowicie nasycona polem H<sub>n+<\/sub><\/td>\n<\/tr>\n<\/tbody>\n<caption class=\"normal\">Wynik rejestracji struktur domenowych w r\u00f3\u017cnych polach <b>H<\/b><\/caption>\n<\/table>\n<p>&nbsp;<\/p>\n<p class=\"normal\"><b>Analiza <\/b><br \/>\nPo wykonaniu serii zdj\u0119\u0107 mo\u017cna zauwa\u017cy\u0107 na nich zmian\u0119 wygl\u0105du struktury domenowej pod wp\u0142ywem pola. Wida\u0107 \u017ce wraz ze wzrostem przyk\u0142adanego w danym kierunku pola nast\u0119puje coraz wi\u0119kszy rozrost jednego z typ\u00f3w domen kosztem drugiego. Zmieniaj\u0105c kierunek pola zauwa\u017camy \u017ce tendencja jest odwrotna (rozrost domen typu drugiego kosztem pierwszego).<\/p>\n<p class=\"normal\">Na podstawie tych obraz\u00f3w mo\u017cna tak\u017ce odtworzy\u0107 krzyw\u0105 namagnesowania. Wyliczenie i wykre\u015blenie <b>m(H)<\/b> polega na wyliczeniu liczby piksli <b>l<sub>b<\/sub><\/b> bia\u0142ych i <b>l<sub>c<\/sub> <\/b>czarnych: <b>m(H)=(l(H)<sub>b<\/sub>-l(H)<sub>c<\/sub>)\/(l(H)<sub>b<\/sub>+l(H)<sub>c<\/sub>)<\/b> Aby to zrobi\u0107 nale\u017cy podda\u0107 odpowiedniej <a href=\"http:\/\/labfiz.uwb.edu.pl\/lab\/magmicroscope\/?page_id=195&amp;lang=pl\">obr\u00f3bce cyfrowej <\/a> uzyskane obrazy domen. Po zr\u00f3\u017cnicowaniu obraz\u00f3w, poprawieniu kontrastu i zbinaryzowaniu mo\u017cna wyliczy\u0107 wy\u017cej przedstwione warto\u015bci funkcji <b>m(H)<\/b> dla odpowiednich obraz\u00f3w domen.<\/p>\n","protected":false},"excerpt":{"rendered":"<p>Rejestracja struktur domenowych przy r\u00f3\u017cnej warto\u015bci pola H. Jako\u015bciowa analiza zmienno\u015bci struktur. W naszym uk\u0142adzie badana pr\u00f3bka domenowa jest umieszczona w \u015brodku cewki pod\u0142aczonej do zasilacza kt\u00f3rego sterowane jest mo\u017cliwe poprez Internet. Pod wp\u0142ywem zewn\u0119trznego pola magnetycznego H przez ni\u0105 wytwarzanym obj\u0119to\u015b\u0107 domen, w kt\u00f3rych orientacja wektora magnetyzacji M jest zgodna z kierunkiem przy\u0142o\u017conego pola, [&hellip;]<\/p>\n","protected":false},"author":1,"featured_media":0,"parent":181,"menu_order":0,"comment_status":"closed","ping_status":"closed","template":"","meta":{"ngg_post_thumbnail":0,"footnotes":""},"categories":[13],"tags":[],"class_list":["post-188","page","type-page","status-publish","hentry","category-opisy","post"],"_links":{"self":[{"href":"http:\/\/labfiz.uwb.edu.pl\/lab\/magmicroscope\/index.php?rest_route=\/wp\/v2\/pages\/188","targetHints":{"allow":["GET"]}}],"collection":[{"href":"http:\/\/labfiz.uwb.edu.pl\/lab\/magmicroscope\/index.php?rest_route=\/wp\/v2\/pages"}],"about":[{"href":"http:\/\/labfiz.uwb.edu.pl\/lab\/magmicroscope\/index.php?rest_route=\/wp\/v2\/types\/page"}],"author":[{"embeddable":true,"href":"http:\/\/labfiz.uwb.edu.pl\/lab\/magmicroscope\/index.php?rest_route=\/wp\/v2\/users\/1"}],"replies":[{"embeddable":true,"href":"http:\/\/labfiz.uwb.edu.pl\/lab\/magmicroscope\/index.php?rest_route=%2Fwp%2Fv2%2Fcomments&post=188"}],"version-history":[{"count":3,"href":"http:\/\/labfiz.uwb.edu.pl\/lab\/magmicroscope\/index.php?rest_route=\/wp\/v2\/pages\/188\/revisions"}],"predecessor-version":[{"id":299,"href":"http:\/\/labfiz.uwb.edu.pl\/lab\/magmicroscope\/index.php?rest_route=\/wp\/v2\/pages\/188\/revisions\/299"}],"up":[{"embeddable":true,"href":"http:\/\/labfiz.uwb.edu.pl\/lab\/magmicroscope\/index.php?rest_route=\/wp\/v2\/pages\/181"}],"wp:attachment":[{"href":"http:\/\/labfiz.uwb.edu.pl\/lab\/magmicroscope\/index.php?rest_route=%2Fwp%2Fv2%2Fmedia&parent=188"}],"wp:term":[{"taxonomy":"category","embeddable":true,"href":"http:\/\/labfiz.uwb.edu.pl\/lab\/magmicroscope\/index.php?rest_route=%2Fwp%2Fv2%2Fcategories&post=188"},{"taxonomy":"post_tag","embeddable":true,"href":"http:\/\/labfiz.uwb.edu.pl\/lab\/magmicroscope\/index.php?rest_route=%2Fwp%2Fv2%2Ftags&post=188"}],"curies":[{"name":"wp","href":"https:\/\/api.w.org\/{rel}","templated":true}]}}