{"id":183,"date":"2015-12-15T13:19:49","date_gmt":"2015-12-15T13:19:49","guid":{"rendered":"http:\/\/labfiz.uwb.edu.pl\/lab\/magmicroscope\/?page_id=183"},"modified":"2016-01-30T22:11:29","modified_gmt":"2016-01-30T22:11:29","slug":"sprawdzanie-prawa-malusa","status":"publish","type":"page","link":"http:\/\/labfiz.uwb.edu.pl\/lab\/magmicroscope\/?page_id=183&lang=pl","title":{"rendered":"Sprawdzanie prawa Malusa"},"content":{"rendered":"<p class=\"normal\"><img loading=\"lazy\" decoding=\"async\" src=\"http:\/\/labfiz.uwb.edu.pl\/exp\/domeny01\/images\/prawo-malusa-1.gif\" alt=\"\" width=\"297\" height=\"233\" align=\"LEFT\" \/><\/p>\n<p class=\"normal\">Wizualizacja domen magnetycznych w<a href=\"http:\/\/labfiz.uwb.edu.pl\/lab\/magmicroscope\/?page_id=179\"> naszym zestawie<\/a> pomiarowym wymaga stosowania uk\u0142adu polaryzator &#8211; analizator. Zestaw umo\u017cliwia r\u00f3wnie\u017c zmian\u0119 k\u0105ta <b>alfa<\/b> pomi\u0119dzy osi\u0105 maksymalnego przepuszczania polaryzatora i analizatora. Taka konfiguracja, poza g\u0142\u00f3wnym celem jakim jest badanie domen, umo\u017cliwia wi\u0119c tak\u017ce przeprowadzenie do\u015bwiadczenia kt\u00f3rego celem jest potwierdzenie prawa Malusa.<\/p>\n<p class=\"normal\">Na rysunku obok mamy schematycznie przedstawion\u0105 liniowo spolaryzowan\u0105 fal\u0119 elektromagnetyczn\u0105 przechodz\u0105c\u0105 przez polaryzator. Padaj\u0105ca fala zostaje cz\u0119\u015bciowo wygaszona &#8211; przechodzi jedynie sk\u0142adowa amplitudy fal (wektora elektrycznego <b>E<\/b>) r\u00f3wnoleg\u0142a do p\u0142aszczyzny g\u0142ownej polaryzatora (na rysunku m1 o\u015b x). Zmian\u0119 nat\u0119\u017cenia \u015bwiat\u0142a mo\u017cna \u0142atwo wyprowadzi\u0107 rzutuj\u0105c wektor elektryczny <b>E<\/b> na o\u015b przepuszczania i zak\u0142adaj\u0105c proporcjonalno\u015b\u0107 <b>I<\/b> do kwadratu <b>E<\/b>.<\/p>\n<blockquote class=\"normal\"><p>I(delta)=I<sub>0<\/sub> Cos<sup>2<\/sup>(delta)<br \/>\ngdzie <b>I<sub>0<\/sub><\/b> &#8211; nat\u0119\u017cenie \u015bwiat\u0142a padaj\u0105cego na polaryzator, delta &#8211; k\u0105t pomi\u0119dzy p\u0142aszczyzn\u0105 polaryzacji i osia przepuszczania polaryzatora<\/p><\/blockquote>\n<p class=\"normal\">Tego typu zwi\u0105zek zosta\u0142 sformu\u0142owany ju\u017c w 1810 roku przez Malusa i jest nazywany obecnie prawem Malusa.<\/p>\n<p class=\"normal\">W naszym eksperymencie mo\u017cemy mierzy\u0107 nat\u0119\u017cenie <b>I(alfa H) <\/b>w funkcji k\u0105ta <b>alfa<\/b> (k\u0105t pomi\u0119dzy p\u0142aszczyznami g\u0142ownymi polaryzatora 1 i polaryzatora 2) i nat\u0119\u017cenia pola magnetycznego <b>H<\/b> przyk\u0142adanego do pr\u00f3bki. Korzystaj\u0105c z prawa Malusa <b>I<\/b> mo\u017cna zapisa\u0107 jako:<\/p>\n<blockquote class=\"normal\"><p>I(alfa)=I<sub>0<\/sub> Cos<sup>2<\/sup>(alfa +fi<sub>sr<\/sub>)<\/p><\/blockquote>\n<p class=\"normal\">gdzie <b>fi<sub>sr<\/sub><\/b> &#8211; jest k\u0105tem skr\u0119cenia p\u0142aszczyzny polaryzacji \u015bwiat\u0142a przechodz\u0105cego przez pr\u00f3bk\u0119.<b> fi<sub>sr<\/sub><\/b> zale\u017cy od magnetyzacji pr\u00f3bki <b>m,<\/b> kt\u00f3r\u0105 mo\u017cemy zmieni\u0107 reguluj\u0105c warto\u015b\u0107 pola <b>H<\/b>; <b>fi<sub>sr<\/sub> = fi * m(H)<\/b><\/p>\n<p><center><img decoding=\"async\" src=\"http:\/\/labfiz.uwb.edu.pl\/exp\/domeny01\/images\/malus-01.png\" alt=\"\" \/><\/center><\/p>\n<p class=\"normal\"><b class=\"normal\">Rysunek Mal2:<\/b>Przyk\u0142adowy wynik pomiar\u00f3w nat\u0119\u017cenia \u015bwiat\u0142a przechodz\u0105cego przez pr\u00f3bk\u0119 magnetyczn\u0105 w funkcji k\u0105ta po\u0142o\u017cenia polaryzatora <b>alfa <sub>1<\/sub> =(alfa +alfa <sub>0<\/sub>)<\/b><\/p>\n<p><a href=\"http:\/\/labfiz.uwb.edu.pl\/lab\/magmicroscope\/?page_id=37\"><b class=\"normal\"> Wi\u0119cej na temat teorii m(H) <\/b><\/a><\/p>\n<p><b class=\"normal\"> Wykonanie pomiaru<\/b><\/p>\n<p class=\"normal\">W celu wykonania pomiaru nale\u017cy uruchomi\u0107 program steruj\u0105cy do\u015bwiadczeniem: <span style=\"text-decoration: underline;\">&#8222;Pomiar nat\u0119\u017cenia \u015bwiat\u0142a w funkcji po\u0142o\u017cenia polaryzatora i nat\u0119\u017cenia pola magnetycznego&#8221;<\/span>, a nast\u0119pnie wykona\u0107 pomiar przy dowolnie ustawionej warto\u015bci amplitudy pola magnetycznego (np 0 [A\/m]). Wynikiem pomiaru s\u0105 odpowiadaj\u0105ce sobie dwa ci\u0105gi<b> U(i)<\/b> i<b> alfa<sub>1<\/sub>(i)<\/b> (1 &lt;i &lt;N, w naszym eksperymencie N=200). <b>U(i) <\/b>jest warto\u015bci\u0105 napi\u0119cia mierzonego przez detektor \u015bwiat\u0142a (warto\u015bci\u0105 podawan\u0105 w woltach) i wi\u0105\u017ce si\u0119 z nat\u0119\u017ceniem \u015bwiat\u0142a <b>I<\/b> liniow\u0105 relacj\u0105:<\/p>\n<blockquote class=\"normal\"><p><b>U = a+b*I<\/b><\/p><\/blockquote>\n<p class=\"normal\"><b>alfa<sub>1<\/sub>(i) <\/b>okre\u015bla po\u0142o\u017cenie polaryzatora, w kt\u00f3rym dokonano pomiaru <b>U(i)<\/b>.<\/p>\n<p class=\"normal\">Po zako\u0144czonym pomiarze komputer standardowo wykre\u015bla zale\u017cno\u015b\u0107 <b>U(alfa<sub>1<\/sub>)<\/b>, Przyk\u0142adowa prezentacja wynik\u00f3w widoczna jest na rysunku <b>Mal 2<\/b>. Na stronie <span style=\"text-decoration: underline;\">Pomiar nat\u0119\u017cenia \u015bwiat\u0142a w funkcji po\u0142o\u017cenia polaryzatora i nat\u0119\u017cenia pola magnetycznego<\/span> istniej\u0105 jeszcze dwie dodatkowe opcje zapoznania si\u0119 z uzyskanymi wynikami :<\/p>\n<ul class=\"normal\">\n<li>obejrzenie tabelki zawieraj\u0105cej trzy kolumny: <b>i<\/b>, <b>U(i)<\/b>, <b>alfa<sub>1<\/sub>(i)<\/b>;<\/li>\n<li>import danych do komputera Internauty<\/li>\n<\/ul>\n<p class=\"normal\">Sprawdzenia prawa Malusa mozemy dokona\u0107 por\u00f3wnuj\u0105c zmierzone warto\u015bci <b>U(alfa<sub>1<\/sub>(i))<\/b> z warto\u015bciami teoretycznymi <b>U<sub>T<\/sub>(alfa<sub>1<\/sub>(i))<\/b> wyliczonymi ze wzoru:<\/p>\n<blockquote class=\"normal\"><p><b>U<sub>T<\/sub>(alfa<sub>1<\/sub>) =a +b<sub>0<\/sub> * Cos<sup>2<\/sup>(alfa<sub>1<\/sub>+alfa<sub>0<\/sub>)<\/b><\/p><\/blockquote>\n<p class=\"normal\">Problem sprowadza si\u0119 do znalezienia trzech parametr\u00f3w <b>U<sub>1<\/sub>, U<sub>0<\/sub><\/b> i <b>alfa<sub>0<\/sub><\/b> by zale\u017cno\u015b\u0107 teoretyczna <b>U<sub>T<\/sub>(alfa<sub>1<\/sub>) <\/b>jak najlepiej opisywa\u0142a wyniki przeprowadzonego doswiadczenia. Do oszacowania tych parametr\u00f3w mo\u017cna zwr\u00f3ci\u0107 uwag\u0119 na maksymalne i minimalne warto\u015bci <b>U<\/b>:<\/p>\n<ul class=\"normal\">\n<li>\u015brednia warto\u015b\u0107 U okre\u015bla <b>a<\/b><\/li>\n<li>r\u00f3znica <b>U<\/b> maksymalnej i minimalnej wyznacza <b>b<sub>0<\/sub><\/b><\/li>\n<li>przesuni\u0119cie minimum na osi alfa 1 pozwala na okre\u015blenie <b>alfa<sub>0<\/sub><\/b><\/li>\n<\/ul>\n<p class=\"normal\">W celu precyzyjnego okre\u015blenia (dopasowania &#8211; &#8222;dofitowania&#8221; od angielskiego s\u0142owa &#8222;fitting&#8221;) parametr\u00f3w <b>U<sub>1<\/sub>, U<sub>0<\/sub><\/b> i <b>alfa<sub>0<\/sub><\/b> poszukuje si\u0119 minimum sumy <b>(U(alfa(i)) -U<sub>T<\/sub>(alfa(i)))<sup>2<\/sup><\/b>. Istniej\u0105 specjalne metody numeryczne pozwalaj\u0105ce na znalezienie tego minimum. Dalej proponowane jest wykorzystanie w tym celu bezp\u0142atnie dost\u0119pnego programu <a href=\"http:\/\/www.gnuplot.info\">GnuPlot<\/a> Na rysunku <b>Mal 3<\/b> wida\u0107, \u017ce dopasowana krzywa teoretyczna nie\u017ale opisuje wyniki do\u015bwiadczalne.<\/p>\n<p><center><img decoding=\"async\" src=\"http:\/\/labfiz.uwb.edu.pl\/exp\/domeny01\/images\/malus-02.png\" alt=\"\" \/><\/center><\/p>\n<p class=\"normal\"><b class=\"normal\">Rysunek Mal 3 :<\/b> Uzyskana z prawa Malusa krzywa teoretyczna (linia ciag\u0142a) dopasowana do wynik\u00f3w eksperymentalnych.<\/p>\n<p class=\"normal\">Przyk\u0142adowy program w j\u0119zyku programu Gnuplot do dopasowania naszych wynik\u00f3w:<\/p>\n<blockquote class=\"normal\"><p><i> set angles degrees<br \/>\nfun(alfa1) = a + b0*cos(alfa1+alfa0 )**2<br \/>\nfit fun(alfa1) &#8222;dane.dat&#8221; via &#8222;par.dat&#8221;<br \/>\n<\/i><\/p><\/blockquote>\n<p class=\"normal\">Polecenie <i>set angles degrees<\/i> okre\u015bla spos\u00f3b zapisywania k\u0105t\u00f3w ( w stopniach nie w radianach kt\u00f3re s\u0105 domy\u015blne dla wi\u0119kszo\u015bci program\u00f3w komputerowych). Posta\u0107 funkcji uwzgl\u0119dnia takie parametry jak: przesuni\u0119cie poziomu sygna\u0142u &#8211; <b>U<sub>1<\/sub><\/b>, skalowanie funkcji cos &#8211; <b>U<sub>0<\/sub><\/b> i przesuni\u0119cie fazy &#8211; parametr <b>alfa<sub>1<\/sub><\/b>. Kolejna linia wywo\u0142uje dopasowanie <i>&#8222;fit&#8221;<\/i> kt\u00f3re do danych zawartych w pliku <i>dane.dat<\/i> dopasowuje funkcj\u0119 <i>fun(alfa<sub>1<\/sub>)<\/i>. Plik par.dat spis pocz\u0105tkowych warto\u015bci parametr\u00f3w u\u017cytych wfunkcji fun(x).<\/p>\n<blockquote class=\"normal\"><p><i>a = 2.6<br \/>\nb0 = 1.4<br \/>\nalfa0 =-60 <\/i><\/p><\/blockquote>\n<p class=\"normal\">Program gnuplot mo\u017cna \u015bci\u0105gn\u0105\u0107 spod tego adresu: <a href=\"http:\/\/www.gnuplot.info\">http:\/\/www.gnuplot.info<\/a><\/p>\n","protected":false},"excerpt":{"rendered":"<p>Wizualizacja domen magnetycznych w naszym zestawie pomiarowym wymaga stosowania uk\u0142adu polaryzator &#8211; analizator. Zestaw umo\u017cliwia r\u00f3wnie\u017c zmian\u0119 k\u0105ta alfa pomi\u0119dzy osi\u0105 maksymalnego przepuszczania polaryzatora i analizatora. Taka konfiguracja, poza g\u0142\u00f3wnym celem jakim jest badanie domen, umo\u017cliwia wi\u0119c tak\u017ce przeprowadzenie do\u015bwiadczenia kt\u00f3rego celem jest potwierdzenie prawa Malusa. Na rysunku obok mamy schematycznie przedstawion\u0105 liniowo spolaryzowan\u0105 fal\u0119 [&hellip;]<\/p>\n","protected":false},"author":1,"featured_media":0,"parent":181,"menu_order":10,"comment_status":"closed","ping_status":"closed","template":"","meta":{"ngg_post_thumbnail":0,"footnotes":""},"categories":[13],"tags":[],"class_list":["post-183","page","type-page","status-publish","hentry","category-opisy","post"],"_links":{"self":[{"href":"http:\/\/labfiz.uwb.edu.pl\/lab\/magmicroscope\/index.php?rest_route=\/wp\/v2\/pages\/183","targetHints":{"allow":["GET"]}}],"collection":[{"href":"http:\/\/labfiz.uwb.edu.pl\/lab\/magmicroscope\/index.php?rest_route=\/wp\/v2\/pages"}],"about":[{"href":"http:\/\/labfiz.uwb.edu.pl\/lab\/magmicroscope\/index.php?rest_route=\/wp\/v2\/types\/page"}],"author":[{"embeddable":true,"href":"http:\/\/labfiz.uwb.edu.pl\/lab\/magmicroscope\/index.php?rest_route=\/wp\/v2\/users\/1"}],"replies":[{"embeddable":true,"href":"http:\/\/labfiz.uwb.edu.pl\/lab\/magmicroscope\/index.php?rest_route=%2Fwp%2Fv2%2Fcomments&post=183"}],"version-history":[{"count":4,"href":"http:\/\/labfiz.uwb.edu.pl\/lab\/magmicroscope\/index.php?rest_route=\/wp\/v2\/pages\/183\/revisions"}],"predecessor-version":[{"id":255,"href":"http:\/\/labfiz.uwb.edu.pl\/lab\/magmicroscope\/index.php?rest_route=\/wp\/v2\/pages\/183\/revisions\/255"}],"up":[{"embeddable":true,"href":"http:\/\/labfiz.uwb.edu.pl\/lab\/magmicroscope\/index.php?rest_route=\/wp\/v2\/pages\/181"}],"wp:attachment":[{"href":"http:\/\/labfiz.uwb.edu.pl\/lab\/magmicroscope\/index.php?rest_route=%2Fwp%2Fv2%2Fmedia&parent=183"}],"wp:term":[{"taxonomy":"category","embeddable":true,"href":"http:\/\/labfiz.uwb.edu.pl\/lab\/magmicroscope\/index.php?rest_route=%2Fwp%2Fv2%2Fcategories&post=183"},{"taxonomy":"post_tag","embeddable":true,"href":"http:\/\/labfiz.uwb.edu.pl\/lab\/magmicroscope\/index.php?rest_route=%2Fwp%2Fv2%2Ftags&post=183"}],"curies":[{"name":"wp","href":"https:\/\/api.w.org\/{rel}","templated":true}]}}