{"id":181,"date":"2015-12-15T13:19:00","date_gmt":"2015-12-15T13:19:00","guid":{"rendered":"http:\/\/labfiz.uwb.edu.pl\/lab\/magmicroscope\/?page_id=181"},"modified":"2016-01-27T13:58:27","modified_gmt":"2016-01-27T13:58:27","slug":"proponowane-zadania-pomiarowe","status":"publish","type":"page","link":"http:\/\/labfiz.uwb.edu.pl\/lab\/magmicroscope\/?page_id=181&lang=pl","title":{"rendered":"Proponowane zadania pomiarowe"},"content":{"rendered":"\n<!-- Page-list plugin v.5.9 wordpress.org\/plugins\/page-list\/ -->\n<div class=\"page-list page-list-ext page-list-cols-2\">\n<div class=\"page-list-ext-item\"><div class=\"page-list-ext-image\"><a href=\"http:\/\/labfiz.uwb.edu.pl\/lab\/magmicroscope\/?page_id=188&lang=pl\" title=\"Rejestracja struktur domenowych\"><img decoding=\"async\" src=\"http:\/\/labfiz.uwb.edu.pl\/exp\/domeny01\/images\/histereza-1.gif\" width=\"150\" alt=\"Rejestracja struktur domenowych\" \/><\/a><\/div> <h3 class=\"page-list-ext-title\"><a href=\"http:\/\/labfiz.uwb.edu.pl\/lab\/magmicroscope\/?page_id=188&lang=pl\" title=\"Rejestracja struktur domenowych\">Rejestracja struktur domenowych<\/a><\/h3><div class=\"page-list-ext-item-content\"> Rejestracja struktur domenowych przy r\u00f3\u017cnej warto\u015bci pola H. Jako\u015bciowa analiza zmienno\u015bci struktur.   \r\nW naszym uk\u0142adzie badana pr\u00f3bka domenowa jest umieszczona w \u015brodku cewki pod\u0142aczonej do zasilacza kt\u00f3rego sterowane jest mo\u017cliwe poprez Internet. ...<\/div><\/div>\n<div class=\"page-list-ext-item\"><div class=\"page-list-ext-image\"><a href=\"http:\/\/labfiz.uwb.edu.pl\/lab\/magmicroscope\/?page_id=183&lang=pl\" title=\"Sprawdzanie prawa Malusa\"><img decoding=\"async\" src=\"http:\/\/labfiz.uwb.edu.pl\/exp\/domeny01\/images\/prawo-malusa-1.gif\" width=\"150\" alt=\"Sprawdzanie prawa Malusa\" \/><\/a><\/div> <h3 class=\"page-list-ext-title\"><a href=\"http:\/\/labfiz.uwb.edu.pl\/lab\/magmicroscope\/?page_id=183&lang=pl\" title=\"Sprawdzanie prawa Malusa\">Sprawdzanie prawa Malusa<\/a><\/h3><div class=\"page-list-ext-item-content\"> \r\nWizualizacja domen magnetycznych w naszym zestawie  pomiarowym wymaga stosowania uk\u0142adu polaryzator - analizator. Zestaw umo\u017cliwia r\u00f3wnie\u017c zmian\u0119 k\u0105ta alfa  pomi\u0119dzy osi\u0105 maksymalnego przepuszczania polaryzatora i analizatora. Taka konfiguracja, poza g\u0142...<\/div><\/div>\n<div class=\"page-list-ext-item\"><div class=\"page-list-ext-image\"><a href=\"http:\/\/labfiz.uwb.edu.pl\/lab\/magmicroscope\/?page_id=185&lang=pl\" title=\"Badanie efektu Faradaya\"><img decoding=\"async\" src=\"http:\/\/labfiz.uwb.edu.pl\/exp\/domeny01\/images\/histereza.png\" width=\"150\" alt=\"Badanie efektu Faradaya\" \/><\/a><\/div> <h3 class=\"page-list-ext-title\"><a href=\"http:\/\/labfiz.uwb.edu.pl\/lab\/magmicroscope\/?page_id=185&lang=pl\" title=\"Badanie efektu Faradaya\">Badanie efektu Faradaya<\/a><\/h3><div class=\"page-list-ext-item-content\">Wyznaczanie kata skr\u0119cenia p\u0142aszczyzny polaryzacji w polu magnetycznym)  \r\nPrzechodz\u0105c przez domeny magnetyczne p\u0142aszczyzna liniowo spolaryzowanego \u015bwiat\u0142a ulega skr\u0119ceniu o k\u0105t +fi  lub -fi   Je\u017celi wi\u0105zka \u015bwiat\u0142a przechodzi przez obszar zawieraj\u0105cy...<\/div><\/div>\n<div class=\"page-list-ext-item\"><div class=\"page-list-ext-image\"><a href=\"http:\/\/labfiz.uwb.edu.pl\/lab\/magmicroscope\/?page_id=190&lang=pl\" title=\"Rejestracja struktur domenowych II\"><img decoding=\"async\" src=\"http:\/\/labfiz.uwb.edu.pl\/exp\/domeny01\/images\/wykres-cos.gif\" width=\"150\" alt=\"Rejestracja struktur domenowych II\" \/><\/a><\/div> <h3 class=\"page-list-ext-title\"><a href=\"http:\/\/labfiz.uwb.edu.pl\/lab\/magmicroscope\/?page_id=190&lang=pl\" title=\"Rejestracja struktur domenowych II\">Rejestracja struktur domenowych II<\/a><\/h3><div class=\"page-list-ext-item-content\"> Rejestracja struktur domenowych przy r\u00f3\u017cnej warto\u015bci k\u0105ta rozkrzy\u017cowania polaryzator\u00f3w. Jakosciowa analiza zmienno\u015bci struktur.  \r\nMo\u017cliwo\u015b\u0107 zdalnego sterowania po\u0142o\u017ceniem polaryzatora daje u\u017cytkownikowi okazj\u0119 na przeprowadzenie obserwacji struktury dom...<\/div><\/div>\n<div class=\"page-list-ext-item\"><div class=\"page-list-ext-image\"><a href=\"http:\/\/labfiz.uwb.edu.pl\/lab\/magmicroscope\/?page_id=192&lang=pl\" title=\"Zdj\u0119cie krzywej namagnesowania histerezy.\"><img decoding=\"async\" src=\"http:\/\/labfiz.uwb.edu.pl\/exp\/domeny01\/images\/histereza.png\" width=\"150\" alt=\"Zdj\u0119cie krzywej namagnesowania histerezy.\" \/><\/a><\/div> <h3 class=\"page-list-ext-title\"><a href=\"http:\/\/labfiz.uwb.edu.pl\/lab\/magmicroscope\/?page_id=192&lang=pl\" title=\"Zdj\u0119cie krzywej namagnesowania histerezy.\">Zdj\u0119cie krzywej namagnesowania histerezy.<\/a><\/h3><div class=\"page-list-ext-item-content\">Zdj\u0119cie krzywej namagnesowania histerezy. Jako\u015bciowa analiza histerezy procesu.  \r\nZadaniem eksperymentatora jest pomiar zale\u017cno\u015bci magnetyzacji pr\u00f3bki M  w funkcji nat\u0119\u017cenia prostopad\u0142ego pola magnetycznego H  do niej przy\u0142o\u017conego. Pomiar odbwa si\u0119 z wyk...<\/div><\/div>\n<div class=\"page-list-ext-item\"><div class=\"page-list-ext-image\"><a href=\"http:\/\/labfiz.uwb.edu.pl\/lab\/magmicroscope\/?page_id=195&lang=pl\" title=\"Cyfrowa analiza obraz\u00f3w domen magnetycznych\"><img decoding=\"async\" src=\"http:\/\/labfiz.uwb.edu.pl\/exp\/domeny01\/images\/siatka.gif\" width=\"150\" alt=\"Cyfrowa analiza obraz\u00f3w domen magnetycznych\" \/><\/a><\/div> <h3 class=\"page-list-ext-title\"><a href=\"http:\/\/labfiz.uwb.edu.pl\/lab\/magmicroscope\/?page_id=195&lang=pl\" title=\"Cyfrowa analiza obraz\u00f3w domen magnetycznych\">Cyfrowa analiza obraz\u00f3w domen magnetycznych<\/a><\/h3><div class=\"page-list-ext-item-content\">Cyfrowa analiza obraz\u00f3w domen magnetycznych - poprawa kontrastu obrazu struktury domenowej  \r\nObraz cyfrowy U  jest dwuwymiarow\u0105 macierz\u0105 o wymiarze W x S  (w naszym eksperymencie 368x286) gdzie ka\u017cdy jej element U(i,j)  jest nazywany pikselem. W cza...<\/div><\/div>\n\n<\/div>\n","protected":false},"excerpt":{"rendered":"","protected":false},"author":1,"featured_media":224,"parent":34,"menu_order":20,"comment_status":"closed","ping_status":"closed","template":"","meta":{"ngg_post_thumbnail":0,"footnotes":""},"categories":[13],"tags":[],"class_list":["post-181","page","type-page","status-publish","has-post-thumbnail","hentry","category-opisy","post","post-with-thumbnail","post-with-thumbnail-large"],"_links":{"self":[{"href":"http:\/\/labfiz.uwb.edu.pl\/lab\/magmicroscope\/index.php?rest_route=\/wp\/v2\/pages\/181","targetHints":{"allow":["GET"]}}],"collection":[{"href":"http:\/\/labfiz.uwb.edu.pl\/lab\/magmicroscope\/index.php?rest_route=\/wp\/v2\/pages"}],"about":[{"href":"http:\/\/labfiz.uwb.edu.pl\/lab\/magmicroscope\/index.php?rest_route=\/wp\/v2\/types\/page"}],"author":[{"embeddable":true,"href":"http:\/\/labfiz.uwb.edu.pl\/lab\/magmicroscope\/index.php?rest_route=\/wp\/v2\/users\/1"}],"replies":[{"embeddable":true,"href":"http:\/\/labfiz.uwb.edu.pl\/lab\/magmicroscope\/index.php?rest_route=%2Fwp%2Fv2%2Fcomments&post=181"}],"version-history":[{"count":1,"href":"http:\/\/labfiz.uwb.edu.pl\/lab\/magmicroscope\/index.php?rest_route=\/wp\/v2\/pages\/181\/revisions"}],"predecessor-version":[{"id":182,"href":"http:\/\/labfiz.uwb.edu.pl\/lab\/magmicroscope\/index.php?rest_route=\/wp\/v2\/pages\/181\/revisions\/182"}],"up":[{"embeddable":true,"href":"http:\/\/labfiz.uwb.edu.pl\/lab\/magmicroscope\/index.php?rest_route=\/wp\/v2\/pages\/34"}],"wp:featuredmedia":[{"embeddable":true,"href":"http:\/\/labfiz.uwb.edu.pl\/lab\/magmicroscope\/index.php?rest_route=\/wp\/v2\/media\/224"}],"wp:attachment":[{"href":"http:\/\/labfiz.uwb.edu.pl\/lab\/magmicroscope\/index.php?rest_route=%2Fwp%2Fv2%2Fmedia&parent=181"}],"wp:term":[{"taxonomy":"category","embeddable":true,"href":"http:\/\/labfiz.uwb.edu.pl\/lab\/magmicroscope\/index.php?rest_route=%2Fwp%2Fv2%2Fcategories&post=181"},{"taxonomy":"post_tag","embeddable":true,"href":"http:\/\/labfiz.uwb.edu.pl\/lab\/magmicroscope\/index.php?rest_route=%2Fwp%2Fv2%2Ftags&post=181"}],"curies":[{"name":"wp","href":"https:\/\/api.w.org\/{rel}","templated":true}]}}