{"id":179,"date":"2015-12-15T13:16:53","date_gmt":"2015-12-15T13:16:53","guid":{"rendered":"http:\/\/labfiz.uwb.edu.pl\/lab\/magmicroscope\/?page_id=179"},"modified":"2016-02-02T22:29:32","modified_gmt":"2016-02-02T22:29:32","slug":"uklad-pomiarowy","status":"publish","type":"page","link":"http:\/\/labfiz.uwb.edu.pl\/lab\/magmicroscope\/?page_id=179&lang=pl","title":{"rendered":"Uk\u0142ad pomiarowy"},"content":{"rendered":"<p class=\"normal\">Wykonanie do\u015bwiadczenia na odleg\u0142o\u015b\u0107 z wykorzystaniem Internetu wymaga\u0142o zbudowania odpowiedniego uk\u0142adu pomiarowego kt\u00f3rego dzia\u0142anie umo\u017cliwia Internautom przeprowadzenie pomiar\u00f3w przy u\u017cyciu dowolnej przegl\u0105darki stron WWW. Schematycznie uk\u0142ad taki przedstawiony jest na rysunku Z1. U\u017cytkownik korzystaj\u0105cy z Internetu mo\u017ce po\u0142\u0105czy\u0107 si\u0119 z serwerem WWW obs\u0142uguj\u0105cym strony do\u015bwiadczenia na odleg\u0142o\u015b\u0107 z dowolnego punktu na Ziemi. Wbudowana obs\u0142uga CGI (<a href=\"http:\/\/www.w3.org\/CGI\/\"> Common Geteway Interface <\/a>) umo\u017cliwia komunikacj\u0119 serwera WWW z komputerem pomiarowym steruj\u0105cym do\u015bwiadczeniem. Uzyskane przez ten drugi komputer dane s\u0105 odsy\u0142ane nast\u0119pnie do U\u017cytkownika za po\u015brednictwem generowanych dynamicznie stron WWW.<\/p>\n<p><center><img loading=\"lazy\" decoding=\"async\" src=\"http:\/\/labfiz.uwb.edu.pl\/exp\/domeny01\/images\/schemat-internet-01.gif\" alt=\"Pomiar na odleglosc z wykorzystaniem internetu\" width=\"555\" height=\"331\" \/><\/center><center><b>Rysunek Z1<\/b> Schemat uk\u0142adu umo\u017cliwiaj\u0105cego zdalne wykonanie pomiaru z wykorzystaniem Internetu<\/center><center><\/center><em>Historycznie rzecz ujmuj\u0105c pierwsza wersja uk\u0142adu uruchomiona by\u0142a w roku 1999 \ud83d\ude42 z okazji <a href=\"http:\/\/labfiz.uwb.edu.pl\/ptf\/zjazd.shtml\">XXXV Zjazdu Fizyk\u00f3w Polskich <\/a>kt\u00f3ry odby\u0142\u00a0si\u0119\u00a0w Bia\u0142ymstoku. Z powodu braku innych przes\u0142anek autor (Wojtek D.) traktuje ten uk\u0142ad\u00a0jako pierwszy, publicznie\u00a0dost\u0119pny\u00a0 w polskim Internecie zdalnie sterowany uk\u0142ad pomiarowy.\u00a0Je\u017celi\u00a0kto\u015b zna wcze\u015bniejsz\u0105 prac\u0119\u00a0tego typu prosz\u0119 zg\u0142asza\u0107 obiekcje na <a href=\"mailto:dobrog@uwb.edu.pl\">dobrog@uwb.edu.pl<\/a>\u00a0:)). Z Ch\u0119ci\u0105 zamieszcz\u0119 sprostowanie &#8211; Wojtek \ud83d\ude42 .<\/em><\/p>\n<p>Uk\u0142ad pomiarowy zosta\u0142 zbudowany w oparciu o odpowiednio zmodyfikowany standardowy mikroskop optyczny, komputer IBM PC wyposa\u017cony w karty umo\u017cliwiaj\u0105ce sterowanie oraz akwizycj\u0119 danych oraz dodatkowy osprz\u0119t uk\u0142adu.<\/p>\n<p><center><img loading=\"lazy\" decoding=\"async\" src=\"http:\/\/labfiz.uwb.edu.pl\/exp\/domeny01\/images\/uklad-pomiarowy-2.gif\" alt=\"Schemat uk\u0142adu pomiarowego\" width=\"505\" height=\"310\" \/><\/center><\/p>\n<p class=\"normal\"><b class=\"normal\"> Rysunek Z2<\/b> Schemat wykorzystywanego uk\u0142adu pomiarowego do bada\u0144 domen magnetycznych.<\/p>\n<p>&nbsp;<\/p>\n<p class=\"normal\"><b>Na powy\u017cszym schemacie uk\u0142adu zaznaczono :<\/b><\/p>\n<ol class=\"normal\">\n<li>Mikroskop optyczny odpowiednio przebudowany i wyposa\u017cony (blok schematu zaznaczony \u017c\u00f3\u0142tym kolorem). Na schemacie wyr\u00f3\u017cniona jest:\n<ul>\n<li>\u017car\u00f3wka<\/li>\n<li>polaryzator &#8211; obracany komputerowo sterowanym silnikiem krokowym<\/li>\n<li>silnik krokowy poruszaj\u0105cy polaryzator (pojedynczy krok silnika pozwala na obr\u00f3t polaryzatora o k\u0105t 1.8 stopnia)<\/li>\n<li>czujnik po\u0142o\u017cenia polaryzatora &#8211; kontaktron<\/li>\n<li>badana pr\u00f3bka (magnetyczna warstwa granatu o grubo\u015bci 10 mikrometr\u00f3w)<\/li>\n<li>cewka wytwarzaj\u0105ca pole magnetyczne <b>H<\/b> prostopadle do powierzchni pr\u00f3bki, maksymalna warto\u015b\u0107 pola wynosi H<sub>max<\/sub>=6000 [A\/m];<\/li>\n<li>obiektyw<\/li>\n<li>analizator<\/li>\n<li>kamera CCD do wizualizacji domen magnetycznych <b>(KA)<\/b><\/li>\n<li>fotodioda do rejestracji sygna\u0142u proporcjonalnego do magnetyzacji <b>m<\/b> badanej pr\u00f3bki<\/li>\n<\/ul>\n<\/li>\n<li>Sterowany komputerowo zasilacz pr\u0105du cewki wytwarzaj\u0105cej pole magnetyczne H prostopad\u0142e do pr\u00f3bki<\/li>\n<li>Sterownik silnika krokowego<\/li>\n<li>Komputer pomiarowy klasy IBM-PC (wykorzystano PC 486 50 Mhz, 200MB HDD, 8 MB RAM, system operacyjny Linux Debian 2.0) z kartami. Aktualizacja (2012). Wymieniono na komputer Celeron 450 Mhz, 20GB HDD, 512MB RAM, Debian \u00a0??? \u00a0\ud83d\ude42 (Wiem ale nie powiem ) :\n<ul>\n<li>VideoBlaster &#8211; 3 kana\u0142owy FrameGraber u\u017cywany do rejestracji obrazu z kamery CCD zastosowanej w mikroskopie i do kamery rejestruj\u0105cej zdalnie uk\u0142ad pomiarowy &#8211; Aktualizacja (2012). VideoBlaster datowany w produkcji na rok 1992 zepsu\u0142 si\u0119 (po 20-tu latach z czego ok 13 -tu pracy w uk\u0142adzie). System dzia\u0142a teraz w oparciu o dwie karty Tunera TV:\u00a0\u00a0BTTV\u00a0z chipem BT878.<\/li>\n<li>Wej\u015bcia\/Wyj\u015bcia (zastosowano kart\u0119 UIB z CMA Fundacji Uniwersytetu w Amsterdamie<\/li>\n<li>Karta Ethernet \u0142\u0105cz\u0105ca komputer z sieci\u0105 Internet<\/li>\n<\/ul>\n<\/li>\n<li>Dodatkowo do komputera pod\u0142\u0105czone s\u0105:\n<ul>\n<li>konsola cyfrowego i analogowego wej\u015bcia\/wyj\u015bcia z transmisj\u0105 danych poprzez port r\u00f3wnoleg\u0142y (Konsola LPT)<\/li>\n<li>kamera rejestruj\u0105ca uk\u0142ad pomiarowy <b>(KB)<\/b> z nadajnikiem i odbiornikiem VHS (kamera bezprzewodowa)<\/li>\n<\/ul>\n<\/li>\n<\/ol>\n<p class=\"normal\">Zarejestrowany przez kamer\u0119 <b>KB<\/b> obraz uk\u0142adu pomiarowego zaprezentowano na rysunku Z3. Klikaj\u0105c na odpowiednich elementach uk\u0142adu mo\u017cna uzyska\u0107 ich powi\u0119kszenie. W pobli\u017cu uk\u0142adu umieszczono dodatkowo akwarium z rybkami kt\u00f3re spe\u0142nia rol\u0119 &#8222;rzeczywi\u015bcie \u017cywej&#8221; cz\u0119ci uk\u0142adu.<\/p>\n<map name=\"uklad\">\n<area alt=\"Akwarium\" coords=\"2,129,76,203\" shape=\"rect\" href=\"http:\/\/labfiz.uwb.edu.pl\/exp\/domeny01\/images\/rybki02.jpg\" \/>\n<area alt=\"Konsola UIB\" coords=\"200,187,242,216\" shape=\"rect\" href=\"http:\/\/labfiz.uwb.edu.pl\/exp\/domeny01\/images\/konsola-uib.jpg\" \/>\n<area alt=\"Kamera CCD i dioda pomiarowa\" coords=\"150,11,203,97\" shape=\"rect\" href=\"http:\/\/labfiz.uwb.edu.pl\/exp\/domeny01\/images\/kamera-dioda.jpg\" \/>\n<area alt=\"Cewka pola prostopad\u0142ego\" coords=\"151,106,188,128\" shape=\"rect\" href=\"http:\/\/labfiz.uwb.edu.pl\/exp\/domeny01\/images\/cewka.jpg\" \/>\n<area alt=\"Silnik krokowy\" coords=\"150,135,191,152\" shape=\"rect\" href=\"http:\/\/labfiz.uwb.edu.pl\/exp\/domeny01\/images\/silnik.jpg\" \/>\n<area alt=\" Sterownik silnika krokowego\" coords=\"119,140,146,164\" shape=\"rect\" href=\"http:\/\/labfiz.uwb.edu.pl\/exp\/domeny01\/images\/sterownik.jpg\" \/>\n<area alt=\"Zasilacze cewki\" coords=\"115,163,143,209\" shape=\"rect\" href=\"http:\/\/labfiz.uwb.edu.pl\/exp\/domeny01\/images\/zasilacze.jpg\" \/>\n<area alt=\"Konsola LPT\" coords=\"84,166,114,201\" shape=\"rect\" href=\"http:\/\/labfiz.uwb.edu.pl\/exp\/domeny01\/images\/konsola-dac.jpg\" \/> <\/map>\n<p><center><img loading=\"lazy\" decoding=\"async\" src=\"http:\/\/labfiz.uwb.edu.pl\/exp\/domeny01\/images\/uklad_m.jpg\" alt=\"\" usemap=\"#uklad\" width=\"320\" height=\"240\" border=\"0\" \/>\u00a0<\/center><center><b>Rysunek Z3 <\/b> Interaktywny obraz uk\u0142adu pomiarowego. Klikaj\u0105c na wybrane elementy mo\u017cna je powi\u0119kszy\u0107. Zdj\u0119cie ma warto\u015b\u0107 historyczn\u0105 przedstawia uk\u0142ad pomiarowy w sali 212 na Lipowej 41. Nowy uk\u0142ad wygl\u0105da inaczej i jest &#8230;<\/center><b>Sterowanie elementami uk\u0142adu pomiarowego <\/b><\/p>\n<ul class=\"normal\">\n<li><a href=\"http:\/\/labfiz.uwb.edu.pl\/lab\/magmicroscope\/?page_id=276\">Sterowanie polem magnetycznym<\/a><\/li>\n<li><a href=\"http:\/\/labfiz.uwb.edu.pl\/lab\/magmicroscope\/?page_id=278\">Sterowanie po\u0142o\u017ceniem polaryzatora<\/a><\/li>\n<li><a href=\"http:\/\/labfiz.uwb.edu.pl\/lab\/magmicroscope\/?page_id=280\">Pomiar nat\u0119\u017cenia \u015bwiat\u0142a z u\u017cyciem fotodiody<\/a><\/li>\n<li>Kamera do obserwacja pr\u00f3bki domenowej<\/li>\n<li>Kamera do obserwacji uk\u0142adu<\/li>\n<\/ul>\n","protected":false},"excerpt":{"rendered":"<p>Wykonanie do\u015bwiadczenia na odleg\u0142o\u015b\u0107 z wykorzystaniem Internetu wymaga\u0142o zbudowania odpowiedniego uk\u0142adu pomiarowego kt\u00f3rego dzia\u0142anie umo\u017cliwia Internautom przeprowadzenie pomiar\u00f3w przy u\u017cyciu dowolnej przegl\u0105darki stron WWW. Schematycznie uk\u0142ad taki przedstawiony jest na rysunku Z1. U\u017cytkownik korzystaj\u0105cy z Internetu mo\u017ce po\u0142\u0105czy\u0107 si\u0119 z serwerem WWW obs\u0142uguj\u0105cym strony do\u015bwiadczenia na odleg\u0142o\u015b\u0107 z dowolnego punktu na Ziemi. Wbudowana obs\u0142uga CGI [&hellip;]<\/p>\n","protected":false},"author":1,"featured_media":0,"parent":215,"menu_order":5,"comment_status":"closed","ping_status":"closed","template":"","meta":{"ngg_post_thumbnail":0,"footnotes":""},"categories":[13],"tags":[],"class_list":["post-179","page","type-page","status-publish","hentry","category-opisy","post"],"_links":{"self":[{"href":"http:\/\/labfiz.uwb.edu.pl\/lab\/magmicroscope\/index.php?rest_route=\/wp\/v2\/pages\/179","targetHints":{"allow":["GET"]}}],"collection":[{"href":"http:\/\/labfiz.uwb.edu.pl\/lab\/magmicroscope\/index.php?rest_route=\/wp\/v2\/pages"}],"about":[{"href":"http:\/\/labfiz.uwb.edu.pl\/lab\/magmicroscope\/index.php?rest_route=\/wp\/v2\/types\/page"}],"author":[{"embeddable":true,"href":"http:\/\/labfiz.uwb.edu.pl\/lab\/magmicroscope\/index.php?rest_route=\/wp\/v2\/users\/1"}],"replies":[{"embeddable":true,"href":"http:\/\/labfiz.uwb.edu.pl\/lab\/magmicroscope\/index.php?rest_route=%2Fwp%2Fv2%2Fcomments&post=179"}],"version-history":[{"count":8,"href":"http:\/\/labfiz.uwb.edu.pl\/lab\/magmicroscope\/index.php?rest_route=\/wp\/v2\/pages\/179\/revisions"}],"predecessor-version":[{"id":291,"href":"http:\/\/labfiz.uwb.edu.pl\/lab\/magmicroscope\/index.php?rest_route=\/wp\/v2\/pages\/179\/revisions\/291"}],"up":[{"embeddable":true,"href":"http:\/\/labfiz.uwb.edu.pl\/lab\/magmicroscope\/index.php?rest_route=\/wp\/v2\/pages\/215"}],"wp:attachment":[{"href":"http:\/\/labfiz.uwb.edu.pl\/lab\/magmicroscope\/index.php?rest_route=%2Fwp%2Fv2%2Fmedia&parent=179"}],"wp:term":[{"taxonomy":"category","embeddable":true,"href":"http:\/\/labfiz.uwb.edu.pl\/lab\/magmicroscope\/index.php?rest_route=%2Fwp%2Fv2%2Fcategories&post=179"},{"taxonomy":"post_tag","embeddable":true,"href":"http:\/\/labfiz.uwb.edu.pl\/lab\/magmicroscope\/index.php?rest_route=%2Fwp%2Fv2%2Ftags&post=179"}],"curies":[{"name":"wp","href":"https:\/\/api.w.org\/{rel}","templated":true}]}}