{"id":12,"date":"2015-12-03T12:15:53","date_gmt":"2015-12-03T12:15:53","guid":{"rendered":"http:\/\/labfiz.uwb.edu.pl\/lab\/magmicroscope\/?page_id=12"},"modified":"2015-12-09T10:57:18","modified_gmt":"2015-12-09T10:57:18","slug":"mikroskop-internetowy","status":"publish","type":"page","link":"http:\/\/labfiz.uwb.edu.pl\/lab\/magmicroscope\/?page_id=12&lang=pl","title":{"rendered":"Badanie domen magnetycznych  przez INTERNET"},"content":{"rendered":"<p><a href=\"http:\/\/labfiz.uwb.edu.pl\/lab\/magmicroscope\/wp-content\/uploads\/sites\/2\/2015\/12\/strona-tytv1.jpg\"><img loading=\"lazy\" decoding=\"async\" class=\"size-full wp-image-23 alignleft\" src=\"http:\/\/labfiz.uwb.edu.pl\/lab\/magmicroscope\/wp-content\/uploads\/sites\/2\/2015\/12\/strona-tytv1.jpg\" alt=\"strona-tytv1\" width=\"201\" height=\"281\" srcset=\"http:\/\/labfiz.uwb.edu.pl\/lab\/magmicroscope\/wp-content\/uploads\/sites\/2\/2015\/12\/strona-tytv1.jpg 201w, http:\/\/labfiz.uwb.edu.pl\/lab\/magmicroscope\/wp-content\/uploads\/sites\/2\/2015\/12\/strona-tytv1-107x150.jpg 107w\" sizes=\"auto, (max-width: 201px) 100vw, 201px\" \/><\/a>Dzi\u0119ki Internetowi z wykorzystaniem naszych prostych osobistych komputer\u00f3w mo\u017cemy sterowa\u0107 eksperymentami, zbiera\u0107 dane z do\u015bwiadcze\u0144 wykonywanych w odleg\u0142ych zak\u0105tkach ziemi. Wykorzystanie takich rozwi\u0105za\u0144 w badaniach naukowych znane jest ju\u017c od wielu lat. W ostatnim okresie pojawiaj\u0105 si\u0119 nowe laboratoria dost\u0119pne zar\u00f3wno dla student\u00f3w, jak i uczni\u00f3w, przeznaczone do cel\u00f3w edukacyjnych. Mo\u017cemy w nich skorzysta\u0107 cz\u0119sto ze skomplikowanego sprz\u0119tu do wykonywania ciekawych do\u015bwiadcze\u0144. Odpowiednio skonfigurowane uk\u0142ady, z mo\u017cliwo\u015bci\u0105 wizualizacji pracowni oraz wynik\u00f3w, sprawiaj\u0105 wra\u017cenie i\u017c wykonywane przez Internet do\u015bwiadczenia staj\u0105 si\u0119 bliskie rzeczywistym.<\/p>\n","protected":false},"excerpt":{"rendered":"<p>Dzi\u0119ki Internetowi z wykorzystaniem naszych prostych osobistych komputer\u00f3w mo\u017cemy sterowa\u0107 eksperymentami, zbiera\u0107 dane z do\u015bwiadcze\u0144 wykonywanych w odleg\u0142ych zak\u0105tkach ziemi. Wykorzystanie takich rozwi\u0105za\u0144 w badaniach naukowych znane jest ju\u017c od wielu lat. W ostatnim okresie pojawiaj\u0105 si\u0119 nowe laboratoria dost\u0119pne zar\u00f3wno dla student\u00f3w, jak i uczni\u00f3w, przeznaczone do cel\u00f3w edukacyjnych. Mo\u017cemy w nich skorzysta\u0107 cz\u0119sto [&hellip;]<\/p>\n","protected":false},"author":1,"featured_media":0,"parent":0,"menu_order":0,"comment_status":"closed","ping_status":"closed","template":"","meta":{"ngg_post_thumbnail":0,"footnotes":""},"categories":[13],"tags":[],"class_list":["post-12","page","type-page","status-publish","hentry","category-opisy","post"],"_links":{"self":[{"href":"http:\/\/labfiz.uwb.edu.pl\/lab\/magmicroscope\/index.php?rest_route=\/wp\/v2\/pages\/12","targetHints":{"allow":["GET"]}}],"collection":[{"href":"http:\/\/labfiz.uwb.edu.pl\/lab\/magmicroscope\/index.php?rest_route=\/wp\/v2\/pages"}],"about":[{"href":"http:\/\/labfiz.uwb.edu.pl\/lab\/magmicroscope\/index.php?rest_route=\/wp\/v2\/types\/page"}],"author":[{"embeddable":true,"href":"http:\/\/labfiz.uwb.edu.pl\/lab\/magmicroscope\/index.php?rest_route=\/wp\/v2\/users\/1"}],"replies":[{"embeddable":true,"href":"http:\/\/labfiz.uwb.edu.pl\/lab\/magmicroscope\/index.php?rest_route=%2Fwp%2Fv2%2Fcomments&post=12"}],"version-history":[{"count":3,"href":"http:\/\/labfiz.uwb.edu.pl\/lab\/magmicroscope\/index.php?rest_route=\/wp\/v2\/pages\/12\/revisions"}],"predecessor-version":[{"id":24,"href":"http:\/\/labfiz.uwb.edu.pl\/lab\/magmicroscope\/index.php?rest_route=\/wp\/v2\/pages\/12\/revisions\/24"}],"wp:attachment":[{"href":"http:\/\/labfiz.uwb.edu.pl\/lab\/magmicroscope\/index.php?rest_route=%2Fwp%2Fv2%2Fmedia&parent=12"}],"wp:term":[{"taxonomy":"category","embeddable":true,"href":"http:\/\/labfiz.uwb.edu.pl\/lab\/magmicroscope\/index.php?rest_route=%2Fwp%2Fv2%2Fcategories&post=12"},{"taxonomy":"post_tag","embeddable":true,"href":"http:\/\/labfiz.uwb.edu.pl\/lab\/magmicroscope\/index.php?rest_route=%2Fwp%2Fv2%2Ftags&post=12"}],"curies":[{"name":"wp","href":"https:\/\/api.w.org\/{rel}","templated":true}]}}