{"id":103,"date":"2015-12-14T11:02:24","date_gmt":"2015-12-14T11:02:24","guid":{"rendered":"http:\/\/labfiz.uwb.edu.pl\/lab\/magmicroscope\/?page_id=103"},"modified":"2019-11-07T00:13:32","modified_gmt":"2019-11-06T23:13:32","slug":"experymenty","status":"publish","type":"page","link":"http:\/\/labfiz.uwb.edu.pl\/lab\/magmicroscope\/?page_id=103&lang=pl","title":{"rendered":"Experymenty"},"content":{"rendered":"<h2>Mikroskop internetowy<\/h2>\n\n<!-- Page-list plugin v.5.9 wordpress.org\/plugins\/page-list\/ -->\n<div class=\"page-list page-list-ext page-list-cols-1\">\n<div class=\"page-list-ext-item\"><div class=\"page-list-ext-image\"><a href=\"http:\/\/labfiz.uwb.edu.pl\/lab\/magmicroscope\/?page_id=362&lang=pl\" title=\"Pomiar krzywej magnesowania (histerezy)\"><img decoding=\"async\" src=\"http:\/\/labfiz.uwb.edu.pl\/lab\/magmicroscope\/wp-content\/uploads\/sites\/2\/2015\/12\/pomiar-d2-150x94.png\" width=\"150\" alt=\"Pomiar krzywej magnesowania (histerezy)\" \/><\/a><\/div> <h3 class=\"page-list-ext-title\"><a href=\"http:\/\/labfiz.uwb.edu.pl\/lab\/magmicroscope\/?page_id=362&lang=pl\" title=\"Pomiar krzywej magnesowania (histerezy)\">Pomiar krzywej magnesowania (histerezy)<\/a><\/h3><div class=\"page-list-ext-item-content\">UWAGI: \r\n\r\n \tPo uruchomieniu nale\u017cy poczeka\u0107 oko\u0142o 2 minut na wynik pomiaru  \r\n \tSeparatorem dziesi\u0119tnym w pliku CSV jest kropka. Mo\u017ce to powodowa\u0107 konieczno\u015b\u0107 r\u0119cznej zamiany wspomnianej kropki na przecinek aby poprawnie wczyta\u0107 plik np do programu ...<\/div><\/div>\n<div class=\"page-list-ext-item\"><div class=\"page-list-ext-image\"><a href=\"http:\/\/labfiz.uwb.edu.pl\/lab\/magmicroscope\/?page_id=353&lang=pl\" title=\"Obserwacja struktur domenowych w funkcji pola\"><img decoding=\"async\" src=\"http:\/\/labfiz.uwb.edu.pl\/lab\/magmicroscope\/wp-content\/uploads\/sites\/2\/2015\/12\/obraz-10.8.th_-150x117.jpg\" width=\"150\" alt=\"Obserwacja struktur domenowych w funkcji pola\" \/><\/a><\/div> <h3 class=\"page-list-ext-title\"><a href=\"http:\/\/labfiz.uwb.edu.pl\/lab\/magmicroscope\/?page_id=353&lang=pl\" title=\"Obserwacja struktur domenowych w funkcji pola\">Obserwacja struktur domenowych w funkcji pola<\/a><\/h3><div class=\"page-list-ext-item-content\">Rejestracja obrazu domeny magnetycznej w funkcji  warto\u015bci pola magnetycznego przy\u0142o\u017conego do pr\u00f3bki.\r\n\r\nUwagi do pomiar\u00f3w: \r\n\r\n \tSkala obrazu do pobrania SKALA.  UWAGA  Skala obrazu jest obrazem o dwukrotnie wi\u0119kszej rozdzielczo\u015bci (w&nbsp; sensie liniow...<\/div><\/div>\n<div class=\"page-list-ext-item\"><div class=\"page-list-ext-image\"><a href=\"http:\/\/labfiz.uwb.edu.pl\/lab\/magmicroscope\/?page_id=357&lang=pl\" title=\"Obserwacja uk\u0142adu &#039;on-line&#039;\"><img decoding=\"async\" src=\"http:\/\/labfiz.uwb.edu.pl\/lab\/magmicroscope\/wp-content\/uploads\/sites\/2\/2015\/12\/strona-tytv1.jpg\" width=\"150\" alt=\"Obserwacja uk\u0142adu &#039;on-line&#039;\" \/><\/a><\/div> <h3 class=\"page-list-ext-title\"><a href=\"http:\/\/labfiz.uwb.edu.pl\/lab\/magmicroscope\/?page_id=357&lang=pl\" title=\"Obserwacja uk\u0142adu &#039;on-line&#039;\">Obserwacja uk\u0142adu &#039;on-line&#039;<\/a><\/h3><div class=\"page-list-ext-item-content\">Program pozwala na rejestracj\u0119 &nbsp;widoku uk\u0142adu pomiarowego w postaci pojedynczych zdj\u0119\u0107.\r\n\r\n<\/div><\/div>\n\n<\/div>\n<h2>Inne systemy pomiarowe<\/h2>\n\n<!-- Page-list plugin v.5.9 wordpress.org\/plugins\/page-list\/ -->\n<div class=\"page-list page-list-ext page-list-cols-1\">\n<div class=\"page-list-ext-item\"><div class=\"page-list-ext-image\"><a href=\"http:\/\/labfiz.uwb.edu.pl\/lab\/magmicroscope\/?page_id=337&lang=pl\" title=\"Monitor temperatury\"><img decoding=\"async\" src=\"http:\/\/labfiz.uwb.edu.pl\/lab\/magmicroscope\/wp-content\/uploads\/sites\/2\/2016\/02\/pobrany-150x120.png\" width=\"150\" alt=\"Monitor temperatury\" \/><\/a><\/div> <h3 class=\"page-list-ext-title\"><a href=\"http:\/\/labfiz.uwb.edu.pl\/lab\/magmicroscope\/?page_id=337&lang=pl\" title=\"Monitor temperatury\">Monitor temperatury<\/a><\/h3><div class=\"page-list-ext-item-content\">Monitorowanie pomieszcze\u0144 laboratoryjnych ZFMagnet.  \r\nStrona umo\u017cliwia sprawdzenie temperatury oraz nat\u0119\u017cenia \u015bwiat\u0142a. Jest to uproszczona wersja ( brak dost\u0119pu do danych pomiarowych) systemu monitoringu dost\u0119pnego w Intranecie. System zbierania danych ...<\/div><\/div>\n\n<\/div>\n","protected":false},"excerpt":{"rendered":"<p>Mikroskop internetowy Inne systemy pomiarowe<\/p>\n","protected":false},"author":1,"featured_media":224,"parent":12,"menu_order":0,"comment_status":"closed","ping_status":"closed","template":"","meta":{"ngg_post_thumbnail":0,"footnotes":""},"categories":[15],"tags":[],"class_list":["post-103","page","type-page","status-publish","has-post-thumbnail","hentry","category-eksperyment","post","post-with-thumbnail","post-with-thumbnail-large"],"_links":{"self":[{"href":"http:\/\/labfiz.uwb.edu.pl\/lab\/magmicroscope\/index.php?rest_route=\/wp\/v2\/pages\/103","targetHints":{"allow":["GET"]}}],"collection":[{"href":"http:\/\/labfiz.uwb.edu.pl\/lab\/magmicroscope\/index.php?rest_route=\/wp\/v2\/pages"}],"about":[{"href":"http:\/\/labfiz.uwb.edu.pl\/lab\/magmicroscope\/index.php?rest_route=\/wp\/v2\/types\/page"}],"author":[{"embeddable":true,"href":"http:\/\/labfiz.uwb.edu.pl\/lab\/magmicroscope\/index.php?rest_route=\/wp\/v2\/users\/1"}],"replies":[{"embeddable":true,"href":"http:\/\/labfiz.uwb.edu.pl\/lab\/magmicroscope\/index.php?rest_route=%2Fwp%2Fv2%2Fcomments&post=103"}],"version-history":[{"count":21,"href":"http:\/\/labfiz.uwb.edu.pl\/lab\/magmicroscope\/index.php?rest_route=\/wp\/v2\/pages\/103\/revisions"}],"predecessor-version":[{"id":424,"href":"http:\/\/labfiz.uwb.edu.pl\/lab\/magmicroscope\/index.php?rest_route=\/wp\/v2\/pages\/103\/revisions\/424"}],"up":[{"embeddable":true,"href":"http:\/\/labfiz.uwb.edu.pl\/lab\/magmicroscope\/index.php?rest_route=\/wp\/v2\/pages\/12"}],"wp:featuredmedia":[{"embeddable":true,"href":"http:\/\/labfiz.uwb.edu.pl\/lab\/magmicroscope\/index.php?rest_route=\/wp\/v2\/media\/224"}],"wp:attachment":[{"href":"http:\/\/labfiz.uwb.edu.pl\/lab\/magmicroscope\/index.php?rest_route=%2Fwp%2Fv2%2Fmedia&parent=103"}],"wp:term":[{"taxonomy":"category","embeddable":true,"href":"http:\/\/labfiz.uwb.edu.pl\/lab\/magmicroscope\/index.php?rest_route=%2Fwp%2Fv2%2Fcategories&post=103"},{"taxonomy":"post_tag","embeddable":true,"href":"http:\/\/labfiz.uwb.edu.pl\/lab\/magmicroscope\/index.php?rest_route=%2Fwp%2Fv2%2Ftags&post=103"}],"curies":[{"name":"wp","href":"https:\/\/api.w.org\/{rel}","templated":true}]}}