{"id":62,"date":"2019-10-18T11:04:35","date_gmt":"2019-10-18T09:04:35","guid":{"rendered":"http:\/\/labfiz.uwb.edu.pl\/lab\/and\/?page_id=62"},"modified":"2019-10-18T12:52:31","modified_gmt":"2019-10-18T10:52:31","slug":"femtomagnetyzm","status":"publish","type":"page","link":"http:\/\/labfiz.uwb.edu.pl\/lab\/and\/pl\/badania\/femtomagnetyzm\/","title":{"rendered":"Femtomagnetyzm"},"content":{"rendered":"<h2>Indukowanie \u015bwiat\u0142em ultraszybkiej dynamiki magnesowania<\/h2>\n<p>W cienkich warstwach granat\u00f3w itrowo-\u017celazowych domieszkowanych jonami kobaltu (YIG:Co) zaobserwowano precesj\u0119 magnetyzacji o silnej amplitudzie przy wzbudzaniu liniowo spolaryzowanym \u015bwiat\u0142em impulsowym o d\u0142ugo\u015bci impulsu 100fs. K\u0105t odchylenia wektora magnetyzacji od r\u00f3wnowagowego kierunku pocz\u0105tkowego wynosi\u0142 oko\u0142o 20 stopni. Natomiast zmiana cz\u0119stotliwo\u015bci precesji magnetyzacji w funkcji polaryzacji wi\u0105zki \u015bwiat\u0142a wzbudzaj\u0105cego wynosi\u0142a do 2 GHz, co stanowi\u0142o 50% warto\u015bci pocz\u0105tkowej. Obserwowany efekt w badanych materia\u0142ach jest zwi\u0105zany z indukowan\u0105 \u015bwiat\u0142em anizotropi\u0105 magnetyczn\u0105.<\/p>\n<p><img loading=\"lazy\" decoding=\"async\" class=\"size-full wp-image-63 aligncenter\" src=\"http:\/\/labfiz.uwb.edu.pl\/lab\/and\/wp-content\/uploads\/sites\/6\/2019\/10\/pp.jpg\" alt=\"\" width=\"400\" height=\"295\" srcset=\"http:\/\/labfiz.uwb.edu.pl\/lab\/and\/wp-content\/uploads\/sites\/6\/2019\/10\/pp.jpg 400w, http:\/\/labfiz.uwb.edu.pl\/lab\/and\/wp-content\/uploads\/sites\/6\/2019\/10\/pp-300x221.jpg 300w\" sizes=\"auto, (max-width: 400px) 100vw, 400px\" \/><\/p>\n<p>Badania ultraszybkiej dynamiki magnesowania w temperaturze pokojowej prowadzone przy wykorzystaniu femtosekundowego \u015bwiat\u0142a impulsowego w oparciu o czasowo-rozdzielcz\u0105 technik\u0119 magnetooptyczn\u0105 (pump-probe) zgodnie z konfiguracj\u0105 Faradaya.<\/p>\n<p><img loading=\"lazy\" decoding=\"async\" class=\"size-full wp-image-64 aligncenter\" src=\"http:\/\/labfiz.uwb.edu.pl\/lab\/and\/wp-content\/uploads\/sites\/6\/2019\/10\/dynamics.jpg\" alt=\"\" width=\"600\" height=\"283\" srcset=\"http:\/\/labfiz.uwb.edu.pl\/lab\/and\/wp-content\/uploads\/sites\/6\/2019\/10\/dynamics.jpg 600w, http:\/\/labfiz.uwb.edu.pl\/lab\/and\/wp-content\/uploads\/sites\/6\/2019\/10\/dynamics-300x142.jpg 300w\" sizes=\"auto, (max-width: 600px) 100vw, 600px\" \/><\/p>\n<p>W wyniku przeprowadzonych bada\u0144 zaobserwowano nietermiczny wp\u0142yw \u015bwiat\u0142a femtosekundowego na materia\u0142 oraz indukowanie efektu fotomagnetycznego zwi\u0105zanego z dodatkow\u0105 anizotropi\u0105 magnetyczn\u0105. Przykladowo w obecno\u015bci pola magnetycznego z amplitud\u0105 400 Oe uzyskano k\u0105t otchylenia wektora magnetyzacji oko\u0142o 20 stopni dla intensywno\u015bci \u015bwiat\u0142a 60 mJ\/cm2.<\/p>\n<p>F. Atoneche, A.M. Kalashnikova, A.V. Kimel, A. Stupakiewicz, A. Maziewski, A. Kirilyuk, and Th. Rasing, \u201cLarge ultrafast photoinduced magnetic anisotropy in a cobalt-substituted yttrium iron garnet\u201d, Phys. Rev. B 81, 214440 (2010).<\/p>\n","protected":false},"excerpt":{"rendered":"<p>Indukowanie \u015bwiat\u0142em ultraszybkiej dynamiki magnesowania W cienkich warstwach granat\u00f3w itrowo-\u017celazowych domieszkowanych jonami kobaltu (YIG:Co) zaobserwowano precesj\u0119 magnetyzacji o silnej amplitudzie przy wzbudzaniu liniowo spolaryzowanym \u015bwiat\u0142em impulsowym o d\u0142ugo\u015bci impulsu 100fs. K\u0105t odchylenia wektora magnetyzacji od r\u00f3wnowagowego kierunku pocz\u0105tkowego wynosi\u0142 oko\u0142o &hellip; <a href=\"http:\/\/labfiz.uwb.edu.pl\/lab\/and\/pl\/badania\/femtomagnetyzm\/\">Czytaj dalej <span class=\"meta-nav\">&rarr;<\/span><\/a><\/p>\n","protected":false},"author":1,"featured_media":0,"parent":23,"menu_order":0,"comment_status":"closed","ping_status":"closed","template":"","meta":{"ngg_post_thumbnail":0,"footnotes":""},"categories":[],"tags":[],"class_list":["post-62","page","type-page","status-publish","hentry"],"_links":{"self":[{"href":"http:\/\/labfiz.uwb.edu.pl\/lab\/and\/wp-json\/wp\/v2\/pages\/62","targetHints":{"allow":["GET"]}}],"collection":[{"href":"http:\/\/labfiz.uwb.edu.pl\/lab\/and\/wp-json\/wp\/v2\/pages"}],"about":[{"href":"http:\/\/labfiz.uwb.edu.pl\/lab\/and\/wp-json\/wp\/v2\/types\/page"}],"author":[{"embeddable":true,"href":"http:\/\/labfiz.uwb.edu.pl\/lab\/and\/wp-json\/wp\/v2\/users\/1"}],"replies":[{"embeddable":true,"href":"http:\/\/labfiz.uwb.edu.pl\/lab\/and\/wp-json\/wp\/v2\/comments?post=62"}],"version-history":[{"count":1,"href":"http:\/\/labfiz.uwb.edu.pl\/lab\/and\/wp-json\/wp\/v2\/pages\/62\/revisions"}],"predecessor-version":[{"id":65,"href":"http:\/\/labfiz.uwb.edu.pl\/lab\/and\/wp-json\/wp\/v2\/pages\/62\/revisions\/65"}],"up":[{"embeddable":true,"href":"http:\/\/labfiz.uwb.edu.pl\/lab\/and\/wp-json\/wp\/v2\/pages\/23"}],"wp:attachment":[{"href":"http:\/\/labfiz.uwb.edu.pl\/lab\/and\/wp-json\/wp\/v2\/media?parent=62"}],"wp:term":[{"taxonomy":"category","embeddable":true,"href":"http:\/\/labfiz.uwb.edu.pl\/lab\/and\/wp-json\/wp\/v2\/categories?post=62"},{"taxonomy":"post_tag","embeddable":true,"href":"http:\/\/labfiz.uwb.edu.pl\/lab\/and\/wp-json\/wp\/v2\/tags?post=62"}],"curies":[{"name":"wp","href":"https:\/\/api.w.org\/{rel}","templated":true}]}}