{"id":34,"date":"2019-10-18T10:34:46","date_gmt":"2019-10-18T08:34:46","guid":{"rendered":"http:\/\/labfiz.uwb.edu.pl\/lab\/and\/?page_id=34"},"modified":"2025-05-22T10:24:15","modified_gmt":"2025-05-22T08:24:15","slug":"publikacje","status":"publish","type":"page","link":"http:\/\/labfiz.uwb.edu.pl\/lab\/and\/publikacje\/","title":{"rendered":"Publikacje"},"content":{"rendered":"<p><strong>Key publications<br \/>\n<\/strong><\/p>\n<ol>\n<li><span lang=\"FR\">A. Stupakiewicz, K. Szerenos, D. Afanasiev, A. Kirilyuk, A. V. Kimel, \u201cUltrafast nonthermal photo-magnetic recording in a transparent medium\u201d, <a href=\"http:\/\/dx.doi.org\/10.1038\/nature20807\">Nature 542, 71 (2017).<\/a><\/span><\/li>\n<li>A. Stupakiewicz, C.S. Davies, K. Szerenos, D. Afanasiev, K.S. Rabinovich, A.V. Boris, A. Caviglia, A.V. Kimel, A. Kirilyuk, \u201eUltrafast phononic switching of magnetization\u201d, <a href=\"https:\/\/www.nature.com\/articles\/s41567-020-01124-9\">Nature Phys. 17, 489 (2021)<\/a>.<\/li>\n<li>A. Stupakiewicz, K. Szerenos, M. D. Davydova, K. A. Zvezdin, A. K. Zvezdin, A. Kirilyuk, A. V. Kimel, &#8222;Selection rules for all-optical magnetic recording in iron garnet&#8221;, <a href=\"https:\/\/www.nature.com\/articles\/s41467-019-08458-w\">Nature Comm. 10, 612 (2019).<\/a><\/li>\n<li>M. Makowski, J. Bomba, A. Frej, M. Kolodziejczyk, M. Sypek, T. Shimobaba, T. Ito, A. Kirilyuk, and A. Stupakiewicz, \u201cDynamic complex opto-magnetic holography\u201d, <a href=\"https:\/\/www.nature.com\/articles\/s41467-022-35023-9\">Nature Comm. 13, 7286 (2022).<\/a><\/li>\n<li>T. Zalewski, A. Maziewski, A.V. Kimel, and A. Stupakiewicz, \u201cUltrafast all-optical toggle writing of magnetic bits without relying on heat\u201d, <a href=\"https:\/\/doi.org\/10.1038\/s41467-024-48438-3\">Nature Comm. 15, 4451 (2024).<\/a><\/li>\n<\/ol>\n<p><strong>Book Chapters<\/strong><\/p>\n<ol>\n<li><span lang=\"EN-US\">A. Chizhik, A. Stupakiewicz, J. Gonzalez, \u201cTunable magnetic anisotropy and magnetization reversal in microwires\u201d, Title Book: \u201cHigh Performance Soft Magnetic Materials\u201d, <\/span><span lang=\"EN-US\">Ed. A<\/span><span lang=\"EN-US\">. Zhukov<\/span><span lang=\"EN-US\">, (Springer International Publishers AG, 2017) Chapter 5, p. 111 (<\/span><span lang=\"EN-US\">ISBN 978-3-319-49705-1<\/span><span lang=\"EN-US\">).<\/span><\/li>\n<li><span lang=\"EN-US\">A. Stupakiewicz, \u201cMagnetization statics and ultrafast photoinduced dynamics in Co\/garnet heterostructures\u201d, Title Book: \u201cMagnetic materials\u201d, <\/span><span lang=\"EN-US\">Ed. K<\/span><span lang=\"EN-US\">. Maaz<\/span><span lang=\"EN-US\">, (InTech-<\/span><span class=\"clase7title\"><span lang=\"EN-US\">Open Access Publisher<\/span><\/span><span lang=\"EN-US\">, <\/span><span class=\"clase7title\"><span lang=\"EN-US\">Rijeka<\/span><\/span><span lang=\"EN-US\">, 2016) Chapter 9, p. 195 (<\/span><span lang=\"EN-US\">ISBN 978-953-51-2428-3<\/span><span lang=\"EN-US\">).<\/span><\/li>\n<li><span lang=\"EN-US\">A. Chizhik, A. Stupakiewicz, V. Zablotskii, A. Zhukov, A. Maziewski, and J. Gonzalez, \u201cHysteretic properties of magnetic composite&nbsp;microwires\u201d, Title Book: \u201cHysteresis: Types, Applications and Behavior Patterns in Complex Systems\u201d, <\/span><span lang=\"EN-US\">Ed. <\/span><span lang=\"EN-US\">J. C. Dias<\/span><span lang=\"EN-US\">, (NOVA Science Publishers, New York, 2014) Chapter 3, p. 43 (ISBN: <\/span><span lang=\"EN-US\">978-1-63321-336-4<\/span><span lang=\"EN-US\">).<\/span><\/li>\n<li>A. Chizhik, J. Gonzalez, P. Gawro\u0144ski, A. Stupakiewicz, \u201cHelical magnetic structures in amorphous microwires: Magneto-optical study and micromagnetic simulations\u201d, Title Book: \u201cMagnetic Nano- and Microwires\u201d 2nd Edition, Ed. M. Vazquez, (Woodhead Publishing, 2020) Chapter 18, p. 519 (ISBN 978-0-081-02832-2).<\/li>\n<\/ol>\n<p><strong>Patents<\/strong><\/p>\n<ol>\n<li><span lang=\"EN-US\">A. Stupakiewicz, <\/span><span lang=\"EN-US\">K. Szerenos, \u201cUltrafast photomagnetic recording in a dielectric medium using anisotropic ions and effective Gilbert damping<\/span><span lang=\"EN-US\">\u201d, US patent 10,037,777 B1<\/span> (2018).<\/li>\n<li>A. Stupakiewicz, A. Stognij, A. Maziewski, \u201eMethod for producing the magnetic cobalt\/garnet heterostructures\u201d, patent PL 227195 (2017).<\/li>\n<li>M. Makowski, M. Sypek, A. Stupakiewicz, &#8222;A method of registration of holograms in the optomagnetic medium&#8221;, patent application P.439338.<\/li>\n<li>M. Makowski, M. Sypek, J. Bomba, A. Stupakiewicz, &#8222;Methods of recording and reproducing holograms&#8221;, US patent 12,298,717 B2 (2025).<\/li>\n<\/ol>\n<p><strong>Articles (IF&gt;3)<\/strong><\/p>\n<ol>\n<li>C. Reinhoffer, I. Razdolski, C. Kadlec, P. Stein, F. Kadlec, S. Germanskiy, A. Stupakiewicz, P. H. M. van Loosdrecht, E. A. Mashkovich, \u201cTerahertz excitation of exchange mode in a cavity formed by crystal interfaces\u201d, Phys. Rev. B 111, 184412 (2025).<\/li>\n<li>T. Zalewski, V. Ozerov, A. Maziewski, I. Razdolski, and A. Stupakiewicz, \u201cNonreciprocal coherent all-optical switching between magnetic multistates\u201d, <a href=\"http:\/\/doi.org\/10.1103\/PhysRevB.109.L060303\">Phys. Rev. B 109, L060303 (2024)<\/a>.<\/li>\n<li>T. Zalewski, A. Maziewski, A.V. Kimel, and A. Stupakiewicz, \u201cUltrafast all-optical toggle writing of magnetic bits without relying on heat\u201d, <a href=\"https:\/\/doi.org\/10.1038\/s41467-024-48438-3\">Nature Comm. 15, 4451 (2024).<\/a><\/li>\n<li>T. Zalewski, L. Nowak, and A. Stupakiewicz, \u201cCoherent control of photomagnetic back-switching by double-pump laser pulses\u201d, Phys. Rev. Appl. 21, 044026 (2024).<\/li>\n<li>A. Avdizhiyan, W. Janus, M. Szpytma, T. Slezak, M. Przybylski, M. Chrobak, V. Roddatis, A. Stupakiewicz, I. Razdolski, &#8222;Ultrafast laser-induced dynamics of non-equilibrium electron spill-out in nanoplasmonic bilayers&#8221;, <a href=\"https:\/\/doi.org\/10.1021\/acs.nanolett.3c04318\">Nano Lett. 24, 466 (2024).<\/a><\/li>\n<li>S. Parchenko, A. Frej, H. Ueda, R. Carley, L. Mercadier, N. Gerasimova, G. Mercurio, J. Schlappa, A. Yaroslavtsev, N. Agarwal, R. Gort,&nbsp; A. Scherz, A. Zvezdin, A. Stupakiewicz, U. Staub, \u201cTransient non-collinear magnetic state for all-optical magnetization switching\u201d, <a href=\"https:\/\/onlinelibrary.wiley.com\/doi\/10.1002\/advs.202302550\">Adv. Sci. 10, 2302550 (2023).<\/a><\/li>\n<li>A. Frej, C.S. Davies, A. Kirilyuk, and A. Stupakiewicz, \u201cPhonon-induced magnetization dynamics in Co-doped iron garnets\u201d, <a href=\"https:\/\/doi.org\/10.1063\/5.0159790\">Appl. Phys. Lett. 123, 042401 (2023).<\/a><\/li>\n<li>T. Zalewski, A. Maziewski, and A. Stupakiewicz, \u201cTime-resolved photo-magnetic switching of bubble domains in ferrimagnetic garnets\u201d, <a href=\"https:\/\/doi.org\/10.1063\/5.0157894\">Appl. Phys. Lett. 123, 032402 (2023).<\/a><\/li>\n<li>A. Frej, I. Razdolski, A. Maziewski, and A. Stupakiewicz, \u201cNonlinear sub-switching regime of magnetization dynamics in photo-magnetic garnets\u201d, <a href=\"https:\/\/journals.aps.org\/prb\/pdf\/10.1103\/PhysRevB.107.134405\">Phys. Rev. B 107, 134405 (2023).<\/a><\/li>\n<li>M. Makowski, J. Bomba, A. Frej, M. Kolodziejczyk, M. Sypek, T. Shimobaba, T. Ito, A. Kirilyuk, and A. Stupakiewicz, \u201cDynamic complex opto-magnetic holography\u201d, <a href=\"https:\/\/www.nature.com\/articles\/s41467-022-35023-9\">Nature Comm. 13, 7286 (2022).<\/a><\/li>\n<li>A. Kazlou, T. Kaihara, I. Razdolski, and A. Stupakiewicz, \u201eSurface plasmon-assisted control of the phase of photo-induced spin precession\u201d, <a href=\"https:\/\/aip.scitation.org\/doi\/10.1063\/5.0097539\">Appl. Phys. Lett. 120, 251101 (2022).<\/a><\/li>\n<li>T. Kaihara, I. Razdolski, and A. Stupakiewicz, \u201cNumerical simulations of the surface plasmon-assisted photo-magnetic effect in metal-dielectric nanostructures\u201d, <a href=\"https:\/\/opg.optica.org\/ome\/fulltext.cfm?uri=ome-12-2-788&amp;id=468896\">Opt. Mat. Express 12, 788 (2022).<\/a><\/li>\n<li>A. Kazlou, A. Chekhov, A. Stognij, I. Razdolski, and A. Stupakiewicz, &#8222;Surface plasmon-enhanced photomagnetic excitation of spin dynamics in Au\/YIG:Co magneto-plasmonic crystals&#8221; <a href=\"https:\/\/pubs.acs.org\/doi\/abs\/10.1021\/acsphotonics.1c00476\">ACS Photonics 8, 2197 (2021).<\/a><\/li>\n<li>A. Frej, A. Maziewski, and A. Stupakiewicz, &#8222;All-optical magnetic recording in garnets using a single laser pulse at L-band telecom wavelengths&#8221; <a href=\"https:\/\/aip.scitation.org\/doi\/full\/10.1063\/5.0056522\">Appl. Phys. Lett. 118, 262401 (2021).<\/a><\/li>\n<li>A. Stupakiewicz, C.S. Davies, K. Szerenos, D. Afanasiev, K.S. Rabinovich, A.V. Boris, A. Caviglia, A.V. Kimel, A. Kirilyuk, \u201eUltrafast phononic switching of magnetization\u201d, <a href=\"https:\/\/www.nature.com\/articles\/s41567-020-01124-9\">Nature Phys. 17, 489 (2021)<\/a>.<\/li>\n<li>A. Stupakiewicz, A. Chizhik, A. Zhukov, M. Ipatov, J. Gonzalez, and I. Razdolski, \u201cUltrafast magnetization dynamics in metallic amorphous ribbons with a giant magnetoimpedance response\u201d, <a href=\"https:\/\/link.aps.org\/doi\/10.1103\/PhysRevApplied.13.044058\">Phys. Rev. Appl. 13, 044058 (2020)<\/a>.<\/li>\n<li>J. Starobrat, A. Frej, J. Bolek, R.J. Trybus, A. Stupakiewicz, and M. Makowski \u201cPhoto-magnetic recording of randomized holographic diffraction patterns in a transparent medium\u201d,<a href=\"https:\/\/www.osapublishing.org\/ol\/abstract.cfm?uri=ol-45-18-5177\"> Opt. Lett. 45, 5177 (2020)<\/a>.<\/li>\n<li>C. S. Davies, T. Janssen, J. H. Mentink, A. Tsukamoto, A. V. Kimel, A. F. G. van der Meer, A. Stupakiewicz, and A. Kirilyuk, &#8222;Pathways for single-shot all-optical switching of magnetization in ferrimagnets&#8221;, <a href=\"https:\/\/journals.aps.org\/prapplied\/abstract\/10.1103\/PhysRevApplied.13.024064\">Phys. Rev. Appl. 13, 024064 (2020)<\/a>.<\/li>\n<li>K. Szerenos, A.V. Kimel, A. Maziewski, A. Kirilyuk, and A. Stupakiewicz, \u201cFundamental Limits on the Repetition Rate of Photo-magnetic Recording\u201d, <a href=\"https:\/\/journals.aps.org\/prapplied\/abstract\/10.1103\/PhysRevApplied.12.044057\">Phys. Rev. Appl. 12, 044057 (2019).<\/a><\/li>\n<li>A. Stupakiewicz, K. Szerenos, M. D. Davydova, K. A. Zvezdin, A. K. Zvezdin, A. Kirilyuk, A. V. Kimel, &#8222;Selection rules for all-optical magnetic recording in iron garnet&#8221;, <a href=\"https:\/\/www.nature.com\/articles\/s41467-019-08458-w\">Nature Comm. 10, 612 (2019).<\/a><\/li>\n<li>I. Razdolski, A. Chekhov, A.I. Stognij, and A. Stupakiewicz, <span lang=\"EN-GB\">\u201c<\/span>Ultrafast transport and relaxation of hot plasmonic electrons in metal-dielectric heterostructures\u201d,<a href=\"https:\/\/journals.aps.org\/prb\/abstract\/10.1103\/PhysRevB.100.045412\">Phys. Rev B<\/a><a href=\"https:\/\/journals.aps.org\/prb\/abstract\/10.1103\/PhysRevB.100.045412\"> 100, 045412 (2019)<\/a>.<\/li>\n<li><span lang=\"EN-GB\">A. Chizhik, A. Zhukov, J. Gonzalez, P. Gawro\u0144ski, K. Ku\u0142akowski, and A. Stupakiewicz, \u201cSpiral magnetic domain structure in <\/span>cylindrically-shaped microwires\u201d, <a href=\"https:\/\/www.nature.com\/articles\/s41598-018-33322-0\">Sci. Rep. 8, 15090 (2018).<\/a><\/li>\n<li>A. Chekhov, A.I. Stognij, T. Satoh, T.V. Murzina, I. Razdolski, and A. Stupakiewicz, <span lang=\"EN-US\">\u201c<\/span>Surface plasmon-mediated nanoscale localization of laser-driven sub-Terahertz spin dynamics in magnetic dielectrics\u201d, <a href=\"http:\/\/pubs.acs.org\/doi\/10.1021\/acs.nanolett.8b00416\">Nano Lett. 18, 5, 2970 (2018).<\/a><\/li>\n<li>A. Chizhik, A. Zhukov, J. Gonzalez, and A. Stupakiewicz, <span lang=\"EN-US\">\u201c<\/span>Control of reversible magnetization switching by pulsed circular magnetic field in glass-coated amorphous microwires\u201d, <span lang=\"EN-US\">Appl. Phys. Lett<\/span><span lang=\"EN-US\">. 112, <\/span>072407<span lang=\"EN-US\"> (2018).<\/span><\/li>\n<li><span lang=\"EN-US\">A. Chizhik, M. Ipatov, V. Zhukova, A. Zhukov, J. Gonzalez, P. Gawro\u0144ski, K. Ku\u0142akowski, A. Stupakiewicz, \u201c<\/span>Surface magnetic structures induced by mechanical stresses in Co-rich microwires\u201d, <span lang=\"EN-US\">J. Alloys Compd. 735, 1449 (2018).<\/span><\/li>\n<li><span lang=\"FR\">A. Stupakiewicz, K. Szerenos, D. Afanasiev, A. Kirilyuk, A. V. Kimel, \u201cUltrafast nonthermal photo-magnetic recording in a transparent medium\u201d, <a href=\"http:\/\/dx.doi.org\/10.1038\/nature20807\">Nature 542, 71 (2017).<\/a>&nbsp; <\/span><\/li>\n<li><span lang=\"EN-US\">A. Chizhik, A. Zhukov, J. Gonzalez, and A. Stupakiewicz, \u201cControl of the domain wall motion in cylindrical magnetic wires\u201d, Appl. Phys. Lett. 109, 052405 (2016).<\/span><\/li>\n<li><span lang=\"EN-US\">S. Parchenko, T. Satoh, I. Yoshimine, F. Stobiecki, A. Maziewski, and A. Stupakiewicz, \u201cNon-thermal optical excitation of terahertz-spin precession in a magneto-optical insulator\u201d, Appl. Phys. Lett. 108, 032404 (2016).<\/span><\/li>\n<li><span lang=\"EN-US\">A. Chizhik, A. Stupakiewicz, V. Zablotskii, M. Tekielak, V. Stupakevich, A. Zhukov, J. Gonzalez and A. Maziewski, \u201cTransformation of magnetic structure in amorphous microwires induced by temperature and super high frequency magnetic field\u201d, J. Alloys Compd. 632, 520 (2015).<\/span><\/li>\n<li><span lang=\"EN-US\">I. Razdolski, S. Parchenko, A. Stupakiewicz, S. Semin, A. Stognij, A. Kirilyuk, A. Maziewski, and Th. Rasing, \u201cSecond harmonic generation from a magnetic buried interface enhanced by an interplay of surface plasma resonances\u201d, <cite>ACS Photonics<\/cite><span class=\"idt\">, 2, 20<\/span> (2015).<\/span><\/li>\n<li><span lang=\"EN-US\">A. Chizhik, A. Stupakiewicz, V. Zablotskii, M. Tekielak, V. Stupakevich, A. Zhukov, J. Gonzalez and A. Maziewski, \u201cTransformation of magnetic structure in amorphous microwires induced by temperature and super high frequency magnetic field\u201d, J. Alloys Compd. 632, 520 (2015).<\/span><\/li>\n<li><span lang=\"EN-US\">S. Parchenko, A. Stupakiewicz<\/span><span lang=\"EN-US\">, I. Yoshimine, T. Satoh, A.Maziewski, \u201cWide frequencies range of spin excitations in a rare-earth Bi-doped iron garnet with a giant Faraday rotation\u201d, Appl. Phys. Lett. 103, 172402 (2013).<\/span><\/li>\n<li><span lang=\"EN-US\">A. Chizhik, V. Zablotskii, A. Stupakiewicz, A. Dejneka, T. Polyakova, M. Tekielak, A. Maziewski, A. Zhukov, and J. Gonzalez, \u201cCircular domains nucleation in magnetic microwires\u201d, Appl. Phys. Lett. 102, 202406 (2013).<\/span><\/li>\n<li><span lang=\"EN-US\">A. Stupakiewicz, M. Pashkevich, A. Maziewski, A. Stognij, N. Novitskii, \u201cSpin precession modulation in a magnetic bilayer\u201d, Appl. Phys. Lett. 101, 262406 (2012).<\/span><\/li>\n<li><span lang=\"EN-US\">J. Kisielewski, A. Kirilyuk, A. Stupakiewicz, A. Maziewski, A. Kimel, Th. Rasing, L.T.Baczewski, A. Wawro, &#8222;<\/span>Laser-induced manipulation of magnetic anisotropy and magnetization precession in an ultrathin cobalt wedge&#8221;,<span lang=\"EN-US\"> Phys. Rev. B 85, 184429 (2012).<\/span><\/li>\n<li><span lang=\"EN-US\">A. Chizhik, V. Zablotskii, A. Stupakiewicz, C. G\u00f3mez-Polo A. Maziewski, A. Zhukov, J. Gonzalez, J.M. Blanco, \u201c<\/span><span lang=\"EN-US\">Magnetization switching in ferromagnetic microwires\u201d, Phys. Rev. B 82, 212401 (2010).<\/span><\/li>\n<li><span lang=\"EN-US\">A. Chizhik, A. Stupakiewicz, A. Maziewski, A. Zhukov, J. Gonzalez, J.M. Blanco, \u201c<\/span><span lang=\"EN-US\">Direct observation of giant Barkhausen jumps in magnetic microwires\u201d, Appl. Phys. Lett. 97, 012502 (2010).<\/span><\/li>\n<li><span lang=\"EN-US\">F. Atoneche, A.M. Kalashnikova, A.V. Kimel, A. Stupakiewicz, A. Maziewski, A. Kirilyuk, and Th. Rasing, \u201cLarge ultrafast photoinduced magnetic anisotropy in a cobalt-substituted yttrium iron garnet\u201d, <\/span><span lang=\"EN-US\">Phys. Rev. B 81, 214440 (2010).<\/span><\/li>\n<li><span lang=\"EN-US\">A. Stupakiewicz, E<\/span><span lang=\"EN-US\">. Vedmedenko, A. Fleurence, T. Maroutian, P. Beauvillain, A. Maziewski, R. Wiesendanger, \u201cAtomic-Level Control of the Domain Wall Velocity in Ultrathin Magnets by Tuning of Exchange Interactions\u201d, <\/span><span lang=\"EN-US\">Phys. Rev. Lett. 103, 137202 (2009).<\/span><\/li>\n<li><span lang=\"EN-US\">A. Stupakiewicz, <\/span><span lang=\"EN-US\">A. Kirilyuk, A. Fleurence, R. Gieniusz, T. Maroutian, P. Beauvillain, A. Maziewski, Th. Rasing, \u201c<\/span><span lang=\"EN-US\">Interface magnetic and optical anisotropy of ultrathin Co films grown on a vicinal Si substrate\u201d, Phys. Rev. B 80, 094423 (2009).<\/span><\/li>\n<li><span lang=\"EN-US\">E. Moyen, M. Mac\u00e9, G. Agnus, A. Fleurence, T. Maroutian, F. Houz\u00e9, A. Stupakiewicz, L. Masson, B. Bartenlian, W. Wulfhekel, P. Beauvillain and M. Hanb\u00fccken, \u201cMetal-rich Au-silicide nanoparticles for use in nanotechnology&#8221;, Appl. Phys. Lett<\/span><span lang=\"EN-US\">. <\/span><span lang=\"EN-US\">94, 233101<\/span><span lang=\"EN-US\"> (2009).<\/span><\/li>\n<li><span lang=\"EN-US\">A. Stupakiewicz, A. Maziewski, K. Matlak, N. Spiridis, M. \u015al\u0119zak, T. \u015al\u0119zak, M. Zaj\u0105c, J. Korecki, \u201cTailoring of the perpendicular magnetization component in ferromagnetic films on a vicinal substrate\u201d, Phys. Rev. Lett., 101,&nbsp; 217202 (2008).<\/span><\/li>\n<li><span lang=\"EN-US\">A. Stupakiewicz, A. Maziewski, I. Davidenko, V. Zablotskii, \u201e<\/span><span lang=\"EN-US\">Light-induced magnetic anisotropy in Co-doped garnet films<\/span><span lang=\"EN-US\">\u201d, Phys. Rev. B 64, 644405 (2001).<\/span><\/li>\n<li><span lang=\"EN-US\">A. B. Chizhik, I. I. Davidenko, A. Maziewski, A. Stupakiewicz, \u201cHigh-temperature photomagnetism in Co-doped yttrium iron garnet films\u201d, Phys. Rev. B, 57, 14366 (1998).<\/span><\/li>\n<\/ol>\n<p>total publications: 121<\/p>\n<p>conference presentations: 209<\/p>\n","protected":false},"excerpt":{"rendered":"<p>Key publications A. Stupakiewicz, K. Szerenos, D. Afanasiev, A. Kirilyuk, A. V. Kimel, \u201cUltrafast nonthermal photo-magnetic recording in a transparent medium\u201d, Nature 542, 71 (2017). A. Stupakiewicz, C.S. Davies, K. Szerenos, D. Afanasiev, K.S. Rabinovich, A.V. Boris, A. Caviglia, A.V. &hellip; <a href=\"http:\/\/labfiz.uwb.edu.pl\/lab\/and\/publikacje\/\">Czytaj dalej <span class=\"meta-nav\">&rarr;<\/span><\/a><\/p>\n","protected":false},"author":1,"featured_media":0,"parent":0,"menu_order":0,"comment_status":"closed","ping_status":"closed","template":"","meta":{"ngg_post_thumbnail":0,"footnotes":""},"categories":[],"tags":[],"class_list":["post-34","page","type-page","status-publish","hentry"],"_links":{"self":[{"href":"http:\/\/labfiz.uwb.edu.pl\/lab\/and\/wp-json\/wp\/v2\/pages\/34","targetHints":{"allow":["GET"]}}],"collection":[{"href":"http:\/\/labfiz.uwb.edu.pl\/lab\/and\/wp-json\/wp\/v2\/pages"}],"about":[{"href":"http:\/\/labfiz.uwb.edu.pl\/lab\/and\/wp-json\/wp\/v2\/types\/page"}],"author":[{"embeddable":true,"href":"http:\/\/labfiz.uwb.edu.pl\/lab\/and\/wp-json\/wp\/v2\/users\/1"}],"replies":[{"embeddable":true,"href":"http:\/\/labfiz.uwb.edu.pl\/lab\/and\/wp-json\/wp\/v2\/comments?post=34"}],"version-history":[{"count":26,"href":"http:\/\/labfiz.uwb.edu.pl\/lab\/and\/wp-json\/wp\/v2\/pages\/34\/revisions"}],"predecessor-version":[{"id":302,"href":"http:\/\/labfiz.uwb.edu.pl\/lab\/and\/wp-json\/wp\/v2\/pages\/34\/revisions\/302"}],"wp:attachment":[{"href":"http:\/\/labfiz.uwb.edu.pl\/lab\/and\/wp-json\/wp\/v2\/media?parent=34"}],"wp:term":[{"taxonomy":"category","embeddable":true,"href":"http:\/\/labfiz.uwb.edu.pl\/lab\/and\/wp-json\/wp\/v2\/categories?post=34"},{"taxonomy":"post_tag","embeddable":true,"href":"http:\/\/labfiz.uwb.edu.pl\/lab\/and\/wp-json\/wp\/v2\/tags?post=34"}],"curies":[{"name":"wp","href":"https:\/\/api.w.org\/{rel}","templated":true}]}}