{"id":32,"date":"2019-10-18T10:34:21","date_gmt":"2019-10-18T08:34:21","guid":{"rendered":"http:\/\/labfiz.uwb.edu.pl\/lab\/and\/?page_id=32"},"modified":"2019-10-18T14:23:02","modified_gmt":"2019-10-18T12:23:02","slug":"popularyzacja","status":"publish","type":"page","link":"http:\/\/labfiz.uwb.edu.pl\/lab\/and\/pl\/popularyzacja\/","title":{"rendered":"Popularyzacja"},"content":{"rendered":"<p>Wyk\u0142ady popularnonaukowe:<\/p>\n<p><strong>&#8222;Obrazowanie 3D&#8221;<\/strong><\/p>\n<p>Wyk\u0142ad omawia wybrane metody i techniki optycznego obrazowania tr\u00f3jwymiarowego (3D). Rzeczywisty obraz przestrzenny nie robi na nas specjalnego wra\u017cenia, jednak obecnie zachwycamy si\u0119 ogl\u0105daj\u0105c filmy 3D. Od kilku lat posiadamy cyfrow\u0105 technologi\u0119 3D wykorzystuj\u0105c\u0105 jedn\u0105 z wielu technik opartych na stereoskopii, jednej z najstarszych technik obrazowania, pozwalaj\u0105cej odda\u0107 wra\u017cenie widzenia przestrzennego, kt\u00f3re interpretowane jest w m\u00f3zgu. R\u00f3wnie interesuj\u0105c\u0105 technik\u0105 tworzenia obraz\u00f3w 3D jest holografia, z kt\u00f3r\u0105 spotykamy si\u0119 niemal ka\u017cdego dnia. Hologram rejestruje amplitud\u0119 i faz\u0119 promieniowania optycznego tworz\u0105c wzorzec interferencyjny. W najbli\u017cszych latach czeka nas gwa\u0142towny rozw\u00f3j technik obrazowania 3D. Jednak to, kt\u00f3re z nich zostan\u0105 wykorzystane zale\u017cy od konkretnych potrzeb i technologii.&nbsp;<\/p>\n<p><strong>&#8222;Ultrad\u017awi\u0119ki wok\u00f3\u0142 nas&#8221;<\/strong><\/p>\n<p>Wyk\u0142ad omawia wybrane w\u0142a\u015bciwo\u015bci i zastosowania fal ultrad\u017awi\u0119kowych. Cz\u0142owiek ich nie s\u0142yszy, natomiast bardzo dobrze odbieraj\u0105 je niekt\u00f3re zwierz\u0119ta (np. psy, delfiny, nietoperze). W\u015br\u00f3d wielu metod wytwarzania ultrad\u017awi\u0119k\u00f3w, takich jak np. metoda mechaniczna czy magnetostrykcyjna, najbardziej dominuj\u0105c\u0105 jest metoda oparta na zjawisku piezoelektryczno\u015bci. Ultrad\u017awi\u0119ki przez swoje niezwyk\u0142e w\u0142a\u015bciwo\u015bci znajduj\u0105 szerokie zastosowanie w wielu dziedzinach. Wykorzystanie sonar\u00f3w, kt\u00f3re wysy\u0142aj\u0105 i odbieraj\u0105 sygna\u0142y ultrad\u017awi\u0119kowe, pozwala wykrywa\u0107 obiekty w wodzie.&nbsp; Echolokacja daje nowe mo\u017cliwo\u015bci obrazowania nie tylko dna oceanu, ale r\u00f3wnie\u017c \u0142awic ryb. Ultrad\u017awi\u0119ki s\u0105 niezast\u0105pione w defektoskopii do bada\u0144 uszkodze\u0144 nawet bardzo grubych odlew\u00f3w. Dzi\u0119ki ultrad\u017awi\u0119kom mo\u017cliwa sta\u0142a si\u0119 ultrasonografia (USG) czy ultrakardiografia (UKG), czyli diagnostyka narz\u0105d\u00f3w i tkanek za pomoc\u0105 analizy odbitych od nich fal ultrad\u017awi\u0119kowych. Przy pomocy ultrad\u017awi\u0119k\u00f3w mo\u017cna zaobserwowa\u0107 wiele ciekawych zjawisk fizycznych.<\/p>\n<p><strong>&#8222;Femtosekundowy magnetyzm&#8221;<\/strong>.<\/p>\n<p>Wyk\u0142ad omawia wybrane zjawiska magnetyzmu w skali czasowej ograniczonej do femtosekund (1fs=10<sup>-15<\/sup>s). Zbudowanie \u017ar\u00f3de\u0142 \u015bwiat\u0142a sp\u00f3jnego oraz wykorzystanie impulsowych laser\u00f3w femtosekundowych, za kt\u00f3re przyznano nagrody Nobla, pozwoli\u0142o znacz\u0105co rozszerzy\u0107 zakres bada\u0144 magnetyzmu. W badaniach tych, przy pomocy techniki stroboskopowej, \u015bwiat\u0142o wykorzystano nie tylko do detekcji procesu magnesowania (magnetooptyka), ale r\u00f3wnie\u017c do jego wzbudzania. Generalnie zjawiska oddzia\u0142ywania impuls\u00f3w \u015bwiat\u0142a z materia\u0142ami magnetycznymi mo\u017cna podzieli\u0107 na efekty termiczne i nietermiczne. Do tych ostatnich nale\u017cy odwrotny efekt Faradaya, polegaj\u0105cy na indukowaniu ko\u0142owo spolaryzowanym \u015bwiat\u0142em magnetyzacji oraz mo\u017cliwo\u015bci jej prze\u0142\u0105czania nawet pojedynczym impulsem \u015bwiat\u0142a o trwaniu zaledwie 40 fs. Otwiera to nowe mo\u017cliwo\u015bci badawcze&nbsp; oraz aplikacyjne w magnetycznych pami\u0119ciach z nieosi\u0105galn\u0105 jak dotychczas szybko\u015bci\u0105 zapisu.<\/p>\n","protected":false},"excerpt":{"rendered":"<p>Wyk\u0142ady popularnonaukowe: &#8222;Obrazowanie 3D&#8221; Wyk\u0142ad omawia wybrane metody i techniki optycznego obrazowania tr\u00f3jwymiarowego (3D). Rzeczywisty obraz przestrzenny nie robi na nas specjalnego wra\u017cenia, jednak obecnie zachwycamy si\u0119 ogl\u0105daj\u0105c filmy 3D. Od kilku lat posiadamy cyfrow\u0105 technologi\u0119 3D wykorzystuj\u0105c\u0105 jedn\u0105 z &hellip; <a href=\"http:\/\/labfiz.uwb.edu.pl\/lab\/and\/pl\/popularyzacja\/\">Czytaj dalej <span class=\"meta-nav\">&rarr;<\/span><\/a><\/p>\n","protected":false},"author":1,"featured_media":0,"parent":0,"menu_order":0,"comment_status":"closed","ping_status":"closed","template":"","meta":{"ngg_post_thumbnail":0,"footnotes":""},"categories":[],"tags":[],"class_list":["post-32","page","type-page","status-publish","hentry"],"_links":{"self":[{"href":"http:\/\/labfiz.uwb.edu.pl\/lab\/and\/wp-json\/wp\/v2\/pages\/32","targetHints":{"allow":["GET"]}}],"collection":[{"href":"http:\/\/labfiz.uwb.edu.pl\/lab\/and\/wp-json\/wp\/v2\/pages"}],"about":[{"href":"http:\/\/labfiz.uwb.edu.pl\/lab\/and\/wp-json\/wp\/v2\/types\/page"}],"author":[{"embeddable":true,"href":"http:\/\/labfiz.uwb.edu.pl\/lab\/and\/wp-json\/wp\/v2\/users\/1"}],"replies":[{"embeddable":true,"href":"http:\/\/labfiz.uwb.edu.pl\/lab\/and\/wp-json\/wp\/v2\/comments?post=32"}],"version-history":[{"count":2,"href":"http:\/\/labfiz.uwb.edu.pl\/lab\/and\/wp-json\/wp\/v2\/pages\/32\/revisions"}],"predecessor-version":[{"id":198,"href":"http:\/\/labfiz.uwb.edu.pl\/lab\/and\/wp-json\/wp\/v2\/pages\/32\/revisions\/198"}],"wp:attachment":[{"href":"http:\/\/labfiz.uwb.edu.pl\/lab\/and\/wp-json\/wp\/v2\/media?parent=32"}],"wp:term":[{"taxonomy":"category","embeddable":true,"href":"http:\/\/labfiz.uwb.edu.pl\/lab\/and\/wp-json\/wp\/v2\/categories?post=32"},{"taxonomy":"post_tag","embeddable":true,"href":"http:\/\/labfiz.uwb.edu.pl\/lab\/and\/wp-json\/wp\/v2\/tags?post=32"}],"curies":[{"name":"wp","href":"https:\/\/api.w.org\/{rel}","templated":true}]}}