{"id":30,"date":"2019-10-18T10:33:56","date_gmt":"2019-10-18T08:33:56","guid":{"rendered":"http:\/\/labfiz.uwb.edu.pl\/lab\/and\/?page_id=30"},"modified":"2019-10-18T12:53:00","modified_gmt":"2019-10-18T10:53:00","slug":"dydaktyka","status":"publish","type":"page","link":"http:\/\/labfiz.uwb.edu.pl\/lab\/and\/pl\/dydaktyka\/","title":{"rendered":"Dydaktyka"},"content":{"rendered":"<p><strong>Prace dyplomowe i magisterskie:<\/strong><\/p>\n<ul>\n<li><a href=\"http:\/\/labfiz.uwb.edu.pl\/labfiz\/prace\/przewodnictwo-temperaturowe\/index.html\"> Symulacja przewodnictwa temperaturowego cia\u0142 sta\u0142ych (Numeryczne rozwi\u0105zanie r\u00f3wnania Fourier&#8217;a z wykorzystaniem j\u0119zyka Java ) <\/a> &#8211; Mariusz Ochla<\/li>\n<li><a href=\"http:\/\/labfiz.uwb.edu.pl\/labfiz\/prace\/rzut_ukosny\/pilka.html\"> Symulacja komputerowa rzutu pionowego i uko\u015bnego z uwzgl\u0119dnieniem oporu o\u015brodka <\/a> &#8211; Janusz Wasiluk&nbsp;<\/li>\n<\/ul>\n<p class=\"head\">&nbsp;<br \/>\n&nbsp;<\/p>\n<p><strong>Wsparcia wyk\u0142ad\u00f3w<\/strong>:<\/p>\n<p><strong>Zadania dla student\u00f3w<\/strong>:<\/p>\n","protected":false},"excerpt":{"rendered":"<p>Prace dyplomowe i magisterskie: Symulacja przewodnictwa temperaturowego cia\u0142 sta\u0142ych (Numeryczne rozwi\u0105zanie r\u00f3wnania Fourier&#8217;a z wykorzystaniem j\u0119zyka Java ) &#8211; Mariusz Ochla Symulacja komputerowa rzutu pionowego i uko\u015bnego z uwzgl\u0119dnieniem oporu o\u015brodka &#8211; Janusz Wasiluk&nbsp; &nbsp; &nbsp; Wsparcia wyk\u0142ad\u00f3w: Zadania dla &hellip; <a href=\"http:\/\/labfiz.uwb.edu.pl\/lab\/and\/pl\/dydaktyka\/\">Czytaj dalej <span class=\"meta-nav\">&rarr;<\/span><\/a><\/p>\n","protected":false},"author":1,"featured_media":0,"parent":0,"menu_order":0,"comment_status":"closed","ping_status":"closed","template":"","meta":{"ngg_post_thumbnail":0,"footnotes":""},"categories":[],"tags":[],"class_list":["post-30","page","type-page","status-publish","hentry"],"_links":{"self":[{"href":"http:\/\/labfiz.uwb.edu.pl\/lab\/and\/wp-json\/wp\/v2\/pages\/30","targetHints":{"allow":["GET"]}}],"collection":[{"href":"http:\/\/labfiz.uwb.edu.pl\/lab\/and\/wp-json\/wp\/v2\/pages"}],"about":[{"href":"http:\/\/labfiz.uwb.edu.pl\/lab\/and\/wp-json\/wp\/v2\/types\/page"}],"author":[{"embeddable":true,"href":"http:\/\/labfiz.uwb.edu.pl\/lab\/and\/wp-json\/wp\/v2\/users\/1"}],"replies":[{"embeddable":true,"href":"http:\/\/labfiz.uwb.edu.pl\/lab\/and\/wp-json\/wp\/v2\/comments?post=30"}],"version-history":[{"count":1,"href":"http:\/\/labfiz.uwb.edu.pl\/lab\/and\/wp-json\/wp\/v2\/pages\/30\/revisions"}],"predecessor-version":[{"id":31,"href":"http:\/\/labfiz.uwb.edu.pl\/lab\/and\/wp-json\/wp\/v2\/pages\/30\/revisions\/31"}],"wp:attachment":[{"href":"http:\/\/labfiz.uwb.edu.pl\/lab\/and\/wp-json\/wp\/v2\/media?parent=30"}],"wp:term":[{"taxonomy":"category","embeddable":true,"href":"http:\/\/labfiz.uwb.edu.pl\/lab\/and\/wp-json\/wp\/v2\/categories?post=30"},{"taxonomy":"post_tag","embeddable":true,"href":"http:\/\/labfiz.uwb.edu.pl\/lab\/and\/wp-json\/wp\/v2\/tags?post=30"}],"curies":[{"name":"wp","href":"https:\/\/api.w.org\/{rel}","templated":true}]}}