{"id":12,"date":"2019-10-18T10:10:17","date_gmt":"2019-10-18T08:10:17","guid":{"rendered":"http:\/\/labfiz.uwb.edu.pl\/lab\/and\/?page_id=12"},"modified":"2022-12-09T10:57:31","modified_gmt":"2022-12-09T09:57:31","slug":"andrzej-stupakiewicz","status":"publish","type":"page","link":"http:\/\/labfiz.uwb.edu.pl\/lab\/and\/pl\/","title":{"rendered":"Andrzej Stupakiewicz"},"content":{"rendered":"<p><span style=\"color: #000000\"><img loading=\"lazy\" decoding=\"async\" class=\"alignnone wp-image-247 size-medium\" src=\"http:\/\/labfiz.uwb.edu.pl\/lab\/and\/wp-content\/uploads\/sites\/6\/2022\/12\/Stupakiewicz_and-250x300.jpg\" alt=\"\" width=\"250\" height=\"300\" srcset=\"http:\/\/labfiz.uwb.edu.pl\/lab\/and\/wp-content\/uploads\/sites\/6\/2022\/12\/Stupakiewicz_and-250x300.jpg 250w, http:\/\/labfiz.uwb.edu.pl\/lab\/and\/wp-content\/uploads\/sites\/6\/2022\/12\/Stupakiewicz_and.jpg 400w\" sizes=\"auto, (max-width: 250px) 100vw, 250px\" \/><\/span><\/p>\n<p>Prof. dr hab. Andrzej Stupakiewicz<\/p>\n<p><a href=\"http:\/\/team.uwb.edu.pl\">TEAM Lab<\/a><br \/>\n<a href=\"http:\/\/physics.uwb.edu.pl\/\">Wydzia\u0142 Fizyki<\/a><br \/>\n<a href=\"http:\/\/www.uwb.edu.pl\/\">Uniwersytet w Bia\u0142ymstoku<\/a><br \/>\nul. Cio\u0142kowskiego 1 L, 15-245 Bia\u0142ystok<br \/>\ntel: +85 738 8178<br \/>\nfax: +85 745 7223<br \/>\ne-mail: <a href=\"mailto:and@uwb.edu.pl\">and@uwb.edu.pl<\/a><br \/>\n<a href=\"http:\/\/labfiz.uwb.edu.pl\/and\">http:\/\/labfiz.uwb.edu.pl\/and<\/a><br \/>\nnr pokoju: 1034<\/p>\n","protected":false},"excerpt":{"rendered":"<p>Prof. dr hab. Andrzej Stupakiewicz TEAM Lab Wydzia\u0142 Fizyki Uniwersytet w Bia\u0142ymstoku ul. Cio\u0142kowskiego 1 L, 15-245 Bia\u0142ystok tel: +85 738 8178 fax: +85 745 7223 e-mail: and@uwb.edu.pl http:\/\/labfiz.uwb.edu.pl\/and nr pokoju: 1034<\/p>\n","protected":false},"author":1,"featured_media":0,"parent":0,"menu_order":0,"comment_status":"closed","ping_status":"closed","template":"","meta":{"ngg_post_thumbnail":0,"footnotes":""},"categories":[],"tags":[],"class_list":["post-12","page","type-page","status-publish","hentry"],"_links":{"self":[{"href":"http:\/\/labfiz.uwb.edu.pl\/lab\/and\/wp-json\/wp\/v2\/pages\/12","targetHints":{"allow":["GET"]}}],"collection":[{"href":"http:\/\/labfiz.uwb.edu.pl\/lab\/and\/wp-json\/wp\/v2\/pages"}],"about":[{"href":"http:\/\/labfiz.uwb.edu.pl\/lab\/and\/wp-json\/wp\/v2\/types\/page"}],"author":[{"embeddable":true,"href":"http:\/\/labfiz.uwb.edu.pl\/lab\/and\/wp-json\/wp\/v2\/users\/1"}],"replies":[{"embeddable":true,"href":"http:\/\/labfiz.uwb.edu.pl\/lab\/and\/wp-json\/wp\/v2\/comments?post=12"}],"version-history":[{"count":12,"href":"http:\/\/labfiz.uwb.edu.pl\/lab\/and\/wp-json\/wp\/v2\/pages\/12\/revisions"}],"predecessor-version":[{"id":248,"href":"http:\/\/labfiz.uwb.edu.pl\/lab\/and\/wp-json\/wp\/v2\/pages\/12\/revisions\/248"}],"wp:attachment":[{"href":"http:\/\/labfiz.uwb.edu.pl\/lab\/and\/wp-json\/wp\/v2\/media?parent=12"}],"wp:term":[{"taxonomy":"category","embeddable":true,"href":"http:\/\/labfiz.uwb.edu.pl\/lab\/and\/wp-json\/wp\/v2\/categories?post=12"},{"taxonomy":"post_tag","embeddable":true,"href":"http:\/\/labfiz.uwb.edu.pl\/lab\/and\/wp-json\/wp\/v2\/tags?post=12"}],"curies":[{"name":"wp","href":"https:\/\/api.w.org\/{rel}","templated":true}]}}