{"id":108,"date":"2019-10-18T12:51:23","date_gmt":"2019-10-18T10:51:23","guid":{"rendered":"http:\/\/labfiz.uwb.edu.pl\/lab\/and\/?page_id=108"},"modified":"2022-12-09T10:58:35","modified_gmt":"2022-12-09T09:58:35","slug":"andrzej-stupakiewicz-3","status":"publish","type":"page","link":"http:\/\/labfiz.uwb.edu.pl\/lab\/and\/","title":{"rendered":"Andrzej Stupakiewicz"},"content":{"rendered":"<p><span style=\"color: #000000\"><img loading=\"lazy\" decoding=\"async\" class=\"alignnone wp-image-249 size-medium\" src=\"http:\/\/labfiz.uwb.edu.pl\/lab\/and\/wp-content\/uploads\/sites\/6\/2022\/12\/Stupakiewicz_and-1-250x300.jpg\" alt=\"\" width=\"250\" height=\"300\" srcset=\"http:\/\/labfiz.uwb.edu.pl\/lab\/and\/wp-content\/uploads\/sites\/6\/2022\/12\/Stupakiewicz_and-1-250x300.jpg 250w, http:\/\/labfiz.uwb.edu.pl\/lab\/and\/wp-content\/uploads\/sites\/6\/2022\/12\/Stupakiewicz_and-1.jpg 400w\" sizes=\"auto, (max-width: 250px) 100vw, 250px\" \/><\/span><\/p>\n<p>Prof. dr hab. Andrzej Stupakiewicz<\/p>\n<p><a href=\"http:\/\/team.uwb.edu.pl\">TEAM Lab<\/a><br \/>\n<a href=\"http:\/\/physics.uwb.edu.pl\/\">Physics Department<\/a><br \/>\n<a href=\"http:\/\/www.uwb.edu.pl\/\">University at Bia\u0142ystok<\/a><br \/>\nul. Cio\u0142kowskiego 1 L, 15-245 Bia\u0142ystok<br \/>\ntel: +85 738 8178<br \/>\nfax: +85 745 7223<br \/>\ne-mail: <a href=\"mailto:and@uwb.edu.pl\">and@uwb.edu.pl<\/a><br \/>\n<a href=\"http:\/\/labfiz.uwb.edu.pl\/and\">http:\/\/labfiz.uwb.edu.pl\/and<\/a><br \/>\nRoom number: 1034<\/p>\n","protected":false},"excerpt":{"rendered":"<p>Prof. dr hab. Andrzej Stupakiewicz TEAM Lab Physics Department University at Bia\u0142ystok ul. Cio\u0142kowskiego 1 L, 15-245 Bia\u0142ystok tel: +85 738 8178 fax: +85 745 7223 e-mail: and@uwb.edu.pl http:\/\/labfiz.uwb.edu.pl\/and Room number: 1034<\/p>\n","protected":false},"author":1,"featured_media":0,"parent":0,"menu_order":0,"comment_status":"closed","ping_status":"closed","template":"","meta":{"ngg_post_thumbnail":0,"footnotes":""},"categories":[],"tags":[],"class_list":["post-108","page","type-page","status-publish","hentry"],"_links":{"self":[{"href":"http:\/\/labfiz.uwb.edu.pl\/lab\/and\/wp-json\/wp\/v2\/pages\/108","targetHints":{"allow":["GET"]}}],"collection":[{"href":"http:\/\/labfiz.uwb.edu.pl\/lab\/and\/wp-json\/wp\/v2\/pages"}],"about":[{"href":"http:\/\/labfiz.uwb.edu.pl\/lab\/and\/wp-json\/wp\/v2\/types\/page"}],"author":[{"embeddable":true,"href":"http:\/\/labfiz.uwb.edu.pl\/lab\/and\/wp-json\/wp\/v2\/users\/1"}],"replies":[{"embeddable":true,"href":"http:\/\/labfiz.uwb.edu.pl\/lab\/and\/wp-json\/wp\/v2\/comments?post=108"}],"version-history":[{"count":4,"href":"http:\/\/labfiz.uwb.edu.pl\/lab\/and\/wp-json\/wp\/v2\/pages\/108\/revisions"}],"predecessor-version":[{"id":250,"href":"http:\/\/labfiz.uwb.edu.pl\/lab\/and\/wp-json\/wp\/v2\/pages\/108\/revisions\/250"}],"wp:attachment":[{"href":"http:\/\/labfiz.uwb.edu.pl\/lab\/and\/wp-json\/wp\/v2\/media?parent=108"}],"wp:term":[{"taxonomy":"category","embeddable":true,"href":"http:\/\/labfiz.uwb.edu.pl\/lab\/and\/wp-json\/wp\/v2\/categories?post=108"},{"taxonomy":"post_tag","embeddable":true,"href":"http:\/\/labfiz.uwb.edu.pl\/lab\/and\/wp-json\/wp\/v2\/tags?post=108"}],"curies":[{"name":"wp","href":"https:\/\/api.w.org\/{rel}","templated":true}]}}